{"id":997,"date":"2020-11-17T10:41:33","date_gmt":"2020-11-17T15:41:33","guid":{"rendered":"https:\/\/www.dallassymphony.org\/?page_id=997"},"modified":"2020-12-30T15:23:07","modified_gmt":"2020-12-30T21:23:07","slug":"french-horn","status":"publish","type":"page","link":"https:\/\/www.dallassymphony.org\/es\/community-education\/dso-kids\/listen-watch\/instruments\/french-horn\/","title":{"rendered":"Cuerno Franc\u00e9s"},"content":{"rendered":"<div class=\"hero__no-img bg-blue-8\">\n\t<div class=\"container\">\n\t\t<div class=\"row\">\n\t\t\t<div class=\"col-md-10\">\n\n\t\t\t\t<ul class=\"breadcrumbs\">\n    \t<li class=\"breadcrumb__link\">\n\t\t<a class=\"a-hover\" href=\"https:\/\/www.dallassymphony.org\/es\/\">Inicio<\/a>\n\t<\/li>\n    \t<li class=\"breadcrumb__link a-styles\">\n\t\t<a class=\"a-hover\" href=\"https:\/\/www.dallassymphony.org\/es\/community-education\/\">Educaci\u00f3n y Comunidad<\/a>\n\t<\/li>\n    \t<li class=\"breadcrumb__link a-styles\">\n\t\t<a class=\"a-hover\" href=\"https:\/\/www.dallassymphony.org\/es\/community-education\/dso-kids\/\">Para escuelas y profesores<\/a>\n\t<\/li>\n    \t<li class=\"breadcrumb__link a-styles\">\n\t\t<a class=\"a-hover\" href=\"https:\/\/www.dallassymphony.org\/es\/community-education\/dso-kids\/listen-watch\/\">Escuchar y ver<\/a>\n\t<\/li>\n    \t<li class=\"breadcrumb__link a-styles\">\n\t\t<a class=\"a-hover\" href=\"https:\/\/www.dallassymphony.org\/es\/community-education\/dso-kids\/listen-watch\/instruments\/\">Instrumentos<\/a>\n\t<\/li>\n    <\/ul>\n\n                \t\t\t\t<h1>\n                    <span >Cuerno Franc\u00e9s<\/span>\n                <\/h1>\n                \t\t\t<\/div>\n\t\t<\/div>\n\t<\/div>\n<\/div>\n\n\n<div class=\"richtext m-spacer\">\n\t<div class=\"container\">\n\t\t<div class=\"row\">\n\t\t\t<div class=\"col-10\">\n\t\t\t\t\n\n<div class=\"wp-block-columns is-layout-flex wp-container-core-columns-is-layout-9d6595d7 wp-block-columns-is-layout-flex\">\n<div class=\"wp-block-column is-layout-flow wp-block-column-is-layout-flow\" style=\"flex-basis:33.33%\">\n<figure class=\"wp-block-image size-full is-resized\"><img loading=\"lazy\" decoding=\"async\" src=\"https:\/\/www.dallassymphony.org\/wp-content\/uploads\/2020\/11\/French-Horn_Brass-1.jpg\" alt=\"cuerno franc\u00e9s\" class=\"wp-image-2660\" width=\"263\" height=\"300\" srcset=\"https:\/\/www.dallassymphony.org\/wp-content\/uploads\/2020\/11\/French-Horn_Brass-1.jpg 350w, https:\/\/www.dallassymphony.org\/wp-content\/uploads\/2020\/11\/French-Horn_Brass-1-263x300.jpg 263w, https:\/\/www.dallassymphony.org\/wp-content\/uploads\/2020\/11\/French-Horn_Brass-1-11x12.jpg 11w\" sizes=\"auto, (max-width: 263px) 100vw, 263px\" \/><\/figure>\n<\/div>\n\n\n\n<div class=\"wp-block-column is-layout-flow wp-block-column-is-layout-flow\" style=\"flex-basis:66.66%\">\n<h5 class=\"wp-block-heading\" id=\"h-family\">Familia <\/h5>\n\n\n\n<p>Brass<\/p>\n\n\n\n<h5 class=\"wp-block-heading\" id=\"h-description\">Descripci\u00f3n<\/h5>\n\n\n\n<p>Los instrumentos de la familia del lat\u00f3n producen su sonido \u00fanico al hacer zumbar los labios del int\u00e9rprete mientras sopla aire a trav\u00e9s de una boquilla en forma de taza o embudo. Para producir tonos m\u00e1s altos o m\u00e1s bajos, el jugador ajusta la apertura entre sus labios. La familia del lat\u00f3n puede rastrear su ascendencia hasta los heraldos de las trompas francesas, los cuernos de caza y las cornetas militares. Los principales instrumentos de la familia del lat\u00f3n incluyen el&nbsp;<strong><a href=\"https:\/\/www.dallassymphony.org\/es\/community-education\/dso-kids\/listen-watch\/instruments\/trumpet\/\">trompeta<\/a><\/strong>,&nbsp;<a href=\"https:\/\/www.dallassymphony.org\/es\/community-education\/dso-kids\/listen-watch\/instruments\/trombone\/\"><strong>tromb\u00f3n<\/strong><\/a>, corno franc\u00e9s y&nbsp;<strong><a href=\"https:\/\/www.dallassymphony.org\/es\/community-education\/dso-kids\/listen-watch\/instruments\/tuba\/\">tuba<\/a><\/strong>.<\/p>\n\n\n\n<p>La trompa o cuerno franc\u00e9s consiste en unos 12 pies de tubo estrecho enrollado en un c\u00edrculo. El m\u00fasico obtiene diferentes notas en el cuerno con un claro y suave sonido presionando las v\u00e1lvulas con la mano izquierda y moviendo la mano derecha dentro de la campana.<\/p>\n<\/div>\n<\/div>\n\n\n\n<div class=\"wp-block-columns is-layout-flex wp-container-core-columns-is-layout-9d6595d7 wp-block-columns-is-layout-flex\">\n<div class=\"wp-block-column is-layout-flow wp-block-column-is-layout-flow\">\n<iframe loading=\"lazy\" scrolling=\"no\" allow=\"autoplay\" src=\"https:\/\/w.soundcloud.com\/player\/?url=https%3A\/\/api.soundcloud.com\/tracks\/295890149&amp;color=%235c4ea7&amp;auto_play=false&amp;hide_related=true&amp;show_comments=false&amp;show_user=true&amp;show_reposts=false&amp;show_teaser=false&amp;visual=true\" width=\"100%\" height=\"300\" frameborder=\"no\"><\/iframe>\n<\/div>\n\n\n\n<div class=\"wp-block-column is-layout-flow wp-block-column-is-layout-flow\">\n<iframe loading=\"lazy\" scrolling=\"no\" allow=\"autoplay\" src=\"https:\/\/w.soundcloud.com\/player\/?url=https%3A\/\/api.soundcloud.com\/tracks\/295890144&amp;color=%235c4ea7&amp;auto_play=false&amp;hide_related=true&amp;show_comments=false&amp;show_user=true&amp;show_reposts=false&amp;show_teaser=false&amp;visual=true\" width=\"100%\" height=\"300\" frameborder=\"no\"><\/iframe>\n<\/div>\n<\/div>\n\n\n\t\t\t<\/div>\n\t\t<\/div>\n\t<\/div>\n\n<\/div>","protected":false},"excerpt":{"rendered":"<p>La trompa o cuerno franc\u00e9s consiste en unos 12 pies de tubo estrecho enrollado en un c\u00edrculo. El m\u00fasico obtiene diferentes notas en el cuerno con un claro y suave sonido presionando las v\u00e1lvulas con la mano izquierda y moviendo la mano derecha dentro de la campana.<\/p>","protected":false},"author":3,"featured_media":2661,"parent":591,"menu_order":0,"comment_status":"closed","ping_status":"closed","template":"","meta":{"_acf_changed":false,"footnotes":""},"class_list":["post-997","page","type-page","status-publish","has-post-thumbnail","hentry"],"acf":[],"_links":{"self":[{"href":"https:\/\/www.dallassymphony.org\/es\/wp-json\/wp\/v2\/pages\/997","targetHints":{"allow":["GET"]}}],"collection":[{"href":"https:\/\/www.dallassymphony.org\/es\/wp-json\/wp\/v2\/pages"}],"about":[{"href":"https:\/\/www.dallassymphony.org\/es\/wp-json\/wp\/v2\/types\/page"}],"author":[{"embeddable":true,"href":"https:\/\/www.dallassymphony.org\/es\/wp-json\/wp\/v2\/users\/3"}],"replies":[{"embeddable":true,"href":"https:\/\/www.dallassymphony.org\/es\/wp-json\/wp\/v2\/comments?post=997"}],"version-history":[{"count":0,"href":"https:\/\/www.dallassymphony.org\/es\/wp-json\/wp\/v2\/pages\/997\/revisions"}],"up":[{"embeddable":true,"href":"https:\/\/www.dallassymphony.org\/es\/wp-json\/wp\/v2\/pages\/591"}],"wp:featuredmedia":[{"embeddable":true,"href":"https:\/\/www.dallassymphony.org\/es\/wp-json\/wp\/v2\/media\/2661"}],"wp:attachment":[{"href":"https:\/\/www.dallassymphony.org\/es\/wp-json\/wp\/v2\/media?parent=997"}],"curies":[{"name":"wp","href":"https:\/\/api.w.org\/{rel}","templated":true}]}}