{"id":972,"date":"2020-11-17T10:35:33","date_gmt":"2020-11-17T15:35:33","guid":{"rendered":"https:\/\/www.dallassymphony.org\/?page_id=972"},"modified":"2020-12-30T15:20:09","modified_gmt":"2020-12-30T21:20:09","slug":"conga-drum","status":"publish","type":"page","link":"https:\/\/www.dallassymphony.org\/es\/community-education\/dso-kids\/listen-watch\/instruments\/conga-drum\/","title":{"rendered":"Tambor Conga"},"content":{"rendered":"<div class=\"hero__no-img bg-blue-8\">\n\t<div class=\"container\">\n\t\t<div class=\"row\">\n\t\t\t<div class=\"col-md-10\">\n\n\t\t\t\t<ul class=\"breadcrumbs\">\n    \t<li class=\"breadcrumb__link\">\n\t\t<a class=\"a-hover\" href=\"https:\/\/www.dallassymphony.org\/es\/\">Inicio<\/a>\n\t<\/li>\n    \t<li class=\"breadcrumb__link a-styles\">\n\t\t<a class=\"a-hover\" href=\"https:\/\/www.dallassymphony.org\/es\/community-education\/\">Educaci\u00f3n y Comunidad<\/a>\n\t<\/li>\n    \t<li class=\"breadcrumb__link a-styles\">\n\t\t<a class=\"a-hover\" href=\"https:\/\/www.dallassymphony.org\/es\/community-education\/dso-kids\/\">Para escuelas y profesores<\/a>\n\t<\/li>\n    \t<li class=\"breadcrumb__link a-styles\">\n\t\t<a class=\"a-hover\" href=\"https:\/\/www.dallassymphony.org\/es\/community-education\/dso-kids\/listen-watch\/\">Escuchar y ver<\/a>\n\t<\/li>\n    \t<li class=\"breadcrumb__link a-styles\">\n\t\t<a class=\"a-hover\" href=\"https:\/\/www.dallassymphony.org\/es\/community-education\/dso-kids\/listen-watch\/instruments\/\">Instrumentos<\/a>\n\t<\/li>\n    <\/ul>\n\n                \t\t\t\t<h1>\n                    <span >Tambor Conga<\/span>\n                <\/h1>\n                \t\t\t<\/div>\n\t\t<\/div>\n\t<\/div>\n<\/div>\n\n\n<div class=\"richtext m-spacer\">\n\t<div class=\"container\">\n\t\t<div class=\"row\">\n\t\t\t<div class=\"col-10\">\n\t\t\t\t\n\n<div class=\"wp-block-columns is-layout-flex wp-container-core-columns-is-layout-9d6595d7 wp-block-columns-is-layout-flex\">\n<div class=\"wp-block-column is-layout-flow wp-block-column-is-layout-flow\" style=\"flex-basis:33.33%\">\n<figure class=\"wp-block-image size-full is-resized\"><img loading=\"lazy\" decoding=\"async\" src=\"https:\/\/www.dallassymphony.org\/wp-content\/uploads\/2020\/11\/Conga-Drum_Percussion-1.jpg\" alt=\"\" class=\"wp-image-2648\" width=\"263\" height=\"300\" srcset=\"https:\/\/www.dallassymphony.org\/wp-content\/uploads\/2020\/11\/Conga-Drum_Percussion-1.jpg 350w, https:\/\/www.dallassymphony.org\/wp-content\/uploads\/2020\/11\/Conga-Drum_Percussion-1-263x300.jpg 263w, https:\/\/www.dallassymphony.org\/wp-content\/uploads\/2020\/11\/Conga-Drum_Percussion-1-11x12.jpg 11w\" sizes=\"auto, (max-width: 263px) 100vw, 263px\" \/><\/figure>\n<\/div>\n\n\n\n<div class=\"wp-block-column is-layout-flow wp-block-column-is-layout-flow\" style=\"flex-basis:66.66%\">\n<h5 class=\"wp-block-heading\" id=\"h-family\">Familia<\/h5>\n\n\n\n<p>Percusi\u00f3n<\/p>\n\n\n\n<h5 class=\"wp-block-heading\" id=\"h-description\">Descripci\u00f3n<\/h5>\n\n\n\n<p>El tambor de conga es un tambor alto, estrecho y de una sola cabeza de Cuba. Las congas son dentadas como barriles. Las congas se utilizan tradicionalmente en los g\u00e9neros afrocubanos como la conga y la rumba, aunque ahora son muy comunes en otras formas de m\u00fasica latina.<\/p>\n\n\n\n<p>La mayor\u00eda de las congas modernas tienen un caparaz\u00f3n de madera o fibra de vidrio, y un parche de tambor con tornillos. Normalmente se tocan en grupos de dos a cuatro con los dedos y las palmas de la mano. Las congas t\u00edpicas se paran aproximadamente a 75 cent\u00edmetros desde el fondo del caparaz\u00f3n hasta la cabeza. Los tambores pueden tocarse sentados. Alternativamente, los tambores pueden ser montados en un estante o soporte para permitir que el jugador juegue mientras est\u00e1 de pie.<\/p>\n\n\n\n<p>Los conguistas se llaman congueros. El t\u00e9rmino \"conga\" se populariz\u00f3 en la d\u00e9cada de 1930, cuando la m\u00fasica latina arras\u00f3 en Estados Unidos, y se deriv\u00f3 del ritmo tradicional que los congueros tocaban durante el carnaval en Cuba.<\/p>\n<\/div>\n<\/div>\n\n\n\n<iframe loading=\"lazy\" scrolling=\"no\" allow=\"autoplay\" src=\"https:\/\/w.soundcloud.com\/player\/?url=https%3A\/\/api.soundcloud.com\/tracks\/296376815&amp;color=%235c4ea7&amp;auto_play=false&amp;hide_related=true&amp;show_comments=false&amp;show_user=true&amp;show_reposts=false&amp;show_teaser=false&amp;visual=true\" width=\"100%\" height=\"300\" frameborder=\"no\"><\/iframe>\n\n\n\t\t\t<\/div>\n\t\t<\/div>\n\t<\/div>\n\n<\/div>","protected":false},"excerpt":{"rendered":"<p>El tambor de conga es un tambor alto, estrecho y de una sola cabeza de Cuba. Las congas son dentadas como barriles.<\/p>","protected":false},"author":3,"featured_media":2649,"parent":591,"menu_order":0,"comment_status":"closed","ping_status":"closed","template":"","meta":{"_acf_changed":false,"footnotes":""},"class_list":["post-972","page","type-page","status-publish","has-post-thumbnail","hentry"],"acf":[],"_links":{"self":[{"href":"https:\/\/www.dallassymphony.org\/es\/wp-json\/wp\/v2\/pages\/972","targetHints":{"allow":["GET"]}}],"collection":[{"href":"https:\/\/www.dallassymphony.org\/es\/wp-json\/wp\/v2\/pages"}],"about":[{"href":"https:\/\/www.dallassymphony.org\/es\/wp-json\/wp\/v2\/types\/page"}],"author":[{"embeddable":true,"href":"https:\/\/www.dallassymphony.org\/es\/wp-json\/wp\/v2\/users\/3"}],"replies":[{"embeddable":true,"href":"https:\/\/www.dallassymphony.org\/es\/wp-json\/wp\/v2\/comments?post=972"}],"version-history":[{"count":0,"href":"https:\/\/www.dallassymphony.org\/es\/wp-json\/wp\/v2\/pages\/972\/revisions"}],"up":[{"embeddable":true,"href":"https:\/\/www.dallassymphony.org\/es\/wp-json\/wp\/v2\/pages\/591"}],"wp:featuredmedia":[{"embeddable":true,"href":"https:\/\/www.dallassymphony.org\/es\/wp-json\/wp\/v2\/media\/2649"}],"wp:attachment":[{"href":"https:\/\/www.dallassymphony.org\/es\/wp-json\/wp\/v2\/media?parent=972"}],"curies":[{"name":"wp","href":"https:\/\/api.w.org\/{rel}","templated":true}]}}