{"id":971,"date":"2020-11-17T10:35:19","date_gmt":"2020-11-17T15:35:19","guid":{"rendered":"https:\/\/www.dallassymphony.org\/?page_id=971"},"modified":"2022-07-07T10:58:13","modified_gmt":"2022-07-07T15:58:13","slug":"chimes","status":"publish","type":"page","link":"https:\/\/www.dallassymphony.org\/es\/community-education\/dso-kids\/listen-watch\/instruments\/chimes\/","title":{"rendered":"Campanas"},"content":{"rendered":"<div class=\"hero__no-img bg-blue-8\">\n\t<div class=\"container\">\n\t\t<div class=\"row\">\n\t\t\t<div class=\"col-md-10\">\n\n\t\t\t\t<ul class=\"breadcrumbs\">\n    \t<li class=\"breadcrumb__link\">\n\t\t<a class=\"a-hover\" href=\"https:\/\/www.dallassymphony.org\/es\/\">Inicio<\/a>\n\t<\/li>\n    \t<li class=\"breadcrumb__link a-styles\">\n\t\t<a class=\"a-hover\" href=\"https:\/\/www.dallassymphony.org\/es\/community-education\/\">Educaci\u00f3n y Comunidad<\/a>\n\t<\/li>\n    \t<li class=\"breadcrumb__link a-styles\">\n\t\t<a class=\"a-hover\" href=\"https:\/\/www.dallassymphony.org\/es\/community-education\/dso-kids\/\">Para escuelas y profesores<\/a>\n\t<\/li>\n    \t<li class=\"breadcrumb__link a-styles\">\n\t\t<a class=\"a-hover\" href=\"https:\/\/www.dallassymphony.org\/es\/community-education\/dso-kids\/listen-watch\/\">Escuchar y ver<\/a>\n\t<\/li>\n    \t<li class=\"breadcrumb__link a-styles\">\n\t\t<a class=\"a-hover\" href=\"https:\/\/www.dallassymphony.org\/es\/community-education\/dso-kids\/listen-watch\/instruments\/\">Instrumentos<\/a>\n\t<\/li>\n    <\/ul>\n\n                \t\t\t\t<h1>\n                    <span >Campanas<\/span>\n                <\/h1>\n                \t\t\t<\/div>\n\t\t<\/div>\n\t<\/div>\n<\/div>\n\n\n<div class=\"richtext m-spacer\">\n\t<div class=\"container\">\n\t\t<div class=\"row\">\n\t\t\t<div class=\"col-10\">\n\t\t\t\t\n\n<div class=\"wp-block-columns is-layout-flex wp-container-core-columns-is-layout-9d6595d7 wp-block-columns-is-layout-flex\">\n<div class=\"wp-block-column is-layout-flow wp-block-column-is-layout-flow\" style=\"flex-basis:33.33%\">\n<figure class=\"wp-block-image size-full\"><img loading=\"lazy\" decoding=\"async\" width=\"355\" height=\"600\" src=\"https:\/\/www.dallassymphony.org\/wp-content\/uploads\/2022\/07\/Symphonic-Chimes.jpg\" alt=\"Campanadas sinf\u00f3nicas\" class=\"wp-image-9413\" srcset=\"https:\/\/www.dallassymphony.org\/wp-content\/uploads\/2022\/07\/Symphonic-Chimes.jpg 355w, https:\/\/www.dallassymphony.org\/wp-content\/uploads\/2022\/07\/Symphonic-Chimes-178x300.jpg 178w, https:\/\/www.dallassymphony.org\/wp-content\/uploads\/2022\/07\/Symphonic-Chimes-7x12.jpg 7w\" sizes=\"auto, (max-width: 355px) 100vw, 355px\" \/><\/figure>\n<\/div>\n\n\n\n<div class=\"wp-block-column is-layout-flow wp-block-column-is-layout-flow\" style=\"flex-basis:66.66%\">\n<h5 class=\"wp-block-heading\" id=\"h-family\">Familia<\/h5>\n\n\n\n<p>Percusi\u00f3n<\/p>\n\n\n\n<h5 class=\"wp-block-heading\" id=\"h-description\">Descripci\u00f3n<\/h5>\n\n\n\n<p>Con un nombre que significa \"el golpe de un cuerpo contra otro\", los instrumentos de la familia de la percusi\u00f3n se tocan golpeando, sacudiendo o raspando. En la orquesta, la secci\u00f3n de percusi\u00f3n proporciona una variedad de ritmos, texturas y colores de tono. Los instrumentos de percusi\u00f3n se clasifican en afinados y no afinados. Los instrumentos afinados tocan tonos o notas espec\u00edficas, al igual que los instrumentos de viento de madera, de metal y de cuerda. Los instrumentos no afinados producen un sonido con un tono indefinido, como el sonido de una mano que golpea una puerta. Los instrumentos de percusi\u00f3n son una familia internacional, con ancestros de Oriente Medio, Asia, \u00c1frica, Am\u00e9rica y Europa que representan estilos musicales de muchas culturas diferentes.<\/p>\n\n\n\n<p>Los carillones son un instrumento afinado que consiste en un conjunto de 12 a 18 tubos de metal colgados de un marco met\u00e1lico. Los tubos met\u00e1licos tienen un di\u00e1metro de 1 a 2 \u00bd pulgadas y una longitud de 4 a 6 pies. Los carillones, o campanas tubulares, se golpean con un mazo y suenan como las campanas de una iglesia cuando se tocan. Cuanto m\u00e1s largo es el tubo que se golpea, m\u00e1s bajo es el tono que se crea.<\/p>\n<\/div>\n<\/div>\n\n\n\n<div class=\"wp-block-columns is-layout-flex wp-container-core-columns-is-layout-9d6595d7 wp-block-columns-is-layout-flex\">\n<div class=\"wp-block-column is-layout-flow wp-block-column-is-layout-flow\">\n<iframe loading=\"lazy\" scrolling=\"no\" allow=\"autoplay\" src=\"https:\/\/w.soundcloud.com\/player\/?url=https%3A\/\/api.soundcloud.com\/tracks\/296362180&amp;color=%235c4ea7&amp;auto_play=false&amp;hide_related=true&amp;show_comments=false&amp;show_user=true&amp;show_reposts=false&amp;show_teaser=false&amp;visual=true\" width=\"100%\" height=\"300\" frameborder=\"no\"><\/iframe>\n<\/div>\n\n\n\n<div class=\"wp-block-column is-layout-flow wp-block-column-is-layout-flow\">\n<iframe loading=\"lazy\" scrolling=\"no\" allow=\"autoplay\" src=\"https:\/\/w.soundcloud.com\/player\/?url=https%3A\/\/api.soundcloud.com\/tracks\/296362249&amp;color=%235c4ea7&amp;auto_play=false&amp;hide_related=true&amp;show_comments=false&amp;show_user=true&amp;show_reposts=false&amp;show_teaser=false&amp;visual=true\" width=\"100%\" height=\"300\" frameborder=\"no\"><\/iframe>\n<\/div>\n<\/div>\n\n\n\t\t\t<\/div>\n\t\t<\/div>\n\t<\/div>\n\n<\/div>","protected":false},"excerpt":{"rendered":"<p>Las campanas son un instrumento afinado que consiste en un conjunto de 12 a 18 tubos de metal colgados de un marco de metal. Los tubos de metal van de 1 a 2 \u00bd pulgadas de di\u00e1metro y de 4 a 6 pies de longitud.<\/p>","protected":false},"author":3,"featured_media":2644,"parent":591,"menu_order":0,"comment_status":"closed","ping_status":"closed","template":"","meta":{"_acf_changed":false,"footnotes":""},"class_list":["post-971","page","type-page","status-publish","has-post-thumbnail","hentry"],"acf":[],"_links":{"self":[{"href":"https:\/\/www.dallassymphony.org\/es\/wp-json\/wp\/v2\/pages\/971","targetHints":{"allow":["GET"]}}],"collection":[{"href":"https:\/\/www.dallassymphony.org\/es\/wp-json\/wp\/v2\/pages"}],"about":[{"href":"https:\/\/www.dallassymphony.org\/es\/wp-json\/wp\/v2\/types\/page"}],"author":[{"embeddable":true,"href":"https:\/\/www.dallassymphony.org\/es\/wp-json\/wp\/v2\/users\/3"}],"replies":[{"embeddable":true,"href":"https:\/\/www.dallassymphony.org\/es\/wp-json\/wp\/v2\/comments?post=971"}],"version-history":[{"count":0,"href":"https:\/\/www.dallassymphony.org\/es\/wp-json\/wp\/v2\/pages\/971\/revisions"}],"up":[{"embeddable":true,"href":"https:\/\/www.dallassymphony.org\/es\/wp-json\/wp\/v2\/pages\/591"}],"wp:featuredmedia":[{"embeddable":true,"href":"https:\/\/www.dallassymphony.org\/es\/wp-json\/wp\/v2\/media\/2644"}],"wp:attachment":[{"href":"https:\/\/www.dallassymphony.org\/es\/wp-json\/wp\/v2\/media?parent=971"}],"curies":[{"name":"wp","href":"https:\/\/api.w.org\/{rel}","templated":true}]}}