{"id":969,"date":"2020-11-17T10:34:49","date_gmt":"2020-11-17T15:34:49","guid":{"rendered":"https:\/\/www.dallassymphony.org\/?page_id=969"},"modified":"2020-12-30T15:14:02","modified_gmt":"2020-12-30T21:14:02","slug":"bass-drum","status":"publish","type":"page","link":"https:\/\/www.dallassymphony.org\/es\/community-education\/dso-kids\/listen-watch\/instruments\/bass-drum\/","title":{"rendered":"Tambor de bajo"},"content":{"rendered":"<div class=\"hero__no-img bg-blue-8\">\n\t<div class=\"container\">\n\t\t<div class=\"row\">\n\t\t\t<div class=\"col-md-10\">\n\n\t\t\t\t<ul class=\"breadcrumbs\">\n    \t<li class=\"breadcrumb__link\">\n\t\t<a class=\"a-hover\" href=\"https:\/\/www.dallassymphony.org\/es\/\">Inicio<\/a>\n\t<\/li>\n    \t<li class=\"breadcrumb__link a-styles\">\n\t\t<a class=\"a-hover\" href=\"https:\/\/www.dallassymphony.org\/es\/community-education\/\">Educaci\u00f3n y Comunidad<\/a>\n\t<\/li>\n    \t<li class=\"breadcrumb__link a-styles\">\n\t\t<a class=\"a-hover\" href=\"https:\/\/www.dallassymphony.org\/es\/community-education\/dso-kids\/\">Para escuelas y profesores<\/a>\n\t<\/li>\n    \t<li class=\"breadcrumb__link a-styles\">\n\t\t<a class=\"a-hover\" href=\"https:\/\/www.dallassymphony.org\/es\/community-education\/dso-kids\/listen-watch\/\">Escuchar y ver<\/a>\n\t<\/li>\n    \t<li class=\"breadcrumb__link a-styles\">\n\t\t<a class=\"a-hover\" href=\"https:\/\/www.dallassymphony.org\/es\/community-education\/dso-kids\/listen-watch\/instruments\/\">Instrumentos<\/a>\n\t<\/li>\n    <\/ul>\n\n                \t\t\t\t<h1>\n                    <span >Tambor de bajo<\/span>\n                <\/h1>\n                \t\t\t<\/div>\n\t\t<\/div>\n\t<\/div>\n<\/div>\n\n\n<div class=\"richtext m-spacer\">\n\t<div class=\"container\">\n\t\t<div class=\"row\">\n\t\t\t<div class=\"col-10\">\n\t\t\t\t\n\n<div class=\"wp-block-columns is-layout-flex wp-container-core-columns-is-layout-9d6595d7 wp-block-columns-is-layout-flex\">\n<div class=\"wp-block-column is-layout-flow wp-block-column-is-layout-flow\" style=\"flex-basis:33.33%\">\n<figure class=\"wp-block-image size-full is-resized\"><img loading=\"lazy\" decoding=\"async\" src=\"https:\/\/www.dallassymphony.org\/wp-content\/uploads\/2020\/11\/Bass-Drum_Percussion-1.jpg\" alt=\"\" class=\"wp-image-2708\" width=\"263\" height=\"300\" srcset=\"https:\/\/www.dallassymphony.org\/wp-content\/uploads\/2020\/11\/Bass-Drum_Percussion-1.jpg 350w, https:\/\/www.dallassymphony.org\/wp-content\/uploads\/2020\/11\/Bass-Drum_Percussion-1-263x300.jpg 263w, https:\/\/www.dallassymphony.org\/wp-content\/uploads\/2020\/11\/Bass-Drum_Percussion-1-11x12.jpg 11w\" sizes=\"auto, (max-width: 263px) 100vw, 263px\" \/><\/figure>\n<\/div>\n\n\n\n<div class=\"wp-block-column is-layout-flow wp-block-column-is-layout-flow\" style=\"flex-basis:66.66%\">\n<h5 class=\"wp-block-heading\" id=\"h-family\">Familia<\/h5>\n\n\n\n<p>Percusi\u00f3n<\/p>\n\n\n\n<h5 class=\"wp-block-heading\" id=\"h-description\">Descripci\u00f3n<\/h5>\n\n\n\n<p>Con un nombre que significa \"el golpe de un cuerpo contra otro\", los instrumentos de la familia de la percusi\u00f3n se tocan golpeando, sacudiendo o raspando. En la orquesta, la secci\u00f3n de percusi\u00f3n proporciona una variedad de ritmos, texturas y colores de tono. Los instrumentos de percusi\u00f3n se clasifican en afinados y no afinados. Los instrumentos afinados tocan tonos o notas espec\u00edficas, al igual que los instrumentos de viento de madera, de metal y de cuerda. Los instrumentos no afinados producen un sonido con un tono indefinido, como el sonido de una mano que golpea una puerta. Los instrumentos de percusi\u00f3n son una familia internacional, con ancestros de Oriente Medio, Asia, \u00c1frica, Am\u00e9rica y Europa que representan estilos musicales de muchas culturas diferentes.<\/p>\n\n\n\n<p>El compositor Mozart a\u00f1adi\u00f3 el sonido profundo, retumbante y sin afinar del bombo a la orquesta en 1782. Construido como un&nbsp;<strong><a href=\"https:\/\/www.dallassymphony.org\/es\/community-education\/dso-kids\/listen-watch\/instruments\/snare-drum\/\">Tambor con bord\u00f3n<\/a><\/strong>El bombo es mucho m\u00e1s grande y se toca de lado, por lo que se puede golpear cualquiera de los dos parches. El batidor o mazo del bombo es grande y su extremo est\u00e1 cubierto por un material blando, como la lana de oveja.<\/p>\n<\/div>\n<\/div>\n\n\n\n<iframe loading=\"lazy\" scrolling=\"no\" allow=\"autoplay\" src=\"https:\/\/w.soundcloud.com\/player\/?url=https%3A\/\/api.soundcloud.com\/tracks\/296358698&amp;color=%235c4ea7&amp;auto_play=false&amp;hide_related=true&amp;show_comments=false&amp;show_user=true&amp;show_reposts=false&amp;show_teaser=false&amp;visual=true\" width=\"100%\" height=\"300\" frameborder=\"no\"><\/iframe>\n\n\n\t\t\t<\/div>\n\t\t<\/div>\n\t<\/div>\n\n<\/div>","protected":false},"excerpt":{"rendered":"<p>Con un nombre que significa \"el golpe de un cuerpo contra otro\", los instrumentos de la familia de la percusi\u00f3n se tocan golpeando, sacudiendo o raspando.<\/p>","protected":false},"author":3,"featured_media":2709,"parent":591,"menu_order":0,"comment_status":"closed","ping_status":"closed","template":"","meta":{"_acf_changed":false,"footnotes":""},"class_list":["post-969","page","type-page","status-publish","has-post-thumbnail","hentry"],"acf":[],"_links":{"self":[{"href":"https:\/\/www.dallassymphony.org\/es\/wp-json\/wp\/v2\/pages\/969","targetHints":{"allow":["GET"]}}],"collection":[{"href":"https:\/\/www.dallassymphony.org\/es\/wp-json\/wp\/v2\/pages"}],"about":[{"href":"https:\/\/www.dallassymphony.org\/es\/wp-json\/wp\/v2\/types\/page"}],"author":[{"embeddable":true,"href":"https:\/\/www.dallassymphony.org\/es\/wp-json\/wp\/v2\/users\/3"}],"replies":[{"embeddable":true,"href":"https:\/\/www.dallassymphony.org\/es\/wp-json\/wp\/v2\/comments?post=969"}],"version-history":[{"count":0,"href":"https:\/\/www.dallassymphony.org\/es\/wp-json\/wp\/v2\/pages\/969\/revisions"}],"up":[{"embeddable":true,"href":"https:\/\/www.dallassymphony.org\/es\/wp-json\/wp\/v2\/pages\/591"}],"wp:featuredmedia":[{"embeddable":true,"href":"https:\/\/www.dallassymphony.org\/es\/wp-json\/wp\/v2\/media\/2709"}],"wp:attachment":[{"href":"https:\/\/www.dallassymphony.org\/es\/wp-json\/wp\/v2\/media?parent=969"}],"curies":[{"name":"wp","href":"https:\/\/api.w.org\/{rel}","templated":true}]}}