{"id":967,"date":"2020-11-17T10:34:09","date_gmt":"2020-11-17T15:34:09","guid":{"rendered":"https:\/\/www.dallassymphony.org\/?page_id=967"},"modified":"2021-02-09T12:10:03","modified_gmt":"2021-02-09T18:10:03","slug":"double-bass","status":"publish","type":"page","link":"https:\/\/www.dallassymphony.org\/es\/community-education\/dso-kids\/listen-watch\/instruments\/double-bass\/","title":{"rendered":"Contrabajo"},"content":{"rendered":"<div class=\"hero__no-img bg-blue-8\">\n\t<div class=\"container\">\n\t\t<div class=\"row\">\n\t\t\t<div class=\"col-md-10\">\n\n\t\t\t\t<ul class=\"breadcrumbs\">\n    \t<li class=\"breadcrumb__link\">\n\t\t<a class=\"a-hover\" href=\"https:\/\/www.dallassymphony.org\/es\/\">Inicio<\/a>\n\t<\/li>\n    \t<li class=\"breadcrumb__link a-styles\">\n\t\t<a class=\"a-hover\" href=\"https:\/\/www.dallassymphony.org\/es\/community-education\/\">Educaci\u00f3n y Comunidad<\/a>\n\t<\/li>\n    \t<li class=\"breadcrumb__link a-styles\">\n\t\t<a class=\"a-hover\" href=\"https:\/\/www.dallassymphony.org\/es\/community-education\/dso-kids\/\">Para escuelas y profesores<\/a>\n\t<\/li>\n    \t<li class=\"breadcrumb__link a-styles\">\n\t\t<a class=\"a-hover\" href=\"https:\/\/www.dallassymphony.org\/es\/community-education\/dso-kids\/listen-watch\/\">Escuchar y ver<\/a>\n\t<\/li>\n    \t<li class=\"breadcrumb__link a-styles\">\n\t\t<a class=\"a-hover\" href=\"https:\/\/www.dallassymphony.org\/es\/community-education\/dso-kids\/listen-watch\/instruments\/\">Instrumentos<\/a>\n\t<\/li>\n    <\/ul>\n\n                \t\t\t\t<h1>\n                    <span >Contrabajo<\/span>\n                <\/h1>\n                \t\t\t<\/div>\n\t\t<\/div>\n\t<\/div>\n<\/div>\n\n\n<div class=\"richtext m-spacer\">\n\t<div class=\"container\">\n\t\t<div class=\"row\">\n\t\t\t<div class=\"col-10\">\n\t\t\t\t\n\n<div class=\"wp-block-columns is-layout-flex wp-container-core-columns-is-layout-9d6595d7 wp-block-columns-is-layout-flex\">\n<div class=\"wp-block-column is-layout-flow wp-block-column-is-layout-flow\" style=\"flex-basis:33.33%\">\n<figure class=\"wp-block-image size-medium\"><img loading=\"lazy\" decoding=\"async\" width=\"229\" height=\"300\" src=\"https:\/\/www.dallassymphony.org\/wp-content\/uploads\/2020\/11\/iStock-1200775621-229x300.jpg\" alt=\"\" class=\"wp-image-2251\" srcset=\"https:\/\/www.dallassymphony.org\/wp-content\/uploads\/2020\/11\/iStock-1200775621-229x300.jpg 229w, https:\/\/www.dallassymphony.org\/wp-content\/uploads\/2020\/11\/iStock-1200775621-780x1024.jpg 780w, https:\/\/www.dallassymphony.org\/wp-content\/uploads\/2020\/11\/iStock-1200775621-768x1008.jpg 768w, https:\/\/www.dallassymphony.org\/wp-content\/uploads\/2020\/11\/iStock-1200775621-1170x1536.jpg 1170w, https:\/\/www.dallassymphony.org\/wp-content\/uploads\/2020\/11\/iStock-1200775621-9x12.jpg 9w, https:\/\/www.dallassymphony.org\/wp-content\/uploads\/2020\/11\/iStock-1200775621.jpg 1511w\" sizes=\"auto, (max-width: 229px) 100vw, 229px\" \/><\/figure>\n<\/div>\n\n\n\n<div class=\"wp-block-column is-layout-flow wp-block-column-is-layout-flow\" style=\"flex-basis:66.66%\">\n<h5 class=\"wp-block-heading\" id=\"h-family\">Familia<\/h5>\n\n\n\n<p>Cuerdas<\/p>\n\n\n\n<h5 class=\"wp-block-heading\" id=\"h-description\">Descripci\u00f3n<\/h5>\n\n\n\n<p>Los cuatro instrumentos principales de la familia de la cuerda, el\u00a0<strong><a href=\"https:\/\/www.dallassymphony.org\/es\/community-education\/dso-kids\/listen-watch\/instruments\/violin\/\">viol\u00edn<\/a><\/strong>el\u00a0<strong><a href=\"https:\/\/www.dallassymphony.org\/es\/community-education\/dso-kids\/listen-watch\/instruments\/viola\/\">viola<\/a><\/strong>el\u00a0<a href=\"https:\/\/www.dallassymphony.org\/es\/community-education\/dso-kids\/listen-watch\/instruments\/cello\/\"><strong>cello<\/strong><\/a> y el contrabajo, se construyen de la misma manera. Los instrumentos est\u00e1n formados por muchas piezas de madera que se pegan, nunca se clavan. El cuerpo del instrumento es hueco, convirti\u00e9ndose as\u00ed en una caja de resonancia para el sonido. Cuatro cuerdas (a veces cinco en el contrabajo) de tripa animal, seda, nylon, fibra de palma o acero se enrollan alrededor de las clavijas en un extremo del instrumento y se fijan a un cordal en el otro. Se tensan a trav\u00e9s de un puente para producir los tonos asignados.<\/p>\n\n\n\n<p>El contrabajo, o bajo de cuerda, es el instrumento m\u00e1s grande y m\u00e1s bajo de la familia de las cuerdas. El contrabajo tiene hombros inclinados, en lugar de hombros redondeados como los otros instrumentos de cuerda. Esto permite al m\u00fasico tener m\u00e1s espacio para mover sus brazos, manos y dedos frente al instrumento. Debido a su tama\u00f1o, el int\u00e9rprete se para o se sienta en un taburete alto para tocar el contrabajo.<\/p>\n<\/div>\n<\/div>\n\n\n\n<div class=\"wp-block-columns is-layout-flex wp-container-core-columns-is-layout-9d6595d7 wp-block-columns-is-layout-flex\">\n<div class=\"wp-block-column is-layout-flow wp-block-column-is-layout-flow\">\n<iframe loading=\"lazy\" scrolling=\"no\" allow=\"autoplay\" src=\"https:\/\/w.soundcloud.com\/player\/?url=https%3A\/\/api.soundcloud.com\/tracks\/295891819&amp;color=%235c4ea7&amp;auto_play=false&amp;hide_related=true&amp;show_comments=false&amp;show_user=true&amp;show_reposts=false&amp;show_teaser=false&amp;visual=true\" width=\"100%\" height=\"300\" frameborder=\"no\"><\/iframe>\n<\/div>\n\n\n\n<div class=\"wp-block-column is-layout-flow wp-block-column-is-layout-flow\">\n<iframe loading=\"lazy\" scrolling=\"no\" allow=\"autoplay\" src=\"https:\/\/w.soundcloud.com\/player\/?url=https%3A\/\/api.soundcloud.com\/tracks\/295891816&amp;color=%235c4ea7&amp;auto_play=false&amp;hide_related=true&amp;show_comments=false&amp;show_user=true&amp;show_reposts=false&amp;show_teaser=false&amp;visual=true\" width=\"100%\" height=\"300\" frameborder=\"no\"><\/iframe>\n<\/div>\n<\/div>\n\n\n\t\t\t<\/div>\n\t\t<\/div>\n\t<\/div>\n\n<\/div>","protected":false},"excerpt":{"rendered":"<p>El contrabajo, o bajo de cuerda, es el instrumento m\u00e1s grande y m\u00e1s bajo de la familia de las cuerdas. El contrabajo tiene hombros inclinados, en lugar de hombros redondeados como los otros instrumentos de cuerda.<\/p>","protected":false},"author":3,"featured_media":2251,"parent":591,"menu_order":0,"comment_status":"closed","ping_status":"closed","template":"","meta":{"_acf_changed":false,"footnotes":""},"class_list":["post-967","page","type-page","status-publish","has-post-thumbnail","hentry"],"acf":[],"_links":{"self":[{"href":"https:\/\/www.dallassymphony.org\/es\/wp-json\/wp\/v2\/pages\/967","targetHints":{"allow":["GET"]}}],"collection":[{"href":"https:\/\/www.dallassymphony.org\/es\/wp-json\/wp\/v2\/pages"}],"about":[{"href":"https:\/\/www.dallassymphony.org\/es\/wp-json\/wp\/v2\/types\/page"}],"author":[{"embeddable":true,"href":"https:\/\/www.dallassymphony.org\/es\/wp-json\/wp\/v2\/users\/3"}],"replies":[{"embeddable":true,"href":"https:\/\/www.dallassymphony.org\/es\/wp-json\/wp\/v2\/comments?post=967"}],"version-history":[{"count":0,"href":"https:\/\/www.dallassymphony.org\/es\/wp-json\/wp\/v2\/pages\/967\/revisions"}],"up":[{"embeddable":true,"href":"https:\/\/www.dallassymphony.org\/es\/wp-json\/wp\/v2\/pages\/591"}],"wp:featuredmedia":[{"embeddable":true,"href":"https:\/\/www.dallassymphony.org\/es\/wp-json\/wp\/v2\/media\/2251"}],"wp:attachment":[{"href":"https:\/\/www.dallassymphony.org\/es\/wp-json\/wp\/v2\/media?parent=967"}],"curies":[{"name":"wp","href":"https:\/\/api.w.org\/{rel}","templated":true}]}}