{"id":9011,"date":"2022-05-16T14:11:01","date_gmt":"2022-05-16T19:11:01","guid":{"rendered":"https:\/\/www.dallassymphony.org\/?page_id=9011"},"modified":"2022-05-26T17:33:53","modified_gmt":"2022-05-26T22:33:53","slug":"friends-of-the-dso","status":"publish","type":"page","link":"https:\/\/www.dallassymphony.org\/es\/friends-of-the-dso\/","title":{"rendered":"Amigos de la DSO"},"content":{"rendered":"<div class=\"hero__no-img bg-blue-8\">\n\t<div class=\"container\">\n\t\t<div class=\"row\">\n\t\t\t<div class=\"col-md-10\">\n\n\t\t\t\t<ul class=\"breadcrumbs\">\n    \t<li class=\"breadcrumb__link\">\n\t\t<a class=\"a-hover\" href=\"https:\/\/www.dallassymphony.org\/es\/\">Inicio<\/a>\n\t<\/li>\n    <\/ul>\n\n                \t\t\t\t<h1>\n                    <span >Amigos de la DSO<\/span>\n                <\/h1>\n                \t\t\t<\/div>\n\t\t<\/div>\n\t<\/div>\n<\/div>\n\n\n<div class=\"richtext m-spacer\">\n\t<div class=\"container\">\n\t\t<div class=\"row\">\n\t\t\t<div class=\"col-10\">\n\t\t\t\t\n\n<p>La Orquesta Sinf\u00f3nica de Dallas agradece a las siguientes personas sus donaciones de $500 o m\u00e1s al Fondo Anual de la DSO. Su apoyo hace posible elevar la comunidad a trav\u00e9s de la m\u00fasica.<\/p>\n\n\n\n<p><strong>C\u00cdRCULO DE CONDUCTORES<\/strong><br>$1.500 - $2.999<\/p>\n\n\n\n<div class=\"wp-block-columns is-layout-flex wp-container-core-columns-is-layout-9d6595d7 wp-block-columns-is-layout-flex\">\n<div class=\"wp-block-column is-layout-flow wp-block-column-is-layout-flow\">\n<p>An\u00f3nimo<br>C. David Bedford<br>Lee P. Berlin<br>Dr. y Sra. Ron y Lydia Blair<br>Robert E. Boyer<br>Andrew y Rhonda Cameron<br>David Cannan<br>Mark y Genie Carpenter<br>Sr. y Sra. Bob Clancy<br>Sr. y Sra. George W. Coleman<br>Betty Taylor Cox<br>Karen Crawford<br>Dr. David Cziner<br>Sr. David Davisson<br>Sr. Fernando Dom\u00ednguez<br>Sr. Nathan Eaton<br>Robert y Stacey Furst<br>Alan Gatherer y Karen Oehler<\/p>\n<\/div>\n\n\n\n<div class=\"wp-block-column is-layout-flow wp-block-column-is-layout-flow\">\n<p>Jerry W. Glennie<br>Gregory y Kathy Gordon<br>Sra. Sarah M. Hansen<br>Robert M. Herman<br>Sr. Gregory J. Hustis<br>Sr. y Sra. Thomas G. Keckeisen<br>Sra. Rachel Leventon<br>Deborah L. Lively<br>Sra. MaryAnn Lyons<br>Leo y Kathie Mack<br>Drs. Mitchell y Karen Magee<br>Michael A. Mehl<br>L&amp;R Moran, Inc.<br>Alice y Erle Nye<br>Sr. y Sra. Bruce Patti<br>James y Ella Payton<br>Debi y Darren Pe\u00f1a<br>William M. Plummer<br><\/p>\n<\/div>\n\n\n\n<div class=\"wp-block-column is-layout-flow wp-block-column-is-layout-flow\">\n<p>Dr. y Sra. R. V. Rege<br>Stephanie y Philip Ritter<br>Whit y Kristen Roberts<br>Charles y Ann Marie Rosenfeld<br>Sr. David Rosenstock<br>Will y Janice Ryan<br>Sra. Marilyn Schnitzer<br>Samuel R. y Victoria E. Teichelman<br>Curtis y Elizabeth Tomme<br>Sr. Peyton Townsend<br>Sra. Cynthia Van Osdol<br>James Wiederhold<br>Sra. Liz Witt<br>Matthias Wolf y Dorothy Buckley<br>Linda y Michael Wolfson<\/p>\n<\/div>\n<\/div>\n\n\n\n<p><strong>C\u00cdRCULO DE DIRECTORES<\/strong><br>$1,000 \u2013 $1,499<\/p>\n\n\n\n<div class=\"wp-block-columns is-layout-flex wp-container-core-columns-is-layout-9d6595d7 wp-block-columns-is-layout-flex\">\n<div class=\"wp-block-column is-layout-flow wp-block-column-is-layout-flow\">\n<p>An\u00f3nimo (4)<br>Sr. William Anderson<br>Sherri Baer<br>Dr. Gerard E. Balsley Jr.<br>Sam Barlow<br>Dra. Kathleen Bell<br>Paul y Julia Bell<br>Mervyn y Rosalind Benjet<br>Eleanor y John Birch<br>Steven y Linda Blasnik<br>H. M. y Virgina Boatwright<br>Alan y Ann Bogdanow<br>Sr. Danny Canete<br>Barbara y Ben Cervin<br>James y Julie Cochran<br>Ernest y Betty Conner<br>C. Brandon Corcoran<br>Sra. Lauren Corr<br>Sr. y Sra. Philip B. Coup<br>Dra. Florence Cox<br>Sr. John Crawley<br>Lee Cullum<br>Gaudenz Danuser<br>Gregory Davis y Sam Daniel<br>Harold Davis<br>Raymond y Elizabeth Enstam<br>Alan Epstein<br>Sr. y Sra. Larry Finstrom<br>Sr. y Sra. Jerome J. Frank<br>Kathy y Alan Freeman<br>Sr. Chad Gillespie<\/p>\n<\/div>\n\n\n\n<div class=\"wp-block-column is-layout-flow wp-block-column-is-layout-flow\">\n<p>Jim y Gay Gilmore<br>Sr. Neil Grant<br>Julia Gray-Lion<br>Peter y Barbara Grenier<br>Alan y Colleen Halbert<br>Kathey K. Hannah<br>Sra. Gloria Hart<br>Sr. y Sra. Jack W. Hawkins<br>Sra. Nancy Hodge<br>Sra. Ruth Ann Hoffman<br>John A. Humphrey, M.D.<br>Lee y Bryan Jones<br>Chris Jones<br>Sr. y Sra. William G. Kelley<br>Fundaci\u00f3n de la Familia Kline<br>Sra. Kimberly Koniecki<br>Linda Laws<br>Sra. Amy Lichtenwalter<br>Judith Lifson<br>Janis y Weston Loegering<br>Sr. Steven Loh<br>Sr. Julio L\u00f3pez<br>Dr. William y Rose Lumry<br>Sra. Alisa Makler<br>Geoffrey y Deborah Malafsky<br>Harry J. Martin Jr.<br>George G. McDonald<br>Sr. Scott Mosley<br>Sra. Michael S. Needleman<br>Sr. Bryan Z. Nichols<br>Sr. Kevin Noegel<\/p>\n\n\n\n<p><br><\/p>\n<\/div>\n\n\n\n<div class=\"wp-block-column is-layout-flow wp-block-column-is-layout-flow\">\n<p>Sra. Betty Odeneal<br>Drs. Margaret y Stuart Owen<br>Sra. Abbe Patton<br>Todd y Laurie Platt<br>Reesa y Ken Portnoy<br>Sr. Michael Post<br>Natalie S. Potter<br>Sra. Margot Reid<br>Dr. Anand Rohatgi<br>Terry y Bert Romberg<br>James Schmeltekopf<br>Sr. y Sra. Lewis W. Shaw<br>Gary y Genie Short<br>Sra. Deborah y Mark Stafford<br>James y Carla Strauss<br>Sr. William F. Stutts<br>Bart y Cheri Thomas<br>Sra. Haley Thomas<br>Sr. Joseph Todaro<br>Sr. Robert G. Van Stryland<br>Sra. Criselda Villarreal<br>Janet y Stephen Von Wyrick<br>Loren y Andrea Weinstein<br>Sra. Tracie Welch<br>Sra. Karen Westergaard<br>Sr. Robert S. Williams<br>Sr. Culver Wilson<br>Sr. y Sra. Ronald L. Wolf<br>Adnan y Mine Yucel<br>Sr. Frank Zavitkovsky<\/p>\n<\/div>\n<\/div>\n\n\n\n<p><strong>C\u00cdRCULO DE M\u00daSICOS<\/strong><br>$500 \u2013 $999<\/p>\n\n\n\n<div class=\"wp-block-columns is-layout-flex wp-container-core-columns-is-layout-9d6595d7 wp-block-columns-is-layout-flex\">\n<div class=\"wp-block-column is-layout-flow wp-block-column-is-layout-flow\">\n<p>An\u00f3nimo (10)<br>Sra. Ann Abernathy<br>Sra. Linda Adlof<br>Sra. Martha F. Allday<br>Sr. y Sra. Steven Allo<br>Michael y Lisa Anderson<br>George S. Augustas<br>Sra. Rose Baker<br>Celia Barshop<br>Sr. Neil Basu<br>Sra. Patricia Baudendistel<br>Dr. Jay M. Beck<br>Paul y Rebecca Bergstresser<br>Gary y Deborah Bieritz<br>Sra. Karla Bishop<br>John y Dessa Black<br>Sr. Hugh Blevins<br>Sr. David Boss<br>Sra. Anjanette Boul<br>Charles y Diana Briner<br>Sra. Natalia Brownfield<br>Sra. Catherine E. Bruff<br>Brant Bryan<br>Marcia L. Buckingham<br>Carol y Edward Burger<br>Dra. Rebecca J. Burgess<br>Barbara Burnett<br>Sra. Shirley Ann Campbell<br>Robert Cargill<br>Sr. James Carrell<br>Sr. John Case<br>Sra. Emily Cassady<br>Sra. Rachel Clausen<br>Sr. John Clayton<br>Sr. Ryan Cole<br>Joyce y Lester Coleman<br>Dra. Ann Collins<br>Sr. Sam Cordell<br>Dra. Carol Croft<br>Sr. Daniel Crotty<br>Sr. Adam Dagley<br>Sra. Kathleen Delsanter<br>Douglas y Diane Dickey<br>Gary y Sally Dobbie<br>Sra. Janice D. Dodson<br>Sr. David Edmondson<br>Earl y Eileen Eliason<br>Philip y Stephanie Elmore<br>Jana Etheridge y David Carles<br>Travis y Christina Ewert<br>Sra. Candace Faber y Sr. Andrew<br>Frechtling<br>Dr. Deji V. Fashemo<br>Sra. Nancy Fitzwater<br>Sophie Fomin<br>Ed y Linda Francis<br>John y Karlene Fraser<br>Sr. Steven Frawley<br>Sr. Thomas James Frenzel<br>Sra. Sarah Fry<br>Sr. Doug Gabbard<br>Sr. y Sra. Joseph Garsson<br>Mike y Jackie George<br>Norbert y Melanie Gilmore<br>Sra. Caitlin T Glass<br>Sr. Greg Golder<br>Roslyn Goldstein<\/p>\n<\/div>\n\n\n\n<div class=\"wp-block-column is-layout-flow wp-block-column-is-layout-flow\">\n<p>Dr. Ron y Pam Graves<br>Michael y Patricia Greer<br>Dra. Barbara Greyson<br>Irma Grossman<br>Sr. Doug Guiling<br>Dr. Charles Haley<br>Liz y Tom Halsey<br>Ray y Heather Hambrick<br>Dr. y Sra. Charles L. Harris<br>Sra. Natalie Harris<br>Sr. Craig Henderson<br>Elizabeth Hering<br>Sr. Roberto Hern\u00e1ndez<br>Sra. Christianne Herran<br>Sr. Mark Heymann<br>Sra. Mary J. Hinnant<br>B. Paul Hirsch<br>Joe y Elisabeth Hise<br>Sra. Hetty Hollander<br>Sra. Stacy Holley<br>Sra. Mary E Holloway<br>Susan Holly<br>Rogene y Douglas Howard<br>Sra. Ellen Hyndman<br>Louise y Rachel Hytken<br>Soledad Jasin<br>Sra. Chana Jayme<br>Sr. Brian Jenkins<br>Sr. Frank Johnson<br>Sr. Lance Johnson<br>Sra. Sharon Karol<br>John Keenan<br>Sr. Alfred Kelley<br>Sra. Marie Kennard<br>Sra. Kathryn Kessler<br>Sr. Daniel King<br>Rita A. Koger<br>Dennis y Pearl Koniecki<br>Sra. Carole Koren<br>Sr. Don Kramer<br>Stephen y Nancy Kress<br>Sr. Robert Langdon<br>Sr. Ronald Langham<br>Sra. Amy Liu<br>Sr. Michael Lockwood<br>Dr. James P. y Lynne J. Lubby<br>Nancy y Bob Luxen<br>Dr. Bruce E. Lyle<br>Sr. Robert Maddox<br>Sammy L. Maddox<br>Joseph y Ginny Magliolo<br>Rebecca Marabito<br>Guillermo y Gail Marmol<br>Sr. Vic Marriott<br>Larry J. Marroy<br>Sr. Thomas R. Marshall<br>Charles R. Martin<br>Sue McAdams<br>Dr. y Sra. Steven Meyer<br>Los doctores Abbie Meyering y John<br>Sadler<br>Sra. Sue Mottinger<br>Sra. Kathleen Muldoon<br>Sra. Ruth Mutch<br>Sr. Chittur Narayan<br>Sra. Margaret Nelson<br>Sr. Brandon Ober<\/p>\n<\/div>\n\n\n\n<div class=\"wp-block-column is-layout-flow wp-block-column-is-layout-flow\">\n<p>Dr. Courtney Ochoa<br>Sra. Caroline Olson<br>Sra. Patty Owens<br>Michael y Judith Pafford<br>Sra. Laura Palagyi<br>Sra. Julia Pashin<br>Sr. Dan Paxton<br>Sr. Eric Pearson<br>Sr. Andrew Philpott<br>Sra. Jean Pinkston<br>Srta. Christine Polito<br>Sra. Allison Pollard<br>Dr. y Sra. Robert Poteet<br>J. Wesley Powell<br>Sra. Sarah R. Douglas<br>Thomas y Heidi Rafferty<br>Sr. Paul Rakofsky<br>Sr. Mike Roberts<br>Sr. y Sra. Randolph W. Robinson<br>Sr. David Rollins<br>Sr. Dan Ronan<br>Sr. Robert Roose<br>Neall Grinnan Rose<br>Sra. Annadele Ross<br>Patrick Schaab<br>Donald H. Schaffer<br>Sr. y Sra. Gregg Schmitt<br>Sra. Karen S. Schnackenberg<br>Celia y Larry Schoenbrun<br>Marilyn y James Schwartz<br>William y Greta Scobie<br>Roger J. Scott, Jr.<br>Sr. y Sra. Kenneth I. Seale<br>Sra. Gayatri Seshadri<br>Sra. Jessie Shelburne<br>Sr. Scott Shell<br>Sr. Thomas Shore<br>Andrew J. Shoup, Jr.<br>Fred Sklar y Louise Rossi-Sklar<br>Alex M. Small<br>Don y Lorna Spies<br>Sr. y Sra. Frank E. Stevenson II<br>Bennett Stokes<br>Dr. y Sra. Frederick J. Strieter<br>Robert y Suellen Swaney<br>Sr. y Sra. Curtis Swinson<br>Sam y Nita Mae Tannebaum<br>Sr. Joe Taylor<br>Sr. David Temple<br>Kirk y Linette Teske<br>Sra. Myrna Thibault<br>Sr. Aaron Thomas<br>Sr. William M. Toles<br>Joan y Robert Triplett<br>Moira y Richard D. Upton<br>Sr. Alan Vanderneut<br>Sr. Mark Varhaug<br>Walter Voit y Felicity Lenes-Voit<br>Charlotte T. Whaley<br>Sr. y Sra. Aaron M. White<br>Dr. y Sra. Jonathan Whitfield<br>Sr. Mark Wi<br>Sr. David Wilkins<br>Joseph T. y MariLyn Williams<br>Sra. Nancy Willson<br>Dr. y Sra. Shelby Wyll<br>Sr. Keith Yazici<\/p>\n<\/div>\n<\/div>\n\n\n\n<p>Para obtener m\u00e1s informaci\u00f3n sobre c\u00f3mo convertirse en amigo de la DSO, p\u00f3ngase en contacto con Alex Small, coordinador de donaciones individuales, en el 214.871.4077 o <a href=\"mailto:a.small@dalsym.com\">a.small@dalsym.com<\/a>.<\/p>\n\n\n\t\t\t<\/div>\n\t\t<\/div>\n\t<\/div>\n\n<\/div>","protected":false},"excerpt":{"rendered":"<p>- La Orquesta Sinf\u00f3nica de Dallas agradece a las siguientes personas sus donaciones de $500 o m\u00e1s al Fondo Anual de la DSO. Su apoyo hace posible elevar la comunidad a trav\u00e9s de la m\u00fasica.<\/p>","protected":false},"author":16,"featured_media":5064,"parent":0,"menu_order":0,"comment_status":"closed","ping_status":"closed","template":"","meta":{"_acf_changed":false,"footnotes":""},"class_list":["post-9011","page","type-page","status-publish","has-post-thumbnail","hentry"],"acf":[],"_links":{"self":[{"href":"https:\/\/www.dallassymphony.org\/es\/wp-json\/wp\/v2\/pages\/9011","targetHints":{"allow":["GET"]}}],"collection":[{"href":"https:\/\/www.dallassymphony.org\/es\/wp-json\/wp\/v2\/pages"}],"about":[{"href":"https:\/\/www.dallassymphony.org\/es\/wp-json\/wp\/v2\/types\/page"}],"author":[{"embeddable":true,"href":"https:\/\/www.dallassymphony.org\/es\/wp-json\/wp\/v2\/users\/16"}],"replies":[{"embeddable":true,"href":"https:\/\/www.dallassymphony.org\/es\/wp-json\/wp\/v2\/comments?post=9011"}],"version-history":[{"count":0,"href":"https:\/\/www.dallassymphony.org\/es\/wp-json\/wp\/v2\/pages\/9011\/revisions"}],"wp:featuredmedia":[{"embeddable":true,"href":"https:\/\/www.dallassymphony.org\/es\/wp-json\/wp\/v2\/media\/5064"}],"wp:attachment":[{"href":"https:\/\/www.dallassymphony.org\/es\/wp-json\/wp\/v2\/media?parent=9011"}],"curies":[{"name":"wp","href":"https:\/\/api.w.org\/{rel}","templated":true}]}}