{"id":7976,"date":"2022-02-08T10:31:00","date_gmt":"2022-02-08T16:31:00","guid":{"rendered":"https:\/\/www.dallassymphony.org\/?page_id=7976"},"modified":"2022-05-06T16:02:51","modified_gmt":"2022-05-06T21:02:51","slug":"quinn-mason","status":"publish","type":"page","link":"https:\/\/www.dallassymphony.org\/es\/community-education\/dso-kids\/listen-watch\/composers\/quinn-mason\/","title":{"rendered":"Quinn Mason"},"content":{"rendered":"<div class=\"hero__no-img bg-blue-8\">\n\t<div class=\"container\">\n\t\t<div class=\"row\">\n\t\t\t<div class=\"col-md-10\">\n\n\t\t\t\t<ul class=\"breadcrumbs\">\n    \t<li class=\"breadcrumb__link\">\n\t\t<a class=\"a-hover\" href=\"https:\/\/www.dallassymphony.org\/es\/\">Inicio<\/a>\n\t<\/li>\n    \t<li class=\"breadcrumb__link a-styles\">\n\t\t<a class=\"a-hover\" href=\"https:\/\/www.dallassymphony.org\/es\/community-education\/\">Educaci\u00f3n y Comunidad<\/a>\n\t<\/li>\n    \t<li class=\"breadcrumb__link a-styles\">\n\t\t<a class=\"a-hover\" href=\"https:\/\/www.dallassymphony.org\/es\/community-education\/dso-kids\/\">Para escuelas y profesores<\/a>\n\t<\/li>\n    \t<li class=\"breadcrumb__link a-styles\">\n\t\t<a class=\"a-hover\" href=\"https:\/\/www.dallassymphony.org\/es\/community-education\/dso-kids\/listen-watch\/\">Escuchar y ver<\/a>\n\t<\/li>\n    \t<li class=\"breadcrumb__link a-styles\">\n\t\t<a class=\"a-hover\" href=\"https:\/\/www.dallassymphony.org\/es\/community-education\/dso-kids\/listen-watch\/composers\/\">Compositores<\/a>\n\t<\/li>\n    <\/ul>\n\n                \t\t\t\t<h1>\n                    <span >Quinn Mason<\/span>\n                <\/h1>\n                \t\t\t<\/div>\n\t\t<\/div>\n\t<\/div>\n<\/div>\n\n\n<div class=\"text-img text-img--left\">\n\t<div class=\"container\">\n\t\t<div class=\"row\">\n\t\t\t<div class=\"col-lg-12\">\n\t\t\t\t<div class=\"text-img__wrapper\">\n\t\t\t\t\t<h1><\/h1>\n\n                    <img loading=\"lazy\" decoding=\"async\" width=\"666\" height=\"375\" src=\"https:\/\/www.dallassymphony.org\/wp-content\/uploads\/2022\/02\/Quinn-Mason-1600x900-1-666x375.jpg\" class=\"d-xl-none d-block\" alt=\"Quinn Mason\" srcset=\"https:\/\/www.dallassymphony.org\/wp-content\/uploads\/2022\/02\/Quinn-Mason-1600x900-1-666x375.jpg 666w, https:\/\/www.dallassymphony.org\/wp-content\/uploads\/2022\/02\/Quinn-Mason-1600x900-1-300x169.jpg 300w, https:\/\/www.dallassymphony.org\/wp-content\/uploads\/2022\/02\/Quinn-Mason-1600x900-1-1024x576.jpg 1024w, https:\/\/www.dallassymphony.org\/wp-content\/uploads\/2022\/02\/Quinn-Mason-1600x900-1-768x432.jpg 768w, https:\/\/www.dallassymphony.org\/wp-content\/uploads\/2022\/02\/Quinn-Mason-1600x900-1-1536x864.jpg 1536w, https:\/\/www.dallassymphony.org\/wp-content\/uploads\/2022\/02\/Quinn-Mason-1600x900-1-18x10.jpg 18w, https:\/\/www.dallassymphony.org\/wp-content\/uploads\/2022\/02\/Quinn-Mason-1600x900-1-388x218.jpg 388w, https:\/\/www.dallassymphony.org\/wp-content\/uploads\/2022\/02\/Quinn-Mason-1600x900-1-540x303.jpg 540w, https:\/\/www.dallassymphony.org\/wp-content\/uploads\/2022\/02\/Quinn-Mason-1600x900-1-735x413.jpg 735w, https:\/\/www.dallassymphony.org\/wp-content\/uploads\/2022\/02\/Quinn-Mason-1600x900-1.jpg 1600w\" sizes=\"auto, (max-width: 666px) 100vw, 666px\" \/>\n\t\t\t\t\t<h5 id=\"h-dates\">FECHAS<\/h5>\n<p>Nacido en 1996<\/p>\n<h5 id=\"h-nationality\">NACIONALIDAD<\/h5>\n<p>Americano<\/p>\n<h5 id=\"h-style-period\">ESTILO\/PERIODO<\/h5>\n<p>Moderno\/d\u00e9cada de 1920-actualidad<\/p>\n<h5 id=\"h-famous-works\">OBRAS FAMOSAS<\/h5>\n<p>Sinfon\u00eda en Do Mayor, Sinfon\u00eda n\u00ba 4 \"Tiempo extra\u00f1o\", Princesa de la Luna<\/p>\n\n                    \n                <\/div>\n                <img loading=\"lazy\" decoding=\"async\" width=\"1600\" height=\"900\" src=\"https:\/\/www.dallassymphony.org\/wp-content\/uploads\/2022\/02\/Quinn-Mason-1600x900-1-1600x900.jpg\" class=\"d-none d-xl-block\" alt=\"Quinn Mason\" srcset=\"https:\/\/www.dallassymphony.org\/wp-content\/uploads\/2022\/02\/Quinn-Mason-1600x900-1.jpg 1600w, https:\/\/www.dallassymphony.org\/wp-content\/uploads\/2022\/02\/Quinn-Mason-1600x900-1-300x169.jpg 300w, https:\/\/www.dallassymphony.org\/wp-content\/uploads\/2022\/02\/Quinn-Mason-1600x900-1-1024x576.jpg 1024w, https:\/\/www.dallassymphony.org\/wp-content\/uploads\/2022\/02\/Quinn-Mason-1600x900-1-768x432.jpg 768w, https:\/\/www.dallassymphony.org\/wp-content\/uploads\/2022\/02\/Quinn-Mason-1600x900-1-1536x864.jpg 1536w, https:\/\/www.dallassymphony.org\/wp-content\/uploads\/2022\/02\/Quinn-Mason-1600x900-1-18x10.jpg 18w, https:\/\/www.dallassymphony.org\/wp-content\/uploads\/2022\/02\/Quinn-Mason-1600x900-1-388x218.jpg 388w, https:\/\/www.dallassymphony.org\/wp-content\/uploads\/2022\/02\/Quinn-Mason-1600x900-1-540x303.jpg 540w, https:\/\/www.dallassymphony.org\/wp-content\/uploads\/2022\/02\/Quinn-Mason-1600x900-1-666x375.jpg 666w, https:\/\/www.dallassymphony.org\/wp-content\/uploads\/2022\/02\/Quinn-Mason-1600x900-1-735x413.jpg 735w\" sizes=\"auto, (max-width: 1600px) 100vw, 1600px\" \/>\t\t\t<\/div>\n\t\t<\/div>\n\t<\/div>\n<\/div>\n\n\n<div class=\"richtext m-spacer\">\n\t<div class=\"container\">\n\t\t<div class=\"row\">\n\t\t\t<div class=\"col-10\">\n\t\t\t\t\n\n<div style=\"height:50px\" aria-hidden=\"true\" class=\"wp-block-spacer\"><\/div>\n\n\n\t\t\t<\/div>\n\t\t<\/div>\n\t<\/div>\n\n<\/div>\n\n\n<div class=\"richtext m-spacer\">\n\t<div class=\"container\">\n\t\t<div class=\"row\">\n\t\t\t<div class=\"col-10\">\n\t\t\t\t\n\n<hr class=\"wp-block-separator\"\/>\n\n\n\n<h3 class=\"wp-block-heading\" id=\"h-biography\">BIOGRAF\u00cdA<\/h3>\n\n\n\n<hr class=\"wp-block-separator\"\/>\n\n\n\n<p>Quinn Mason (nacido en 1996) es un compositor y director de orquesta residente en Dallas, Texas. Quinn ha sido descrito como \"un brillante compositor de apenas 20 a\u00f1os que parece causar sensaci\u00f3n all\u00e1 donde va\" (Theater Jones) y \"uno de los j\u00f3venes compositores m\u00e1s solicitados del pa\u00eds\" (Texas Monthly). Su m\u00fasica orquestal ha sido interpretada en concierto por la Orquesta Sinf\u00f3nica de Dallas, la Orquesta Sinf\u00f3nica de Utah, la Orquesta Sinf\u00f3nica de South Bend, la Orquesta de Seattle, la Orquesta Sinf\u00f3nica de New Texas y la Orquesta de C\u00e1mara de Mission. Sus composiciones para vientos han sido interpretadas por la Cobb Wind Symphony, Metropolitan Winds y las bandas de la Southern Methodist University, la University of North Texas, la Texas Christian University, la Penn State, la Purdue University, la Seattle Pacific University y otras de Estados Unidos y Canad\u00e1. Su m\u00fasica de c\u00e1mara ha sido interpretada por el American Composers Forum, Voices of Change, loadbang, el tr\u00edo MAKE, el Atlantic Brass Quintet, el cuarteto de saxofones de la Universidad de Arlington y los cuartetos de cuerda C\u00e9zanne, Julius y Baumer, y su m\u00fasica en solitario ha sido defendida por distinguidos solistas como David Cooper (trompa principal de la Sinf\u00f3nica de Chicago), Holly Mulcahy (concertino de la Sinf\u00f3nica de Wichita) y Michael Hall (solista de viola).<br><br>Ganador de m\u00faltiples premios de composici\u00f3n, ha recibido numerosos premios y honores de organizaciones como el American Composers Forum, Voices of Change, The Diversity Initiative, Texas A&amp;M University, la Dallas Foundation, Dartmouth College Wind Ensemble, la Philadelphia Youth Orchestra, la Heartland Symphony Orchestra y la Arizona State University Symphony Orchestra.<br><br>La misi\u00f3n de Quinn es componer m\u00fasica para diversos medios \"bas\u00e1ndose en la m\u00fasica art\u00edstica tradicional occidental y reflejando los tiempos en los que vivimos actualmente.\" Quinn ha estudiado con el Dr. Lane Harder en la SMU Meadows School of the Arts, el Dr. Winston Stone en la Universidad de Texas en Dallas y tambi\u00e9n ha trabajado con los renombrados compositores David Maslanka, Libby Larsen, David Dzubay y Robert X. Rodr\u00edguez.<\/p>\n\n\n\n<p>Como director, Quinn ha dirigido la Orchestra Seattle, la Brevard Sinfonia y la Texas Christian University Symphony Orchestra. Ha dirigido estrenos mundiales de sus propias obras, as\u00ed como varios estrenos mundiales escritos por sus colegas compositores y repertorio orquestal est\u00e1ndar. En la actualidad, Quinn ejerce de aprendiz de director de la Greater Dallas Youth Orchestra. Quinn ha estudiado direcci\u00f3n con Miguel Harth-Bedoya (Orquesta Sinf\u00f3nica de Fort Worth), el Dr. Germ\u00e1n Guti\u00e9rrez (TCU), Will White (Orquesta de Seattle), y Jack Delaney y Paul Phillips (SMU). Tambi\u00e9n cuenta con Richard Giangiulio (Greater Dallas Youth Orchestra), Edwin Outwater (SFCM) y John Axelrod (Real Orquesta Sinf\u00f3nica de Sevilla) como mentores.<br><br>Los pr\u00f3ximos estrenos mundiales incluyen su 'Sinfon\u00eda en Do Mayor' con la Heartland Symphony Orchestra, la Sinfon\u00eda n\u00ba 4 \"Strange Time\" del Meadows Wind Ensemble y 'Princesa de la Luna' de la River Oaks Chamber Orchestra y el director Brett Mitchell. Sus pr\u00f3ximas apariciones como director invitado incluyen conciertos con la Orquesta MusicaNova y la Greater Dallas Youth Orchestra.<br><br>Como escritor \u00e1vido y apasionado, Quinn mantiene su propio blog de m\u00fasica cl\u00e1sica y contribuye con art\u00edculos invitados a otros blogs, como el de Women's Philharmonic Advocacy. Quinn es miembro de ASCAP y del Gremio de Directores de Orquesta.<\/p>\n\n\n\t\t\t<\/div>\n\t\t<\/div>\n\t<\/div>\n\n<\/div>","protected":false},"excerpt":{"rendered":"<p>Quinn Mason (nacido en 1996) es un compositor y director de orquesta residente en Dallas, Texas. Quinn ha sido descrito como \"un brillante compositor de apenas 20 a\u00f1os que parece causar sensaci\u00f3n all\u00e1 donde va\" (Theater Jones) y \"uno de los j\u00f3venes compositores m\u00e1s solicitados del pa\u00eds\" (Texas Monthly).<\/p>","protected":false},"author":16,"featured_media":7958,"parent":592,"menu_order":0,"comment_status":"closed","ping_status":"closed","template":"","meta":{"_acf_changed":false,"footnotes":""},"class_list":["post-7976","page","type-page","status-publish","has-post-thumbnail","hentry"],"acf":[],"_links":{"self":[{"href":"https:\/\/www.dallassymphony.org\/es\/wp-json\/wp\/v2\/pages\/7976","targetHints":{"allow":["GET"]}}],"collection":[{"href":"https:\/\/www.dallassymphony.org\/es\/wp-json\/wp\/v2\/pages"}],"about":[{"href":"https:\/\/www.dallassymphony.org\/es\/wp-json\/wp\/v2\/types\/page"}],"author":[{"embeddable":true,"href":"https:\/\/www.dallassymphony.org\/es\/wp-json\/wp\/v2\/users\/16"}],"replies":[{"embeddable":true,"href":"https:\/\/www.dallassymphony.org\/es\/wp-json\/wp\/v2\/comments?post=7976"}],"version-history":[{"count":0,"href":"https:\/\/www.dallassymphony.org\/es\/wp-json\/wp\/v2\/pages\/7976\/revisions"}],"up":[{"embeddable":true,"href":"https:\/\/www.dallassymphony.org\/es\/wp-json\/wp\/v2\/pages\/592"}],"wp:featuredmedia":[{"embeddable":true,"href":"https:\/\/www.dallassymphony.org\/es\/wp-json\/wp\/v2\/media\/7958"}],"wp:attachment":[{"href":"https:\/\/www.dallassymphony.org\/es\/wp-json\/wp\/v2\/media?parent=7976"}],"curies":[{"name":"wp","href":"https:\/\/api.w.org\/{rel}","templated":true}]}}