{"id":7944,"date":"2022-02-08T11:01:29","date_gmt":"2022-02-08T17:01:29","guid":{"rendered":"https:\/\/www.dallassymphony.org\/?page_id=7944"},"modified":"2022-05-12T15:47:49","modified_gmt":"2022-05-12T20:47:49","slug":"mason-bates","status":"publish","type":"page","link":"https:\/\/www.dallassymphony.org\/es\/community-education\/dso-kids\/listen-watch\/composers\/mason-bates\/","title":{"rendered":"Mason Bates"},"content":{"rendered":"<div class=\"hero__no-img bg-blue-8\">\n\t<div class=\"container\">\n\t\t<div class=\"row\">\n\t\t\t<div class=\"col-md-10\">\n\n\t\t\t\t<ul class=\"breadcrumbs\">\n    \t<li class=\"breadcrumb__link\">\n\t\t<a class=\"a-hover\" href=\"https:\/\/www.dallassymphony.org\/es\/\">Inicio<\/a>\n\t<\/li>\n    \t<li class=\"breadcrumb__link a-styles\">\n\t\t<a class=\"a-hover\" href=\"https:\/\/www.dallassymphony.org\/es\/community-education\/\">Educaci\u00f3n y Comunidad<\/a>\n\t<\/li>\n    \t<li class=\"breadcrumb__link a-styles\">\n\t\t<a class=\"a-hover\" href=\"https:\/\/www.dallassymphony.org\/es\/community-education\/dso-kids\/\">Para escuelas y profesores<\/a>\n\t<\/li>\n    \t<li class=\"breadcrumb__link a-styles\">\n\t\t<a class=\"a-hover\" href=\"https:\/\/www.dallassymphony.org\/es\/community-education\/dso-kids\/listen-watch\/\">Escuchar y ver<\/a>\n\t<\/li>\n    \t<li class=\"breadcrumb__link a-styles\">\n\t\t<a class=\"a-hover\" href=\"https:\/\/www.dallassymphony.org\/es\/community-education\/dso-kids\/listen-watch\/composers\/\">Compositores<\/a>\n\t<\/li>\n    <\/ul>\n\n                \t\t\t\t<h1>\n                    <span >Mason Bates<\/span>\n                <\/h1>\n                \t\t\t<\/div>\n\t\t<\/div>\n\t<\/div>\n<\/div>\n\n\n<div class=\"text-img text-img--left\">\n\t<div class=\"container\">\n\t\t<div class=\"row\">\n\t\t\t<div class=\"col-lg-12\">\n\t\t\t\t<div class=\"text-img__wrapper\">\n\t\t\t\t\t<h1><\/h1>\n\n                    <img loading=\"lazy\" decoding=\"async\" width=\"666\" height=\"375\" src=\"https:\/\/www.dallassymphony.org\/wp-content\/uploads\/2022\/02\/Mason-Bates-1600x900-1-666x375.jpg\" class=\"d-xl-none d-block\" alt=\"Mason Bates\" srcset=\"https:\/\/www.dallassymphony.org\/wp-content\/uploads\/2022\/02\/Mason-Bates-1600x900-1-666x375.jpg 666w, https:\/\/www.dallassymphony.org\/wp-content\/uploads\/2022\/02\/Mason-Bates-1600x900-1-300x169.jpg 300w, https:\/\/www.dallassymphony.org\/wp-content\/uploads\/2022\/02\/Mason-Bates-1600x900-1-1024x576.jpg 1024w, https:\/\/www.dallassymphony.org\/wp-content\/uploads\/2022\/02\/Mason-Bates-1600x900-1-768x432.jpg 768w, https:\/\/www.dallassymphony.org\/wp-content\/uploads\/2022\/02\/Mason-Bates-1600x900-1-1536x864.jpg 1536w, https:\/\/www.dallassymphony.org\/wp-content\/uploads\/2022\/02\/Mason-Bates-1600x900-1-18x10.jpg 18w, https:\/\/www.dallassymphony.org\/wp-content\/uploads\/2022\/02\/Mason-Bates-1600x900-1-388x218.jpg 388w, https:\/\/www.dallassymphony.org\/wp-content\/uploads\/2022\/02\/Mason-Bates-1600x900-1-540x303.jpg 540w, https:\/\/www.dallassymphony.org\/wp-content\/uploads\/2022\/02\/Mason-Bates-1600x900-1-735x413.jpg 735w, https:\/\/www.dallassymphony.org\/wp-content\/uploads\/2022\/02\/Mason-Bates-1600x900-1.jpg 1600w\" sizes=\"auto, (max-width: 666px) 100vw, 666px\" \/>\n\t\t\t\t\t<h5><!-- wp:heading {\"level\":5} --><\/h5>\n<h5 id=\"h-dates\">FECHAS<\/h5>\n<h5><!-- \/wp:heading --> <!-- wp:paragraph --><\/h5>\n<p>Nacido en Richmond, Virginia, el 23 de enero de 1977<\/p>\n<h5><!-- \/wp:paragraph --> <!-- wp:heading {\"level\":5} --><\/h5>\n<h5 id=\"h-nationality\">NACIONALIDAD<\/h5>\n<h5><!-- \/wp:heading --> <!-- wp:paragraph --><\/h5>\n<p>Americano<\/p>\n<h5><!-- \/wp:paragraph --> <!-- wp:heading {\"level\":5} --><\/h5>\n<h5 id=\"h-style-period\">ESTILO\/PERIODO<\/h5>\n<h5><!-- \/wp:heading --> <!-- wp:paragraph --><\/h5>\n<p>Moderno\/1920-presente<\/p>\n<h5><!-- \/wp:paragraph --> <!-- wp:heading {\"level\":5} --><\/h5>\n<h5 id=\"h-famous-works\">OBRAS FAMOSAS<\/h5>\n<h5><!-- \/wp:heading --> <!-- wp:paragraph --><\/h5>\n<p>Mothership, The B-Sides, Philharmonia Fantastique, Soundcheck in C Major, Liquid Interface, Undistant<!-- \/wp:paragraph --><\/p>\n\n                    \n                <\/div>\n                <img loading=\"lazy\" decoding=\"async\" width=\"1600\" height=\"900\" src=\"https:\/\/www.dallassymphony.org\/wp-content\/uploads\/2022\/02\/Mason-Bates-1600x900-1-1600x900.jpg\" class=\"d-none d-xl-block\" alt=\"Mason Bates\" srcset=\"https:\/\/www.dallassymphony.org\/wp-content\/uploads\/2022\/02\/Mason-Bates-1600x900-1.jpg 1600w, https:\/\/www.dallassymphony.org\/wp-content\/uploads\/2022\/02\/Mason-Bates-1600x900-1-300x169.jpg 300w, https:\/\/www.dallassymphony.org\/wp-content\/uploads\/2022\/02\/Mason-Bates-1600x900-1-1024x576.jpg 1024w, https:\/\/www.dallassymphony.org\/wp-content\/uploads\/2022\/02\/Mason-Bates-1600x900-1-768x432.jpg 768w, https:\/\/www.dallassymphony.org\/wp-content\/uploads\/2022\/02\/Mason-Bates-1600x900-1-1536x864.jpg 1536w, https:\/\/www.dallassymphony.org\/wp-content\/uploads\/2022\/02\/Mason-Bates-1600x900-1-18x10.jpg 18w, https:\/\/www.dallassymphony.org\/wp-content\/uploads\/2022\/02\/Mason-Bates-1600x900-1-388x218.jpg 388w, https:\/\/www.dallassymphony.org\/wp-content\/uploads\/2022\/02\/Mason-Bates-1600x900-1-540x303.jpg 540w, https:\/\/www.dallassymphony.org\/wp-content\/uploads\/2022\/02\/Mason-Bates-1600x900-1-666x375.jpg 666w, https:\/\/www.dallassymphony.org\/wp-content\/uploads\/2022\/02\/Mason-Bates-1600x900-1-735x413.jpg 735w\" sizes=\"auto, (max-width: 1600px) 100vw, 1600px\" \/>\t\t\t<\/div>\n\t\t<\/div>\n\t<\/div>\n<\/div>\n\n\n<div class=\"richtext m-spacer\">\n\t<div class=\"container\">\n\t\t<div class=\"row\">\n\t\t\t<div class=\"col-10\">\n\t\t\t\t\n\n<div style=\"height:50px\" aria-hidden=\"true\" class=\"wp-block-spacer\"><\/div>\n\n\n\t\t\t<\/div>\n\t\t<\/div>\n\t<\/div>\n\n<\/div>\n\n\n<div class=\"richtext m-spacer\">\n\t<div class=\"container\">\n\t\t<div class=\"row\">\n\t\t\t<div class=\"col-10\">\n\t\t\t\t\n\n<hr class=\"wp-block-separator\"\/>\n\n\n\n<h3 class=\"wp-block-heading\" id=\"h-biography\">BIOGRAF\u00cdA<\/h3>\n\n\n\n<hr class=\"wp-block-separator\"\/>\n\n\n\n<p> Compositor de la \u00f3pera ganadora del Grammy<em> La (R)evoluci\u00f3n de Steve Jobs<\/em>Mason Bates est\u00e1 transformando imaginariamente la forma de crear y experimentar la m\u00fasica cl\u00e1sica como compositor, DJ y comisario. Durante su mandato como primer compositor residente en el Kennedy Center for the Performing Arts, present\u00f3 una gran variedad de artistas en su KC Jukebox utilizando una producci\u00f3n y una puesta en escena envolventes. Defendido por directores de orquesta legendarios, desde Riccardo Muti hasta Michael Tilson Thomas, su m\u00fasica sinf\u00f3nica es la primera en recibir una amplia aceptaci\u00f3n por su singular integraci\u00f3n de sonidos electr\u00f3nicos, y fue nombrado el compositor m\u00e1s interpretado de su generaci\u00f3n en una reciente encuesta sobre m\u00fasica estadounidense. Bates tambi\u00e9n ha compuesto para pel\u00edculas, como la de Gus Van Sant<em> El Mar de los \u00c1rboles<\/em> protagonizada por Matthew McConaughey y Naomi Watts. Es un artista diverso que explora las formas en que la m\u00fasica cl\u00e1sica se integra en la cultura contempor\u00e1nea, y forma parte del profesorado del Conservatorio de M\u00fasica de San Francisco. <\/p>\n\n\n\t\t\t<\/div>\n\t\t<\/div>\n\t<\/div>\n\n<\/div>","protected":false},"excerpt":{"rendered":"<p>Compositor de la \u00f3pera ganadora del Grammy The (R)evolution of Steve Jobs, Mason Bates est\u00e1 transformando imaginariamente la forma de crear y experimentar la m\u00fasica cl\u00e1sica como compositor, DJ y comisario.<\/p>","protected":false},"author":16,"featured_media":7979,"parent":592,"menu_order":0,"comment_status":"closed","ping_status":"closed","template":"","meta":{"_acf_changed":false,"footnotes":""},"class_list":["post-7944","page","type-page","status-publish","has-post-thumbnail","hentry"],"acf":[],"_links":{"self":[{"href":"https:\/\/www.dallassymphony.org\/es\/wp-json\/wp\/v2\/pages\/7944","targetHints":{"allow":["GET"]}}],"collection":[{"href":"https:\/\/www.dallassymphony.org\/es\/wp-json\/wp\/v2\/pages"}],"about":[{"href":"https:\/\/www.dallassymphony.org\/es\/wp-json\/wp\/v2\/types\/page"}],"author":[{"embeddable":true,"href":"https:\/\/www.dallassymphony.org\/es\/wp-json\/wp\/v2\/users\/16"}],"replies":[{"embeddable":true,"href":"https:\/\/www.dallassymphony.org\/es\/wp-json\/wp\/v2\/comments?post=7944"}],"version-history":[{"count":0,"href":"https:\/\/www.dallassymphony.org\/es\/wp-json\/wp\/v2\/pages\/7944\/revisions"}],"up":[{"embeddable":true,"href":"https:\/\/www.dallassymphony.org\/es\/wp-json\/wp\/v2\/pages\/592"}],"wp:featuredmedia":[{"embeddable":true,"href":"https:\/\/www.dallassymphony.org\/es\/wp-json\/wp\/v2\/media\/7979"}],"wp:attachment":[{"href":"https:\/\/www.dallassymphony.org\/es\/wp-json\/wp\/v2\/media?parent=7944"}],"curies":[{"name":"wp","href":"https:\/\/api.w.org\/{rel}","templated":true}]}}