{"id":7943,"date":"2022-02-08T10:09:35","date_gmt":"2022-02-08T16:09:35","guid":{"rendered":"https:\/\/www.dallassymphony.org\/?page_id=7943"},"modified":"2022-05-06T15:58:17","modified_gmt":"2022-05-06T20:58:17","slug":"jessie-montgomery","status":"publish","type":"page","link":"https:\/\/www.dallassymphony.org\/es\/community-education\/dso-kids\/listen-watch\/composers\/jessie-montgomery\/","title":{"rendered":"Jessie Montgomery"},"content":{"rendered":"<div class=\"hero__no-img bg-blue-8\">\n\t<div class=\"container\">\n\t\t<div class=\"row\">\n\t\t\t<div class=\"col-md-10\">\n\n\t\t\t\t<ul class=\"breadcrumbs\">\n    \t<li class=\"breadcrumb__link\">\n\t\t<a class=\"a-hover\" href=\"https:\/\/www.dallassymphony.org\/es\/\">Inicio<\/a>\n\t<\/li>\n    \t<li class=\"breadcrumb__link a-styles\">\n\t\t<a class=\"a-hover\" href=\"https:\/\/www.dallassymphony.org\/es\/community-education\/\">Educaci\u00f3n y Comunidad<\/a>\n\t<\/li>\n    \t<li class=\"breadcrumb__link a-styles\">\n\t\t<a class=\"a-hover\" href=\"https:\/\/www.dallassymphony.org\/es\/community-education\/dso-kids\/\">Para escuelas y profesores<\/a>\n\t<\/li>\n    \t<li class=\"breadcrumb__link a-styles\">\n\t\t<a class=\"a-hover\" href=\"https:\/\/www.dallassymphony.org\/es\/community-education\/dso-kids\/listen-watch\/\">Escuchar y ver<\/a>\n\t<\/li>\n    \t<li class=\"breadcrumb__link a-styles\">\n\t\t<a class=\"a-hover\" href=\"https:\/\/www.dallassymphony.org\/es\/community-education\/dso-kids\/listen-watch\/composers\/\">Compositores<\/a>\n\t<\/li>\n    <\/ul>\n\n                \t\t\t\t<h1>\n                    <span >Jessie Montgomery<\/span>\n                <\/h1>\n                \t\t\t<\/div>\n\t\t<\/div>\n\t<\/div>\n<\/div>\n\n\n<div class=\"text-img text-img--left\">\n\t<div class=\"container\">\n\t\t<div class=\"row\">\n\t\t\t<div class=\"col-lg-12\">\n\t\t\t\t<div class=\"text-img__wrapper\">\n\t\t\t\t\t<h1><\/h1>\n\n                    <img loading=\"lazy\" decoding=\"async\" width=\"666\" height=\"375\" src=\"https:\/\/www.dallassymphony.org\/wp-content\/uploads\/2021\/02\/Jessie-Montgomery-1600x900-1-666x375.jpg\" class=\"d-xl-none d-block\" alt=\"Jessie Montgomery\" srcset=\"https:\/\/www.dallassymphony.org\/wp-content\/uploads\/2021\/02\/Jessie-Montgomery-1600x900-1-666x375.jpg 666w, https:\/\/www.dallassymphony.org\/wp-content\/uploads\/2021\/02\/Jessie-Montgomery-1600x900-1-300x169.jpg 300w, https:\/\/www.dallassymphony.org\/wp-content\/uploads\/2021\/02\/Jessie-Montgomery-1600x900-1-1024x576.jpg 1024w, https:\/\/www.dallassymphony.org\/wp-content\/uploads\/2021\/02\/Jessie-Montgomery-1600x900-1-768x432.jpg 768w, https:\/\/www.dallassymphony.org\/wp-content\/uploads\/2021\/02\/Jessie-Montgomery-1600x900-1-1536x864.jpg 1536w, https:\/\/www.dallassymphony.org\/wp-content\/uploads\/2021\/02\/Jessie-Montgomery-1600x900-1-16x9.jpg 16w, https:\/\/www.dallassymphony.org\/wp-content\/uploads\/2021\/02\/Jessie-Montgomery-1600x900-1-388x218.jpg 388w, https:\/\/www.dallassymphony.org\/wp-content\/uploads\/2021\/02\/Jessie-Montgomery-1600x900-1-540x303.jpg 540w, https:\/\/www.dallassymphony.org\/wp-content\/uploads\/2021\/02\/Jessie-Montgomery-1600x900-1-735x413.jpg 735w, https:\/\/www.dallassymphony.org\/wp-content\/uploads\/2021\/02\/Jessie-Montgomery-1600x900-1.jpg 1600w\" sizes=\"auto, (max-width: 666px) 100vw, 666px\" \/>\n\t\t\t\t\t<h5 id=\"h-dates\">FECHAS<\/h5>\n<p>Nacido en Nueva York, Nueva York, el 8 de diciembre de 1981<\/p>\n<h5 id=\"h-nationality\">NACIONALIDAD<\/h5>\n<p>Americano<\/p>\n<h5 id=\"h-style-period\">ESTILO\/PERIODO<\/h5>\n<p>Moderno\/1920-presente<\/p>\n<h5 id=\"h-famous-works\">OBRAS FAMOSAS<\/h5>\n<p>Cambio, cambio, giro; Danzas coincidentes; Atrapado por el viento; Bandera<\/p>\n\n                    \n                <\/div>\n                <img loading=\"lazy\" decoding=\"async\" width=\"1600\" height=\"900\" src=\"https:\/\/www.dallassymphony.org\/wp-content\/uploads\/2021\/02\/Jessie-Montgomery-1600x900-1-1600x900.jpg\" class=\"d-none d-xl-block\" alt=\"Jessie Montgomery\" srcset=\"https:\/\/www.dallassymphony.org\/wp-content\/uploads\/2021\/02\/Jessie-Montgomery-1600x900-1.jpg 1600w, https:\/\/www.dallassymphony.org\/wp-content\/uploads\/2021\/02\/Jessie-Montgomery-1600x900-1-300x169.jpg 300w, https:\/\/www.dallassymphony.org\/wp-content\/uploads\/2021\/02\/Jessie-Montgomery-1600x900-1-1024x576.jpg 1024w, https:\/\/www.dallassymphony.org\/wp-content\/uploads\/2021\/02\/Jessie-Montgomery-1600x900-1-768x432.jpg 768w, https:\/\/www.dallassymphony.org\/wp-content\/uploads\/2021\/02\/Jessie-Montgomery-1600x900-1-1536x864.jpg 1536w, https:\/\/www.dallassymphony.org\/wp-content\/uploads\/2021\/02\/Jessie-Montgomery-1600x900-1-16x9.jpg 16w, https:\/\/www.dallassymphony.org\/wp-content\/uploads\/2021\/02\/Jessie-Montgomery-1600x900-1-388x218.jpg 388w, https:\/\/www.dallassymphony.org\/wp-content\/uploads\/2021\/02\/Jessie-Montgomery-1600x900-1-540x303.jpg 540w, https:\/\/www.dallassymphony.org\/wp-content\/uploads\/2021\/02\/Jessie-Montgomery-1600x900-1-666x375.jpg 666w, https:\/\/www.dallassymphony.org\/wp-content\/uploads\/2021\/02\/Jessie-Montgomery-1600x900-1-735x413.jpg 735w\" sizes=\"auto, (max-width: 1600px) 100vw, 1600px\" \/>\t\t\t<\/div>\n\t\t<\/div>\n\t<\/div>\n<\/div>\n\n\n<div class=\"richtext m-spacer\">\n\t<div class=\"container\">\n\t\t<div class=\"row\">\n\t\t\t<div class=\"col-10\">\n\t\t\t\t\n\n<div style=\"height:50px\" aria-hidden=\"true\" class=\"wp-block-spacer\"><\/div>\n\n\n\t\t\t<\/div>\n\t\t<\/div>\n\t<\/div>\n\n<\/div>\n\n\n<div class=\"richtext m-spacer\">\n\t<div class=\"container\">\n\t\t<div class=\"row\">\n\t\t\t<div class=\"col-10\">\n\t\t\t\t\n\n<hr class=\"wp-block-separator\"\/>\n\n\n\n<h3 class=\"wp-block-heading\" id=\"h-biography\">BIOGRAF\u00cdA<\/h3>\n\n\n\n<hr class=\"wp-block-separator\"\/>\n\n\n\n<p>Jessie Montgomery es una violinista, compositora y educadora musical de Nueva York. Act\u00faa e imparte talleres en Estados Unidos y en el extranjero y sus composiciones son interpretadas por orquestas y grupos de c\u00e1mara de todo el pa\u00eds.<\/p>\n\n\n\n<p>Jessie naci\u00f3 y se cri\u00f3 en el Lower East Side de Manhattan en los a\u00f1os 80, en una \u00e9poca en la que el barrio se encontraba en un momento decisivo de su historia. Los artistas gravitaban all\u00ed y era un hervidero de actividad cultural y desarrollo comunitario. Sus padres (el padre, m\u00fasico, y la madre, actriz) participaban en las actividades del barrio y llevaban regularmente a Jessie a concentraciones, actuaciones y fiestas en las que se reun\u00edan vecinos, activistas y artistas para celebrar y apoyar los movimientos de la \u00e9poca. A partir de esta experiencia \u00fanica, Jessie ha creado una vida en la que se fusionan la actuaci\u00f3n, la creatividad, la educaci\u00f3n y la defensa.<\/p>\n\n\n\n<p>Jessie comenz\u00f3 sus estudios de viol\u00edn en la Third Street Music School Settlement, una de las organizaciones comunitarias m\u00e1s antiguas del pa\u00eds. Despu\u00e9s de graduarse en la Juilliard School en interpretaci\u00f3n de viol\u00edn en 2003, se uni\u00f3 a Community MusicWorks en Providence, Rhode Island, un l\u00edder reconocido a nivel nacional en el desarrollo de la comunidad y la educaci\u00f3n musical. Con este nombramiento lleg\u00f3 su primera experiencia como m\u00fasico de c\u00e1mara profesional como miembro del Providence String Quartet. Continu\u00f3 sus esfuerzos de m\u00fasica de c\u00e1mara como miembro fundador de PUBLIQuartet, un cuarteto de cuerda formado por compositores y arreglistas, que presenta su propia m\u00fasica as\u00ed como la de compositores contempor\u00e1neos emergentes y establecidos. Desde 2012, es miembro del aclamado Catalyst Quartet, calificado por el New York Times como \"invariablemente en\u00e9rgico y finamente bru\u00f1ido... interpretando con vigor terrenal\", realizando giras regularmente por Estados Unidos y el extranjero. Recientemente, se ha convertido en colaboradora del Silkroad Ensemble de Yo-Yo Ma y ha realizado una gira con ellos en la temporada 2018-19.<\/p>\n\n\n\n<p>Desde 1999, Jessie ha estado afiliada a la Organizaci\u00f3n Sphinx, que apoya los logros de los j\u00f3venes m\u00fasicos de cuerda afroamericanos y latinos. Como miembro de la red Sphinx, ha desempe\u00f1ado numerosos papeles dentro de la organizaci\u00f3n, como profesora, jurado, miembro de la orquesta y concertino, panelista y embajadora, adem\u00e1s de ser dos veces laureada en su concurso anual. Jessie tambi\u00e9n fue compositora residente de la Sphinx Virtuosi, una orquesta de cuerda sin director que hizo una gira con su m\u00fasica durante 3 temporadas. En 2014, Jessie recibi\u00f3 la generosa beca MPower de Sphinx para ayudar en la grabaci\u00f3n de su aclamado \u00e1lbum debut, Strum: Music for Strings (octubre de 2015, Azica Records).<\/p>\n\n\n\n<p>En 2012, Jessie complet\u00f3 su postgrado en Composici\u00f3n para Cine y Multimedia en la Universidad de Nueva York, momento en el que la composici\u00f3n se convirti\u00f3 en un verdadero foco en su camino. Surgieron oportunidades para asociarse con la American Composers Orchestra, la Sphinx Organization y grupos de c\u00e1mara de toda la ciudad de Nueva York. Esto ha dado lugar a muchos nuevos encargos para orquestas de todo el pa\u00eds.<\/p>\n\n\n\t\t\t<\/div>\n\t\t<\/div>\n\t<\/div>\n\n<\/div>","protected":false},"excerpt":{"rendered":"<p>Jessie Montgomery es una violinista, compositora y educadora musical de Nueva York. <\/p>","protected":false},"author":16,"featured_media":7955,"parent":592,"menu_order":0,"comment_status":"closed","ping_status":"closed","template":"","meta":{"_acf_changed":false,"footnotes":""},"class_list":["post-7943","page","type-page","status-publish","has-post-thumbnail","hentry"],"acf":[],"_links":{"self":[{"href":"https:\/\/www.dallassymphony.org\/es\/wp-json\/wp\/v2\/pages\/7943","targetHints":{"allow":["GET"]}}],"collection":[{"href":"https:\/\/www.dallassymphony.org\/es\/wp-json\/wp\/v2\/pages"}],"about":[{"href":"https:\/\/www.dallassymphony.org\/es\/wp-json\/wp\/v2\/types\/page"}],"author":[{"embeddable":true,"href":"https:\/\/www.dallassymphony.org\/es\/wp-json\/wp\/v2\/users\/16"}],"replies":[{"embeddable":true,"href":"https:\/\/www.dallassymphony.org\/es\/wp-json\/wp\/v2\/comments?post=7943"}],"version-history":[{"count":0,"href":"https:\/\/www.dallassymphony.org\/es\/wp-json\/wp\/v2\/pages\/7943\/revisions"}],"up":[{"embeddable":true,"href":"https:\/\/www.dallassymphony.org\/es\/wp-json\/wp\/v2\/pages\/592"}],"wp:featuredmedia":[{"embeddable":true,"href":"https:\/\/www.dallassymphony.org\/es\/wp-json\/wp\/v2\/media\/7955"}],"wp:attachment":[{"href":"https:\/\/www.dallassymphony.org\/es\/wp-json\/wp\/v2\/media?parent=7943"}],"curies":[{"name":"wp","href":"https:\/\/api.w.org\/{rel}","templated":true}]}}