{"id":7942,"date":"2022-02-08T10:12:43","date_gmt":"2022-02-08T16:12:43","guid":{"rendered":"https:\/\/www.dallassymphony.org\/?page_id=7942"},"modified":"2022-05-06T15:53:24","modified_gmt":"2022-05-06T20:53:24","slug":"nia-franklin","status":"publish","type":"page","link":"https:\/\/www.dallassymphony.org\/es\/community-education\/dso-kids\/listen-watch\/composers\/nia-franklin\/","title":{"rendered":"Nia Franklin"},"content":{"rendered":"<div class=\"hero__no-img bg-blue-8\">\n\t<div class=\"container\">\n\t\t<div class=\"row\">\n\t\t\t<div class=\"col-md-10\">\n\n\t\t\t\t<ul class=\"breadcrumbs\">\n    \t<li class=\"breadcrumb__link\">\n\t\t<a class=\"a-hover\" href=\"https:\/\/www.dallassymphony.org\/es\/\">Inicio<\/a>\n\t<\/li>\n    \t<li class=\"breadcrumb__link a-styles\">\n\t\t<a class=\"a-hover\" href=\"https:\/\/www.dallassymphony.org\/es\/community-education\/\">Educaci\u00f3n y Comunidad<\/a>\n\t<\/li>\n    \t<li class=\"breadcrumb__link a-styles\">\n\t\t<a class=\"a-hover\" href=\"https:\/\/www.dallassymphony.org\/es\/community-education\/dso-kids\/\">Para escuelas y profesores<\/a>\n\t<\/li>\n    \t<li class=\"breadcrumb__link a-styles\">\n\t\t<a class=\"a-hover\" href=\"https:\/\/www.dallassymphony.org\/es\/community-education\/dso-kids\/listen-watch\/\">Escuchar y ver<\/a>\n\t<\/li>\n    \t<li class=\"breadcrumb__link a-styles\">\n\t\t<a class=\"a-hover\" href=\"https:\/\/www.dallassymphony.org\/es\/community-education\/dso-kids\/listen-watch\/composers\/\">Compositores<\/a>\n\t<\/li>\n    <\/ul>\n\n                \t\t\t\t<h1>\n                    <span >Nia Franklin<\/span>\n                <\/h1>\n                \t\t\t<\/div>\n\t\t<\/div>\n\t<\/div>\n<\/div>\n\n\n<div class=\"text-img text-img--left\">\n\t<div class=\"container\">\n\t\t<div class=\"row\">\n\t\t\t<div class=\"col-lg-12\">\n\t\t\t\t<div class=\"text-img__wrapper\">\n\t\t\t\t\t<h1><\/h1>\n\n                    <img loading=\"lazy\" decoding=\"async\" width=\"666\" height=\"375\" src=\"https:\/\/www.dallassymphony.org\/wp-content\/uploads\/2022\/02\/Nia-Franklin-1600x900-1-666x375.jpg\" class=\"d-xl-none d-block\" alt=\"Nia Franklin\" srcset=\"https:\/\/www.dallassymphony.org\/wp-content\/uploads\/2022\/02\/Nia-Franklin-1600x900-1-666x375.jpg 666w, https:\/\/www.dallassymphony.org\/wp-content\/uploads\/2022\/02\/Nia-Franklin-1600x900-1-300x169.jpg 300w, https:\/\/www.dallassymphony.org\/wp-content\/uploads\/2022\/02\/Nia-Franklin-1600x900-1-1024x576.jpg 1024w, https:\/\/www.dallassymphony.org\/wp-content\/uploads\/2022\/02\/Nia-Franklin-1600x900-1-768x432.jpg 768w, https:\/\/www.dallassymphony.org\/wp-content\/uploads\/2022\/02\/Nia-Franklin-1600x900-1-1536x864.jpg 1536w, https:\/\/www.dallassymphony.org\/wp-content\/uploads\/2022\/02\/Nia-Franklin-1600x900-1-18x10.jpg 18w, https:\/\/www.dallassymphony.org\/wp-content\/uploads\/2022\/02\/Nia-Franklin-1600x900-1-388x218.jpg 388w, https:\/\/www.dallassymphony.org\/wp-content\/uploads\/2022\/02\/Nia-Franklin-1600x900-1-540x303.jpg 540w, https:\/\/www.dallassymphony.org\/wp-content\/uploads\/2022\/02\/Nia-Franklin-1600x900-1-735x413.jpg 735w, https:\/\/www.dallassymphony.org\/wp-content\/uploads\/2022\/02\/Nia-Franklin-1600x900-1.jpg 1600w\" sizes=\"auto, (max-width: 666px) 100vw, 666px\" \/>\n\t\t\t\t\t<h5 id=\"h-dates\">FECHAS<\/h5>\n<p>Naci\u00f3 en Winston-Salem, Carolina del Norte, el 27 de julio de 1993<\/p>\n<h5 id=\"h-nationality\">NACIONALIDAD<\/h5>\n<p>Americano<\/p>\n<h5 id=\"h-style-period\">ESTILO\/PERIODO<\/h5>\n<p>Moderno\/1920-presente<\/p>\n<h5 id=\"h-famous-works\">OBRAS FAMOSAS<\/h5>\n<p>Chrysalis Extended para orquesta, Burgundy in Autumn para cuarteto de cuerda<\/p>\n\n                    \n                <\/div>\n                <img loading=\"lazy\" decoding=\"async\" width=\"1600\" height=\"900\" src=\"https:\/\/www.dallassymphony.org\/wp-content\/uploads\/2022\/02\/Nia-Franklin-1600x900-1-1600x900.jpg\" class=\"d-none d-xl-block\" alt=\"Nia Franklin\" srcset=\"https:\/\/www.dallassymphony.org\/wp-content\/uploads\/2022\/02\/Nia-Franklin-1600x900-1.jpg 1600w, https:\/\/www.dallassymphony.org\/wp-content\/uploads\/2022\/02\/Nia-Franklin-1600x900-1-300x169.jpg 300w, https:\/\/www.dallassymphony.org\/wp-content\/uploads\/2022\/02\/Nia-Franklin-1600x900-1-1024x576.jpg 1024w, https:\/\/www.dallassymphony.org\/wp-content\/uploads\/2022\/02\/Nia-Franklin-1600x900-1-768x432.jpg 768w, https:\/\/www.dallassymphony.org\/wp-content\/uploads\/2022\/02\/Nia-Franklin-1600x900-1-1536x864.jpg 1536w, https:\/\/www.dallassymphony.org\/wp-content\/uploads\/2022\/02\/Nia-Franklin-1600x900-1-18x10.jpg 18w, https:\/\/www.dallassymphony.org\/wp-content\/uploads\/2022\/02\/Nia-Franklin-1600x900-1-388x218.jpg 388w, https:\/\/www.dallassymphony.org\/wp-content\/uploads\/2022\/02\/Nia-Franklin-1600x900-1-540x303.jpg 540w, https:\/\/www.dallassymphony.org\/wp-content\/uploads\/2022\/02\/Nia-Franklin-1600x900-1-666x375.jpg 666w, https:\/\/www.dallassymphony.org\/wp-content\/uploads\/2022\/02\/Nia-Franklin-1600x900-1-735x413.jpg 735w\" sizes=\"auto, (max-width: 1600px) 100vw, 1600px\" \/>\t\t\t<\/div>\n\t\t<\/div>\n\t<\/div>\n<\/div>\n\n\n<div class=\"richtext m-spacer\">\n\t<div class=\"container\">\n\t\t<div class=\"row\">\n\t\t\t<div class=\"col-10\">\n\t\t\t\t\n\n<div style=\"height:50px\" aria-hidden=\"true\" class=\"wp-block-spacer\"><\/div>\n\n\n\t\t\t<\/div>\n\t\t<\/div>\n\t<\/div>\n\n<\/div>\n\n\n<div class=\"richtext m-spacer\">\n\t<div class=\"container\">\n\t\t<div class=\"row\">\n\t\t\t<div class=\"col-10\">\n\t\t\t\t\n\n<hr class=\"wp-block-separator\"\/>\n\n\n\n<h3 class=\"wp-block-heading\" id=\"h-biography\">BIOGRAF\u00cdA<\/h3>\n\n\n\n<hr class=\"wp-block-separator\"\/>\n\n\n\n<p>Nia Franklin naci\u00f3 en Winston-Salem (Carolina del Norte) y vivi\u00f3 en este estado hasta sus estudios de posgrado. Se licenci\u00f3 en composici\u00f3n en la Universidad de Carolina del Este y obtuvo un m\u00e1ster en Bellas Artes en la Escuela de Artes de la Universidad de Carolina del Norte. Poco despu\u00e9s, Nia obtuvo una beca Kenan en el Lincoln Center Education de Nueva York y se traslad\u00f3 a esta ciudad. Actualmente reside en Brooklyn.<\/p>\n\n\n\n<p>Durante el primer a\u00f1o de universidad de Nia, a su padre le diagnosticaron un linfoma no Hodgkin, y ella se convirti\u00f3 en su donante de c\u00e9lulas madre. Este giro de los acontecimientos llev\u00f3 a Nia a la Organizaci\u00f3n Miss Am\u00e9rica. \"Ten\u00eda que encontrar una manera de pagarme los estudios y por eso entr\u00e9 en este concurso y en esta organizaci\u00f3n y se convirti\u00f3 en mucho m\u00e1s que el dinero de la beca para m\u00ed, tambi\u00e9n se trataba de la tutor\u00eda, el liderazgo y la hermandad que encuentras en este programa\". Nia fue coronada Miss Five Boroughs a los 23 a\u00f1os, y luego pas\u00f3 a ganar Miss Nueva York 2018. El 9 de septiembre de 2018 recibi\u00f3 el puesto de Miss Am\u00e9rica 2019.<\/p>\n\n\n\n<p>Nia ha sido profesora y mentora musical, y ha escrito m\u00e1s de 100 canciones, incluida una que empez\u00f3 a interpretar a los cinco a\u00f1os. (La letra comienza: \"Amor, amor, amor, amor, el amor es lo \u00fanico que me importa...\"). Para el concurso de Miss Am\u00e9rica 2019, Franklin cant\u00f3 \"Quando m'en Vo'\" de La Boheme de Puccini y cautiv\u00f3 al p\u00fablico y a los jueces.<\/p>\n\n\n\n<p>Nia sigue trabajando en su iniciativa de impacto socialative, ABOGAR POR LAS ARTES. Habla con estudiantes, administradores escolares y profesores sobre la importancia de la educaci\u00f3n art\u00edstica y por qu\u00e9 es tan vital para una educaci\u00f3n integral.<\/p>\n\n\n\t\t\t<\/div>\n\t\t<\/div>\n\t<\/div>\n\n<\/div>","protected":false},"excerpt":{"rendered":"<p>Nia Franklin naci\u00f3 en Winston-Salem (Carolina del Norte) y vivi\u00f3 en este estado hasta sus estudios de posgrado. Se licenci\u00f3 en composici\u00f3n en la Universidad de Carolina del Este y obtuvo un m\u00e1ster en Bellas Artes en la Escuela de Artes de la Universidad de Carolina del Norte. <\/p>","protected":false},"author":16,"featured_media":7957,"parent":592,"menu_order":0,"comment_status":"closed","ping_status":"closed","template":"","meta":{"_acf_changed":false,"footnotes":""},"class_list":["post-7942","page","type-page","status-publish","has-post-thumbnail","hentry"],"acf":[],"_links":{"self":[{"href":"https:\/\/www.dallassymphony.org\/es\/wp-json\/wp\/v2\/pages\/7942","targetHints":{"allow":["GET"]}}],"collection":[{"href":"https:\/\/www.dallassymphony.org\/es\/wp-json\/wp\/v2\/pages"}],"about":[{"href":"https:\/\/www.dallassymphony.org\/es\/wp-json\/wp\/v2\/types\/page"}],"author":[{"embeddable":true,"href":"https:\/\/www.dallassymphony.org\/es\/wp-json\/wp\/v2\/users\/16"}],"replies":[{"embeddable":true,"href":"https:\/\/www.dallassymphony.org\/es\/wp-json\/wp\/v2\/comments?post=7942"}],"version-history":[{"count":0,"href":"https:\/\/www.dallassymphony.org\/es\/wp-json\/wp\/v2\/pages\/7942\/revisions"}],"up":[{"embeddable":true,"href":"https:\/\/www.dallassymphony.org\/es\/wp-json\/wp\/v2\/pages\/592"}],"wp:featuredmedia":[{"embeddable":true,"href":"https:\/\/www.dallassymphony.org\/es\/wp-json\/wp\/v2\/media\/7957"}],"wp:attachment":[{"href":"https:\/\/www.dallassymphony.org\/es\/wp-json\/wp\/v2\/media?parent=7942"}],"curies":[{"name":"wp","href":"https:\/\/api.w.org\/{rel}","templated":true}]}}