{"id":7934,"date":"2022-02-08T09:59:20","date_gmt":"2022-02-08T15:59:20","guid":{"rendered":"https:\/\/www.dallassymphony.org\/?page_id=7934"},"modified":"2022-05-06T15:51:21","modified_gmt":"2022-05-06T20:51:21","slug":"arturo-marquez","status":"publish","type":"page","link":"https:\/\/www.dallassymphony.org\/es\/community-education\/dso-kids\/listen-watch\/composers\/arturo-marquez\/","title":{"rendered":"Arturo M\u00e1rquez"},"content":{"rendered":"<div class=\"hero__no-img bg-blue-8\">\n\t<div class=\"container\">\n\t\t<div class=\"row\">\n\t\t\t<div class=\"col-md-10\">\n\n\t\t\t\t<ul class=\"breadcrumbs\">\n    \t<li class=\"breadcrumb__link\">\n\t\t<a class=\"a-hover\" href=\"https:\/\/www.dallassymphony.org\/es\/\">Inicio<\/a>\n\t<\/li>\n    \t<li class=\"breadcrumb__link a-styles\">\n\t\t<a class=\"a-hover\" href=\"https:\/\/www.dallassymphony.org\/es\/community-education\/\">Educaci\u00f3n y Comunidad<\/a>\n\t<\/li>\n    \t<li class=\"breadcrumb__link a-styles\">\n\t\t<a class=\"a-hover\" href=\"https:\/\/www.dallassymphony.org\/es\/community-education\/dso-kids\/\">Para escuelas y profesores<\/a>\n\t<\/li>\n    \t<li class=\"breadcrumb__link a-styles\">\n\t\t<a class=\"a-hover\" href=\"https:\/\/www.dallassymphony.org\/es\/community-education\/dso-kids\/listen-watch\/\">Escuchar y ver<\/a>\n\t<\/li>\n    \t<li class=\"breadcrumb__link a-styles\">\n\t\t<a class=\"a-hover\" href=\"https:\/\/www.dallassymphony.org\/es\/community-education\/dso-kids\/listen-watch\/composers\/\">Compositores<\/a>\n\t<\/li>\n    <\/ul>\n\n                \t\t\t\t<h1>\n                    <span >Arturo M\u00e1rquez<\/span>\n                <\/h1>\n                \t\t\t<\/div>\n\t\t<\/div>\n\t<\/div>\n<\/div>\n\n\n<div class=\"text-img text-img--left\">\n\t<div class=\"container\">\n\t\t<div class=\"row\">\n\t\t\t<div class=\"col-lg-12\">\n\t\t\t\t<div class=\"text-img__wrapper\">\n\t\t\t\t\t<h1><\/h1>\n\n                    <img loading=\"lazy\" decoding=\"async\" width=\"666\" height=\"375\" src=\"https:\/\/www.dallassymphony.org\/wp-content\/uploads\/2022\/02\/Arturo-Marquez-1600x900-1-e1651870192402-666x375.jpg\" class=\"d-xl-none d-block\" alt=\"Arturo M\u00e1rquez\" srcset=\"https:\/\/www.dallassymphony.org\/wp-content\/uploads\/2022\/02\/Arturo-Marquez-1600x900-1-e1651870192402-666x375.jpg 666w, https:\/\/www.dallassymphony.org\/wp-content\/uploads\/2022\/02\/Arturo-Marquez-1600x900-1-e1651870192402-300x169.jpg 300w, https:\/\/www.dallassymphony.org\/wp-content\/uploads\/2022\/02\/Arturo-Marquez-1600x900-1-e1651870192402-1024x576.jpg 1024w, https:\/\/www.dallassymphony.org\/wp-content\/uploads\/2022\/02\/Arturo-Marquez-1600x900-1-e1651870192402-768x432.jpg 768w, https:\/\/www.dallassymphony.org\/wp-content\/uploads\/2022\/02\/Arturo-Marquez-1600x900-1-e1651870192402-1536x864.jpg 1536w, https:\/\/www.dallassymphony.org\/wp-content\/uploads\/2022\/02\/Arturo-Marquez-1600x900-1-e1651870192402-18x10.jpg 18w, https:\/\/www.dallassymphony.org\/wp-content\/uploads\/2022\/02\/Arturo-Marquez-1600x900-1-e1651870192402-388x218.jpg 388w, https:\/\/www.dallassymphony.org\/wp-content\/uploads\/2022\/02\/Arturo-Marquez-1600x900-1-e1651870192402-540x303.jpg 540w, https:\/\/www.dallassymphony.org\/wp-content\/uploads\/2022\/02\/Arturo-Marquez-1600x900-1-e1651870192402-735x413.jpg 735w, https:\/\/www.dallassymphony.org\/wp-content\/uploads\/2022\/02\/Arturo-Marquez-1600x900-1-e1651870192402.jpg 1600w\" sizes=\"auto, (max-width: 666px) 100vw, 666px\" \/>\n\t\t\t\t\t<h5 id=\"h-dates\">FECHAS<\/h5>\n<p>Naci\u00f3 en \u00c1lamos, Sonora, M\u00e9xico, el 20 de diciembre de 1950<\/p>\n<h5 id=\"h-nationality\">NACIONALIDAD<\/h5>\n<p>Mexicana<\/p>\n<h5 id=\"h-style-period\">ESTILO\/PERIODO<\/h5>\n<p>Moderno\/1920-presente<\/p>\n<h5 id=\"h-famous-works\">OBRAS FAMOSAS<\/h5>\n<p>Danzones, Fandango<\/p>\n\n                    \n                <\/div>\n                <img loading=\"lazy\" decoding=\"async\" width=\"1600\" height=\"900\" src=\"https:\/\/www.dallassymphony.org\/wp-content\/uploads\/2022\/02\/Arturo-Marquez-1600x900-1-e1651870192402-1600x900.jpg\" class=\"d-none d-xl-block\" alt=\"Arturo M\u00e1rquez\" srcset=\"https:\/\/www.dallassymphony.org\/wp-content\/uploads\/2022\/02\/Arturo-Marquez-1600x900-1-e1651870192402.jpg 1600w, https:\/\/www.dallassymphony.org\/wp-content\/uploads\/2022\/02\/Arturo-Marquez-1600x900-1-e1651870192402-300x169.jpg 300w, https:\/\/www.dallassymphony.org\/wp-content\/uploads\/2022\/02\/Arturo-Marquez-1600x900-1-e1651870192402-1024x576.jpg 1024w, https:\/\/www.dallassymphony.org\/wp-content\/uploads\/2022\/02\/Arturo-Marquez-1600x900-1-e1651870192402-768x432.jpg 768w, https:\/\/www.dallassymphony.org\/wp-content\/uploads\/2022\/02\/Arturo-Marquez-1600x900-1-e1651870192402-1536x864.jpg 1536w, https:\/\/www.dallassymphony.org\/wp-content\/uploads\/2022\/02\/Arturo-Marquez-1600x900-1-e1651870192402-18x10.jpg 18w, https:\/\/www.dallassymphony.org\/wp-content\/uploads\/2022\/02\/Arturo-Marquez-1600x900-1-e1651870192402-388x218.jpg 388w, https:\/\/www.dallassymphony.org\/wp-content\/uploads\/2022\/02\/Arturo-Marquez-1600x900-1-e1651870192402-540x303.jpg 540w, https:\/\/www.dallassymphony.org\/wp-content\/uploads\/2022\/02\/Arturo-Marquez-1600x900-1-e1651870192402-666x375.jpg 666w, https:\/\/www.dallassymphony.org\/wp-content\/uploads\/2022\/02\/Arturo-Marquez-1600x900-1-e1651870192402-735x413.jpg 735w\" sizes=\"auto, (max-width: 1600px) 100vw, 1600px\" \/>\t\t\t<\/div>\n\t\t<\/div>\n\t<\/div>\n<\/div>\n\n\n<div class=\"richtext m-spacer\">\n\t<div class=\"container\">\n\t\t<div class=\"row\">\n\t\t\t<div class=\"col-10\">\n\t\t\t\t\n\n<div style=\"height:50px\" aria-hidden=\"true\" class=\"wp-block-spacer\"><\/div>\n\n\n\t\t\t<\/div>\n\t\t<\/div>\n\t<\/div>\n\n<\/div>\n\n\n<div class=\"richtext m-spacer\">\n\t<div class=\"container\">\n\t\t<div class=\"row\">\n\t\t\t<div class=\"col-10\">\n\t\t\t\t\n\n<hr class=\"wp-block-separator\"\/>\n\n\n\n<h3 class=\"wp-block-heading\" id=\"h-biography\">BIOGRAF\u00cdA<\/h3>\n\n\n\n<hr class=\"wp-block-separator\"\/>\n\n\n\n<p>Arturo M\u00e1rquez (nacido en 1950) es un compositor mexicano que utiliza formas y estilos musicales de su native M\u00e9xico y los incorpora a sus composiciones. M\u00e1rquez naci\u00f3 en \u00c1lamos, Sonora, M\u00e9xico, el primero de nueve hijos, y el \u00fanico que se hizo m\u00fasico. Su inter\u00e9s por la m\u00fasica se debi\u00f3 a su exposici\u00f3n a una variedad de estilos musicales por parte de su padre, un m\u00fasico de mariachi, y su abuelo, un m\u00fasico folcl\u00f3rico mexicano. Comenz\u00f3 a componer a los 16 a\u00f1os en un conservatorio de m\u00fasica en M\u00e9xico y continu\u00f3 sus estudios m\u00e1s tarde como becario Fulbright en California. Sus Danzones son sus composiciones m\u00e1s conocidas y se utilizan a menudo en producciones de ballet y conciertos sinf\u00f3nicos.<\/p>\n\n\n\t\t\t<\/div>\n\t\t<\/div>\n\t<\/div>\n\n<\/div>","protected":false},"excerpt":{"rendered":"<p>Arturo M\u00e1rquez (nacido en 1950) es un compositor mexicano que utiliza formas y estilos musicales de su native M\u00e9xico y los incorpora a sus composiciones. <\/p>","protected":false},"author":16,"featured_media":7960,"parent":592,"menu_order":0,"comment_status":"closed","ping_status":"closed","template":"","meta":{"_acf_changed":false,"footnotes":""},"class_list":["post-7934","page","type-page","status-publish","has-post-thumbnail","hentry"],"acf":[],"_links":{"self":[{"href":"https:\/\/www.dallassymphony.org\/es\/wp-json\/wp\/v2\/pages\/7934","targetHints":{"allow":["GET"]}}],"collection":[{"href":"https:\/\/www.dallassymphony.org\/es\/wp-json\/wp\/v2\/pages"}],"about":[{"href":"https:\/\/www.dallassymphony.org\/es\/wp-json\/wp\/v2\/types\/page"}],"author":[{"embeddable":true,"href":"https:\/\/www.dallassymphony.org\/es\/wp-json\/wp\/v2\/users\/16"}],"replies":[{"embeddable":true,"href":"https:\/\/www.dallassymphony.org\/es\/wp-json\/wp\/v2\/comments?post=7934"}],"version-history":[{"count":0,"href":"https:\/\/www.dallassymphony.org\/es\/wp-json\/wp\/v2\/pages\/7934\/revisions"}],"up":[{"embeddable":true,"href":"https:\/\/www.dallassymphony.org\/es\/wp-json\/wp\/v2\/pages\/592"}],"wp:featuredmedia":[{"embeddable":true,"href":"https:\/\/www.dallassymphony.org\/es\/wp-json\/wp\/v2\/media\/7960"}],"wp:attachment":[{"href":"https:\/\/www.dallassymphony.org\/es\/wp-json\/wp\/v2\/media?parent=7934"}],"curies":[{"name":"wp","href":"https:\/\/api.w.org\/{rel}","templated":true}]}}