{"id":7933,"date":"2022-02-08T10:00:46","date_gmt":"2022-02-08T16:00:46","guid":{"rendered":"https:\/\/www.dallassymphony.org\/?page_id=7933"},"modified":"2022-05-06T16:00:49","modified_gmt":"2022-05-06T21:00:49","slug":"gabriela-lena-frank","status":"publish","type":"page","link":"https:\/\/www.dallassymphony.org\/es\/community-education\/dso-kids\/listen-watch\/composers\/gabriela-lena-frank\/","title":{"rendered":"Gabriela Lena Frank"},"content":{"rendered":"<div class=\"hero__no-img bg-blue-8\">\n\t<div class=\"container\">\n\t\t<div class=\"row\">\n\t\t\t<div class=\"col-md-10\">\n\n\t\t\t\t<ul class=\"breadcrumbs\">\n    \t<li class=\"breadcrumb__link\">\n\t\t<a class=\"a-hover\" href=\"https:\/\/www.dallassymphony.org\/es\/\">Inicio<\/a>\n\t<\/li>\n    \t<li class=\"breadcrumb__link a-styles\">\n\t\t<a class=\"a-hover\" href=\"https:\/\/www.dallassymphony.org\/es\/community-education\/\">Educaci\u00f3n y Comunidad<\/a>\n\t<\/li>\n    \t<li class=\"breadcrumb__link a-styles\">\n\t\t<a class=\"a-hover\" href=\"https:\/\/www.dallassymphony.org\/es\/community-education\/dso-kids\/\">Para escuelas y profesores<\/a>\n\t<\/li>\n    \t<li class=\"breadcrumb__link a-styles\">\n\t\t<a class=\"a-hover\" href=\"https:\/\/www.dallassymphony.org\/es\/community-education\/dso-kids\/listen-watch\/\">Escuchar y ver<\/a>\n\t<\/li>\n    \t<li class=\"breadcrumb__link a-styles\">\n\t\t<a class=\"a-hover\" href=\"https:\/\/www.dallassymphony.org\/es\/community-education\/dso-kids\/listen-watch\/composers\/\">Compositores<\/a>\n\t<\/li>\n    <\/ul>\n\n                \t\t\t\t<h1>\n                    <span >Gabriela Lena Frank<\/span>\n                <\/h1>\n                \t\t\t<\/div>\n\t\t<\/div>\n\t<\/div>\n<\/div>\n\n\n<div class=\"text-img text-img--left\">\n\t<div class=\"container\">\n\t\t<div class=\"row\">\n\t\t\t<div class=\"col-lg-12\">\n\t\t\t\t<div class=\"text-img__wrapper\">\n\t\t\t\t\t<h1><\/h1>\n\n                    <img loading=\"lazy\" decoding=\"async\" width=\"666\" height=\"375\" src=\"https:\/\/www.dallassymphony.org\/wp-content\/uploads\/2022\/02\/Gabriela-Lena-Frank-1600x900-1-e1651870748789-666x375.jpg\" class=\"d-xl-none d-block\" alt=\"Gabriela Lena Frank\" srcset=\"https:\/\/www.dallassymphony.org\/wp-content\/uploads\/2022\/02\/Gabriela-Lena-Frank-1600x900-1-e1651870748789-666x375.jpg 666w, https:\/\/www.dallassymphony.org\/wp-content\/uploads\/2022\/02\/Gabriela-Lena-Frank-1600x900-1-e1651870748789-300x169.jpg 300w, https:\/\/www.dallassymphony.org\/wp-content\/uploads\/2022\/02\/Gabriela-Lena-Frank-1600x900-1-e1651870748789-1024x576.jpg 1024w, https:\/\/www.dallassymphony.org\/wp-content\/uploads\/2022\/02\/Gabriela-Lena-Frank-1600x900-1-e1651870748789-768x432.jpg 768w, https:\/\/www.dallassymphony.org\/wp-content\/uploads\/2022\/02\/Gabriela-Lena-Frank-1600x900-1-e1651870748789-1536x864.jpg 1536w, https:\/\/www.dallassymphony.org\/wp-content\/uploads\/2022\/02\/Gabriela-Lena-Frank-1600x900-1-e1651870748789-18x10.jpg 18w, https:\/\/www.dallassymphony.org\/wp-content\/uploads\/2022\/02\/Gabriela-Lena-Frank-1600x900-1-e1651870748789-388x218.jpg 388w, https:\/\/www.dallassymphony.org\/wp-content\/uploads\/2022\/02\/Gabriela-Lena-Frank-1600x900-1-e1651870748789-540x303.jpg 540w, https:\/\/www.dallassymphony.org\/wp-content\/uploads\/2022\/02\/Gabriela-Lena-Frank-1600x900-1-e1651870748789-735x413.jpg 735w, https:\/\/www.dallassymphony.org\/wp-content\/uploads\/2022\/02\/Gabriela-Lena-Frank-1600x900-1-e1651870748789.jpg 1600w\" sizes=\"auto, (max-width: 666px) 100vw, 666px\" \/>\n\t\t\t\t\t<h5 id=\"h-dates\">FECHAS<\/h5>\n<p>Naci\u00f3 en Berkeley, California, en 1972<\/p>\n<h5 id=\"h-nationality\">NACIONALIDAD<\/h5>\n<p>Americano<\/p>\n<h5 id=\"h-style-period\">ESTILO\/PERIODO<\/h5>\n<p>Moderno\/1920-presente<\/p>\n<h5 id=\"h-famous-works\">OBRAS FAMOSAS<\/h5>\n<p>La Centinela y La Paloma, Concertino Cusque\u00f1o, Will-o'-the-Wisp<\/p>\n\n                    \n                <\/div>\n                <img loading=\"lazy\" decoding=\"async\" width=\"1600\" height=\"900\" src=\"https:\/\/www.dallassymphony.org\/wp-content\/uploads\/2022\/02\/Gabriela-Lena-Frank-1600x900-1-e1651870748789-1600x900.jpg\" class=\"d-none d-xl-block\" alt=\"Gabriela Lena Frank\" srcset=\"https:\/\/www.dallassymphony.org\/wp-content\/uploads\/2022\/02\/Gabriela-Lena-Frank-1600x900-1-e1651870748789.jpg 1600w, https:\/\/www.dallassymphony.org\/wp-content\/uploads\/2022\/02\/Gabriela-Lena-Frank-1600x900-1-e1651870748789-300x169.jpg 300w, https:\/\/www.dallassymphony.org\/wp-content\/uploads\/2022\/02\/Gabriela-Lena-Frank-1600x900-1-e1651870748789-1024x576.jpg 1024w, https:\/\/www.dallassymphony.org\/wp-content\/uploads\/2022\/02\/Gabriela-Lena-Frank-1600x900-1-e1651870748789-768x432.jpg 768w, https:\/\/www.dallassymphony.org\/wp-content\/uploads\/2022\/02\/Gabriela-Lena-Frank-1600x900-1-e1651870748789-1536x864.jpg 1536w, https:\/\/www.dallassymphony.org\/wp-content\/uploads\/2022\/02\/Gabriela-Lena-Frank-1600x900-1-e1651870748789-18x10.jpg 18w, https:\/\/www.dallassymphony.org\/wp-content\/uploads\/2022\/02\/Gabriela-Lena-Frank-1600x900-1-e1651870748789-388x218.jpg 388w, https:\/\/www.dallassymphony.org\/wp-content\/uploads\/2022\/02\/Gabriela-Lena-Frank-1600x900-1-e1651870748789-540x303.jpg 540w, https:\/\/www.dallassymphony.org\/wp-content\/uploads\/2022\/02\/Gabriela-Lena-Frank-1600x900-1-e1651870748789-666x375.jpg 666w, https:\/\/www.dallassymphony.org\/wp-content\/uploads\/2022\/02\/Gabriela-Lena-Frank-1600x900-1-e1651870748789-735x413.jpg 735w\" sizes=\"auto, (max-width: 1600px) 100vw, 1600px\" \/>\t\t\t<\/div>\n\t\t<\/div>\n\t<\/div>\n<\/div>\n\n\n<div class=\"richtext m-spacer\">\n\t<div class=\"container\">\n\t\t<div class=\"row\">\n\t\t\t<div class=\"col-10\">\n\t\t\t\t\n\n<div style=\"height:50px\" aria-hidden=\"true\" class=\"wp-block-spacer\"><\/div>\n\n\n\t\t\t<\/div>\n\t\t<\/div>\n\t<\/div>\n\n<\/div>\n\n\n<div class=\"richtext m-spacer\">\n\t<div class=\"container\">\n\t\t<div class=\"row\">\n\t\t\t<div class=\"col-10\">\n\t\t\t\t\n\n<hr class=\"wp-block-separator\"\/>\n\n\n\n<h3 class=\"wp-block-heading\" id=\"h-biography\">BIOGRAF\u00cdA<\/h3>\n\n\n\n<hr class=\"wp-block-separator\"\/>\n\n\n\n<p>La identidad siempre ha estado en el centro de la m\u00fasica de la compositora y pianista Gabriela Lena Frank (nacida en 1972), que fue incluida en la lista de 2017 de The Washington Post de las 35 compositoras m\u00e1s importantes de la historia. Nacida en Berkeley (California), de madre de ascendencia mixta peruana\/china y padre de ascendencia lituana\/jud\u00eda, Frank explora su herencia multicultural con m\u00e1s ah\u00ednco a trav\u00e9s de sus composiciones. Adem\u00e1s, escribe: \"Suele haber una l\u00ednea argumental detr\u00e1s de mi m\u00fasica; un escenario o un personaje\".<\/p>\n\n\n\n<p>Ganadora de un Grammy Latino y nominada a los Grammy como compositora y pianista, Gabriela tambi\u00e9n tiene una beca Guggenheim y una beca USA Artist Fellowship que se otorga cada a\u00f1o a cincuenta de los mejores artistas del pa\u00eds. En 2017, Frank fund\u00f3 la Academia de M\u00fasica Gabriela Lena Frank Creative en Boonville, California, que ofrece tutor\u00eda, residencias de lecturas a estrenos y comisiones para compositores emergentes de diversos or\u00edgenes, adem\u00e1s de fomentar programas escolares p\u00fablicos en escuelas p\u00fablicas rurales de bajo nivel art\u00edstico. Se gradu\u00f3 en la Universidad Rice de Houston, con una licenciatura y un m\u00e1ster, y en la Universidad de Michigan, con un m\u00e1ster en composici\u00f3n.<\/p>\n\n\n\t\t\t<\/div>\n\t\t<\/div>\n\t<\/div>\n\n<\/div>","protected":false},"excerpt":{"rendered":"<p>La identidad siempre ha estado en el centro de la m\u00fasica de la compositora y pianista Gabriela Lena Frank (nacida en 1972), que fue incluida en la lista de 2017 de The Washington Post de las 35 mujeres compositoras m\u00e1s significativas de la historia.<\/p>","protected":false},"author":16,"featured_media":7953,"parent":592,"menu_order":0,"comment_status":"closed","ping_status":"closed","template":"","meta":{"_acf_changed":false,"footnotes":""},"class_list":["post-7933","page","type-page","status-publish","has-post-thumbnail","hentry"],"acf":[],"_links":{"self":[{"href":"https:\/\/www.dallassymphony.org\/es\/wp-json\/wp\/v2\/pages\/7933","targetHints":{"allow":["GET"]}}],"collection":[{"href":"https:\/\/www.dallassymphony.org\/es\/wp-json\/wp\/v2\/pages"}],"about":[{"href":"https:\/\/www.dallassymphony.org\/es\/wp-json\/wp\/v2\/types\/page"}],"author":[{"embeddable":true,"href":"https:\/\/www.dallassymphony.org\/es\/wp-json\/wp\/v2\/users\/16"}],"replies":[{"embeddable":true,"href":"https:\/\/www.dallassymphony.org\/es\/wp-json\/wp\/v2\/comments?post=7933"}],"version-history":[{"count":0,"href":"https:\/\/www.dallassymphony.org\/es\/wp-json\/wp\/v2\/pages\/7933\/revisions"}],"up":[{"embeddable":true,"href":"https:\/\/www.dallassymphony.org\/es\/wp-json\/wp\/v2\/pages\/592"}],"wp:featuredmedia":[{"embeddable":true,"href":"https:\/\/www.dallassymphony.org\/es\/wp-json\/wp\/v2\/media\/7953"}],"wp:attachment":[{"href":"https:\/\/www.dallassymphony.org\/es\/wp-json\/wp\/v2\/media?parent=7933"}],"curies":[{"name":"wp","href":"https:\/\/api.w.org\/{rel}","templated":true}]}}