{"id":7930,"date":"2022-02-08T09:55:48","date_gmt":"2022-02-08T15:55:48","guid":{"rendered":"https:\/\/www.dallassymphony.org\/?page_id=7930"},"modified":"2022-05-06T16:04:50","modified_gmt":"2022-05-06T21:04:50","slug":"duke-ellington","status":"publish","type":"page","link":"https:\/\/www.dallassymphony.org\/es\/community-education\/dso-kids\/listen-watch\/composers\/duke-ellington\/","title":{"rendered":"Duke Ellington"},"content":{"rendered":"<div class=\"hero__no-img bg-blue-8\">\n\t<div class=\"container\">\n\t\t<div class=\"row\">\n\t\t\t<div class=\"col-md-10\">\n\n\t\t\t\t<ul class=\"breadcrumbs\">\n    \t<li class=\"breadcrumb__link\">\n\t\t<a class=\"a-hover\" href=\"https:\/\/www.dallassymphony.org\/es\/\">Inicio<\/a>\n\t<\/li>\n    \t<li class=\"breadcrumb__link a-styles\">\n\t\t<a class=\"a-hover\" href=\"https:\/\/www.dallassymphony.org\/es\/community-education\/\">Educaci\u00f3n y Comunidad<\/a>\n\t<\/li>\n    \t<li class=\"breadcrumb__link a-styles\">\n\t\t<a class=\"a-hover\" href=\"https:\/\/www.dallassymphony.org\/es\/community-education\/dso-kids\/\">Para escuelas y profesores<\/a>\n\t<\/li>\n    \t<li class=\"breadcrumb__link a-styles\">\n\t\t<a class=\"a-hover\" href=\"https:\/\/www.dallassymphony.org\/es\/community-education\/dso-kids\/listen-watch\/\">Escuchar y ver<\/a>\n\t<\/li>\n    \t<li class=\"breadcrumb__link a-styles\">\n\t\t<a class=\"a-hover\" href=\"https:\/\/www.dallassymphony.org\/es\/community-education\/dso-kids\/listen-watch\/composers\/\">Compositores<\/a>\n\t<\/li>\n    <\/ul>\n\n                \t\t\t\t<h1>\n                    <span >Duke Ellington<\/span>\n                <\/h1>\n                \t\t\t<\/div>\n\t\t<\/div>\n\t<\/div>\n<\/div>\n\n\n<div class=\"text-img text-img--left\">\n\t<div class=\"container\">\n\t\t<div class=\"row\">\n\t\t\t<div class=\"col-lg-12\">\n\t\t\t\t<div class=\"text-img__wrapper\">\n\t\t\t\t\t<h1><\/h1>\n\n                    <img loading=\"lazy\" decoding=\"async\" width=\"666\" height=\"375\" src=\"https:\/\/www.dallassymphony.org\/wp-content\/uploads\/2022\/02\/Duke-Ellington-1600x900-1-666x375.jpg\" class=\"d-xl-none d-block\" alt=\"Duke Ellington\" srcset=\"https:\/\/www.dallassymphony.org\/wp-content\/uploads\/2022\/02\/Duke-Ellington-1600x900-1-666x375.jpg 666w, https:\/\/www.dallassymphony.org\/wp-content\/uploads\/2022\/02\/Duke-Ellington-1600x900-1-300x169.jpg 300w, https:\/\/www.dallassymphony.org\/wp-content\/uploads\/2022\/02\/Duke-Ellington-1600x900-1-1024x576.jpg 1024w, https:\/\/www.dallassymphony.org\/wp-content\/uploads\/2022\/02\/Duke-Ellington-1600x900-1-768x432.jpg 768w, https:\/\/www.dallassymphony.org\/wp-content\/uploads\/2022\/02\/Duke-Ellington-1600x900-1-1536x864.jpg 1536w, https:\/\/www.dallassymphony.org\/wp-content\/uploads\/2022\/02\/Duke-Ellington-1600x900-1-18x10.jpg 18w, https:\/\/www.dallassymphony.org\/wp-content\/uploads\/2022\/02\/Duke-Ellington-1600x900-1-388x218.jpg 388w, https:\/\/www.dallassymphony.org\/wp-content\/uploads\/2022\/02\/Duke-Ellington-1600x900-1-540x303.jpg 540w, https:\/\/www.dallassymphony.org\/wp-content\/uploads\/2022\/02\/Duke-Ellington-1600x900-1-735x413.jpg 735w, https:\/\/www.dallassymphony.org\/wp-content\/uploads\/2022\/02\/Duke-Ellington-1600x900-1.jpg 1600w\" sizes=\"auto, (max-width: 666px) 100vw, 666px\" \/>\n\t\t\t\t\t<h5 id=\"h-dates\">FECHAS<\/h5>\n<p>Naci\u00f3 en Lincolnton, Carolina del Norte, el 29 de abril de 1899<br \/>\nFallecido en Nueva York, Nueva York, el 24 de mayo de 1974<\/p>\n<h5 id=\"h-nationality\">NACIONALIDAD<\/h5>\n<p>Americano<\/p>\n<h5 id=\"h-style-period\">ESTILO\/PERIODO<\/h5>\n<p>Moderno\/1920 - actual<\/p>\n<h5 id=\"h-famous-works\">OBRAS FAMOSAS<\/h5>\n<p>Caravan, Mood Indigo, It Don't Mean a Thing, Take the \"A\" Train<\/p>\n\n                    \n                <\/div>\n                <img loading=\"lazy\" decoding=\"async\" width=\"1600\" height=\"900\" src=\"https:\/\/www.dallassymphony.org\/wp-content\/uploads\/2022\/02\/Duke-Ellington-1600x900-1-1600x900.jpg\" class=\"d-none d-xl-block\" alt=\"Duke Ellington\" srcset=\"https:\/\/www.dallassymphony.org\/wp-content\/uploads\/2022\/02\/Duke-Ellington-1600x900-1.jpg 1600w, https:\/\/www.dallassymphony.org\/wp-content\/uploads\/2022\/02\/Duke-Ellington-1600x900-1-300x169.jpg 300w, https:\/\/www.dallassymphony.org\/wp-content\/uploads\/2022\/02\/Duke-Ellington-1600x900-1-1024x576.jpg 1024w, https:\/\/www.dallassymphony.org\/wp-content\/uploads\/2022\/02\/Duke-Ellington-1600x900-1-768x432.jpg 768w, https:\/\/www.dallassymphony.org\/wp-content\/uploads\/2022\/02\/Duke-Ellington-1600x900-1-1536x864.jpg 1536w, https:\/\/www.dallassymphony.org\/wp-content\/uploads\/2022\/02\/Duke-Ellington-1600x900-1-18x10.jpg 18w, https:\/\/www.dallassymphony.org\/wp-content\/uploads\/2022\/02\/Duke-Ellington-1600x900-1-388x218.jpg 388w, https:\/\/www.dallassymphony.org\/wp-content\/uploads\/2022\/02\/Duke-Ellington-1600x900-1-540x303.jpg 540w, https:\/\/www.dallassymphony.org\/wp-content\/uploads\/2022\/02\/Duke-Ellington-1600x900-1-666x375.jpg 666w, https:\/\/www.dallassymphony.org\/wp-content\/uploads\/2022\/02\/Duke-Ellington-1600x900-1-735x413.jpg 735w\" sizes=\"auto, (max-width: 1600px) 100vw, 1600px\" \/>\t\t\t<\/div>\n\t\t<\/div>\n\t<\/div>\n<\/div>\n\n\n<div class=\"richtext m-spacer\">\n\t<div class=\"container\">\n\t\t<div class=\"row\">\n\t\t\t<div class=\"col-10\">\n\t\t\t\t\n\n<div style=\"height:50px\" aria-hidden=\"true\" class=\"wp-block-spacer\"><\/div>\n\n\n\t\t\t<\/div>\n\t\t<\/div>\n\t<\/div>\n\n<\/div>\n\n\n<div class=\"richtext m-spacer\">\n\t<div class=\"container\">\n\t\t<div class=\"row\">\n\t\t\t<div class=\"col-10\">\n\t\t\t\t\n\n<hr class=\"wp-block-separator\"\/>\n\n\n\n<h3 class=\"wp-block-heading\" id=\"h-biography\">BIOGRAF\u00cdA<\/h3>\n\n\n\n<hr class=\"wp-block-separator\"\/>\n\n\n\n<p>El compositor, m\u00fasico y l\u00edder de una gran banda estadounidense Edward \"Duke\" Ellington (1899-1974) naci\u00f3 en Lincolnton, Carolina del Norte, el 29 de abril de 1899. Comenz\u00f3 a recibir clases de piano a los 7 a\u00f1os y empez\u00f3 a componer m\u00fasica de o\u00eddo en su adolescencia. Sigui\u00f3 recibiendo clases de piano y composici\u00f3n para mejorar sus habilidades musicales, y en 1917 lanz\u00f3 su carrera musical como int\u00e9rprete solista y l\u00edder de una gran banda. En la d\u00e9cada de 1930, Ellington lanz\u00f3 sus \u00e9xitos m\u00e1s famosos, como&nbsp;<em>Caravana<\/em>,&nbsp;<em>Mood Indigo<\/em>,&nbsp;<em>No significa nada<\/em>...y...&nbsp;<em>Tome el tren \"A\"<\/em>. Ellington fue nominado para el Premio Nobel de la Paz en 1965, recibi\u00f3 la Medalla Presidencial de la Libertad en 1969, el premio Grammy Lifetime Achievement Award en 1966 y es uno de los cinco m\u00fasicos de jazz que han aparecido en la portada de la revista Time.<\/p>\n\n\n\t\t\t<\/div>\n\t\t<\/div>\n\t<\/div>\n\n<\/div>","protected":false},"excerpt":{"rendered":"<p>El compositor, m\u00fasico y l\u00edder de una gran banda estadounidense Edward \"Duke\" Ellington (1899-1974) naci\u00f3 en Lincolnton, Carolina del Norte, el 29 de abril de 1899.<\/p>","protected":false},"author":16,"featured_media":7951,"parent":592,"menu_order":0,"comment_status":"closed","ping_status":"closed","template":"","meta":{"_acf_changed":false,"footnotes":""},"class_list":["post-7930","page","type-page","status-publish","has-post-thumbnail","hentry"],"acf":[],"_links":{"self":[{"href":"https:\/\/www.dallassymphony.org\/es\/wp-json\/wp\/v2\/pages\/7930","targetHints":{"allow":["GET"]}}],"collection":[{"href":"https:\/\/www.dallassymphony.org\/es\/wp-json\/wp\/v2\/pages"}],"about":[{"href":"https:\/\/www.dallassymphony.org\/es\/wp-json\/wp\/v2\/types\/page"}],"author":[{"embeddable":true,"href":"https:\/\/www.dallassymphony.org\/es\/wp-json\/wp\/v2\/users\/16"}],"replies":[{"embeddable":true,"href":"https:\/\/www.dallassymphony.org\/es\/wp-json\/wp\/v2\/comments?post=7930"}],"version-history":[{"count":0,"href":"https:\/\/www.dallassymphony.org\/es\/wp-json\/wp\/v2\/pages\/7930\/revisions"}],"up":[{"embeddable":true,"href":"https:\/\/www.dallassymphony.org\/es\/wp-json\/wp\/v2\/pages\/592"}],"wp:featuredmedia":[{"embeddable":true,"href":"https:\/\/www.dallassymphony.org\/es\/wp-json\/wp\/v2\/media\/7951"}],"wp:attachment":[{"href":"https:\/\/www.dallassymphony.org\/es\/wp-json\/wp\/v2\/media?parent=7930"}],"curies":[{"name":"wp","href":"https:\/\/api.w.org\/{rel}","templated":true}]}}