{"id":6856,"date":"2021-07-26T13:01:57","date_gmt":"2021-07-26T18:01:57","guid":{"rendered":"https:\/\/www.dallassymphony.org\/?page_id=6856"},"modified":"2021-09-17T16:31:13","modified_gmt":"2021-09-17T21:31:13","slug":"night-at-the-symphony","status":"publish","type":"page","link":"https:\/\/www.dallassymphony.org\/es\/support-volunteer\/night-at-the-symphony\/","title":{"rendered":"Noche en la Sinf\u00f3nica"},"content":{"rendered":"<div class=\"hero__no-img bg-blue-8\">\n\t<div class=\"container\">\n\t\t<div class=\"row\">\n\t\t\t<div class=\"col-md-10\">\n\n\t\t\t\t<ul class=\"breadcrumbs\">\n    \t<li class=\"breadcrumb__link\">\n\t\t<a class=\"a-hover\" href=\"https:\/\/www.dallassymphony.org\/es\/\">Inicio<\/a>\n\t<\/li>\n    \t<li class=\"breadcrumb__link a-styles\">\n\t\t<a class=\"a-hover\" href=\"https:\/\/www.dallassymphony.org\/es\/support-volunteer\/\">Apoyo y voluntariado\/participaci\u00f3n<\/a>\n\t<\/li>\n    <\/ul>\n\n                \t\t\t\t<h1>\n                    <span >Noche en la Sinf\u00f3nica<\/span>\n                <\/h1>\n                \t\t\t<\/div>\n\t\t<\/div>\n\t<\/div>\n<\/div>\n\n\n<div class=\"richtext m-spacer\">\n\t<div class=\"container\">\n\t\t<div class=\"row\">\n\t\t\t<div class=\"col-10\">\n\t\t\t\t\n\n<p>\u00a1Gracias por apoyar a la DSO! Disfrute de uno de los siguientes conciertos con un par de entradas de cortes\u00eda, estacionamiento gratuito y admisi\u00f3n para dos personas a la recepci\u00f3n de intermedio de Stradivarius Patron. Las entradas se pueden canjear utilizando el c\u00f3digo promocional que se encuentra en el reverso de su tarjeta de socio digital. <\/p>\n\n\n\n<p>Para obtener el aparcamiento gratuito, a\u00f1ada un pase de aparcamiento para el garaje de Hall Arts a su cesta como parte del proceso de compra. Este pase se convertir\u00e1 en gratuito cuando se llegue al \u00faltimo paso del proceso de compra.<\/p>\n\n\n\n<p>Por favor, muestre su tarjeta de miembro digital para ser admitido en la recepci\u00f3n del intermedio.<\/p>\n\n\n\t\t\t<\/div>\n\t\t<\/div>\n\t<\/div>\n\n<\/div>\n\n\n<div class=\"dso-event-list list-view m-spacer bg-gray-4 active\" data-view=\"list\">\n    <div class=\"day\">\n            <div class=\"calendar__event-list\">\n        <div class=\"container\">\n            <div class=\"row bg-white\">\n\n                <div class=\"col-md-4\">\n                                            <img loading=\"lazy\" decoding=\"async\" width=\"350\" height=\"226\" src=\"https:\/\/www.dallassymphony.org\/wp-content\/uploads\/2021\/03\/Gemma-New-Bartok-Beethoven-1600x900-1-350x226.jpg\" class=\"img-fluid w-100 wp-post-image\" alt=\"\" srcset=\"https:\/\/www.dallassymphony.org\/wp-content\/uploads\/2021\/03\/Gemma-New-Bartok-Beethoven-1600x900-1-350x226.jpg 350w, https:\/\/www.dallassymphony.org\/wp-content\/uploads\/2021\/03\/Gemma-New-Bartok-Beethoven-1600x900-1-16x9.jpg 16w\" sizes=\"auto, (max-width: 350px) 100vw, 350px\" \/>                                    <\/div>\n\n                <div class=\"col-md-8\">\n                    <div class=\"calendar__event-content\">\n                        <a href=\"https:\/\/www.dallassymphony.org\/es\/productions\/bartok-beethoven\/\" title=\"Bart\u00f3k y Beethoven\"><h3>Bart\u00f3k y Beethoven<\/h3><\/a>\n\n                                                <h4>18 de noviembre de 2021<\/h4>\n                        \n                        \n                        <p>Experimente la naturaleza y el amor a trav\u00e9s de la m\u00fasica durante este concierto. La sublime suite de Debussy utiliza el impresionismo musical para evocar el florecimiento gradual y el eventual nacimiento de la naturaleza en primavera. <\/p>\n\n                                                <a class=\"purchase__path button-hover\" href=\"https:\/\/secure.dallassymphony.org\/12455\/12456\" title=\"\" target=\"\">\n                            Reservar ahora                        <\/a>\n                                        <\/div>\n            <\/div>\n        <\/div>\n    <\/div>    <div class=\"calendar__event-list\">\n        <div class=\"container\">\n            <div class=\"row bg-white\">\n\n                <div class=\"col-md-4\">\n                                            <img loading=\"lazy\" decoding=\"async\" width=\"350\" height=\"226\" src=\"https:\/\/www.dallassymphony.org\/wp-content\/uploads\/2021\/04\/Cantus-Updated-1600x900-1-350x226.jpg\" class=\"img-fluid w-100 wp-post-image\" alt=\"Cantus\" \/>                                    <\/div>\n\n                <div class=\"col-md-8\">\n                    <div class=\"calendar__event-content\">\n                        <a href=\"https:\/\/www.dallassymphony.org\/es\/productions\/christmas-with-cantus\/\" title=\"Navidad con Cantus\"><h3>Navidad con Cantus<\/h3><\/a>\n\n                                                <h4>6 de diciembre de 2021<\/h4>\n                        \n                        \n                        <p>En un \"programa navide\u00f1o poderosamente po\u00e9tico\", el conjunto vocal masculino presenta villancicos conocidos junto a pasajes narrados de El a\u00f1o del \u00e1rbol de Navidad perfecto, \u00a1C\u00f3mo el Grinch rob\u00f3 la Navidad! y Dakota y el F\u00e9nix de la nieve.<\/p>\n\n                                                <a class=\"purchase__path button-hover\" href=\"https:\/\/secure.dallassymphony.org\/12664\/12665\" title=\"\" target=\"\">\n                            Reservar ahora                        <\/a>\n                                        <\/div>\n            <\/div>\n        <\/div>\n    <\/div>    <div class=\"calendar__event-list\">\n        <div class=\"container\">\n            <div class=\"row bg-white\">\n\n                <div class=\"col-md-4\">\n                                            <img loading=\"lazy\" decoding=\"async\" width=\"350\" height=\"226\" src=\"https:\/\/www.dallassymphony.org\/wp-content\/uploads\/2021\/03\/Daishin-Kashimoto-Tchaikovsky-Pathetique-1600x900-1-350x226.jpg\" class=\"img-fluid w-100 wp-post-image\" alt=\"\" srcset=\"https:\/\/www.dallassymphony.org\/wp-content\/uploads\/2021\/03\/Daishin-Kashimoto-Tchaikovsky-Pathetique-1600x900-1-350x226.jpg 350w, https:\/\/www.dallassymphony.org\/wp-content\/uploads\/2021\/03\/Daishin-Kashimoto-Tchaikovsky-Pathetique-1600x900-1-16x9.jpg 16w\" sizes=\"auto, (max-width: 350px) 100vw, 350px\" \/>                                    <\/div>\n\n                <div class=\"col-md-8\">\n                    <div class=\"calendar__event-content\">\n                        <a href=\"https:\/\/www.dallassymphony.org\/es\/?post_type=dso_prod_season&amp;p=5746\" title=\"Pat\u00e9tica de Tchaikovsky\"><h3>Pat\u00e9tica de Tchaikovsky<\/h3><\/a>\n\n                                                <h4>18 de febrero de 2022<\/h4>\n                        \n                        \n                        <p>Estrenada apenas cuatro d\u00edas antes de la prematura muerte de Tchaikovsky, su \u00faltima sinfon\u00eda fue bautizada como \"Pat\u00e9tica\" por la pasi\u00f3n, la emoci\u00f3n y el sufrimiento expresados, lo que sugiere la lucha de Tchaikovsky contra la intolerancia de la sociedad hacia la homosexualidad. Sin embargo, hay momentos tiernos y una musicalidad brillante, incluyendo un vals cantado que es inconfundiblemente Tchaikovsky.<\/p>\n\n                                                <a class=\"purchase__path button-hover\" href=\"https:\/\/secure.dallassymphony.org\/12481\/12483\" title=\"\" target=\"\">\n                            Reservar ahora                        <\/a>\n                                        <\/div>\n            <\/div>\n        <\/div>\n    <\/div>    <div class=\"calendar__event-list\">\n        <div class=\"container\">\n            <div class=\"row bg-white\">\n\n                <div class=\"col-md-4\">\n                                            <img loading=\"lazy\" decoding=\"async\" width=\"350\" height=\"226\" src=\"https:\/\/www.dallassymphony.org\/wp-content\/uploads\/2022\/03\/21.22_Tchaikovskys_Eugene.Onegin_Web.Graphics_1600x900_03.25.22-1-350x226.jpg\" class=\"img-fluid w-100 wp-post-image\" alt=\"Eugene Onegin de Tchaikovsky\" \/>                                    <\/div>\n\n                <div class=\"col-md-8\">\n                    <div class=\"calendar__event-content\">\n                        <a href=\"https:\/\/www.dallassymphony.org\/es\/productions\/tchaikovskys-eugene-onegin\/\" title=\"Eugene Onegin de Tchaikovsky\"><h3>Eugene Onegin de Tchaikovsky<\/h3><\/a>\n\n                                                <h4>5 de abril de 2022<\/h4>\n                        \n                        \n                        <p>Disfrute de la maestr\u00eda oper\u00edstica de Fabio Luisi y de un elenco estelar de solistas cuidadosamente seleccionados en Eugene Onegin de Tchaikovsky, una \u00f3pera l\u00edrica rusa llena de melod\u00edas festivas, un vals contagioso, arias llenas de pasi\u00f3n, una orquestaci\u00f3n de lujo e incluso un dram\u00e1tico duelo a pistola. <\/p>\n\n                                                <a class=\"purchase__path button-hover\" href=\"https:\/\/secure.dallassymphony.org\/12496\/12499\" title=\"\" target=\"\">\n                            Reservar ahora                        <\/a>\n                                        <\/div>\n            <\/div>\n        <\/div>\n    <\/div>    <\/div>\n<\/div>\n\n\n<div class=\"richtext m-spacer\">\n\t<div class=\"container\">\n\t\t<div class=\"row\">\n\t\t\t<div class=\"col-10\">\n\t\t\t\t\n\n<p>Si tiene preguntas o dudas, p\u00f3ngase en contacto con Alex Small, Coordinador de Desarrollo, en <a href=\"mailto:asmall@dalsym.com\">a.small@dalsym.com<\/a> o 214.871.4077.<\/p>\n\n\n\t\t\t<\/div>\n\t\t<\/div>\n\t<\/div>\n\n<\/div>","protected":false},"excerpt":{"rendered":"<p>Gracias por apoyar a la DSO.<\/p>","protected":false},"author":16,"featured_media":5451,"parent":630,"menu_order":0,"comment_status":"closed","ping_status":"closed","template":"","meta":{"_acf_changed":false,"footnotes":""},"class_list":["post-6856","page","type-page","status-publish","has-post-thumbnail","hentry"],"acf":[],"_links":{"self":[{"href":"https:\/\/www.dallassymphony.org\/es\/wp-json\/wp\/v2\/pages\/6856","targetHints":{"allow":["GET"]}}],"collection":[{"href":"https:\/\/www.dallassymphony.org\/es\/wp-json\/wp\/v2\/pages"}],"about":[{"href":"https:\/\/www.dallassymphony.org\/es\/wp-json\/wp\/v2\/types\/page"}],"author":[{"embeddable":true,"href":"https:\/\/www.dallassymphony.org\/es\/wp-json\/wp\/v2\/users\/16"}],"replies":[{"embeddable":true,"href":"https:\/\/www.dallassymphony.org\/es\/wp-json\/wp\/v2\/comments?post=6856"}],"version-history":[{"count":0,"href":"https:\/\/www.dallassymphony.org\/es\/wp-json\/wp\/v2\/pages\/6856\/revisions"}],"up":[{"embeddable":true,"href":"https:\/\/www.dallassymphony.org\/es\/wp-json\/wp\/v2\/pages\/630"}],"wp:featuredmedia":[{"embeddable":true,"href":"https:\/\/www.dallassymphony.org\/es\/wp-json\/wp\/v2\/media\/5451"}],"wp:attachment":[{"href":"https:\/\/www.dallassymphony.org\/es\/wp-json\/wp\/v2\/media?parent=6856"}],"curies":[{"name":"wp","href":"https:\/\/api.w.org\/{rel}","templated":true}]}}