{"id":670,"date":"2020-11-07T12:29:26","date_gmt":"2020-11-07T18:29:26","guid":{"rendered":"https:\/\/www.dallassymphony.org\/?page_id=670"},"modified":"2026-03-02T15:09:02","modified_gmt":"2026-03-02T21:09:02","slug":"auditions","status":"publish","type":"page","link":"https:\/\/www.dallassymphony.org\/es\/about-the-dso\/careers\/auditions\/","title":{"rendered":"Audiciones"},"content":{"rendered":"<div class=\"hero__no-img bg-blue-8\">\n\t<div class=\"container\">\n\t\t<div class=\"row\">\n\t\t\t<div class=\"col-md-10\">\n\n\t\t\t\t<ul class=\"breadcrumbs\">\n    \t<li class=\"breadcrumb__link\">\n\t\t<a class=\"a-hover\" href=\"https:\/\/www.dallassymphony.org\/es\/\">Inicio<\/a>\n\t<\/li>\n    \t<li class=\"breadcrumb__link a-styles\">\n\t\t<a class=\"a-hover\" href=\"https:\/\/www.dallassymphony.org\/es\/about-the-dso\/\">Sobre el DSO<\/a>\n\t<\/li>\n    \t<li class=\"breadcrumb__link a-styles\">\n\t\t<a class=\"a-hover\" href=\"https:\/\/www.dallassymphony.org\/es\/about-the-dso\/careers\/\">Carreras y audiciones<\/a>\n\t<\/li>\n    <\/ul>\n\n                \t\t\t\t<h1>\n                    <span >Audiciones<\/span>\n                <\/h1>\n                \t\t\t<\/div>\n\t\t<\/div>\n\t<\/div>\n<\/div>\n\n\n<div class=\"richtext m-spacer\">\n\t<div class=\"container\">\n\t\t<div class=\"row\">\n\t\t\t<div class=\"col-10\">\n\t\t\t\t\n\n<p>La Orquesta Sinf\u00f3nica de Dallas es una de las principales orquestas de Estados Unidos. Al igual que la magn\u00edfica m\u00fasica producida por la Orquesta Sinf\u00f3nica de Dallas es el resultado de arreglos complementarios de diversos instrumentos, creemos que la mezcla de diversos individuos puede producir los mismos resultados armoniosos. La diversidad aporta una profundidad y una riqueza a la organizaci\u00f3n que de otro modo ser\u00eda inalcanzable.<\/p>\n\n\n\n<p>Si tiene preguntas, env\u00ede un correo electr\u00f3nico a <a href=\"mailto:auditions@dalsym.com\">auditions@dalsym.com<\/a>.<\/p>\n\n\n\t\t\t<\/div>\n\t\t<\/div>\n\t<\/div>\n\n<\/div>\n\n\n<div class=\"dso__accordion m-spacer\">\n    <div class=\"container\">\n        <div class=\"row\">\n            <div class=\"col-lg-12\">\n                <div class=\"accordion__intro-wrapper\">\n                    <h1>La Orquesta Sinf\u00f3nica de Dallas anuncia vacantes para:<\/h1>\n                    <p><\/p>\n                <\/div>\n            <\/div>\n        <\/div>\n\t\t<div class=\"row\">\n\t\t\t<div class=\"col-md-10 offset-md-1\">\n\t\t\t\t<div class=\"accordion\" id=\"accordion-d41d8cd98f00b204e9800998ecf8427e\">\n\t\t\t\t\t<div class=\"card\">\n\t<button id=\"heading4d3a6c0738bc633c4eea269c47cdf459\" class=\"dso__accordion-toggle\" type=\"button\" data-toggle=\"collapse\" data-target=\"#collapse4d3a6c0738bc633c4eea269c47cdf459\" aria-expanded=\"false\" aria-controls=\"collapse4d3a6c0738bc633c4eea269c47cdf459\">\n\t\tSubdirector\/Trompa utilitaria\t\t<span class=\"plus-sign\">\n            <svg xmlns=\"http:\/\/www.w3.org\/2000\/svg\" width=\"25\" height=\"25\" viewbox=\"0 0 25 25\">\n                <g transform=\"translate(211.054 -145.186) rotate(135)\"><rect width=\"25\" height=\"3\" transform=\"translate(242.001 36.678) rotate(-45)\"\/><rect width=\"25\" height=\"3\" transform=\"translate(244.12 19) rotate(45)\"\/><\/g>\n            <\/svg>\n        <\/span>\n\t<\/button>\n\n\t<div id=\"collapse4d3a6c0738bc633c4eea269c47cdf459\" class=\"collapse\" aria-labelledby=\"heading4d3a6c0738bc633c4eea269c47cdf459\" data-parent=\"#accordion-d41d8cd98f00b204e9800998ecf8427e\">\n\t\t<div class=\"card-body\">\n\t\t\t<p><strong>Se celebrar\u00e1n audiciones:<br \/>\n<\/strong>Lunes, 6 de abril de 2026 (Preliminares\/Semifinales)<br \/>\nMartes, 7 de abril de 2026 (Preliminares\/Semifinales)<br \/>\nLunes 27 de abril de 2026 (Finales)<\/p>\n<p>Env\u00ede su solicitud antes del <strong>Domingo, 1 de marzo de 2026 <\/strong>en el siguiente enlace:<\/p>\n<p><a href=\"https:\/\/dsopersonnel.wufoo.com\/forms\/m138p1x70uikas4\/\" target=\"_blank\" rel=\"noopener\">Solicitud de audici\u00f3n para la Orquesta Sinf\u00f3nica de Dallas<\/a><\/p>\n\t\t<\/div>\n\t<\/div>\n<\/div><div class=\"card\">\n\t<button id=\"heading7f2e214643d31d34b253696e322fe4aa\" class=\"dso__accordion-toggle\" type=\"button\" data-toggle=\"collapse\" data-target=\"#collapse7f2e214643d31d34b253696e322fe4aa\" aria-expanded=\"false\" aria-controls=\"collapse7f2e214643d31d34b253696e322fe4aa\">\n\t\tBibliotecario principal\t\t<span class=\"plus-sign\">\n            <svg xmlns=\"http:\/\/www.w3.org\/2000\/svg\" width=\"25\" height=\"25\" viewbox=\"0 0 25 25\">\n                <g transform=\"translate(211.054 -145.186) rotate(135)\"><rect width=\"25\" height=\"3\" transform=\"translate(242.001 36.678) rotate(-45)\"\/><rect width=\"25\" height=\"3\" transform=\"translate(244.12 19) rotate(45)\"\/><\/g>\n            <\/svg>\n        <\/span>\n\t<\/button>\n\n\t<div id=\"collapse7f2e214643d31d34b253696e322fe4aa\" class=\"collapse\" aria-labelledby=\"heading7f2e214643d31d34b253696e322fe4aa\" data-parent=\"#accordion-d41d8cd98f00b204e9800998ecf8427e\">\n\t\t<div class=\"card-body\">\n\t\t\t<p><strong>Se celebrar\u00e1n audiciones:<br \/>\n<\/strong>Mayo de 2026<\/p>\n<p>Env\u00ede su solicitud antes del <strong>Lunes, 30 de marzo de 2026 <\/strong>en el siguiente enlace:<\/p>\n<p><a href=\"https:\/\/dsopersonnel.wufoo.com\/forms\/m138p1x70uikas4\/\" target=\"_blank\" rel=\"noopener\">Solicitud de audici\u00f3n para la Orquesta Sinf\u00f3nica de Dallas<\/a><\/p>\n\t\t<\/div>\n\t<\/div>\n<\/div>\t\t\t\t<\/div>\n\t\t\t<\/div>\n\t\t<\/div>\n\t<\/div>\n<\/div>\n\n\n<div class=\"text-img text-img--left\">\n\t<div class=\"container\">\n\t\t<div class=\"row\">\n\t\t\t<div class=\"col-lg-12\">\n\t\t\t\t<div class=\"text-img__wrapper\">\n\t\t\t\t\t<h1>Beca de diversidad de la Orquesta Sinf\u00f3nica de Dallas<\/h1>\n\n                    <img loading=\"lazy\" decoding=\"async\" width=\"666\" height=\"375\" src=\"https:\/\/www.dallassymphony.org\/wp-content\/uploads\/2020\/11\/Orchestra-Seating-Chart.jpg-666x375.jpg\" class=\"d-xl-none d-block\" alt=\"orquesta completa de meyerson en el escenario\" srcset=\"https:\/\/www.dallassymphony.org\/wp-content\/uploads\/2020\/11\/Orchestra-Seating-Chart.jpg-666x375.jpg 666w, https:\/\/www.dallassymphony.org\/wp-content\/uploads\/2020\/11\/Orchestra-Seating-Chart.jpg-388x218.jpg 388w, https:\/\/www.dallassymphony.org\/wp-content\/uploads\/2020\/11\/Orchestra-Seating-Chart.jpg-540x303.jpg 540w, https:\/\/www.dallassymphony.org\/wp-content\/uploads\/2020\/11\/Orchestra-Seating-Chart.jpg-735x413.jpg 735w, https:\/\/www.dallassymphony.org\/wp-content\/uploads\/2020\/11\/Orchestra-Seating-Chart.jpg-768x432.jpg 768w, https:\/\/www.dallassymphony.org\/wp-content\/uploads\/2020\/11\/Orchestra-Seating-Chart.jpg-1600x900.jpg 1600w\" sizes=\"auto, (max-width: 666px) 100vw, 666px\" \/>\n\t\t\t\t\t<p>La Beca de Diversidad de la DSO es un programa de formaci\u00f3n preprofesional para m\u00fasicos sinf\u00f3nicos dotados que inician su carrera y que representan a poblaciones hist\u00f3ricamente subrepresentadas. En esencia, este programa se centra en nutrir y enriquecer el desarrollo profesional de los becarios y en preparar a estos m\u00fasicos para competir y, en \u00faltima instancia, conseguir puestos en las principales orquestas profesionales.<\/p>\n\n                    \t\t\t\t\t<a class=\"a-hover\" href=\"https:\/\/www.dallassymphony.org\/es\/equity-diversity-inclusion-social-impact\/dallas-symphony-orchestra-diversity-fellowship\/\">Aprende m\u00e1s<\/a>\n                    \n                <\/div>\n                <img loading=\"lazy\" decoding=\"async\" width=\"1600\" height=\"900\" src=\"https:\/\/www.dallassymphony.org\/wp-content\/uploads\/2020\/11\/Orchestra-Seating-Chart.jpg-1600x900.jpg\" class=\"d-none d-xl-block\" alt=\"orquesta completa de meyerson en el escenario\" srcset=\"https:\/\/www.dallassymphony.org\/wp-content\/uploads\/2020\/11\/Orchestra-Seating-Chart.jpg-1600x900.jpg 1600w, https:\/\/www.dallassymphony.org\/wp-content\/uploads\/2020\/11\/Orchestra-Seating-Chart.jpg-388x218.jpg 388w, https:\/\/www.dallassymphony.org\/wp-content\/uploads\/2020\/11\/Orchestra-Seating-Chart.jpg-540x303.jpg 540w, https:\/\/www.dallassymphony.org\/wp-content\/uploads\/2020\/11\/Orchestra-Seating-Chart.jpg-666x375.jpg 666w, https:\/\/www.dallassymphony.org\/wp-content\/uploads\/2020\/11\/Orchestra-Seating-Chart.jpg-735x413.jpg 735w, https:\/\/www.dallassymphony.org\/wp-content\/uploads\/2020\/11\/Orchestra-Seating-Chart.jpg-768x432.jpg 768w\" sizes=\"auto, (max-width: 1600px) 100vw, 1600px\" \/>\t\t\t<\/div>\n\t\t<\/div>\n\t<\/div>\n<\/div>\n\n\n<div class=\"richtext m-spacer\">\n\t<div class=\"container\">\n\t\t<div class=\"row\">\n\t\t\t<div class=\"col-10\">\n\t\t\t\t\n\n<hr class=\"wp-block-separator has-css-opacity\"\/>\n\n\n\n<p>El comit\u00e9 de audiciones de la Orquesta Sinf\u00f3nica de Dallas se reserva el derecho de despedir inmediatamente a cualquier candidato que no cumpla con los m\u00e1s altos est\u00e1ndares profesionales.<\/p>\n\n\n\n<p><em>El empleo comenzar\u00e1 tras el acuerdo mutuo entre la Asociaci\u00f3n Sinf\u00f3nica de Dallas y el candidato ganador<\/em>.<\/p>\n\n\n\n<hr class=\"wp-block-separator has-css-opacity\"\/>\n\n\n\n<h6 class=\"wp-block-heading has-text-align-center\" id=\"h-the-dallas-symphony-is-an-equal-opportunity-employer-and-a-proud-partner-orchestra-of-the-national-alliance-for-audition-support-naas\">La Sinf\u00f3nica de Dallas es un empleador con igualdad de oportunidades y una orquesta asociada a la Alianza Nacional de Apoyo a las Audiciones (NAAS)<\/h6>\n\n\n<div class=\"wp-block-image is-resized\">\n<figure class=\"aligncenter size-medium\"><img loading=\"lazy\" decoding=\"async\" width=\"300\" height=\"281\" src=\"https:\/\/www.dallassymphony.org\/wp-content\/uploads\/2021\/05\/NAAS_proud-partner-1-300x281.png\" alt=\"\" class=\"wp-image-6351\" style=\"aspect-ratio:1.0676156583629892;width:210px;height:auto\" srcset=\"https:\/\/www.dallassymphony.org\/wp-content\/uploads\/2021\/05\/NAAS_proud-partner-1-300x281.png 300w, https:\/\/www.dallassymphony.org\/wp-content\/uploads\/2021\/05\/NAAS_proud-partner-1-768x719.png 768w, https:\/\/www.dallassymphony.org\/wp-content\/uploads\/2021\/05\/NAAS_proud-partner-1-13x12.png 13w, https:\/\/www.dallassymphony.org\/wp-content\/uploads\/2021\/05\/NAAS_proud-partner-1.png 777w\" sizes=\"auto, (max-width: 300px) 100vw, 300px\" \/><\/figure>\n<\/div>\n\n\n<hr class=\"wp-block-separator has-alpha-channel-opacity\"\/>\n\n\n<div class=\"wp-block-image is-resized\">\n<figure class=\"aligncenter size-full\"><a href=\"https:\/\/www.boulangerinitiative.org\/redefining-the-canon-about\" target=\"_blank\" rel=\"noopener\"><img loading=\"lazy\" decoding=\"async\" width=\"963\" height=\"352\" src=\"https:\/\/www.dallassymphony.org\/wp-content\/uploads\/2022\/10\/Boulanger-Initiative-Logo-Horizontal-Black.png\" alt=\"\" class=\"wp-image-10094\" style=\"aspect-ratio:2.7357954545454546;width:364px;height:auto\" srcset=\"https:\/\/www.dallassymphony.org\/wp-content\/uploads\/2022\/10\/Boulanger-Initiative-Logo-Horizontal-Black.png 963w, https:\/\/www.dallassymphony.org\/wp-content\/uploads\/2022\/10\/Boulanger-Initiative-Logo-Horizontal-Black-300x110.png 300w, https:\/\/www.dallassymphony.org\/wp-content\/uploads\/2022\/10\/Boulanger-Initiative-Logo-Horizontal-Black-768x281.png 768w, https:\/\/www.dallassymphony.org\/wp-content\/uploads\/2022\/10\/Boulanger-Initiative-Logo-Horizontal-Black-18x7.png 18w\" sizes=\"auto, (max-width: 963px) 100vw, 963px\" \/><\/a><\/figure>\n<\/div>\n\n\n<div style=\"height:50px\" aria-hidden=\"true\" class=\"wp-block-spacer\"><\/div>\n\n\n\n<blockquote class=\"wp-block-quote is-layout-flow wp-block-quote-is-layout-flow\">\n<p><strong>TENGA EN CUENTA: <\/strong>Debido al aumento de las estafas en l\u00ednea y el robo de identidad, tenga en cuenta que si es seleccionado para una audici\u00f3n, el departamento de personal de la Orquesta Sinf\u00f3nica de Dallas se pondr\u00e1 en contacto con usted directamente por tel\u00e9fono. La Orquesta Sinf\u00f3nica de Dallas no se comunica con los candidatos utilizando servicios de chat y no har\u00e1 una oferta de trabajo leg\u00edtima a los candidatos en un foro en l\u00ednea. &nbsp;<\/p>\n<\/blockquote>\n\n\n\t\t\t<\/div>\n\t\t<\/div>\n\t<\/div>\n\n<\/div>","protected":false},"excerpt":{"rendered":"<p>Si te apasionan las artes y quieres formar parte de una sinfon\u00eda de clase mundial, ya sea entre bastidores o en el escenario, \u00a1considera unirte a nosotros!<\/p>","protected":false},"author":3,"featured_media":15110,"parent":291,"menu_order":0,"comment_status":"closed","ping_status":"closed","template":"","meta":{"_acf_changed":false,"footnotes":""},"class_list":["post-670","page","type-page","status-publish","has-post-thumbnail","hentry"],"acf":[],"_links":{"self":[{"href":"https:\/\/www.dallassymphony.org\/es\/wp-json\/wp\/v2\/pages\/670","targetHints":{"allow":["GET"]}}],"collection":[{"href":"https:\/\/www.dallassymphony.org\/es\/wp-json\/wp\/v2\/pages"}],"about":[{"href":"https:\/\/www.dallassymphony.org\/es\/wp-json\/wp\/v2\/types\/page"}],"author":[{"embeddable":true,"href":"https:\/\/www.dallassymphony.org\/es\/wp-json\/wp\/v2\/users\/3"}],"replies":[{"embeddable":true,"href":"https:\/\/www.dallassymphony.org\/es\/wp-json\/wp\/v2\/comments?post=670"}],"version-history":[{"count":0,"href":"https:\/\/www.dallassymphony.org\/es\/wp-json\/wp\/v2\/pages\/670\/revisions"}],"up":[{"embeddable":true,"href":"https:\/\/www.dallassymphony.org\/es\/wp-json\/wp\/v2\/pages\/291"}],"wp:featuredmedia":[{"embeddable":true,"href":"https:\/\/www.dallassymphony.org\/es\/wp-json\/wp\/v2\/media\/15110"}],"wp:attachment":[{"href":"https:\/\/www.dallassymphony.org\/es\/wp-json\/wp\/v2\/media?parent=670"}],"curies":[{"name":"wp","href":"https:\/\/api.w.org\/{rel}","templated":true}]}}