{"id":665,"date":"2020-11-07T12:25:32","date_gmt":"2020-11-07T17:25:32","guid":{"rendered":"https:\/\/www.dallassymphony.org\/?page_id=665"},"modified":"2026-02-16T15:01:22","modified_gmt":"2026-02-16T21:01:22","slug":"dallas-symphony-guild","status":"publish","type":"page","link":"https:\/\/www.dallassymphony.org\/es\/support-volunteer\/volunteer\/dallas-symphony-guild\/","title":{"rendered":"El Gremio de la Orquesta Sinf\u00f3nica de Dallas"},"content":{"rendered":"<div\n\tclass=\"subpage__hero bg-black\">\n\n\t<div class=\"img__wrapper d-none d-lg-block\" style=\"background: url(https:\/\/www.dallassymphony.org\/wp-content\/uploads\/2020\/12\/Guild-1600-x-1076.jpg) top right\/cover no-repeat\"><\/div>\n\n\n\t<div class=\"content__wrapper\">\n\n\t\t<ul class=\"breadcrumbs text-white\">\n\t\t\t<ul class=\"breadcrumbs\">\n    \t<li class=\"breadcrumb__link\">\n\t\t<a class=\"a-hover\" href=\"https:\/\/www.dallassymphony.org\/es\/\">Inicio<\/a>\n\t<\/li>\n    \t<li class=\"breadcrumb__link a-styles\">\n\t\t<a class=\"a-hover\" href=\"https:\/\/www.dallassymphony.org\/es\/support-volunteer\/\">Apoyo y voluntariado\/participaci\u00f3n<\/a>\n\t<\/li>\n    \t<li class=\"breadcrumb__link a-styles\">\n\t\t<a class=\"a-hover\" href=\"https:\/\/www.dallassymphony.org\/es\/support-volunteer\/volunteer\/\">Voluntario<\/a>\n\t<\/li>\n    <\/ul>\n\t\t<\/ul>\n\n\t\t<h1 class=\"text-white\">El Gremio de la Orquesta Sinf\u00f3nica de Dallas<\/h1>\n\n\t\t<img loading=\"lazy\" decoding=\"async\" width=\"1600\" height=\"1076\" src=\"https:\/\/www.dallassymphony.org\/wp-content\/uploads\/2020\/12\/Guild-1600-x-1076.jpg\" class=\"d-block d-lg-none w-100\" alt=\"Seis miembros del Gremio de la Sinfon\u00eda de Dallas\" srcset=\"https:\/\/www.dallassymphony.org\/wp-content\/uploads\/2020\/12\/Guild-1600-x-1076.jpg 1600w, https:\/\/www.dallassymphony.org\/wp-content\/uploads\/2020\/12\/Guild-1600-x-1076-300x202.jpg 300w, https:\/\/www.dallassymphony.org\/wp-content\/uploads\/2020\/12\/Guild-1600-x-1076-1024x689.jpg 1024w, https:\/\/www.dallassymphony.org\/wp-content\/uploads\/2020\/12\/Guild-1600-x-1076-768x516.jpg 768w, https:\/\/www.dallassymphony.org\/wp-content\/uploads\/2020\/12\/Guild-1600-x-1076-1536x1033.jpg 1536w, https:\/\/www.dallassymphony.org\/wp-content\/uploads\/2020\/12\/Guild-1600-x-1076-16x12.jpg 16w, https:\/\/www.dallassymphony.org\/wp-content\/uploads\/2020\/12\/Guild-1600-x-1076-350x234.jpg 350w\" sizes=\"auto, (max-width: 1600px) 100vw, 1600px\" \/>\n\t\t<div class=\"text-blue-3 sans__reg-18\"><p>Las membres\u00edas est\u00e1n compuestas por una serie de programas de almuerzo y noche o los miembros pueden elegir la opci\u00f3n A La Carte para seleccionar los programas individuales a los que asistir.<\/p>\n<\/div>\n\n                <a href=\"\" class=\"a-hover text-white\"><\/a>\n        \t<\/div>\n<\/div>\n\n<div class=\"text-img text-img--right\">\n\t<div class=\"container\">\n\t\t<div class=\"row\">\n\t\t\t<div class=\"col-lg-12\">\n\t\t\t\t<div class=\"text-img__wrapper\">\n\t\t\t\t\t<h1>Gala de la Asociaci\u00f3n de Orquestas Sinf\u00f3nicas \u2013 Cuerdas en armon\u00eda<\/h1>\n\n                    <img loading=\"lazy\" decoding=\"async\" width=\"400\" height=\"375\" src=\"https:\/\/www.dallassymphony.org\/wp-content\/uploads\/2026\/02\/Guild-Gala-ri56foem0i6i71dfhy18ur8s992coc5xkroxfnbusg-400x375.jpg\" class=\"d-xl-none d-block\" alt=\"\" srcset=\"https:\/\/www.dallassymphony.org\/wp-content\/uploads\/2026\/02\/Guild-Gala-ri56foem0i6i71dfhy18ur8s992coc5xkroxfnbusg-400x375.jpg 400w, https:\/\/www.dallassymphony.org\/wp-content\/uploads\/2026\/02\/Guild-Gala-ri56foem0i6i71dfhy18ur8s992coc5xkroxfnbusg-12x12.jpg 12w\" sizes=\"auto, (max-width: 400px) 100vw, 400px\" \/>\n\t\t\t\t\t<p>Con el violonchelista Jan Vogler y el violinista Chad Hoopes<\/p>\n<p>Viernes, 6 de marzo de 2026<br \/>\nEl Fairmont Dallas<br \/>\n1717 N Akard St, Dallas, TX 75201<\/p>\n<p>6:30 p. m. Recepci\u00f3n<br \/>\n7:30 p. m. Concierto<br \/>\n8:00 p. m. Cena sentada<\/p>\n<p>Vestimenta de c\u00f3ctel<\/p>\n<p><a href=\"https:\/\/www.dso-guild.org\/2025-26-gala-sponsorships-and-tickets\/\" target=\"_blank\" rel=\"noopener\">Aprende m\u00e1s.<\/a><\/p>\n\n                    \t\t\t\t\t<a class=\"a-hover\" href=\"\" >Aprende m\u00e1s.<\/a>\n                    \n                <\/div>\n                <img loading=\"lazy\" decoding=\"async\" width=\"400\" height=\"400\" src=\"https:\/\/www.dallassymphony.org\/wp-content\/uploads\/2026\/02\/Guild-Gala-ri56foem0i6i71dfhy18ur8s992coc5xkroxfnbusg.jpg\" class=\"d-none d-xl-block ml-auto\" alt=\"\" srcset=\"https:\/\/www.dallassymphony.org\/wp-content\/uploads\/2026\/02\/Guild-Gala-ri56foem0i6i71dfhy18ur8s992coc5xkroxfnbusg.jpg 400w, https:\/\/www.dallassymphony.org\/wp-content\/uploads\/2026\/02\/Guild-Gala-ri56foem0i6i71dfhy18ur8s992coc5xkroxfnbusg-300x300.jpg 300w, https:\/\/www.dallassymphony.org\/wp-content\/uploads\/2026\/02\/Guild-Gala-ri56foem0i6i71dfhy18ur8s992coc5xkroxfnbusg-150x150.jpg 150w, https:\/\/www.dallassymphony.org\/wp-content\/uploads\/2026\/02\/Guild-Gala-ri56foem0i6i71dfhy18ur8s992coc5xkroxfnbusg-12x12.jpg 12w, https:\/\/www.dallassymphony.org\/wp-content\/uploads\/2026\/02\/Guild-Gala-ri56foem0i6i71dfhy18ur8s992coc5xkroxfnbusg-262x262.jpg 262w, https:\/\/www.dallassymphony.org\/wp-content\/uploads\/2026\/02\/Guild-Gala-ri56foem0i6i71dfhy18ur8s992coc5xkroxfnbusg-350x350.jpg 350w\" sizes=\"auto, (max-width: 400px) 100vw, 400px\" \/>\t\t\t<\/div>\n\t\t<\/div>\n\t<\/div>\n<\/div>\n\n\n<div class=\"text-img text-img--left\">\n\t<div class=\"container\">\n\t\t<div class=\"row\">\n\t\t\t<div class=\"col-lg-12\">\n\t\t\t\t<div class=\"text-img__wrapper\">\n\t\t\t\t\t<h1>\u00danete al gremio de la DSO<\/h1>\n\n                    <img loading=\"lazy\" decoding=\"async\" width=\"666\" height=\"375\" src=\"https:\/\/www.dallassymphony.org\/wp-content\/uploads\/2020\/12\/Reception-East-Loge-1600-x-1076-666x375.jpg\" class=\"d-xl-none d-block\" alt=\"Recepci\u00f3n de clientes en el DSO East Loge\" srcset=\"https:\/\/www.dallassymphony.org\/wp-content\/uploads\/2020\/12\/Reception-East-Loge-1600-x-1076-666x375.jpg 666w, https:\/\/www.dallassymphony.org\/wp-content\/uploads\/2020\/12\/Reception-East-Loge-1600-x-1076-388x218.jpg 388w, https:\/\/www.dallassymphony.org\/wp-content\/uploads\/2020\/12\/Reception-East-Loge-1600-x-1076-540x303.jpg 540w, https:\/\/www.dallassymphony.org\/wp-content\/uploads\/2020\/12\/Reception-East-Loge-1600-x-1076-735x413.jpg 735w, https:\/\/www.dallassymphony.org\/wp-content\/uploads\/2020\/12\/Reception-East-Loge-1600-x-1076-768x432.jpg 768w, https:\/\/www.dallassymphony.org\/wp-content\/uploads\/2020\/12\/Reception-East-Loge-1600-x-1076-1600x900.jpg 1600w\" sizes=\"auto, (max-width: 666px) 100vw, 666px\" \/>\n\t\t\t\t\t<p>Somos un grupo de amantes de la m\u00fasica cl\u00e1sica que se dedica a profundizar nuestro conocimiento y apreciaci\u00f3n de la m\u00fasica cl\u00e1sica. Ese es nuestro v\u00ednculo. Compartir la m\u00fasica que amamos con los amigos hace que sea una experiencia m\u00e1s significativa.<\/p>\n\n                    \t\t\t\t\t<a class=\"a-hover\" href=\"http:\/\/DSO-Guild.org\" target=\"_blank\" rel=\"noopener\">Aprende m\u00e1s.<\/a>\n                    \n                <\/div>\n                <img loading=\"lazy\" decoding=\"async\" width=\"1600\" height=\"900\" src=\"https:\/\/www.dallassymphony.org\/wp-content\/uploads\/2020\/12\/Reception-East-Loge-1600-x-1076-1600x900.jpg\" class=\"d-none d-xl-block\" alt=\"Recepci\u00f3n de clientes en el DSO East Loge\" srcset=\"https:\/\/www.dallassymphony.org\/wp-content\/uploads\/2020\/12\/Reception-East-Loge-1600-x-1076-1600x900.jpg 1600w, https:\/\/www.dallassymphony.org\/wp-content\/uploads\/2020\/12\/Reception-East-Loge-1600-x-1076-388x218.jpg 388w, https:\/\/www.dallassymphony.org\/wp-content\/uploads\/2020\/12\/Reception-East-Loge-1600-x-1076-540x303.jpg 540w, https:\/\/www.dallassymphony.org\/wp-content\/uploads\/2020\/12\/Reception-East-Loge-1600-x-1076-666x375.jpg 666w, https:\/\/www.dallassymphony.org\/wp-content\/uploads\/2020\/12\/Reception-East-Loge-1600-x-1076-735x413.jpg 735w, https:\/\/www.dallassymphony.org\/wp-content\/uploads\/2020\/12\/Reception-East-Loge-1600-x-1076-768x432.jpg 768w\" sizes=\"auto, (max-width: 1600px) 100vw, 1600px\" \/>\t\t\t<\/div>\n\t\t<\/div>\n\t<\/div>\n<\/div>\n\n\n<div class=\"richtext m-spacer\">\n\t<div class=\"container\">\n\t\t<div class=\"row\">\n\t\t\t<div class=\"col-10\">\n\t\t\t\t\n\t\t\t<\/div>\n\t\t<\/div>\n\t<\/div>\n\n<\/div>\n\n\n<div class=\"dso__accordion m-spacer\">\n    <div class=\"container\">\n        <div class=\"row\">\n            <div class=\"col-lg-12\">\n                <div class=\"accordion__intro-wrapper\">\n                    <h1>Programas<\/h1>\n                    <p><\/p>\n                <\/div>\n            <\/div>\n        <\/div>\n\t\t<div class=\"row\">\n\t\t\t<div class=\"col-md-10 offset-md-1\">\n\t\t\t\t<div class=\"accordion\" id=\"accordion-d41d8cd98f00b204e9800998ecf8427e\">\n\t\t\t\t\t<div class=\"card\">\n\t<button id=\"headinga8de306b08a1dcdb9bb0dd1970461c96\" class=\"dso__accordion-toggle\" type=\"button\" data-toggle=\"collapse\" data-target=\"#collapsea8de306b08a1dcdb9bb0dd1970461c96\" aria-expanded=\"false\" aria-controls=\"collapsea8de306b08a1dcdb9bb0dd1970461c96\">\n\t\tProgramas de almuerzos del gremio\t\t<span class=\"plus-sign\">\n            <svg xmlns=\"http:\/\/www.w3.org\/2000\/svg\" width=\"25\" height=\"25\" viewbox=\"0 0 25 25\">\n                <g transform=\"translate(211.054 -145.186) rotate(135)\"><rect width=\"25\" height=\"3\" transform=\"translate(242.001 36.678) rotate(-45)\"\/><rect width=\"25\" height=\"3\" transform=\"translate(244.12 19) rotate(45)\"\/><\/g>\n            <\/svg>\n        <\/span>\n\t<\/button>\n\n\t<div id=\"collapsea8de306b08a1dcdb9bb0dd1970461c96\" class=\"collapse\" aria-labelledby=\"headinga8de306b08a1dcdb9bb0dd1970461c96\" data-parent=\"#accordion-d41d8cd98f00b204e9800998ecf8427e\">\n\t\t<div class=\"card-body\">\n\t\t\t<p>El Gremio organiza cinco almuerzos con oportunidades para conectar con los m\u00fasicos a trav\u00e9s de una charla y\/o una actuaci\u00f3n. Un almuerzo servido permite a los miembros mezclarse.<\/p>\n\t\t<\/div>\n\t<\/div>\n<\/div><div class=\"card\">\n\t<button id=\"heading99ba31e391a810889719ac3e6df4700b\" class=\"dso__accordion-toggle\" type=\"button\" data-toggle=\"collapse\" data-target=\"#collapse99ba31e391a810889719ac3e6df4700b\" aria-expanded=\"false\" aria-controls=\"collapse99ba31e391a810889719ac3e6df4700b\">\n\t\tPrograma de la noche del gremio\t\t<span class=\"plus-sign\">\n            <svg xmlns=\"http:\/\/www.w3.org\/2000\/svg\" width=\"25\" height=\"25\" viewbox=\"0 0 25 25\">\n                <g transform=\"translate(211.054 -145.186) rotate(135)\"><rect width=\"25\" height=\"3\" transform=\"translate(242.001 36.678) rotate(-45)\"\/><rect width=\"25\" height=\"3\" transform=\"translate(244.12 19) rotate(45)\"\/><\/g>\n            <\/svg>\n        <\/span>\n\t<\/button>\n\n\t<div id=\"collapse99ba31e391a810889719ac3e6df4700b\" class=\"collapse\" aria-labelledby=\"heading99ba31e391a810889719ac3e6df4700b\" data-parent=\"#accordion-d41d8cd98f00b204e9800998ecf8427e\">\n\t\t<div class=\"card-body\">\n\t\t\t<p>El Gremio organiza cinco programas nocturnos con oportunidades para conectar con los m\u00fasicos a trav\u00e9s de una charla y\/o una actuaci\u00f3n. Se sirven aperitivos y bebidas mientras los miembros se mezclan antes del programa.<\/p>\n\t\t<\/div>\n\t<\/div>\n<\/div><div class=\"card\">\n\t<button id=\"heading368ee222672a41e6d578a9fd6dae8d43\" class=\"dso__accordion-toggle\" type=\"button\" data-toggle=\"collapse\" data-target=\"#collapse368ee222672a41e6d578a9fd6dae8d43\" aria-expanded=\"false\" aria-controls=\"collapse368ee222672a41e6d578a9fd6dae8d43\">\n\t\tGala del gremio\t\t<span class=\"plus-sign\">\n            <svg xmlns=\"http:\/\/www.w3.org\/2000\/svg\" width=\"25\" height=\"25\" viewbox=\"0 0 25 25\">\n                <g transform=\"translate(211.054 -145.186) rotate(135)\"><rect width=\"25\" height=\"3\" transform=\"translate(242.001 36.678) rotate(-45)\"\/><rect width=\"25\" height=\"3\" transform=\"translate(244.12 19) rotate(45)\"\/><\/g>\n            <\/svg>\n        <\/span>\n\t<\/button>\n\n\t<div id=\"collapse368ee222672a41e6d578a9fd6dae8d43\" class=\"collapse\" aria-labelledby=\"heading368ee222672a41e6d578a9fd6dae8d43\" data-parent=\"#accordion-d41d8cd98f00b204e9800998ecf8427e\">\n\t\t<div class=\"card-body\">\n\t\t\t<p><strong>Fecha<\/strong>: 6 de marzo de 2026<br \/>\n<strong>Ubicaci\u00f3n<\/strong>: The Fairmont Dallas, 1717 N Akard St, Dallas, TX 75201<br \/>\n<strong>Artista invitado<\/strong>: Jan Vogler y Chad Hoopes<\/p>\n\t\t<\/div>\n\t<\/div>\n<\/div>\t\t\t\t<\/div>\n\t\t\t<\/div>\n\t\t<\/div>\n\t<\/div>\n<\/div>\n\n\n<div class=\"dso__accordion m-spacer\">\n    <div class=\"container\">\n        <div class=\"row\">\n            <div class=\"col-lg-12\">\n                <div class=\"accordion__intro-wrapper\">\n                    <h1>Niveles de membres\u00eda<\/h1>\n                    <p><\/p>\n                <\/div>\n            <\/div>\n        <\/div>\n\t\t<div class=\"row\">\n\t\t\t<div class=\"col-md-10 offset-md-1\">\n\t\t\t\t<div class=\"accordion\" id=\"accordion-d41d8cd98f00b204e9800998ecf8427e\">\n\t\t\t\t\t<div class=\"card\">\n\t<button id=\"headinga932d5f534c1096b9985db4fefaea4d1\" class=\"dso__accordion-toggle\" type=\"button\" data-toggle=\"collapse\" data-target=\"#collapsea932d5f534c1096b9985db4fefaea4d1\" aria-expanded=\"false\" aria-controls=\"collapsea932d5f534c1096b9985db4fefaea4d1\">\n\t\tTemporada Plus (14 programas) | $770\t\t<span class=\"plus-sign\">\n            <svg xmlns=\"http:\/\/www.w3.org\/2000\/svg\" width=\"25\" height=\"25\" viewbox=\"0 0 25 25\">\n                <g transform=\"translate(211.054 -145.186) rotate(135)\"><rect width=\"25\" height=\"3\" transform=\"translate(242.001 36.678) rotate(-45)\"\/><rect width=\"25\" height=\"3\" transform=\"translate(244.12 19) rotate(45)\"\/><\/g>\n            <\/svg>\n        <\/span>\n\t<\/button>\n\n\t<div id=\"collapsea932d5f534c1096b9985db4fefaea4d1\" class=\"collapse\" aria-labelledby=\"headinga932d5f534c1096b9985db4fefaea4d1\" data-parent=\"#accordion-d41d8cd98f00b204e9800998ecf8427e\">\n\t\t<div class=\"card-body\">\n\t\t\t<p><a href=\"http:\/\/www.dso-guild.org\/membership\/\" target=\"_blank\" rel=\"noopener\">Inscr\u00edbase aqu\u00ed<\/a><\/p>\n\t\t<\/div>\n\t<\/div>\n<\/div><div class=\"card\">\n\t<button id=\"heading5d046f4012c8dd02664dea6b05db20be\" class=\"dso__accordion-toggle\" type=\"button\" data-toggle=\"collapse\" data-target=\"#collapse5d046f4012c8dd02664dea6b05db20be\" aria-expanded=\"false\" aria-controls=\"collapse5d046f4012c8dd02664dea6b05db20be\">\n\t\tTemporada completa (10 programas) | $550\t\t<span class=\"plus-sign\">\n            <svg xmlns=\"http:\/\/www.w3.org\/2000\/svg\" width=\"25\" height=\"25\" viewbox=\"0 0 25 25\">\n                <g transform=\"translate(211.054 -145.186) rotate(135)\"><rect width=\"25\" height=\"3\" transform=\"translate(242.001 36.678) rotate(-45)\"\/><rect width=\"25\" height=\"3\" transform=\"translate(244.12 19) rotate(45)\"\/><\/g>\n            <\/svg>\n        <\/span>\n\t<\/button>\n\n\t<div id=\"collapse5d046f4012c8dd02664dea6b05db20be\" class=\"collapse\" aria-labelledby=\"heading5d046f4012c8dd02664dea6b05db20be\" data-parent=\"#accordion-d41d8cd98f00b204e9800998ecf8427e\">\n\t\t<div class=\"card-body\">\n\t\t\t<p><a href=\"http:\/\/www.dso-guild.org\/membership\/\" target=\"_blank\" rel=\"noopener\">Inscr\u00edbase aqu\u00ed<\/a><\/p>\n\t\t<\/div>\n\t<\/div>\n<\/div><div class=\"card\">\n\t<button id=\"heading857bd11ef209bb4d340485d89525fe7d\" class=\"dso__accordion-toggle\" type=\"button\" data-toggle=\"collapse\" data-target=\"#collapse857bd11ef209bb4d340485d89525fe7d\" aria-expanded=\"false\" aria-controls=\"collapse857bd11ef209bb4d340485d89525fe7d\">\n\t\tMedia temporada (5 programas) | $300\t\t<span class=\"plus-sign\">\n            <svg xmlns=\"http:\/\/www.w3.org\/2000\/svg\" width=\"25\" height=\"25\" viewbox=\"0 0 25 25\">\n                <g transform=\"translate(211.054 -145.186) rotate(135)\"><rect width=\"25\" height=\"3\" transform=\"translate(242.001 36.678) rotate(-45)\"\/><rect width=\"25\" height=\"3\" transform=\"translate(244.12 19) rotate(45)\"\/><\/g>\n            <\/svg>\n        <\/span>\n\t<\/button>\n\n\t<div id=\"collapse857bd11ef209bb4d340485d89525fe7d\" class=\"collapse\" aria-labelledby=\"heading857bd11ef209bb4d340485d89525fe7d\" data-parent=\"#accordion-d41d8cd98f00b204e9800998ecf8427e\">\n\t\t<div class=\"card-body\">\n\t\t\t<p><a href=\"http:\/\/www.dso-guild.org\/membership\/\" target=\"_blank\" rel=\"noopener\">Inscr\u00edbase aqu\u00ed<\/a><\/p>\n\t\t<\/div>\n\t<\/div>\n<\/div><div class=\"card\">\n\t<button id=\"headinge52b95b49136548becc829ac3bd58573\" class=\"dso__accordion-toggle\" type=\"button\" data-toggle=\"collapse\" data-target=\"#collapsee52b95b49136548becc829ac3bd58573\" aria-expanded=\"false\" aria-controls=\"collapsee52b95b49136548becc829ac3bd58573\">\n\t\tA la carta (1 programa) | $70\t\t<span class=\"plus-sign\">\n            <svg xmlns=\"http:\/\/www.w3.org\/2000\/svg\" width=\"25\" height=\"25\" viewbox=\"0 0 25 25\">\n                <g transform=\"translate(211.054 -145.186) rotate(135)\"><rect width=\"25\" height=\"3\" transform=\"translate(242.001 36.678) rotate(-45)\"\/><rect width=\"25\" height=\"3\" transform=\"translate(244.12 19) rotate(45)\"\/><\/g>\n            <\/svg>\n        <\/span>\n\t<\/button>\n\n\t<div id=\"collapsee52b95b49136548becc829ac3bd58573\" class=\"collapse\" aria-labelledby=\"headinge52b95b49136548becc829ac3bd58573\" data-parent=\"#accordion-d41d8cd98f00b204e9800998ecf8427e\">\n\t\t<div class=\"card-body\">\n\t\t\t<p><a href=\"http:\/\/www.dso-guild.org\/membership\/\" target=\"_blank\" rel=\"noopener\">Inscr\u00edbase aqu\u00ed<\/a><\/p>\n\t\t<\/div>\n\t<\/div>\n<\/div>\t\t\t\t<\/div>\n\t\t\t<\/div>\n\t\t<\/div>\n\t<\/div>\n<\/div>\n\n\n\n<p><\/p>","protected":false},"excerpt":{"rendered":"<p>Las membres\u00edas est\u00e1n compuestas por una serie de programas de almuerzo y noche o los miembros pueden elegir la opci\u00f3n A La Carte para seleccionar los programas individuales a los que asistir.<\/p>","protected":false},"author":3,"featured_media":4353,"parent":661,"menu_order":0,"comment_status":"closed","ping_status":"closed","template":"","meta":{"_acf_changed":false,"footnotes":""},"class_list":["post-665","page","type-page","status-publish","has-post-thumbnail","hentry"],"acf":[],"_links":{"self":[{"href":"https:\/\/www.dallassymphony.org\/es\/wp-json\/wp\/v2\/pages\/665","targetHints":{"allow":["GET"]}}],"collection":[{"href":"https:\/\/www.dallassymphony.org\/es\/wp-json\/wp\/v2\/pages"}],"about":[{"href":"https:\/\/www.dallassymphony.org\/es\/wp-json\/wp\/v2\/types\/page"}],"author":[{"embeddable":true,"href":"https:\/\/www.dallassymphony.org\/es\/wp-json\/wp\/v2\/users\/3"}],"replies":[{"embeddable":true,"href":"https:\/\/www.dallassymphony.org\/es\/wp-json\/wp\/v2\/comments?post=665"}],"version-history":[{"count":0,"href":"https:\/\/www.dallassymphony.org\/es\/wp-json\/wp\/v2\/pages\/665\/revisions"}],"up":[{"embeddable":true,"href":"https:\/\/www.dallassymphony.org\/es\/wp-json\/wp\/v2\/pages\/661"}],"wp:featuredmedia":[{"embeddable":true,"href":"https:\/\/www.dallassymphony.org\/es\/wp-json\/wp\/v2\/media\/4353"}],"wp:attachment":[{"href":"https:\/\/www.dallassymphony.org\/es\/wp-json\/wp\/v2\/media?parent=665"}],"curies":[{"name":"wp","href":"https:\/\/api.w.org\/{rel}","templated":true}]}}