{"id":664,"date":"2020-11-07T12:25:00","date_gmt":"2020-11-07T17:25:00","guid":{"rendered":"https:\/\/www.dallassymphony.org\/?page_id=664"},"modified":"2025-06-30T15:13:45","modified_gmt":"2025-06-30T20:13:45","slug":"dallas-symphony-league","status":"publish","type":"page","link":"https:\/\/www.dallassymphony.org\/es\/support-volunteer\/volunteer\/dallas-symphony-league\/","title":{"rendered":"Liga Sinf\u00f3nica de Dallas"},"content":{"rendered":"<div\n\tclass=\"subpage__hero bg-black\">\n\n\t<div class=\"img__wrapper d-none d-lg-block\" style=\"background: url(https:\/\/www.dallassymphony.org\/wp-content\/uploads\/2020\/11\/Dallas-Symphony-League.jpg) top right\/cover no-repeat\"><\/div>\n\n\n\t<div class=\"content__wrapper\">\n\n\t\t<ul class=\"breadcrumbs text-white\">\n\t\t\t<ul class=\"breadcrumbs\">\n    \t<li class=\"breadcrumb__link\">\n\t\t<a class=\"a-hover\" href=\"https:\/\/www.dallassymphony.org\/es\/\">Inicio<\/a>\n\t<\/li>\n    \t<li class=\"breadcrumb__link a-styles\">\n\t\t<a class=\"a-hover\" href=\"https:\/\/www.dallassymphony.org\/es\/support-volunteer\/\">Apoyo y voluntariado\/participaci\u00f3n<\/a>\n\t<\/li>\n    \t<li class=\"breadcrumb__link a-styles\">\n\t\t<a class=\"a-hover\" href=\"https:\/\/www.dallassymphony.org\/es\/support-volunteer\/volunteer\/\">Voluntario<\/a>\n\t<\/li>\n    <\/ul>\n\t\t<\/ul>\n\n\t\t<h1 class=\"text-white\">Liga Sinf\u00f3nica de Dallas<\/h1>\n\n\t\t<img loading=\"lazy\" decoding=\"async\" width=\"1600\" height=\"1076\" src=\"https:\/\/www.dallassymphony.org\/wp-content\/uploads\/2020\/11\/Dallas-Symphony-League.jpg\" class=\"d-block d-lg-none w-100\" alt=\"Kim Noltemy, Gemma New y Kim Brannon\" srcset=\"https:\/\/www.dallassymphony.org\/wp-content\/uploads\/2020\/11\/Dallas-Symphony-League.jpg 1600w, https:\/\/www.dallassymphony.org\/wp-content\/uploads\/2020\/11\/Dallas-Symphony-League-300x202.jpg 300w, https:\/\/www.dallassymphony.org\/wp-content\/uploads\/2020\/11\/Dallas-Symphony-League-1024x689.jpg 1024w, https:\/\/www.dallassymphony.org\/wp-content\/uploads\/2020\/11\/Dallas-Symphony-League-768x516.jpg 768w, https:\/\/www.dallassymphony.org\/wp-content\/uploads\/2020\/11\/Dallas-Symphony-League-1536x1033.jpg 1536w, https:\/\/www.dallassymphony.org\/wp-content\/uploads\/2020\/11\/Dallas-Symphony-League-16x12.jpg 16w\" sizes=\"auto, (max-width: 1600px) 100vw, 1600px\" \/>\n\t\t<div class=\"text-blue-3 sans__reg-18\"><p>La Liga de la Orquesta Sinf\u00f3nica de Dallas es una organizaci\u00f3n de voluntarios que apoyan a la Asociaci\u00f3n Sinf\u00f3nica de Dallas a trav\u00e9s de actividades de servicio, educaci\u00f3n y recaudaci\u00f3n de fondos.<\/p>\n<\/div>\n\n                <a href=\"\" class=\"a-hover text-white\"><\/a>\n        \t<\/div>\n<\/div>\n\n<div class=\"text-img text-img--left\">\n\t<div class=\"container\">\n\t\t<div class=\"row\">\n\t\t\t<div class=\"col-lg-12\">\n\t\t\t\t<div class=\"text-img__wrapper\">\n\t\t\t\t\t<h1>\u00danete a la Liga de la Orquesta Sinf\u00f3nica de Dallas<\/h1>\n\n                    <img loading=\"lazy\" decoding=\"async\" width=\"666\" height=\"375\" src=\"https:\/\/www.dallassymphony.org\/wp-content\/uploads\/2020\/11\/DSO-League-1600-x-1076-666x375.jpg\" class=\"d-xl-none d-block\" alt=\"Voluntarios de DSOL\" srcset=\"https:\/\/www.dallassymphony.org\/wp-content\/uploads\/2020\/11\/DSO-League-1600-x-1076-666x375.jpg 666w, https:\/\/www.dallassymphony.org\/wp-content\/uploads\/2020\/11\/DSO-League-1600-x-1076-388x218.jpg 388w, https:\/\/www.dallassymphony.org\/wp-content\/uploads\/2020\/11\/DSO-League-1600-x-1076-540x303.jpg 540w, https:\/\/www.dallassymphony.org\/wp-content\/uploads\/2020\/11\/DSO-League-1600-x-1076-735x413.jpg 735w, https:\/\/www.dallassymphony.org\/wp-content\/uploads\/2020\/11\/DSO-League-1600-x-1076-768x432.jpg 768w, https:\/\/www.dallassymphony.org\/wp-content\/uploads\/2020\/11\/DSO-League-1600-x-1076-1600x900.jpg 1600w\" sizes=\"auto, (max-width: 666px) 100vw, 666px\" \/>\n\t\t\t\t\t<p>El DSOL da la bienvenida a todos los interesados en unirse a nosotros para servir a nuestra comunidad. Si no has tenido la oportunidad de unirte o conoces a alguien a quien le gustar\u00eda ser miembro, \u00a1no es demasiado tarde!<\/p>\n\n                    \t\t\t\t\t<a class=\"a-hover\" href=\"https:\/\/dallassymphonyorchestraleague.wildapricot.org\/\" target=\"_blank\" rel=\"noopener\">Aprende m\u00e1s<\/a>\n                    \n                <\/div>\n                <img loading=\"lazy\" decoding=\"async\" width=\"1600\" height=\"900\" src=\"https:\/\/www.dallassymphony.org\/wp-content\/uploads\/2020\/11\/DSO-League-1600-x-1076-1600x900.jpg\" class=\"d-none d-xl-block\" alt=\"Voluntarios de DSOL\" srcset=\"https:\/\/www.dallassymphony.org\/wp-content\/uploads\/2020\/11\/DSO-League-1600-x-1076-1600x900.jpg 1600w, https:\/\/www.dallassymphony.org\/wp-content\/uploads\/2020\/11\/DSO-League-1600-x-1076-388x218.jpg 388w, https:\/\/www.dallassymphony.org\/wp-content\/uploads\/2020\/11\/DSO-League-1600-x-1076-540x303.jpg 540w, https:\/\/www.dallassymphony.org\/wp-content\/uploads\/2020\/11\/DSO-League-1600-x-1076-666x375.jpg 666w, https:\/\/www.dallassymphony.org\/wp-content\/uploads\/2020\/11\/DSO-League-1600-x-1076-735x413.jpg 735w, https:\/\/www.dallassymphony.org\/wp-content\/uploads\/2020\/11\/DSO-League-1600-x-1076-768x432.jpg 768w\" sizes=\"auto, (max-width: 1600px) 100vw, 1600px\" \/>\t\t\t<\/div>\n\t\t<\/div>\n\t<\/div>\n<\/div>\n\n\n<div class=\"dso__accordion m-spacer\">\n    <div class=\"container\">\n        <div class=\"row\">\n            <div class=\"col-lg-12\">\n                <div class=\"accordion__intro-wrapper\">\n                    <h1>Pr\u00f3ximos eventos de la Liga DSO<\/h1>\n                    <p><\/p>\n                <\/div>\n            <\/div>\n        <\/div>\n\t\t<div class=\"row\">\n\t\t\t<div class=\"col-md-10 offset-md-1\">\n\t\t\t\t<div class=\"accordion\" id=\"accordion-d41d8cd98f00b204e9800998ecf8427e\">\n\t\t\t\t\t<div class=\"card\">\n\t<button id=\"heading233331c5380ba403a2d7aefb3cecc2e4\" class=\"dso__accordion-toggle\" type=\"button\" data-toggle=\"collapse\" data-target=\"#collapse233331c5380ba403a2d7aefb3cecc2e4\" aria-expanded=\"false\" aria-controls=\"collapse233331c5380ba403a2d7aefb3cecc2e4\">\n\t\tConcierto CYO | 5 de octubre de 2025\t\t<span class=\"plus-sign\">\n            <svg xmlns=\"http:\/\/www.w3.org\/2000\/svg\" width=\"25\" height=\"25\" viewbox=\"0 0 25 25\">\n                <g transform=\"translate(211.054 -145.186) rotate(135)\"><rect width=\"25\" height=\"3\" transform=\"translate(242.001 36.678) rotate(-45)\"\/><rect width=\"25\" height=\"3\" transform=\"translate(244.12 19) rotate(45)\"\/><\/g>\n            <\/svg>\n        <\/span>\n\t<\/button>\n\n\t<div id=\"collapse233331c5380ba403a2d7aefb3cecc2e4\" class=\"collapse\" aria-labelledby=\"heading233331c5380ba403a2d7aefb3cecc2e4\" data-parent=\"#accordion-d41d8cd98f00b204e9800998ecf8427e\">\n\t\t<div class=\"card-body\">\n\t\t\t<p>Detalles por determinar<\/p>\n\t\t<\/div>\n\t<\/div>\n<\/div><div class=\"card\">\n\t<button id=\"heading47e4ee827cce76347fef3d97dc384b03\" class=\"dso__accordion-toggle\" type=\"button\" data-toggle=\"collapse\" data-target=\"#collapse47e4ee827cce76347fef3d97dc384b03\" aria-expanded=\"false\" aria-controls=\"collapse47e4ee827cce76347fef3d97dc384b03\">\n\t\tSaborea la Sinfon\u00eda | 6 de noviembre de 2025\t\t<span class=\"plus-sign\">\n            <svg xmlns=\"http:\/\/www.w3.org\/2000\/svg\" width=\"25\" height=\"25\" viewbox=\"0 0 25 25\">\n                <g transform=\"translate(211.054 -145.186) rotate(135)\"><rect width=\"25\" height=\"3\" transform=\"translate(242.001 36.678) rotate(-45)\"\/><rect width=\"25\" height=\"3\" transform=\"translate(244.12 19) rotate(45)\"\/><\/g>\n            <\/svg>\n        <\/span>\n\t<\/button>\n\n\t<div id=\"collapse47e4ee827cce76347fef3d97dc384b03\" class=\"collapse\" aria-labelledby=\"heading47e4ee827cce76347fef3d97dc384b03\" data-parent=\"#accordion-d41d8cd98f00b204e9800998ecf8427e\">\n\t\t<div class=\"card-body\">\n\t\t\t<p>Detalles por determinar<\/p>\n\t\t<\/div>\n\t<\/div>\n<\/div><div class=\"card\">\n\t<button id=\"heading0f2a6dfd21aea8f7467398d926661512\" class=\"dso__accordion-toggle\" type=\"button\" data-toggle=\"collapse\" data-target=\"#collapse0f2a6dfd21aea8f7467398d926661512\" aria-expanded=\"false\" aria-controls=\"collapse0f2a6dfd21aea8f7467398d926661512\">\n\t\tDeck the Halls | 13 de diciembre de 2025\t\t<span class=\"plus-sign\">\n            <svg xmlns=\"http:\/\/www.w3.org\/2000\/svg\" width=\"25\" height=\"25\" viewbox=\"0 0 25 25\">\n                <g transform=\"translate(211.054 -145.186) rotate(135)\"><rect width=\"25\" height=\"3\" transform=\"translate(242.001 36.678) rotate(-45)\"\/><rect width=\"25\" height=\"3\" transform=\"translate(244.12 19) rotate(45)\"\/><\/g>\n            <\/svg>\n        <\/span>\n\t<\/button>\n\n\t<div id=\"collapse0f2a6dfd21aea8f7467398d926661512\" class=\"collapse\" aria-labelledby=\"heading0f2a6dfd21aea8f7467398d926661512\" data-parent=\"#accordion-d41d8cd98f00b204e9800998ecf8427e\">\n\t\t<div class=\"card-body\">\n\t\t\t<p>Detalles por determinar<\/p>\n\t\t<\/div>\n\t<\/div>\n<\/div><div class=\"card\">\n\t<button id=\"heading7b1190aa72bdc286bb8d3a8f4d4de9cc\" class=\"dso__accordion-toggle\" type=\"button\" data-toggle=\"collapse\" data-target=\"#collapse7b1190aa72bdc286bb8d3a8f4d4de9cc\" aria-expanded=\"false\" aria-controls=\"collapse7b1190aa72bdc286bb8d3a8f4d4de9cc\">\n\t\tCYO Concierto de Navidad | 13 de diciembre de 2025\t\t<span class=\"plus-sign\">\n            <svg xmlns=\"http:\/\/www.w3.org\/2000\/svg\" width=\"25\" height=\"25\" viewbox=\"0 0 25 25\">\n                <g transform=\"translate(211.054 -145.186) rotate(135)\"><rect width=\"25\" height=\"3\" transform=\"translate(242.001 36.678) rotate(-45)\"\/><rect width=\"25\" height=\"3\" transform=\"translate(244.12 19) rotate(45)\"\/><\/g>\n            <\/svg>\n        <\/span>\n\t<\/button>\n\n\t<div id=\"collapse7b1190aa72bdc286bb8d3a8f4d4de9cc\" class=\"collapse\" aria-labelledby=\"heading7b1190aa72bdc286bb8d3a8f4d4de9cc\" data-parent=\"#accordion-d41d8cd98f00b204e9800998ecf8427e\">\n\t\t<div class=\"card-body\">\n\t\t\t<p>Detalles por determinar<\/p>\n\t\t<\/div>\n\t<\/div>\n<\/div><div class=\"card\">\n\t<button id=\"heading00fe0651ee384ec73b880f5e68448150\" class=\"dso__accordion-toggle\" type=\"button\" data-toggle=\"collapse\" data-target=\"#collapse00fe0651ee384ec73b880f5e68448150\" aria-expanded=\"false\" aria-controls=\"collapse00fe0651ee384ec73b880f5e68448150\">\n\t\tBaile Sinf\u00f3nico Juvenil | 31 de enero de 2026\t\t<span class=\"plus-sign\">\n            <svg xmlns=\"http:\/\/www.w3.org\/2000\/svg\" width=\"25\" height=\"25\" viewbox=\"0 0 25 25\">\n                <g transform=\"translate(211.054 -145.186) rotate(135)\"><rect width=\"25\" height=\"3\" transform=\"translate(242.001 36.678) rotate(-45)\"\/><rect width=\"25\" height=\"3\" transform=\"translate(244.12 19) rotate(45)\"\/><\/g>\n            <\/svg>\n        <\/span>\n\t<\/button>\n\n\t<div id=\"collapse00fe0651ee384ec73b880f5e68448150\" class=\"collapse\" aria-labelledby=\"heading00fe0651ee384ec73b880f5e68448150\" data-parent=\"#accordion-d41d8cd98f00b204e9800998ecf8427e\">\n\t\t<div class=\"card-body\">\n\t\t\t<p>Visite el sitio web de la Liga de la Orquesta Sinf\u00f3nica de Dallas <a href=\"https:\/\/dallassymphonyorchestraleague.wildapricot.org\/Junior-Symphony-Ball\/\" target=\"_blank\" rel=\"noopener\">aqu\u00ed<\/a> para saber m\u00e1s sobre el Baile Sinf\u00f3nico Juvenil y c\u00f3mo adquirir sus entradas.<\/p>\n<p>Si desea ponerse en contacto con alguien para obtener m\u00e1s informaci\u00f3n sobre la JSB o tiene alguna pregunta relacionada con el comit\u00e9 directivo, la venta de entradas o la lista de espera de Admisi\u00f3n General, p\u00f3ngase en contacto con el Comit\u00e9 de la JSB en <a href=\"mailto:infojuniorsymphonyball@gmail.com\">infojuniorsymphonyball@gmail.com<\/a>.<\/p>\n<p>El Baile Sinf\u00f3nico Junior es un evento anual de recaudaci\u00f3n de fondos abierto a los estudiantes de segundo, tercer o \u00faltimo curso de Bachillerato. La velada incluye m\u00fasica en directo, juegos de casino con fichas para canjear premios, comida y bebida. Formar parte del Comit\u00e9 Directivo es una excelente manera de participar en la planificaci\u00f3n y ejecuci\u00f3n del evento y, al mismo tiempo, ganar horas de servicio comunitario y experiencia de liderazgo para los curr\u00edculos universitarios. Las entradas para el Comit\u00e9 Directivo se lanzan en agosto y garantizan la entrada a la JSB. Las entradas de admisi\u00f3n general est\u00e1n disponibles en enero y se agotan casi inmediatamente.<\/p>\n<p>Los esfuerzos de recaudaci\u00f3n de fondos del Baile Sinf\u00f3nico Juvenil apoyan los Programas Educativos y de Extensi\u00f3n de la DSO. M\u00e1s informaci\u00f3n <a href=\"https:\/\/www.dallassymphony.org\/es\/community-education\/\">aqu\u00ed<\/a> sobre nuestros magn\u00edficos programas educativos.<\/p>\n\t\t<\/div>\n\t<\/div>\n<\/div><div class=\"card\">\n\t<button id=\"heading52e3b797c2d7012ab38806645391c6f8\" class=\"dso__accordion-toggle\" type=\"button\" data-toggle=\"collapse\" data-target=\"#collapse52e3b797c2d7012ab38806645391c6f8\" aria-expanded=\"false\" aria-controls=\"collapse52e3b797c2d7012ab38806645391c6f8\">\n\t\tDSOL Endowed Concert | 13 de febrero de 2026\t\t<span class=\"plus-sign\">\n            <svg xmlns=\"http:\/\/www.w3.org\/2000\/svg\" width=\"25\" height=\"25\" viewbox=\"0 0 25 25\">\n                <g transform=\"translate(211.054 -145.186) rotate(135)\"><rect width=\"25\" height=\"3\" transform=\"translate(242.001 36.678) rotate(-45)\"\/><rect width=\"25\" height=\"3\" transform=\"translate(244.12 19) rotate(45)\"\/><\/g>\n            <\/svg>\n        <\/span>\n\t<\/button>\n\n\t<div id=\"collapse52e3b797c2d7012ab38806645391c6f8\" class=\"collapse\" aria-labelledby=\"heading52e3b797c2d7012ab38806645391c6f8\" data-parent=\"#accordion-d41d8cd98f00b204e9800998ecf8427e\">\n\t\t<div class=\"card-body\">\n\t\t\t<p>Detalles por determinar<\/p>\n\t\t<\/div>\n\t<\/div>\n<\/div><div class=\"card\">\n\t<button id=\"headingf90eabecaa61d0d55b5be36050203441\" class=\"dso__accordion-toggle\" type=\"button\" data-toggle=\"collapse\" data-target=\"#collapsef90eabecaa61d0d55b5be36050203441\" aria-expanded=\"false\" aria-controls=\"collapsef90eabecaa61d0d55b5be36050203441\">\n\t\tBaile de presentaci\u00f3n | 21 de febrero de 2026\t\t<span class=\"plus-sign\">\n            <svg xmlns=\"http:\/\/www.w3.org\/2000\/svg\" width=\"25\" height=\"25\" viewbox=\"0 0 25 25\">\n                <g transform=\"translate(211.054 -145.186) rotate(135)\"><rect width=\"25\" height=\"3\" transform=\"translate(242.001 36.678) rotate(-45)\"\/><rect width=\"25\" height=\"3\" transform=\"translate(244.12 19) rotate(45)\"\/><\/g>\n            <\/svg>\n        <\/span>\n\t<\/button>\n\n\t<div id=\"collapsef90eabecaa61d0d55b5be36050203441\" class=\"collapse\" aria-labelledby=\"headingf90eabecaa61d0d55b5be36050203441\" data-parent=\"#accordion-d41d8cd98f00b204e9800998ecf8427e\">\n\t\t<div class=\"card-body\">\n\t\t\t<p>Visite el sitio web de la Liga de la Orquesta Sinf\u00f3nica de Dallas <a href=\"https:\/\/dallassymphonyleague.com\/Presentation-Ball\" target=\"_blank\" rel=\"noopener\">aqu\u00ed<\/a> para saber m\u00e1s sobre el Baile de Presentaci\u00f3n y c\u00f3mo adquirir sus entradas.<\/p>\n<p>El Baile de Presentaci\u00f3n de la Liga de la Orquesta Sinf\u00f3nica de Dallas es una velada m\u00e1gica en honor de los Debutantes de la Orquesta Sinf\u00f3nica de Dallas y sus familias. La temporada de Debutantes abarca un a\u00f1o lleno de experiencias memorables que unen a nuestros j\u00f3venes adultos y sus familias con la comunidad y la Orquesta Sinf\u00f3nica de Dallas. La temporada social comienza a finales de mayo con la Fiesta de Anuncio formal y contin\u00faa durante los meses de verano. Las fiestas y eventos especiales de noviembre y diciembre conducen al fin de semana del Baile. Las fiestas se planifican de acuerdo con las vacaciones universitarias.<\/p>\n<p>Los fondos recaudados con esta hermosa tradici\u00f3n se destinan a los programas educativos y de extensi\u00f3n comunitaria de la Orquesta Sinf\u00f3nica de Dallas. M\u00e1s informaci\u00f3n <a href=\"https:\/\/www.dallassymphony.org\/es\/community-education\/\">aqu\u00ed<\/a> sobre nuestros magn\u00edficos programas educativos.<\/p>\n\t\t<\/div>\n\t<\/div>\n<\/div><div class=\"card\">\n\t<button id=\"heading4cbb945fc7f93ac2a364f98a10a3ab94\" class=\"dso__accordion-toggle\" type=\"button\" data-toggle=\"collapse\" data-target=\"#collapse4cbb945fc7f93ac2a364f98a10a3ab94\" aria-expanded=\"false\" aria-controls=\"collapse4cbb945fc7f93ac2a364f98a10a3ab94\">\n\t\tVientos y vientos | 5 de marzo de 2026\t\t<span class=\"plus-sign\">\n            <svg xmlns=\"http:\/\/www.w3.org\/2000\/svg\" width=\"25\" height=\"25\" viewbox=\"0 0 25 25\">\n                <g transform=\"translate(211.054 -145.186) rotate(135)\"><rect width=\"25\" height=\"3\" transform=\"translate(242.001 36.678) rotate(-45)\"\/><rect width=\"25\" height=\"3\" transform=\"translate(244.12 19) rotate(45)\"\/><\/g>\n            <\/svg>\n        <\/span>\n\t<\/button>\n\n\t<div id=\"collapse4cbb945fc7f93ac2a364f98a10a3ab94\" class=\"collapse\" aria-labelledby=\"heading4cbb945fc7f93ac2a364f98a10a3ab94\" data-parent=\"#accordion-d41d8cd98f00b204e9800998ecf8427e\">\n\t\t<div class=\"card-body\">\n\t\t\t<p>Detalles por determinar<\/p>\n\t\t<\/div>\n\t<\/div>\n<\/div><div class=\"card\">\n\t<button id=\"headinga846185f1dcfa0404d19a6fc4a95b513\" class=\"dso__accordion-toggle\" type=\"button\" data-toggle=\"collapse\" data-target=\"#collapsea846185f1dcfa0404d19a6fc4a95b513\" aria-expanded=\"false\" aria-controls=\"collapsea846185f1dcfa0404d19a6fc4a95b513\">\n\t\tFashion Notes | Abril TBD\t\t<span class=\"plus-sign\">\n            <svg xmlns=\"http:\/\/www.w3.org\/2000\/svg\" width=\"25\" height=\"25\" viewbox=\"0 0 25 25\">\n                <g transform=\"translate(211.054 -145.186) rotate(135)\"><rect width=\"25\" height=\"3\" transform=\"translate(242.001 36.678) rotate(-45)\"\/><rect width=\"25\" height=\"3\" transform=\"translate(244.12 19) rotate(45)\"\/><\/g>\n            <\/svg>\n        <\/span>\n\t<\/button>\n\n\t<div id=\"collapsea846185f1dcfa0404d19a6fc4a95b513\" class=\"collapse\" aria-labelledby=\"headinga846185f1dcfa0404d19a6fc4a95b513\" data-parent=\"#accordion-d41d8cd98f00b204e9800998ecf8427e\">\n\t\t<div class=\"card-body\">\n\t\t\t<p>La Liga de la Orquesta Sinf\u00f3nica de Dallas organiza anualmente un desfile de moda y un almuerzo. Cada a\u00f1o, los presidentes de los eventos preparan un hermoso evento en el que un dise\u00f1ador especial muestra la moda de los invitados en la pasarela. El evento incluye una recepci\u00f3n y un almuerzo. Hay rifas a la venta y una subasta en directo que apoyan el esfuerzo de la DSOL por recaudar fondos para los programas educativos de la DSO. M\u00e1s informaci\u00f3n en la p\u00e1gina web de DSOL Fashion Notes <a href=\"https:\/\/dallassymphonyorchestraleague.wildapricot.org\/Fashion-Notes\" target=\"_blank\" rel=\"noopener\">aqu\u00ed<\/a>.<\/p>\n\t\t<\/div>\n\t<\/div>\n<\/div><div class=\"card\">\n\t<button id=\"heading8c728ec10b52ce53176e7fb6720e13df\" class=\"dso__accordion-toggle\" type=\"button\" data-toggle=\"collapse\" data-target=\"#collapse8c728ec10b52ce53176e7fb6720e13df\" aria-expanded=\"false\" aria-controls=\"collapse8c728ec10b52ce53176e7fb6720e13df\">\n\t\tConcierto CYO | 7 de mayo de 2026\t\t<span class=\"plus-sign\">\n            <svg xmlns=\"http:\/\/www.w3.org\/2000\/svg\" width=\"25\" height=\"25\" viewbox=\"0 0 25 25\">\n                <g transform=\"translate(211.054 -145.186) rotate(135)\"><rect width=\"25\" height=\"3\" transform=\"translate(242.001 36.678) rotate(-45)\"\/><rect width=\"25\" height=\"3\" transform=\"translate(244.12 19) rotate(45)\"\/><\/g>\n            <\/svg>\n        <\/span>\n\t<\/button>\n\n\t<div id=\"collapse8c728ec10b52ce53176e7fb6720e13df\" class=\"collapse\" aria-labelledby=\"heading8c728ec10b52ce53176e7fb6720e13df\" data-parent=\"#accordion-d41d8cd98f00b204e9800998ecf8427e\">\n\t\t<div class=\"card-body\">\n\t\t\t<p>Detalles por determinar<\/p>\n\t\t<\/div>\n\t<\/div>\n<\/div>\t\t\t\t<\/div>\n\t\t\t<\/div>\n\t\t<\/div>\n\t<\/div>\n<\/div>\n\n\n<div class=\"richtext m-spacer\">\n\t<div class=\"container\">\n\t\t<div class=\"row\">\n\t\t\t<div class=\"col-10\">\n\t\t\t\t\n\n<p><\/p>\n\n\n\t\t\t<\/div>\n\t\t<\/div>\n\t<\/div>\n\n<\/div>","protected":false},"excerpt":{"rendered":"<p>La Liga de la Orquesta Sinf\u00f3nica de Dallas es una organizaci\u00f3n de voluntarios que apoyan a la Asociaci\u00f3n Sinf\u00f3nica de Dallas a trav\u00e9s de actividades de servicio, educaci\u00f3n y recaudaci\u00f3n de fondos.<\/p>","protected":false},"author":3,"featured_media":1919,"parent":661,"menu_order":0,"comment_status":"closed","ping_status":"closed","template":"","meta":{"_acf_changed":false,"footnotes":""},"class_list":["post-664","page","type-page","status-publish","has-post-thumbnail","hentry"],"acf":[],"_links":{"self":[{"href":"https:\/\/www.dallassymphony.org\/es\/wp-json\/wp\/v2\/pages\/664","targetHints":{"allow":["GET"]}}],"collection":[{"href":"https:\/\/www.dallassymphony.org\/es\/wp-json\/wp\/v2\/pages"}],"about":[{"href":"https:\/\/www.dallassymphony.org\/es\/wp-json\/wp\/v2\/types\/page"}],"author":[{"embeddable":true,"href":"https:\/\/www.dallassymphony.org\/es\/wp-json\/wp\/v2\/users\/3"}],"replies":[{"embeddable":true,"href":"https:\/\/www.dallassymphony.org\/es\/wp-json\/wp\/v2\/comments?post=664"}],"version-history":[{"count":0,"href":"https:\/\/www.dallassymphony.org\/es\/wp-json\/wp\/v2\/pages\/664\/revisions"}],"up":[{"embeddable":true,"href":"https:\/\/www.dallassymphony.org\/es\/wp-json\/wp\/v2\/pages\/661"}],"wp:featuredmedia":[{"embeddable":true,"href":"https:\/\/www.dallassymphony.org\/es\/wp-json\/wp\/v2\/media\/1919"}],"wp:attachment":[{"href":"https:\/\/www.dallassymphony.org\/es\/wp-json\/wp\/v2\/media?parent=664"}],"curies":[{"name":"wp","href":"https:\/\/api.w.org\/{rel}","templated":true}]}}