{"id":661,"date":"2020-11-07T12:22:45","date_gmt":"2020-11-07T17:22:45","guid":{"rendered":"https:\/\/www.dallassymphony.org\/?page_id=661"},"modified":"2025-08-24T13:35:10","modified_gmt":"2025-08-24T18:35:10","slug":"volunteer","status":"publish","type":"page","link":"https:\/\/www.dallassymphony.org\/es\/support-volunteer\/volunteer\/","title":{"rendered":"Voluntario"},"content":{"rendered":"<div class=\"hero__no-img bg-blue-8\">\n\t<div class=\"container\">\n\t\t<div class=\"row\">\n\t\t\t<div class=\"col-md-10\">\n\n\t\t\t\t<ul class=\"breadcrumbs\">\n    \t<li class=\"breadcrumb__link\">\n\t\t<a class=\"a-hover\" href=\"https:\/\/www.dallassymphony.org\/es\/\">Inicio<\/a>\n\t<\/li>\n    \t<li class=\"breadcrumb__link a-styles\">\n\t\t<a class=\"a-hover\" href=\"https:\/\/www.dallassymphony.org\/es\/support-volunteer\/\">Apoyo y voluntariado\/participaci\u00f3n<\/a>\n\t<\/li>\n    <\/ul>\n\n                \t\t\t\t<h1>\n                    <span >Voluntario<\/span>\n                <\/h1>\n                \t\t\t<\/div>\n\t\t<\/div>\n\t<\/div>\n<\/div>\n\n\n<div class=\"richtext m-spacer\">\n\t<div class=\"container\">\n\t\t<div class=\"row\">\n\t\t\t<div class=\"col-10\">\n\t\t\t\t\n\n<h2 class=\"wp-block-heading\" id=\"h-enjoy-meaningful-and-singular-experiences-with-the-dallas-symphony-while-helping-to-support-its-mission-and-educational-initiatives\">Disfruta de experiencias significativas y singulares con la Sinf\u00f3nica de Dallas mientras ayudas a apoyar su misi\u00f3n e iniciativas educativasatives.<\/h2>\n\n\n\n<p>La Liga de la Orquesta Sinf\u00f3nica de Dallas (DSOL), el Gremio y los J\u00f3venes Profesionales son los tres grupos que apoyan a la DSO.  La participaci\u00f3n en cada grupo incluye una cuota de membres\u00eda y ofrece oportunidades para ser voluntario en eventos, recaudar dinero para la orquesta a trav\u00e9s de eventos dirigidos por voluntarios, y formas de conectar a los m\u00fasicos de la DSO, los donantes, el personal y los estudiantes involucrados en nuestra educaci\u00f3n initiatives.<\/p>\n\n\n\t\t\t<\/div>\n\t\t<\/div>\n\t<\/div>\n\n<\/div>\n\n\n<div class=\"subpage-nav grad-to-left\">\n\t<div class=\"container\">\n\t\t<div class=\"row\">\n\t\t\t<div class=\"col-md-12\">\n\t\t\t\t<h2><\/h2>\n\t\t\t<\/div>\n\t\t\t<div class=\"col-6\">\n\t<div class=\"subpage-nav__card\">\n\t\t<a href=\"https:\/\/www.dallassymphony.org\/es\/support-volunteer\/volunteer\/dallas-symphony-league\/\">\n\t\t\t<div class=\"subpage-nav__img-wrapper\">\n\t\t\t\t<img loading=\"lazy\" decoding=\"async\" width=\"540\" height=\"360\" src=\"https:\/\/www.dallassymphony.org\/wp-content\/uploads\/2020\/11\/Dallas-Symphony-League-540x360.jpg\" class=\"img-fluid wp-post-image\" alt=\"Kim Noltemy, Gemma New y Kim Brannon\" srcset=\"https:\/\/www.dallassymphony.org\/wp-content\/uploads\/2020\/11\/Dallas-Symphony-League-540x360.jpg 540w, https:\/\/www.dallassymphony.org\/wp-content\/uploads\/2020\/11\/Dallas-Symphony-League-16x12.jpg 16w, https:\/\/www.dallassymphony.org\/wp-content\/uploads\/2020\/11\/Dallas-Symphony-League-309x206.jpg 309w\" sizes=\"auto, (max-width: 540px) 100vw, 540px\" \/>\t\t\t<\/div>\n\n\t\t\t<div class=\"subpage-nav__text\">\n\t\t\t\t<p>Liga Sinf\u00f3nica de Dallas<\/p>\n\t\t\t<\/div>\n\t\t<\/a>\n\t<\/div>\n<\/div>\n<div class=\"col-6\">\n\t<div class=\"subpage-nav__card\">\n\t\t<a href=\"https:\/\/www.dallassymphony.org\/es\/support-volunteer\/volunteer\/dallas-symphony-guild\/\">\n\t\t\t<div class=\"subpage-nav__img-wrapper\">\n\t\t\t\t<img loading=\"lazy\" decoding=\"async\" width=\"540\" height=\"360\" src=\"https:\/\/www.dallassymphony.org\/wp-content\/uploads\/2020\/12\/Guild-1600-x-1076-540x360.jpg\" class=\"img-fluid wp-post-image\" alt=\"Seis miembros del Gremio de la Sinfon\u00eda de Dallas\" srcset=\"https:\/\/www.dallassymphony.org\/wp-content\/uploads\/2020\/12\/Guild-1600-x-1076-540x360.jpg 540w, https:\/\/www.dallassymphony.org\/wp-content\/uploads\/2020\/12\/Guild-1600-x-1076-16x12.jpg 16w, https:\/\/www.dallassymphony.org\/wp-content\/uploads\/2020\/12\/Guild-1600-x-1076-309x206.jpg 309w, https:\/\/www.dallassymphony.org\/wp-content\/uploads\/2020\/12\/Guild-1600-x-1076-350x234.jpg 350w\" sizes=\"auto, (max-width: 540px) 100vw, 540px\" \/>\t\t\t<\/div>\n\n\t\t\t<div class=\"subpage-nav__text\">\n\t\t\t\t<p>El Gremio de la Orquesta Sinf\u00f3nica de Dallas<\/p>\n\t\t\t<\/div>\n\t\t<\/a>\n\t<\/div>\n<\/div>\n\t\t<\/div>\n\t<\/div>\n<\/div>\n\n\n<div class=\"text-img text-img--left\">\n\t<div class=\"container\">\n\t\t<div class=\"row\">\n\t\t\t<div class=\"col-lg-12\">\n\t\t\t\t<div class=\"text-img__wrapper\">\n\t\t\t\t\t<h1>Llamando a todos los creative<\/h1>\n\n                    <img loading=\"lazy\" decoding=\"async\" width=\"666\" height=\"375\" src=\"https:\/\/www.dallassymphony.org\/wp-content\/uploads\/2020\/11\/DSO-Teen-Council-2020-Meeting-1600-x-900-666x375.jpg\" class=\"d-xl-none d-block\" alt=\"Reuni\u00f3n del Consejo de Adolescentes del DSO Zoom\" srcset=\"https:\/\/www.dallassymphony.org\/wp-content\/uploads\/2020\/11\/DSO-Teen-Council-2020-Meeting-1600-x-900-666x375.jpg 666w, https:\/\/www.dallassymphony.org\/wp-content\/uploads\/2020\/11\/DSO-Teen-Council-2020-Meeting-1600-x-900-300x169.jpg 300w, https:\/\/www.dallassymphony.org\/wp-content\/uploads\/2020\/11\/DSO-Teen-Council-2020-Meeting-1600-x-900-1024x576.jpg 1024w, https:\/\/www.dallassymphony.org\/wp-content\/uploads\/2020\/11\/DSO-Teen-Council-2020-Meeting-1600-x-900-768x432.jpg 768w, https:\/\/www.dallassymphony.org\/wp-content\/uploads\/2020\/11\/DSO-Teen-Council-2020-Meeting-1600-x-900-1536x864.jpg 1536w, https:\/\/www.dallassymphony.org\/wp-content\/uploads\/2020\/11\/DSO-Teen-Council-2020-Meeting-1600-x-900-16x9.jpg 16w, https:\/\/www.dallassymphony.org\/wp-content\/uploads\/2020\/11\/DSO-Teen-Council-2020-Meeting-1600-x-900-388x218.jpg 388w, https:\/\/www.dallassymphony.org\/wp-content\/uploads\/2020\/11\/DSO-Teen-Council-2020-Meeting-1600-x-900-540x303.jpg 540w, https:\/\/www.dallassymphony.org\/wp-content\/uploads\/2020\/11\/DSO-Teen-Council-2020-Meeting-1600-x-900-735x413.jpg 735w, https:\/\/www.dallassymphony.org\/wp-content\/uploads\/2020\/11\/DSO-Teen-Council-2020-Meeting-1600-x-900.jpg 1600w\" sizes=\"auto, (max-width: 666px) 100vw, 666px\" \/>\n\t\t\t\t\t<p>Si eres un adolescente en el \u00e1rea de DFW con experiencia musical y un historial de liderazgo probado, el Consejo de Adolescentes de la DSO puede ser la oportunidad que has estado buscando.<\/p>\n<p>Las solicitudes para el curso escolar 2023\/24 ya est\u00e1n abiertas. Haga clic en el siguiente enlace para obtener m\u00e1s informaci\u00f3n.<\/p>\n\n                    \t\t\t\t\t<a class=\"a-hover\" href=\"http:\/\/www.dallassymphony.org\/es\/community-education\/dso-teens\/dso-teen-council\/\" >Aprende m\u00e1s<\/a>\n                    \n                <\/div>\n                <img loading=\"lazy\" decoding=\"async\" width=\"1600\" height=\"900\" src=\"https:\/\/www.dallassymphony.org\/wp-content\/uploads\/2020\/11\/DSO-Teen-Council-2020-Meeting-1600-x-900-1600x900.jpg\" class=\"d-none d-xl-block\" alt=\"Reuni\u00f3n del Consejo de Adolescentes del DSO Zoom\" srcset=\"https:\/\/www.dallassymphony.org\/wp-content\/uploads\/2020\/11\/DSO-Teen-Council-2020-Meeting-1600-x-900.jpg 1600w, https:\/\/www.dallassymphony.org\/wp-content\/uploads\/2020\/11\/DSO-Teen-Council-2020-Meeting-1600-x-900-300x169.jpg 300w, https:\/\/www.dallassymphony.org\/wp-content\/uploads\/2020\/11\/DSO-Teen-Council-2020-Meeting-1600-x-900-1024x576.jpg 1024w, https:\/\/www.dallassymphony.org\/wp-content\/uploads\/2020\/11\/DSO-Teen-Council-2020-Meeting-1600-x-900-768x432.jpg 768w, https:\/\/www.dallassymphony.org\/wp-content\/uploads\/2020\/11\/DSO-Teen-Council-2020-Meeting-1600-x-900-1536x864.jpg 1536w, https:\/\/www.dallassymphony.org\/wp-content\/uploads\/2020\/11\/DSO-Teen-Council-2020-Meeting-1600-x-900-16x9.jpg 16w, https:\/\/www.dallassymphony.org\/wp-content\/uploads\/2020\/11\/DSO-Teen-Council-2020-Meeting-1600-x-900-388x218.jpg 388w, https:\/\/www.dallassymphony.org\/wp-content\/uploads\/2020\/11\/DSO-Teen-Council-2020-Meeting-1600-x-900-540x303.jpg 540w, https:\/\/www.dallassymphony.org\/wp-content\/uploads\/2020\/11\/DSO-Teen-Council-2020-Meeting-1600-x-900-666x375.jpg 666w, https:\/\/www.dallassymphony.org\/wp-content\/uploads\/2020\/11\/DSO-Teen-Council-2020-Meeting-1600-x-900-735x413.jpg 735w\" sizes=\"auto, (max-width: 1600px) 100vw, 1600px\" \/>\t\t\t<\/div>\n\t\t<\/div>\n\t<\/div>\n<\/div>","protected":false},"excerpt":{"rendered":"<p>Disfruta de experiencias significativas y singulares con la Sinf\u00f3nica de Dallas mientras ayudas a apoyar su misi\u00f3n e iniciativas educativasatives.<\/p>","protected":false},"author":3,"featured_media":767,"parent":630,"menu_order":0,"comment_status":"closed","ping_status":"closed","template":"","meta":{"_acf_changed":false,"footnotes":""},"class_list":["post-661","page","type-page","status-publish","has-post-thumbnail","hentry"],"acf":[],"_links":{"self":[{"href":"https:\/\/www.dallassymphony.org\/es\/wp-json\/wp\/v2\/pages\/661","targetHints":{"allow":["GET"]}}],"collection":[{"href":"https:\/\/www.dallassymphony.org\/es\/wp-json\/wp\/v2\/pages"}],"about":[{"href":"https:\/\/www.dallassymphony.org\/es\/wp-json\/wp\/v2\/types\/page"}],"author":[{"embeddable":true,"href":"https:\/\/www.dallassymphony.org\/es\/wp-json\/wp\/v2\/users\/3"}],"replies":[{"embeddable":true,"href":"https:\/\/www.dallassymphony.org\/es\/wp-json\/wp\/v2\/comments?post=661"}],"version-history":[{"count":0,"href":"https:\/\/www.dallassymphony.org\/es\/wp-json\/wp\/v2\/pages\/661\/revisions"}],"up":[{"embeddable":true,"href":"https:\/\/www.dallassymphony.org\/es\/wp-json\/wp\/v2\/pages\/630"}],"wp:featuredmedia":[{"embeddable":true,"href":"https:\/\/www.dallassymphony.org\/es\/wp-json\/wp\/v2\/media\/767"}],"wp:attachment":[{"href":"https:\/\/www.dallassymphony.org\/es\/wp-json\/wp\/v2\/media?parent=661"}],"curies":[{"name":"wp","href":"https:\/\/api.w.org\/{rel}","templated":true}]}}