{"id":650,"date":"2020-11-07T12:20:21","date_gmt":"2020-11-07T17:20:21","guid":{"rendered":"https:\/\/www.dallassymphony.org\/?page_id=650"},"modified":"2021-01-27T14:12:37","modified_gmt":"2021-01-27T20:12:37","slug":"matching-gifts","status":"publish","type":"page","link":"https:\/\/www.dallassymphony.org\/es\/support-volunteer\/ways-to-give\/legacy-giving\/matching-gifts\/","title":{"rendered":"Dones de emparejamiento"},"content":{"rendered":"<div class=\"hero__no-img bg-blue-8\">\n\t<div class=\"container\">\n\t\t<div class=\"row\">\n\t\t\t<div class=\"col-md-10\">\n\n\t\t\t\t<ul class=\"breadcrumbs\">\n    \t<li class=\"breadcrumb__link\">\n\t\t<a class=\"a-hover\" href=\"https:\/\/www.dallassymphony.org\/es\/\">Inicio<\/a>\n\t<\/li>\n    \t<li class=\"breadcrumb__link a-styles\">\n\t\t<a class=\"a-hover\" href=\"https:\/\/www.dallassymphony.org\/es\/support-volunteer\/\">Apoyo y voluntariado\/participaci\u00f3n<\/a>\n\t<\/li>\n    \t<li class=\"breadcrumb__link a-styles\">\n\t\t<a class=\"a-hover\" href=\"https:\/\/www.dallassymphony.org\/es\/support-volunteer\/ways-to-give\/\">Formas de donar<\/a>\n\t<\/li>\n    \t<li class=\"breadcrumb__link a-styles\">\n\t\t<a class=\"a-hover\" href=\"https:\/\/www.dallassymphony.org\/es\/support-volunteer\/ways-to-give\/legacy-giving\/\">Donaci\u00f3n de legado<\/a>\n\t<\/li>\n    <\/ul>\n\n                \t\t\t\t<h1>\n                    <span >Dones de emparejamiento<\/span>\n                <\/h1>\n                \t\t\t<\/div>\n\t\t<\/div>\n\t<\/div>\n<\/div>\n\n\n<div class=\"richtext m-spacer\">\n\t<div class=\"container\">\n\t\t<div class=\"row\">\n\t\t\t<div class=\"col-10\">\n\t\t\t\t\n\n<h2 class=\"wp-block-heading\" id=\"h-amplify-the-impact-of-your-donation-by-taking-advantage-of-your-company-s-matching-gift-program\">Ampl\u00ede el impacto de su donaci\u00f3n aprovechando el programa de donaciones de contrapartida de su empresa<\/h2>\n\n\n\n<p>Muchas empresas complementar\u00e1n la filantrop\u00eda de los empleados con una donaci\u00f3n de contrapartida, lo que tendr\u00e1 un mayor impacto en la DSO y en la comunidad.  Los donantes individuales reciben los beneficios y el reconocimiento por la donaci\u00f3n combinada.&nbsp;<\/p>\n\n\n\n<p>Estas son algunas de las empresas que actualmente apoyan a la Sinf\u00f3nica de Dallas a trav\u00e9s de regalos en nombre de sus empleados:&nbsp;<\/p>\n\n\n\n<div class=\"wp-block-columns is-layout-flex wp-container-core-columns-is-layout-9d6595d7 wp-block-columns-is-layout-flex\">\n<div class=\"wp-block-column is-layout-flow wp-block-column-is-layout-flow\">\n<ul class=\"wp-block-list\"><li>Aetna<\/li><li>AT&amp;T<\/li><li>Banco de Am\u00e9rica<\/li><li>Merrill Lynch<\/li><li>Boeing<\/li><li>Capstone Partners, LP<\/li><li>Computer Associates International Co.<\/li><li>Dean Foods<\/li><li>Deutsche Bank Am\u00e9rica<\/li><li>Eli Lilly y Compa\u00f1\u00eda<\/li><li>Fundaci\u00f3n GE<\/li><li>Dar con la libertad<\/li><\/ul>\n<\/div>\n\n\n\n<div class=\"wp-block-column is-layout-flow wp-block-column-is-layout-flow\">\n<ul class=\"wp-block-list\"><li>Goldman Sachs<\/li><li>Hunt Consolidated, Inc.<\/li><li>IBM Corporation<\/li><li>JPMorgan Chase &amp; Co.<\/li><li>Juniper Networks<\/li><li>Kimberly-Clark<\/li><li>Macy's<\/li><li>Fundaci\u00f3n Maverick Capital<\/li><li>Fundaci\u00f3n Meadows<\/li><li>Microsoft<\/li><li>Neiman Marcus<\/li><\/ul>\n<\/div>\n\n\n\n<div class=\"wp-block-column is-layout-flow wp-block-column-is-layout-flow\">\n<ul class=\"wp-block-list\"><li>Northern Trust Company<\/li><li>PepsiCo<\/li><li>PNC<\/li><li>Raytheon<\/li><li>Sprint<\/li><li>Texas Instruments<\/li><li>La Corporaci\u00f3n Rosewood<\/li><li>La Compa\u00f1\u00eda Walt Disney<\/li><li>Travelers Co.<\/li><li>Verizon<\/li><li>Vivendi<\/li><\/ul>\n<\/div>\n<\/div>\n\n\n\t\t\t<\/div>\n\t\t<\/div>\n\t<\/div>\n\n<\/div>\n\n\n<div class=\"text-img text-img--left\">\n\t<div class=\"container\">\n\t\t<div class=\"row\">\n\t\t\t<div class=\"col-lg-12\">\n\t\t\t\t<div class=\"text-img__wrapper\">\n\t\t\t\t\t<h1>Para m\u00e1s informaci\u00f3n sobre los regalos de contrapartida<\/h1>\n\n                    <img loading=\"lazy\" decoding=\"async\" width=\"666\" height=\"375\" src=\"https:\/\/www.dallassymphony.org\/wp-content\/uploads\/2020\/12\/Tanner-Garrett-Individual-Giving-1600-x-1076-666x375.jpg\" class=\"d-xl-none d-block\" alt=\"Tanner Garrett, coordinador de donaciones individuales\" srcset=\"https:\/\/www.dallassymphony.org\/wp-content\/uploads\/2020\/12\/Tanner-Garrett-Individual-Giving-1600-x-1076-666x375.jpg 666w, https:\/\/www.dallassymphony.org\/wp-content\/uploads\/2020\/12\/Tanner-Garrett-Individual-Giving-1600-x-1076-388x218.jpg 388w, https:\/\/www.dallassymphony.org\/wp-content\/uploads\/2020\/12\/Tanner-Garrett-Individual-Giving-1600-x-1076-540x303.jpg 540w, https:\/\/www.dallassymphony.org\/wp-content\/uploads\/2020\/12\/Tanner-Garrett-Individual-Giving-1600-x-1076-735x413.jpg 735w, https:\/\/www.dallassymphony.org\/wp-content\/uploads\/2020\/12\/Tanner-Garrett-Individual-Giving-1600-x-1076-768x432.jpg 768w, https:\/\/www.dallassymphony.org\/wp-content\/uploads\/2020\/12\/Tanner-Garrett-Individual-Giving-1600-x-1076-1600x900.jpg 1600w\" sizes=\"auto, (max-width: 666px) 100vw, 666px\" \/>\n\t\t\t\t\t<p>P\u00f3ngase en contacto con Tanner Garrett, coordinador de donaciones individuales, en <a href=\"mailto:t.garrett@dalsym.com\">t.garrett@dalsym.com<\/a> o 214.871.4080.<\/p>\n\n                    \n                <\/div>\n                <img loading=\"lazy\" decoding=\"async\" width=\"1600\" height=\"900\" src=\"https:\/\/www.dallassymphony.org\/wp-content\/uploads\/2020\/12\/Tanner-Garrett-Individual-Giving-1600-x-1076-1600x900.jpg\" class=\"d-none d-xl-block\" alt=\"Tanner Garrett, coordinador de donaciones individuales\" srcset=\"https:\/\/www.dallassymphony.org\/wp-content\/uploads\/2020\/12\/Tanner-Garrett-Individual-Giving-1600-x-1076-1600x900.jpg 1600w, https:\/\/www.dallassymphony.org\/wp-content\/uploads\/2020\/12\/Tanner-Garrett-Individual-Giving-1600-x-1076-388x218.jpg 388w, https:\/\/www.dallassymphony.org\/wp-content\/uploads\/2020\/12\/Tanner-Garrett-Individual-Giving-1600-x-1076-540x303.jpg 540w, https:\/\/www.dallassymphony.org\/wp-content\/uploads\/2020\/12\/Tanner-Garrett-Individual-Giving-1600-x-1076-666x375.jpg 666w, https:\/\/www.dallassymphony.org\/wp-content\/uploads\/2020\/12\/Tanner-Garrett-Individual-Giving-1600-x-1076-735x413.jpg 735w, https:\/\/www.dallassymphony.org\/wp-content\/uploads\/2020\/12\/Tanner-Garrett-Individual-Giving-1600-x-1076-768x432.jpg 768w\" sizes=\"auto, (max-width: 1600px) 100vw, 1600px\" \/>\t\t\t<\/div>\n\t\t<\/div>\n\t<\/div>\n<\/div>","protected":false},"excerpt":{"rendered":"<p>Ampl\u00ede el impacto de su donaci\u00f3n aprovechando el programa de donaciones de contrapartida de su empresa.<\/p>","protected":false},"author":3,"featured_media":1908,"parent":639,"menu_order":0,"comment_status":"closed","ping_status":"closed","template":"","meta":{"_acf_changed":false,"footnotes":""},"class_list":["post-650","page","type-page","status-publish","has-post-thumbnail","hentry"],"acf":[],"_links":{"self":[{"href":"https:\/\/www.dallassymphony.org\/es\/wp-json\/wp\/v2\/pages\/650","targetHints":{"allow":["GET"]}}],"collection":[{"href":"https:\/\/www.dallassymphony.org\/es\/wp-json\/wp\/v2\/pages"}],"about":[{"href":"https:\/\/www.dallassymphony.org\/es\/wp-json\/wp\/v2\/types\/page"}],"author":[{"embeddable":true,"href":"https:\/\/www.dallassymphony.org\/es\/wp-json\/wp\/v2\/users\/3"}],"replies":[{"embeddable":true,"href":"https:\/\/www.dallassymphony.org\/es\/wp-json\/wp\/v2\/comments?post=650"}],"version-history":[{"count":0,"href":"https:\/\/www.dallassymphony.org\/es\/wp-json\/wp\/v2\/pages\/650\/revisions"}],"up":[{"embeddable":true,"href":"https:\/\/www.dallassymphony.org\/es\/wp-json\/wp\/v2\/pages\/639"}],"wp:featuredmedia":[{"embeddable":true,"href":"https:\/\/www.dallassymphony.org\/es\/wp-json\/wp\/v2\/media\/1908"}],"wp:attachment":[{"href":"https:\/\/www.dallassymphony.org\/es\/wp-json\/wp\/v2\/media?parent=650"}],"curies":[{"name":"wp","href":"https:\/\/api.w.org\/{rel}","templated":true}]}}