{"id":6487,"date":"2021-06-04T10:37:29","date_gmt":"2021-06-04T15:37:29","guid":{"rendered":"https:\/\/www.dallassymphony.org\/?page_id=6487"},"modified":"2025-04-07T12:52:25","modified_gmt":"2025-04-07T17:52:25","slug":"join-the-stradivarius-patron-society","status":"publish","type":"page","link":"https:\/\/www.dallassymphony.org\/es\/join-the-stradivarius-patron-society\/","title":{"rendered":"\u00danase a la Sociedad Patrona de Stradivarius"},"content":{"rendered":"<div\n\tclass=\"subpage__hero bg-black\">\n\n\t<div class=\"img__wrapper d-none d-lg-block\" style=\"background: url(https:\/\/www.dallassymphony.org\/wp-content\/uploads\/2021\/06\/Friends_to_Strad_Web_1600x900_06.07.21.jpg) top right\/cover no-repeat\"><\/div>\n\n\n\t<div class=\"content__wrapper\">\n\n\t\t<ul class=\"breadcrumbs text-white\">\n\t\t\t<ul class=\"breadcrumbs\">\n    \t<li class=\"breadcrumb__link\">\n\t\t<a class=\"a-hover\" href=\"https:\/\/www.dallassymphony.org\/es\/\">Inicio<\/a>\n\t<\/li>\n    <\/ul>\n\t\t<\/ul>\n\n\t\t<h1 class=\"text-white\">\u00danase a la Sociedad Patrona de Stradivarius<\/h1>\n\n\t\t<img loading=\"lazy\" decoding=\"async\" width=\"1600\" height=\"900\" src=\"https:\/\/www.dallassymphony.org\/wp-content\/uploads\/2021\/06\/Friends_to_Strad_Web_1600x900_06.07.21.jpg\" class=\"d-block d-lg-none w-100\" alt=\"La Sociedad Patrona de Stradivarius\" srcset=\"https:\/\/www.dallassymphony.org\/wp-content\/uploads\/2021\/06\/Friends_to_Strad_Web_1600x900_06.07.21.jpg 1600w, https:\/\/www.dallassymphony.org\/wp-content\/uploads\/2021\/06\/Friends_to_Strad_Web_1600x900_06.07.21-300x169.jpg 300w, https:\/\/www.dallassymphony.org\/wp-content\/uploads\/2021\/06\/Friends_to_Strad_Web_1600x900_06.07.21-1024x576.jpg 1024w, https:\/\/www.dallassymphony.org\/wp-content\/uploads\/2021\/06\/Friends_to_Strad_Web_1600x900_06.07.21-768x432.jpg 768w, https:\/\/www.dallassymphony.org\/wp-content\/uploads\/2021\/06\/Friends_to_Strad_Web_1600x900_06.07.21-1536x864.jpg 1536w, https:\/\/www.dallassymphony.org\/wp-content\/uploads\/2021\/06\/Friends_to_Strad_Web_1600x900_06.07.21-16x9.jpg 16w, https:\/\/www.dallassymphony.org\/wp-content\/uploads\/2021\/06\/Friends_to_Strad_Web_1600x900_06.07.21-388x218.jpg 388w, https:\/\/www.dallassymphony.org\/wp-content\/uploads\/2021\/06\/Friends_to_Strad_Web_1600x900_06.07.21-540x303.jpg 540w, https:\/\/www.dallassymphony.org\/wp-content\/uploads\/2021\/06\/Friends_to_Strad_Web_1600x900_06.07.21-666x375.jpg 666w, https:\/\/www.dallassymphony.org\/wp-content\/uploads\/2021\/06\/Friends_to_Strad_Web_1600x900_06.07.21-735x413.jpg 735w\" sizes=\"auto, (max-width: 1600px) 100vw, 1600px\" \/>\n\t\t<div class=\"text-blue-3 sans__reg-18\"><p>Como mecenas de Stradivarius, tendr\u00e1 acceso a una amplia gama de experiencias atractivas y oportunidades entre bastidores. Adem\u00e1s, tambi\u00e9n har\u00e1 una valiosa contribuci\u00f3n a la labor de la DSO de elevar a cientos de miles de personas cada a\u00f1o a trav\u00e9s de conciertos comunitarios accesibles y programas de educaci\u00f3n musical que cambian la vida.<\/p>\n<\/div>\n\n                <a href=\"\" class=\"a-hover text-white\"><\/a>\n        \t<\/div>\n<\/div>\n\n<div class=\"richtext m-spacer\">\n\t<div class=\"container\">\n\t\t<div class=\"row\">\n\t\t\t<div class=\"col-10\">\n\t\t\t\t\n\n<h3 class=\"wp-block-heading\">Al contribuir con una generosa donaci\u00f3n de $3.000 al Fondo Anual de la DSO, se convierte en miembro de la Stradivarius Patron Society de la DSO.<\/h3>\n\n\n\n<p><strong>Los beneficios incluyen:<\/strong><\/p>\n\n\n\n<ul class=\"wp-block-list\">\n<li>Invitaciones especiales para conocer a los m\u00fasicos, directores y artistas invitados de la DSO<\/li>\n\n\n\n<li>Servicio personalizado a trav\u00e9s de un representante exclusivo de DSOative<\/li>\n\n\n\n<li>Aparcamiento gratuito y acceso a la recepci\u00f3n del intermedio del Stradivarius Patron<\/li>\n\n\n\n<li>Oportunidades \u00fanicas para conocer y relacionarse con mecenas de la DSO con ideas afines<\/li>\n\n\n\n<li>\u00danete hoy y cumple tu promesa en cualquier momento, antes del 31 de mayo de 2026. Disponemos de planes de pago mensuales y trimestrales flexibles.<\/li>\n<\/ul>\n\n\n\n<div style=\"height:14px\" aria-hidden=\"true\" class=\"wp-block-spacer\"><\/div>\n\n\n\n<div class=\"wp-block-buttons is-layout-flex wp-block-buttons-is-layout-flex\">\n<div class=\"wp-block-button\"><a class=\"wp-block-button__link has-background wp-element-button\" href=\"https:\/\/secure.dallassymphony.org\/donate\/contribute2?_gl=1*1wp1mnp*_ga*MTY1MTQ0NjAyOS4xNjkwMjE4NjAw*_ga_XN08WC97SX*MTY5MTA4MjIyMC45LjEuMTY5MTA4MzY0NS40MC4wLjA.\" style=\"border-radius:5px;background-color:#00205b\"><strong>\u00daNASE HOY MISMO<\/strong><\/a><\/div>\n<\/div>\n\n\n<div class=\"video m-spacer fixed-width\">\n    <div class=\"container\">\n        <div class=\"row\">\n            <div class=\"col-lg-12\">\n                <div class=\"video__text-wrapper\">\n                    <h2>Viva la m\u00fasica como mecenas de Stradivarius<\/h2>\n                                    <\/div>\n            <\/div>\n        <\/div>\n    <\/div>\n\n\n    <div class=\"container\">\n        <div class=\"row\">\n            <div class=\"col-lg-12\">\n                <div class=\"iframe-container\">\n                    <div class=\"video-overlay\">\n                        <button class=\"play-video\" data-trigger=\"video-c7f63924a2a4872a8d691144ed7ee38a\">\n                            <svg xmlns=\"http:\/\/www.w3.org\/2000\/svg\" viewbox=\"0 0 23.967 23.967\">\n                                <defs>\n                                    <style>\n                                        .a {\n                                            fill: none;\n                                        }\n                                        .b {\n                                            fill: #10bff1;\n                                        }\n                                    <\/style>\n                                <\/defs>\n                                <path class=\"a\" d=\"M0,0H23.967V23.967H0Z\"\/>\n                                <path class=\"b\" d=\"M9.987,16.476l5.99-4.493L9.987,7.491ZM11.983,2a9.983,9.983,0,1,0,9.983,9.983A9.987,9.987,0,0,0,11.983,2Zm0,17.97a7.987,7.987,0,1,1,7.987-7.987A8,8,0,0,1,11.983,19.97Z\"\/>\n\n                                <g class=\"test-me\">\n                                    <path class=\"a\" d=\"M0,0H23.967V23.967H0Z\"\/>\n                                    <path class=\"b\" d=\"M9.987,16.476l5.99-4.493L9.987,7.491ZM11.983,2a9.983,9.983,0,1,0,9.983,9.983A9.987,9.987,0,0,0,11.983,2Zm0,17.97a7.987,7.987,0,1,1,7.987-7.987A8,8,0,0,1,11.983,19.97Z\"\/>\n                                <\/g>\n                            <\/svg>\n                        <\/button>\n\n                    <\/div>\n\n                    <iframe mozallowfullscreen webkitallowfullscreen allowfullscreen class=\"responsive-iframe\" data-target=\"video-c7f63924a2a4872a8d691144ed7ee38a\" src=\"https:\/\/player.vimeo.com\/video\/1070479186?mute=1&#038;loop=1\"><\/iframe>\n                <\/div>\n            <\/div>\n        <\/div>\n    <\/div>\n\n    <div class=\"container\">\n        <div class=\"row\">\n            <div class=\"col-lg-12 d-flex flex-column justify-content-end\">\n                <div class=\"d-flex justify-content-end video-optional-link\">\n                    <a class=\"ml-auto\" href=\"https:\/\/www.dallassymphony.org\/es\/discover-connect\/dso-media-vault\/view\/\">\n                        <span class=\"a-styles a-hover\">NAVEGAR TODOS LOS VIDEOS<\/span>\n                    <\/a>\n                <\/div>\n                            <\/div>\n        <\/div>\n    <\/div>\n\n    <div class=\"left-grad\"><\/div>\n    <div class=\"right-grad\"><\/div>\n<\/div>\n\n\n\n<hr class=\"wp-block-separator has-css-opacity\"\/>\n\n\n\n<h4 class=\"wp-block-heading\" id=\"h-join-today-and-fulfill-your-commitment-any-time-before-may-31-2023-your-benefits-will-begin-immediately-to-make-a-pledge-today-or-to-learn-more-about-the-stradivarius-patron-society-please-contact-tanner-garrett-at-214-871-4080\">H\u00e1gase socio hoy mismo y cumpla su compromiso en cualquier momento, ya sea en su totalidad o a plazos. Sus beneficios comienzan en el momento del compromiso. Si desea comprometerse hoy o saber m\u00e1s sobre la Stradivarius Patron Society, p\u00f3ngase en contacto con Alex Small en el 214.871.4077.<\/h4>\n\n\n\n<hr class=\"wp-block-separator has-css-opacity\"\/>\n\n\n<div class=\"video m-spacer fixed-width\">\n    <div class=\"container\">\n        <div class=\"row\">\n            <div class=\"col-lg-12\">\n                <div class=\"video__text-wrapper\">\n                    <h2>Escuche a Nick Adamson<\/h2>\n                    <p>Nick Adamson, miembro del Consejo de Administraci\u00f3n, le invita a unirse a la Stradivarius Patron Society<\/p>\n                <\/div>\n            <\/div>\n        <\/div>\n    <\/div>\n\n\n    <div class=\"container\">\n        <div class=\"row\">\n            <div class=\"col-lg-12\">\n                <div class=\"iframe-container\">\n                    <div class=\"video-overlay\">\n                        <button class=\"play-video\" data-trigger=\"video-45e6977c5cbc9dd64062cfb398807f42\">\n                            <svg xmlns=\"http:\/\/www.w3.org\/2000\/svg\" viewbox=\"0 0 23.967 23.967\">\n                                <defs>\n                                    <style>\n                                        .a {\n                                            fill: none;\n                                        }\n                                        .b {\n                                            fill: #10bff1;\n                                        }\n                                    <\/style>\n                                <\/defs>\n                                <path class=\"a\" d=\"M0,0H23.967V23.967H0Z\"\/>\n                                <path class=\"b\" d=\"M9.987,16.476l5.99-4.493L9.987,7.491ZM11.983,2a9.983,9.983,0,1,0,9.983,9.983A9.987,9.987,0,0,0,11.983,2Zm0,17.97a7.987,7.987,0,1,1,7.987-7.987A8,8,0,0,1,11.983,19.97Z\"\/>\n\n                                <g class=\"test-me\">\n                                    <path class=\"a\" d=\"M0,0H23.967V23.967H0Z\"\/>\n                                    <path class=\"b\" d=\"M9.987,16.476l5.99-4.493L9.987,7.491ZM11.983,2a9.983,9.983,0,1,0,9.983,9.983A9.987,9.987,0,0,0,11.983,2Zm0,17.97a7.987,7.987,0,1,1,7.987-7.987A8,8,0,0,1,11.983,19.97Z\"\/>\n                                <\/g>\n                            <\/svg>\n                        <\/button>\n\n                    <\/div>\n\n                    <iframe mozallowfullscreen webkitallowfullscreen allowfullscreen class=\"responsive-iframe\" data-target=\"video-45e6977c5cbc9dd64062cfb398807f42\" src=\"https:\/\/player.vimeo.com\/video\/683504876?mute=1&#038;loop=1\"><\/iframe>\n                <\/div>\n            <\/div>\n        <\/div>\n    <\/div>\n\n    <div class=\"container\">\n        <div class=\"row\">\n            <div class=\"col-lg-12 d-flex flex-column justify-content-end\">\n                <div class=\"d-flex justify-content-end video-optional-link\">\n                    <a class=\"ml-auto\" href=\"https:\/\/www.dallassymphony.org\/es\/discover-connect\/dso-media-vault\/view\/\">\n                        <span class=\"a-styles a-hover\">NAVEGAR TODOS LOS VIDEOS<\/span>\n                    <\/a>\n                <\/div>\n                            <\/div>\n        <\/div>\n    <\/div>\n\n    <div class=\"left-grad\"><\/div>\n    <div class=\"right-grad\"><\/div>\n<\/div>\n\n\n\t\t\t<\/div>\n\t\t<\/div>\n\t<\/div>\n\n<\/div>","protected":false},"excerpt":{"rendered":"<p>Las contribuciones de los mecenas de Stradivarius son parte integral del fondo anual de la DSO y apoyan la excelencia art\u00edstica de la orquesta, as\u00ed como una mir\u00edada de programas educativos de la DSO.  Los mecenas disfrutan de beneficios especiales para mejorar sus experiencias en los conciertos durante toda la temporada, incluyendo oportunidades para pasar tiempo con los m\u00fasicos, recepciones privadas, el sal\u00f3n de intermedios y contenido digital \u00fanico.<\/p>","protected":false},"author":16,"featured_media":6529,"parent":0,"menu_order":0,"comment_status":"closed","ping_status":"closed","template":"","meta":{"_acf_changed":false,"footnotes":""},"class_list":["post-6487","page","type-page","status-publish","has-post-thumbnail","hentry"],"acf":[],"_links":{"self":[{"href":"https:\/\/www.dallassymphony.org\/es\/wp-json\/wp\/v2\/pages\/6487","targetHints":{"allow":["GET"]}}],"collection":[{"href":"https:\/\/www.dallassymphony.org\/es\/wp-json\/wp\/v2\/pages"}],"about":[{"href":"https:\/\/www.dallassymphony.org\/es\/wp-json\/wp\/v2\/types\/page"}],"author":[{"embeddable":true,"href":"https:\/\/www.dallassymphony.org\/es\/wp-json\/wp\/v2\/users\/16"}],"replies":[{"embeddable":true,"href":"https:\/\/www.dallassymphony.org\/es\/wp-json\/wp\/v2\/comments?post=6487"}],"version-history":[{"count":0,"href":"https:\/\/www.dallassymphony.org\/es\/wp-json\/wp\/v2\/pages\/6487\/revisions"}],"wp:featuredmedia":[{"embeddable":true,"href":"https:\/\/www.dallassymphony.org\/es\/wp-json\/wp\/v2\/media\/6529"}],"wp:attachment":[{"href":"https:\/\/www.dallassymphony.org\/es\/wp-json\/wp\/v2\/media?parent=6487"}],"curies":[{"name":"wp","href":"https:\/\/api.w.org\/{rel}","templated":true}]}}