{"id":641,"date":"2020-11-07T12:18:59","date_gmt":"2020-11-07T17:18:59","guid":{"rendered":"https:\/\/www.dallassymphony.org\/?page_id=641"},"modified":"2021-08-20T10:36:42","modified_gmt":"2021-08-20T15:36:42","slug":"endowment","status":"publish","type":"page","link":"https:\/\/www.dallassymphony.org\/es\/support-volunteer\/ways-to-give\/legacy-giving\/endowment\/","title":{"rendered":"Donaciones de fondos"},"content":{"rendered":"<div class=\"hero__no-img bg-blue-8\">\n\t<div class=\"container\">\n\t\t<div class=\"row\">\n\t\t\t<div class=\"col-md-10\">\n\n\t\t\t\t<ul class=\"breadcrumbs\">\n    \t<li class=\"breadcrumb__link\">\n\t\t<a class=\"a-hover\" href=\"https:\/\/www.dallassymphony.org\/es\/\">Inicio<\/a>\n\t<\/li>\n    \t<li class=\"breadcrumb__link a-styles\">\n\t\t<a class=\"a-hover\" href=\"https:\/\/www.dallassymphony.org\/es\/support-volunteer\/\">Apoyo y voluntariado\/participaci\u00f3n<\/a>\n\t<\/li>\n    \t<li class=\"breadcrumb__link a-styles\">\n\t\t<a class=\"a-hover\" href=\"https:\/\/www.dallassymphony.org\/es\/support-volunteer\/ways-to-give\/\">Formas de donar<\/a>\n\t<\/li>\n    \t<li class=\"breadcrumb__link a-styles\">\n\t\t<a class=\"a-hover\" href=\"https:\/\/www.dallassymphony.org\/es\/support-volunteer\/ways-to-give\/legacy-giving\/\">Donaci\u00f3n de legado<\/a>\n\t<\/li>\n    <\/ul>\n\n                \t\t\t\t<h1>\n                    <span >Donaciones de fondos<\/span>\n                <\/h1>\n                \t\t\t<\/div>\n\t\t<\/div>\n\t<\/div>\n<\/div>\n\n\n<div class=\"richtext m-spacer\">\n\t<div class=\"container\">\n\t\t<div class=\"row\">\n\t\t\t<div class=\"col-10\">\n\t\t\t\t\n\n<h2 class=\"wp-block-heading\" id=\"h-fortifying-our-financial-future\">Fortalecer nuestro futuro financiero.<\/h2>\n\n\n\n<p>Las donaciones de dotaci\u00f3n proporcionan a la Orquesta una base financiera firme para el futuro. A trav\u00e9s de las inversiones gestionadas por la Dallas Symphony Foundation, su contribuci\u00f3n a la dotaci\u00f3n proporciona a la DSO un regalo que dura para siempre y crece con el tiempo. Su donaci\u00f3n puede ser dirigida a un prop\u00f3sito o programa espec\u00edfico, o puede ser dada como una donaci\u00f3n sin restricciones.<\/p>\n\n\n\t\t\t<\/div>\n\t\t<\/div>\n\t<\/div>\n\n<\/div>\n\n\n<div class=\"text-img text-img--right\">\n\t<div class=\"container\">\n\t\t<div class=\"row\">\n\t\t\t<div class=\"col-lg-12\">\n\t\t\t\t<div class=\"text-img__wrapper\">\n\t\t\t\t\t<h1>Para m\u00e1s informaci\u00f3n sobre las donaciones<\/h1>\n\n                    <img loading=\"lazy\" decoding=\"async\" width=\"666\" height=\"375\" src=\"https:\/\/www.dallassymphony.org\/wp-content\/uploads\/2020\/11\/Toni-Miller-1600-x-1076-1-666x375.jpg\" class=\"d-xl-none d-block\" alt=\"Toni Miller, CAP\u00ae, Gerente Senior de Dotaci\u00f3n y Donaciones Planificadas, Orquesta Sinf\u00f3nica de Dallas\" srcset=\"https:\/\/www.dallassymphony.org\/wp-content\/uploads\/2020\/11\/Toni-Miller-1600-x-1076-1-666x375.jpg 666w, https:\/\/www.dallassymphony.org\/wp-content\/uploads\/2020\/11\/Toni-Miller-1600-x-1076-1-388x218.jpg 388w, https:\/\/www.dallassymphony.org\/wp-content\/uploads\/2020\/11\/Toni-Miller-1600-x-1076-1-540x303.jpg 540w, https:\/\/www.dallassymphony.org\/wp-content\/uploads\/2020\/11\/Toni-Miller-1600-x-1076-1-735x413.jpg 735w, https:\/\/www.dallassymphony.org\/wp-content\/uploads\/2020\/11\/Toni-Miller-1600-x-1076-1-768x432.jpg 768w, https:\/\/www.dallassymphony.org\/wp-content\/uploads\/2020\/11\/Toni-Miller-1600-x-1076-1-1600x900.jpg 1600w\" sizes=\"auto, (max-width: 666px) 100vw, 666px\" \/>\n\t\t\t\t\t<p>Contacte con Toni Miller, CAP<sup>\u00ae<\/sup>, Gerente Superior de Dotaci\u00f3n y Donaciones Planificadas, en 214.871.4078 o <a href=\"mailto:t.miller@dalsym.com\">t.miller@dalsym.com<\/a>.<\/p>\n\n                    \n                <\/div>\n                <img loading=\"lazy\" decoding=\"async\" width=\"1600\" height=\"900\" src=\"https:\/\/www.dallassymphony.org\/wp-content\/uploads\/2020\/11\/Toni-Miller-1600-x-1076-1-1600x900.jpg\" class=\"d-none d-xl-block ml-auto\" alt=\"Toni Miller, CAP\u00ae, Gerente Senior de Dotaci\u00f3n y Donaciones Planificadas, Orquesta Sinf\u00f3nica de Dallas\" srcset=\"https:\/\/www.dallassymphony.org\/wp-content\/uploads\/2020\/11\/Toni-Miller-1600-x-1076-1-1600x900.jpg 1600w, https:\/\/www.dallassymphony.org\/wp-content\/uploads\/2020\/11\/Toni-Miller-1600-x-1076-1-388x218.jpg 388w, https:\/\/www.dallassymphony.org\/wp-content\/uploads\/2020\/11\/Toni-Miller-1600-x-1076-1-540x303.jpg 540w, https:\/\/www.dallassymphony.org\/wp-content\/uploads\/2020\/11\/Toni-Miller-1600-x-1076-1-666x375.jpg 666w, https:\/\/www.dallassymphony.org\/wp-content\/uploads\/2020\/11\/Toni-Miller-1600-x-1076-1-735x413.jpg 735w, https:\/\/www.dallassymphony.org\/wp-content\/uploads\/2020\/11\/Toni-Miller-1600-x-1076-1-768x432.jpg 768w\" sizes=\"auto, (max-width: 1600px) 100vw, 1600px\" \/>\t\t\t<\/div>\n\t\t<\/div>\n\t<\/div>\n<\/div>","protected":false},"excerpt":{"rendered":"<p>La DSO est\u00e1 en medio de una campa\u00f1a de dotaci\u00f3n para aumentar la dotaci\u00f3n en $100.000 para apoyar a la orquesta en las pr\u00f3ximas d\u00e9cadas.  Cada donaci\u00f3n nos ayuda a acercarnos a nuestros objetivos financieros y a garantizar el futuro de la gran m\u00fasica en Dallas para la pr\u00f3xima generaci\u00f3n de ciudadanos. <\/p>","protected":false},"author":3,"featured_media":1906,"parent":639,"menu_order":0,"comment_status":"closed","ping_status":"closed","template":"","meta":{"_acf_changed":false,"footnotes":""},"class_list":["post-641","page","type-page","status-publish","has-post-thumbnail","hentry"],"acf":[],"_links":{"self":[{"href":"https:\/\/www.dallassymphony.org\/es\/wp-json\/wp\/v2\/pages\/641","targetHints":{"allow":["GET"]}}],"collection":[{"href":"https:\/\/www.dallassymphony.org\/es\/wp-json\/wp\/v2\/pages"}],"about":[{"href":"https:\/\/www.dallassymphony.org\/es\/wp-json\/wp\/v2\/types\/page"}],"author":[{"embeddable":true,"href":"https:\/\/www.dallassymphony.org\/es\/wp-json\/wp\/v2\/users\/3"}],"replies":[{"embeddable":true,"href":"https:\/\/www.dallassymphony.org\/es\/wp-json\/wp\/v2\/comments?post=641"}],"version-history":[{"count":0,"href":"https:\/\/www.dallassymphony.org\/es\/wp-json\/wp\/v2\/pages\/641\/revisions"}],"up":[{"embeddable":true,"href":"https:\/\/www.dallassymphony.org\/es\/wp-json\/wp\/v2\/pages\/639"}],"wp:featuredmedia":[{"embeddable":true,"href":"https:\/\/www.dallassymphony.org\/es\/wp-json\/wp\/v2\/media\/1906"}],"wp:attachment":[{"href":"https:\/\/www.dallassymphony.org\/es\/wp-json\/wp\/v2\/media?parent=641"}],"curies":[{"name":"wp","href":"https:\/\/api.w.org\/{rel}","templated":true}]}}