{"id":637,"date":"2020-11-07T12:17:53","date_gmt":"2020-11-07T17:17:53","guid":{"rendered":"https:\/\/www.dallassymphony.org\/?page_id=637"},"modified":"2025-08-24T12:05:53","modified_gmt":"2025-08-24T17:05:53","slug":"foundation-government-giving","status":"publish","type":"page","link":"https:\/\/www.dallassymphony.org\/es\/support-volunteer\/ways-to-give\/foundation-government-giving\/","title":{"rendered":"Fundaci\u00f3n y donaciones del gobierno"},"content":{"rendered":"<div class=\"hero__no-img bg-blue-8\">\n\t<div class=\"container\">\n\t\t<div class=\"row\">\n\t\t\t<div class=\"col-md-10\">\n\n\t\t\t\t<ul class=\"breadcrumbs\">\n    \t<li class=\"breadcrumb__link\">\n\t\t<a class=\"a-hover\" href=\"https:\/\/www.dallassymphony.org\/es\/\">Inicio<\/a>\n\t<\/li>\n    \t<li class=\"breadcrumb__link a-styles\">\n\t\t<a class=\"a-hover\" href=\"https:\/\/www.dallassymphony.org\/es\/support-volunteer\/\">Apoyo y voluntariado\/participaci\u00f3n<\/a>\n\t<\/li>\n    \t<li class=\"breadcrumb__link a-styles\">\n\t\t<a class=\"a-hover\" href=\"https:\/\/www.dallassymphony.org\/es\/support-volunteer\/ways-to-give\/\">Formas de donar<\/a>\n\t<\/li>\n    <\/ul>\n\n                \t\t\t\t<h1>\n                    <span >Fundaci\u00f3n y donaciones del gobierno<\/span>\n                <\/h1>\n                \t\t\t<\/div>\n\t\t<\/div>\n\t<\/div>\n<\/div>\n\n\n<div class=\"richtext m-spacer\">\n\t<div class=\"container\">\n\t\t<div class=\"row\">\n\t\t\t<div class=\"col-10\">\n\t\t\t\t\n\n<h2 class=\"wp-block-heading\" id=\"h-amplifying-our-connection-with-the-community\">Ampliar nuestra conexi\u00f3n con la comunidad<\/h2>\n\n\n\n<p>El apoyo de la fundaci\u00f3n y del gobierno ayuda a la DSO a construir y ampliar sus programas educativos, series de conciertos gratuitos, numerosas iniciativas de compromiso comunitarioative y prioridades de EDI.  Estos regalos amplifican nuestra conexi\u00f3n e interacci\u00f3n con la comunidad y nos ayudan a desarrollar nuevas audiencias para todos nuestros conciertos.<\/p>\n\n\n\n<h2 class=\"wp-block-heading\" id=\"h-join-the-dso-s-foundation-supporters\">\u00danase a los partidarios de la fundaci\u00f3n de la DSO<\/h2>\n\n\n\n<p>Como miembros de una comunidad sin fines de lucro, su fundaci\u00f3n y la Sinf\u00f3nica de Dallas comparten un objetivo com\u00fan: enriquecer y mejorar las vidas. Lo hacemos con la m\u00fasica.<\/p>\n\n\n\n<figure class=\"wp-block-image size-large\"><img loading=\"lazy\" decoding=\"async\" width=\"1024\" height=\"689\" src=\"https:\/\/www.dallassymphony.org\/wp-content\/uploads\/2020\/12\/My-DSO-1600-x-1076-1024x689.png\" alt=\"\" class=\"wp-image-4834\" srcset=\"https:\/\/www.dallassymphony.org\/wp-content\/uploads\/2020\/12\/My-DSO-1600-x-1076-1024x689.png 1024w, https:\/\/www.dallassymphony.org\/wp-content\/uploads\/2020\/12\/My-DSO-1600-x-1076-300x202.png 300w, https:\/\/www.dallassymphony.org\/wp-content\/uploads\/2020\/12\/My-DSO-1600-x-1076-768x516.png 768w, https:\/\/www.dallassymphony.org\/wp-content\/uploads\/2020\/12\/My-DSO-1600-x-1076-1536x1033.png 1536w, https:\/\/www.dallassymphony.org\/wp-content\/uploads\/2020\/12\/My-DSO-1600-x-1076-16x12.png 16w, https:\/\/www.dallassymphony.org\/wp-content\/uploads\/2020\/12\/My-DSO-1600-x-1076-350x234.png 350w, https:\/\/www.dallassymphony.org\/wp-content\/uploads\/2020\/12\/My-DSO-1600-x-1076.png 1600w\" sizes=\"auto, (max-width: 1024px) 100vw, 1024px\" \/><figcaption class=\"wp-element-caption\">2020 Mi concierto DSO<\/figcaption><\/figure>\n\n\n\n<p>Cuando usted combina los recursos financieros de su fundaci\u00f3n con la experiencia art\u00edstica y profesional de la DSO, todos se benefician: su fundaci\u00f3n avanza en su misi\u00f3n, la DSO recibe la financiaci\u00f3n necesaria y, lo que es m\u00e1s importante, la comunidad se enriquece al tener acceso a oportunidades culturales y educativas del m\u00e1s alto calibre.<\/p>\n\n\n\n<p>\u00danase a los colaboradores de la fundaci\u00f3n de la DSO y marque la diferencia en las vidas de cientos de miles de residentes y visitantes del norte de Texas que se benefician de las iniciativas art\u00edsticas, educativas y de compromiso con la comunidad de gran alcance de la Orquestaative.<\/p>\n\n\n\t\t\t<\/div>\n\t\t<\/div>\n\t<\/div>\n\n<\/div>\n\n\n<div class=\"text-img text-img--left\">\n\t<div class=\"container\">\n\t\t<div class=\"row\">\n\t\t\t<div class=\"col-lg-12\">\n\t\t\t\t<div class=\"text-img__wrapper\">\n\t\t\t\t\t<h1>Para m\u00e1s informaci\u00f3n, <\/h1>\n\n                    <img loading=\"lazy\" decoding=\"async\" width=\"666\" height=\"375\" src=\"https:\/\/www.dallassymphony.org\/wp-content\/uploads\/2020\/12\/Foundation-and-Government-Giving-1600-x-1076-1-666x375.jpg\" class=\"d-xl-none d-block\" alt=\"Una ni\u00f1a peque\u00f1a tocando un tambor en un concierto del DSO Parks\" srcset=\"https:\/\/www.dallassymphony.org\/wp-content\/uploads\/2020\/12\/Foundation-and-Government-Giving-1600-x-1076-1-666x375.jpg 666w, https:\/\/www.dallassymphony.org\/wp-content\/uploads\/2020\/12\/Foundation-and-Government-Giving-1600-x-1076-1-388x218.jpg 388w, https:\/\/www.dallassymphony.org\/wp-content\/uploads\/2020\/12\/Foundation-and-Government-Giving-1600-x-1076-1-540x303.jpg 540w, https:\/\/www.dallassymphony.org\/wp-content\/uploads\/2020\/12\/Foundation-and-Government-Giving-1600-x-1076-1-735x413.jpg 735w, https:\/\/www.dallassymphony.org\/wp-content\/uploads\/2020\/12\/Foundation-and-Government-Giving-1600-x-1076-1-768x432.jpg 768w, https:\/\/www.dallassymphony.org\/wp-content\/uploads\/2020\/12\/Foundation-and-Government-Giving-1600-x-1076-1-1600x900.jpg 1600w\" sizes=\"auto, (max-width: 666px) 100vw, 666px\" \/>\n\t\t\t\t\t<p>P\u00f3ngase en contacto con Mark Valenzuela, Director de Investigaci\u00f3n de Perspectivas y Fundaciones en <a href=\"mailto:m.valenzuela@dalsym.com\">m.valenzuela@dalsym.com<\/a> o 214-871-4529.<\/p>\n\n                    \n                <\/div>\n                <img loading=\"lazy\" decoding=\"async\" width=\"1600\" height=\"900\" src=\"https:\/\/www.dallassymphony.org\/wp-content\/uploads\/2020\/12\/Foundation-and-Government-Giving-1600-x-1076-1-1600x900.jpg\" class=\"d-none d-xl-block\" alt=\"Una ni\u00f1a peque\u00f1a tocando un tambor en un concierto del DSO Parks\" srcset=\"https:\/\/www.dallassymphony.org\/wp-content\/uploads\/2020\/12\/Foundation-and-Government-Giving-1600-x-1076-1-1600x900.jpg 1600w, https:\/\/www.dallassymphony.org\/wp-content\/uploads\/2020\/12\/Foundation-and-Government-Giving-1600-x-1076-1-388x218.jpg 388w, https:\/\/www.dallassymphony.org\/wp-content\/uploads\/2020\/12\/Foundation-and-Government-Giving-1600-x-1076-1-540x303.jpg 540w, https:\/\/www.dallassymphony.org\/wp-content\/uploads\/2020\/12\/Foundation-and-Government-Giving-1600-x-1076-1-666x375.jpg 666w, https:\/\/www.dallassymphony.org\/wp-content\/uploads\/2020\/12\/Foundation-and-Government-Giving-1600-x-1076-1-735x413.jpg 735w, https:\/\/www.dallassymphony.org\/wp-content\/uploads\/2020\/12\/Foundation-and-Government-Giving-1600-x-1076-1-768x432.jpg 768w\" sizes=\"auto, (max-width: 1600px) 100vw, 1600px\" \/>\t\t\t<\/div>\n\t\t<\/div>\n\t<\/div>\n<\/div>","protected":false},"excerpt":{"rendered":"<p>El apoyo de la fundaci\u00f3n y del gobierno ayuda a la DSO a construir y ampliar sus programas educativos, series de conciertos gratuitos, numerosas iniciativas de compromiso comunitarioative y prioridades de EDI. <\/p>","protected":false},"author":3,"featured_media":1900,"parent":27888,"menu_order":0,"comment_status":"closed","ping_status":"closed","template":"","meta":{"_acf_changed":false,"footnotes":""},"class_list":["post-637","page","type-page","status-publish","has-post-thumbnail","hentry"],"acf":[],"_links":{"self":[{"href":"https:\/\/www.dallassymphony.org\/es\/wp-json\/wp\/v2\/pages\/637","targetHints":{"allow":["GET"]}}],"collection":[{"href":"https:\/\/www.dallassymphony.org\/es\/wp-json\/wp\/v2\/pages"}],"about":[{"href":"https:\/\/www.dallassymphony.org\/es\/wp-json\/wp\/v2\/types\/page"}],"author":[{"embeddable":true,"href":"https:\/\/www.dallassymphony.org\/es\/wp-json\/wp\/v2\/users\/3"}],"replies":[{"embeddable":true,"href":"https:\/\/www.dallassymphony.org\/es\/wp-json\/wp\/v2\/comments?post=637"}],"version-history":[{"count":0,"href":"https:\/\/www.dallassymphony.org\/es\/wp-json\/wp\/v2\/pages\/637\/revisions"}],"up":[{"embeddable":true,"href":"https:\/\/www.dallassymphony.org\/es\/wp-json\/wp\/v2\/pages\/27888"}],"wp:featuredmedia":[{"embeddable":true,"href":"https:\/\/www.dallassymphony.org\/es\/wp-json\/wp\/v2\/media\/1900"}],"wp:attachment":[{"href":"https:\/\/www.dallassymphony.org\/es\/wp-json\/wp\/v2\/media?parent=637"}],"curies":[{"name":"wp","href":"https:\/\/api.w.org\/{rel}","templated":true}]}}