{"id":635,"date":"2020-11-07T12:16:52","date_gmt":"2020-11-07T17:16:52","guid":{"rendered":"https:\/\/www.dallassymphony.org\/?page_id=635"},"modified":"2026-01-05T16:18:52","modified_gmt":"2026-01-05T22:18:52","slug":"friends-of-the-dso","status":"publish","type":"page","link":"https:\/\/www.dallassymphony.org\/es\/support-volunteer\/ways-to-give\/friends-of-the-dso\/","title":{"rendered":"La donaci\u00f3n individual"},"content":{"rendered":"<div class=\"hero__no-img bg-blue-8\">\n\t<div class=\"container\">\n\t\t<div class=\"row\">\n\t\t\t<div class=\"col-md-10\">\n\n\t\t\t\t<ul class=\"breadcrumbs\">\n    \t<li class=\"breadcrumb__link\">\n\t\t<a class=\"a-hover\" href=\"https:\/\/www.dallassymphony.org\/es\/\">Inicio<\/a>\n\t<\/li>\n    \t<li class=\"breadcrumb__link a-styles\">\n\t\t<a class=\"a-hover\" href=\"https:\/\/www.dallassymphony.org\/es\/support-volunteer\/\">Apoyo y voluntariado\/participaci\u00f3n<\/a>\n\t<\/li>\n    \t<li class=\"breadcrumb__link a-styles\">\n\t\t<a class=\"a-hover\" href=\"https:\/\/www.dallassymphony.org\/es\/support-volunteer\/ways-to-give\/\">Formas de donar<\/a>\n\t<\/li>\n    <\/ul>\n\n                \t\t\t\t<h1>\n                    <span >La donaci\u00f3n individual<\/span>\n                <\/h1>\n                \t\t\t<\/div>\n\t\t<\/div>\n\t<\/div>\n<\/div>\n\n\n<div class=\"richtext m-spacer\">\n\t<div class=\"container\">\n\t\t<div class=\"row\">\n\t\t\t<div class=\"col-10\">\n\t\t\t\t\n\n<hr class=\"wp-block-separator has-css-opacity\"\/>\n\n\n\n<p class=\"has-text-align-center\"><a href=\"https:\/\/www.dallassymphony.org\/es\/support-volunteer\/friends-of-the-dso\/#friends\">Sociedad de Patrones y Maestros de Stradivarius<\/a> | <a href=\"https:\/\/www.dallassymphony.org\/es\/support-volunteer\/friends-of-the-dso\/#strad\">Amigos de la DSO<\/a> | <a href=\"https:\/\/www.dallassymphony.org\/es\/support-volunteer\/friends-of-the-dso\/#matching\">Regalos de contrapartida<\/a><\/p>\n\n\n\n<hr class=\"wp-block-separator has-alpha-channel-opacity\" id=\"friends\"\/>\n\n\n\n<div style=\"height:30px\" aria-hidden=\"true\" class=\"wp-block-spacer\"><\/div>\n\n\n\t\t\t<\/div>\n\t\t<\/div>\n\t<\/div>\n\n<\/div>\n\n\n<div class=\"dso__accordion m-spacer\">\n    <div class=\"container\">\n        <div class=\"row\">\n            <div class=\"col-lg-12\">\n                <div class=\"accordion__intro-wrapper\">\n                    <h1>Sociedad de Patrones y Maestros de Stradivarius<\/h1>\n                    <p>Las contribuciones de los mecenas de Stradivarius y de la Sociedad de Maestros forman parte del fondo anual de la DSO y apoyan la excelencia art\u00edstica de la orquesta, as\u00ed como una gran cantidad de programas educativos de la DSO.  Los mecenas disfrutan de beneficios especiales para mejorar sus experiencias en los conciertos durante toda la temporada, incluyendo oportunidades para pasar tiempo con los m\u00fasicos, recepciones privadas, el sal\u00f3n de intermedios y contenido digital \u00fanico.<\/p>\n                <\/div>\n            <\/div>\n        <\/div>\n\t\t<div class=\"row\">\n\t\t\t<div class=\"col-md-10 offset-md-1\">\n\t\t\t\t<div class=\"accordion\" id=\"accordion-d41d8cd98f00b204e9800998ecf8427e\">\n\t\t\t\t\t<div class=\"card\">\n\t<button id=\"heading428801362489fd84f04048936ea540bc\" class=\"dso__accordion-toggle\" type=\"button\" data-toggle=\"collapse\" data-target=\"#collapse428801362489fd84f04048936ea540bc\" aria-expanded=\"false\" aria-controls=\"collapse428801362489fd84f04048936ea540bc\">\n\t\tMecenas Stradivarius ($3,000 - $49,999)\t\t<span class=\"plus-sign\">\n            <svg xmlns=\"http:\/\/www.w3.org\/2000\/svg\" width=\"25\" height=\"25\" viewbox=\"0 0 25 25\">\n                <g transform=\"translate(211.054 -145.186) rotate(135)\"><rect width=\"25\" height=\"3\" transform=\"translate(242.001 36.678) rotate(-45)\"\/><rect width=\"25\" height=\"3\" transform=\"translate(244.12 19) rotate(45)\"\/><\/g>\n            <\/svg>\n        <\/span>\n\t<\/button>\n\n\t<div id=\"collapse428801362489fd84f04048936ea540bc\" class=\"collapse\" aria-labelledby=\"heading428801362489fd84f04048936ea540bc\" data-parent=\"#accordion-d41d8cd98f00b204e9800998ecf8427e\">\n\t\t<div class=\"card-body\">\n\t\t\t<p><img loading=\"lazy\" decoding=\"async\" class=\"aligncenter size-full wp-image-29748\" src=\"https:\/\/www.dallassymphony.org\/wp-content\/uploads\/2026\/01\/DonorCharts_Strad-01-02.jpg\" alt=\"\" width=\"1200\" height=\"1346\" srcset=\"https:\/\/www.dallassymphony.org\/wp-content\/uploads\/2026\/01\/DonorCharts_Strad-01-02.jpg 1200w, https:\/\/www.dallassymphony.org\/wp-content\/uploads\/2026\/01\/DonorCharts_Strad-01-02-267x300.jpg 267w, https:\/\/www.dallassymphony.org\/wp-content\/uploads\/2026\/01\/DonorCharts_Strad-01-02-913x1024.jpg 913w, https:\/\/www.dallassymphony.org\/wp-content\/uploads\/2026\/01\/DonorCharts_Strad-01-02-768x861.jpg 768w, https:\/\/www.dallassymphony.org\/wp-content\/uploads\/2026\/01\/DonorCharts_Strad-01-02-11x12.jpg 11w\" sizes=\"auto, (max-width: 1200px) 100vw, 1200px\" \/><\/p>\n\t\t<\/div>\n\t<\/div>\n<\/div><div class=\"card\">\n\t<button id=\"headingc382b77d6fb5b48dc0de0625624aa9b0\" class=\"dso__accordion-toggle\" type=\"button\" data-toggle=\"collapse\" data-target=\"#collapsec382b77d6fb5b48dc0de0625624aa9b0\" aria-expanded=\"false\" aria-controls=\"collapsec382b77d6fb5b48dc0de0625624aa9b0\">\n\t\tSociedad Maestro ($50,000+)\t\t<span class=\"plus-sign\">\n            <svg xmlns=\"http:\/\/www.w3.org\/2000\/svg\" width=\"25\" height=\"25\" viewbox=\"0 0 25 25\">\n                <g transform=\"translate(211.054 -145.186) rotate(135)\"><rect width=\"25\" height=\"3\" transform=\"translate(242.001 36.678) rotate(-45)\"\/><rect width=\"25\" height=\"3\" transform=\"translate(244.12 19) rotate(45)\"\/><\/g>\n            <\/svg>\n        <\/span>\n\t<\/button>\n\n\t<div id=\"collapsec382b77d6fb5b48dc0de0625624aa9b0\" class=\"collapse\" aria-labelledby=\"headingc382b77d6fb5b48dc0de0625624aa9b0\" data-parent=\"#accordion-d41d8cd98f00b204e9800998ecf8427e\">\n\t\t<div class=\"card-body\">\n\t\t\t<p><img loading=\"lazy\" decoding=\"async\" class=\"aligncenter size-full wp-image-29747\" src=\"https:\/\/www.dallassymphony.org\/wp-content\/uploads\/2026\/01\/DonorCharts_Maestro-01-02.jpg\" alt=\"\" width=\"1200\" height=\"1692\" srcset=\"https:\/\/www.dallassymphony.org\/wp-content\/uploads\/2026\/01\/DonorCharts_Maestro-01-02.jpg 1200w, https:\/\/www.dallassymphony.org\/wp-content\/uploads\/2026\/01\/DonorCharts_Maestro-01-02-213x300.jpg 213w, https:\/\/www.dallassymphony.org\/wp-content\/uploads\/2026\/01\/DonorCharts_Maestro-01-02-726x1024.jpg 726w, https:\/\/www.dallassymphony.org\/wp-content\/uploads\/2026\/01\/DonorCharts_Maestro-01-02-768x1083.jpg 768w, https:\/\/www.dallassymphony.org\/wp-content\/uploads\/2026\/01\/DonorCharts_Maestro-01-02-1089x1536.jpg 1089w, https:\/\/www.dallassymphony.org\/wp-content\/uploads\/2026\/01\/DonorCharts_Maestro-01-02-9x12.jpg 9w\" sizes=\"auto, (max-width: 1200px) 100vw, 1200px\" \/><\/p>\n\t\t<\/div>\n\t<\/div>\n<\/div>\t\t\t\t<\/div>\n\t\t\t<\/div>\n\t\t<\/div>\n\t<\/div>\n<\/div>\n\n\n<div class=\"richtext m-spacer\">\n\t<div class=\"container\">\n\t\t<div class=\"row\">\n\t\t\t<div class=\"col-10\">\n\t\t\t\t\n\n<div class=\"wp-block-buttons is-layout-flex wp-block-buttons-is-layout-flex\">\n<div class=\"wp-block-button\"><a class=\"wp-block-button__link has-white-color has-text-color has-background wp-element-button\" href=\"https:\/\/secure.dallassymphony.org\/donate\/contribute1\" style=\"border-radius:5px;background-color:#00205b\">H\u00e1gase mecenas de Stradivarius<\/a><\/div>\n<\/div>\n\n\n\n<hr class=\"wp-block-separator has-alpha-channel-opacity\" id=\"strad\"\/>\n\n\n\t\t\t<\/div>\n\t\t<\/div>\n\t<\/div>\n\n<\/div>\n\n\n<div class=\"richtext m-spacer\">\n\t<div class=\"container\">\n\t\t<div class=\"row\">\n\t\t\t<div class=\"col-10\">\n\t\t\t\t\n\t\t\t<\/div>\n\t\t<\/div>\n\t<\/div>\n\n<\/div>\n\n\n<div class=\"dso__accordion m-spacer\">\n    <div class=\"container\">\n        <div class=\"row\">\n            <div class=\"col-lg-12\">\n                <div class=\"accordion__intro-wrapper\">\n                    <h1>Amigos de la DSO<\/h1>\n                    <p>El apoyo anual de nuestros Amigos de la DSO financia los programas principales, incluyendo las series de m\u00fasica cl\u00e1sica y pop, los programas de educaci\u00f3n y compromiso con la comunidad, y el funcionamiento del Centro Sinf\u00f3nico Meyerson.  La generosidad de los miembros del fondo anual ha contribuido al \u00e9xito de la orquesta y a su lugar en la comunidad art\u00edstica.  Estas donaciones nos han permitido ampliar nuestro alcance e impacto en la comunidad de Dallas.<\/p>\n                <\/div>\n            <\/div>\n        <\/div>\n\t\t<div class=\"row\">\n\t\t\t<div class=\"col-md-10 offset-md-1\">\n\t\t\t\t<div class=\"accordion\" id=\"accordion-d41d8cd98f00b204e9800998ecf8427e\">\n\t\t\t\t\t<div class=\"card\">\n\t<button id=\"headinga789dc7b2c9fab97ffb5457bf5fe0c4c\" class=\"dso__accordion-toggle\" type=\"button\" data-toggle=\"collapse\" data-target=\"#collapsea789dc7b2c9fab97ffb5457bf5fe0c4c\" aria-expanded=\"false\" aria-controls=\"collapsea789dc7b2c9fab97ffb5457bf5fe0c4c\">\n\t\tAmigos de DSO ($25 - $2.999)\t\t<span class=\"plus-sign\">\n            <svg xmlns=\"http:\/\/www.w3.org\/2000\/svg\" width=\"25\" height=\"25\" viewbox=\"0 0 25 25\">\n                <g transform=\"translate(211.054 -145.186) rotate(135)\"><rect width=\"25\" height=\"3\" transform=\"translate(242.001 36.678) rotate(-45)\"\/><rect width=\"25\" height=\"3\" transform=\"translate(244.12 19) rotate(45)\"\/><\/g>\n            <\/svg>\n        <\/span>\n\t<\/button>\n\n\t<div id=\"collapsea789dc7b2c9fab97ffb5457bf5fe0c4c\" class=\"collapse\" aria-labelledby=\"headinga789dc7b2c9fab97ffb5457bf5fe0c4c\" data-parent=\"#accordion-d41d8cd98f00b204e9800998ecf8427e\">\n\t\t<div class=\"card-body\">\n\t\t\t<p><img loading=\"lazy\" decoding=\"async\" class=\"aligncenter size-full wp-image-29749\" src=\"https:\/\/www.dallassymphony.org\/wp-content\/uploads\/2026\/01\/DonorCharts_Friends-01-02.jpg\" alt=\"\" width=\"1200\" height=\"1377\" srcset=\"https:\/\/www.dallassymphony.org\/wp-content\/uploads\/2026\/01\/DonorCharts_Friends-01-02.jpg 1200w, https:\/\/www.dallassymphony.org\/wp-content\/uploads\/2026\/01\/DonorCharts_Friends-01-02-261x300.jpg 261w, https:\/\/www.dallassymphony.org\/wp-content\/uploads\/2026\/01\/DonorCharts_Friends-01-02-892x1024.jpg 892w, https:\/\/www.dallassymphony.org\/wp-content\/uploads\/2026\/01\/DonorCharts_Friends-01-02-768x881.jpg 768w, https:\/\/www.dallassymphony.org\/wp-content\/uploads\/2026\/01\/DonorCharts_Friends-01-02-10x12.jpg 10w\" sizes=\"auto, (max-width: 1200px) 100vw, 1200px\" \/><\/p>\n\t\t<\/div>\n\t<\/div>\n<\/div>\t\t\t\t<\/div>\n\t\t\t<\/div>\n\t\t<\/div>\n\t<\/div>\n<\/div>\n\n\n<div class=\"richtext m-spacer\">\n\t<div class=\"container\">\n\t\t<div class=\"row\">\n\t\t\t<div class=\"col-10\">\n\t\t\t\t\n\n<div class=\"wp-block-buttons is-layout-flex wp-block-buttons-is-layout-flex\">\n<div class=\"wp-block-button\"><a class=\"wp-block-button__link has-white-color has-text-color has-background wp-element-button\" href=\"https:\/\/secure.dallassymphony.org\/donate\/contribute1\" style=\"border-radius:5px;background-color:#00205b\">Convi\u00e9rtete en un amigo de la DSO<\/a><\/div>\n<\/div>\n\n\n\n<hr class=\"wp-block-separator has-alpha-channel-opacity\" id=\"matching\"\/>\n\n\n\n<div style=\"height:10px\" aria-hidden=\"true\" class=\"wp-block-spacer\"><\/div>\n\n\n\n<h1 class=\"wp-block-heading\" id=\"h-matching-gifts\">Regalos de contrapartida<\/h1>\n\n\n\n<h2 class=\"wp-block-heading\" id=\"h-amplify-the-impact-of-your-donation-by-taking-advantage-of-your-company-s-matching-gift-program\">Ampl\u00ede el impacto de su donaci\u00f3n aprovechando el programa de donaciones de contrapartida de su empresa<\/h2>\n\n\n\n<p>Muchas empresas complementar\u00e1n la filantrop\u00eda de los empleados con una donaci\u00f3n de contrapartida, lo que tendr\u00e1 un mayor impacto en la DSO y en la comunidad.  Los donantes individuales reciben los beneficios y el reconocimiento por la donaci\u00f3n combinada.&nbsp;<\/p>\n\n\n\n<p>Estas son algunas de las empresas que actualmente apoyan a la Sinf\u00f3nica de Dallas a trav\u00e9s de regalos en nombre de sus empleados:<\/p>\n\n\n\n<div class=\"wp-block-columns is-layout-flex wp-container-core-columns-is-layout-9d6595d7 wp-block-columns-is-layout-flex\">\n<div class=\"wp-block-column is-layout-flow wp-block-column-is-layout-flow\">\n<ul class=\"wp-block-list\">\n<li>Aetna<\/li>\n\n\n\n<li>AT&amp;T<\/li>\n\n\n\n<li>Banco de Am\u00e9rica<\/li>\n\n\n\n<li>Boeing<\/li>\n\n\n\n<li>Boston Consulting Group<\/li>\n\n\n\n<li>Capstone Partners, LP<\/li>\n\n\n\n<li>Computer Associates International Co.<\/li>\n\n\n\n<li>Dean Foods<\/li>\n\n\n\n<li>Deutsche Bank Am\u00e9rica<\/li>\n\n\n\n<li>Eli Lilly y Compa\u00f1\u00eda<\/li>\n\n\n\n<li>Fundaci\u00f3n GE<\/li>\n\n\n\n<li>Dar con la libertad<\/li>\n<\/ul>\n<\/div>\n\n\n\n<div class=\"wp-block-column is-layout-flow wp-block-column-is-layout-flow\">\n<ul class=\"wp-block-list\">\n<li>Goldman Sachs<\/li>\n\n\n\n<li>Hunt Consolidated, Inc.<\/li>\n\n\n\n<li>IBM Corporation<\/li>\n\n\n\n<li>JPMorgan Chase &amp; Co.<\/li>\n\n\n\n<li>Juniper Networks<\/li>\n\n\n\n<li>Kimberly-Clark<\/li>\n\n\n\n<li>Macy's<\/li>\n\n\n\n<li>Fundaci\u00f3n Maverick Capital<\/li>\n\n\n\n<li>Fundaci\u00f3n Meadows<\/li>\n\n\n\n<li>Merrill Lynch<\/li>\n\n\n\n<li>Microsoft<\/li>\n\n\n\n<li>Neiman Marcus<\/li>\n<\/ul>\n<\/div>\n\n\n\n<div class=\"wp-block-column is-layout-flow wp-block-column-is-layout-flow\">\n<ul class=\"wp-block-list\">\n<li>Northern Trust Company<\/li>\n\n\n\n<li>PepsiCo<\/li>\n\n\n\n<li>PNC<\/li>\n\n\n\n<li>Raytheon<\/li>\n\n\n\n<li>Sprint<\/li>\n\n\n\n<li>Texas Instruments<\/li>\n\n\n\n<li>La Corporaci\u00f3n Rosewood<\/li>\n\n\n\n<li>La Compa\u00f1\u00eda Walt Disney<\/li>\n\n\n\n<li>Travelers Co.<\/li>\n\n\n\n<li>Verizon<\/li>\n\n\n\n<li>Vivendi<\/li>\n<\/ul>\n<\/div>\n<\/div>\n\n\n\t\t\t<\/div>\n\t\t<\/div>\n\t<\/div>\n\n<\/div>\n\n\n<div class=\"richtext m-spacer\">\n\t<div class=\"container\">\n\t\t<div class=\"row\">\n\t\t\t<div class=\"col-10\">\n\t\t\t\t\n\t\t\t<\/div>\n\t\t<\/div>\n\t<\/div>\n\n<\/div>\n\n\n<div class=\"text-img text-img--left\">\n\t<div class=\"container\">\n\t\t<div class=\"row\">\n\t\t\t<div class=\"col-lg-12\">\n\t\t\t\t<div class=\"text-img__wrapper\">\n\t\t\t\t\t<h1>Para m\u00e1s informaci\u00f3n sobre las donaciones individuales<\/h1>\n\n                    <img loading=\"lazy\" decoding=\"async\" width=\"666\" height=\"375\" src=\"https:\/\/www.dallassymphony.org\/wp-content\/uploads\/2024\/02\/Alex-Small-scaled-e1707762705657-666x375.jpg\" class=\"d-xl-none d-block\" alt=\"\" srcset=\"https:\/\/www.dallassymphony.org\/wp-content\/uploads\/2024\/02\/Alex-Small-scaled-e1707762705657-666x375.jpg 666w, https:\/\/www.dallassymphony.org\/wp-content\/uploads\/2024\/02\/Alex-Small-scaled-e1707762705657-300x169.jpg 300w, https:\/\/www.dallassymphony.org\/wp-content\/uploads\/2024\/02\/Alex-Small-scaled-e1707762705657-1024x576.jpg 1024w, https:\/\/www.dallassymphony.org\/wp-content\/uploads\/2024\/02\/Alex-Small-scaled-e1707762705657-768x432.jpg 768w, https:\/\/www.dallassymphony.org\/wp-content\/uploads\/2024\/02\/Alex-Small-scaled-e1707762705657-1536x864.jpg 1536w, https:\/\/www.dallassymphony.org\/wp-content\/uploads\/2024\/02\/Alex-Small-scaled-e1707762705657-18x10.jpg 18w, https:\/\/www.dallassymphony.org\/wp-content\/uploads\/2024\/02\/Alex-Small-scaled-e1707762705657-388x218.jpg 388w, https:\/\/www.dallassymphony.org\/wp-content\/uploads\/2024\/02\/Alex-Small-scaled-e1707762705657-540x303.jpg 540w, https:\/\/www.dallassymphony.org\/wp-content\/uploads\/2024\/02\/Alex-Small-scaled-e1707762705657-735x413.jpg 735w, https:\/\/www.dallassymphony.org\/wp-content\/uploads\/2024\/02\/Alex-Small-scaled-e1707762705657-1600x900.jpg 1600w, https:\/\/www.dallassymphony.org\/wp-content\/uploads\/2024\/02\/Alex-Small-scaled-e1707762705657.jpg 1706w\" sizes=\"auto, (max-width: 666px) 100vw, 666px\" \/>\n\t\t\t\t\t<p>P\u00f3ngase en contacto con Alex Small, Director de Donaciones Anuales, en <a href=\"mailto:a.small@dalsym.com\">a.small@dalsym.com<\/a> o 214.871.4077.<\/p>\n\n                    \n                <\/div>\n                <img loading=\"lazy\" decoding=\"async\" width=\"1600\" height=\"900\" src=\"https:\/\/www.dallassymphony.org\/wp-content\/uploads\/2024\/02\/Alex-Small-scaled-e1707762705657-1600x900.jpg\" class=\"d-none d-xl-block\" alt=\"\" srcset=\"https:\/\/www.dallassymphony.org\/wp-content\/uploads\/2024\/02\/Alex-Small-scaled-e1707762705657-1600x900.jpg 1600w, https:\/\/www.dallassymphony.org\/wp-content\/uploads\/2024\/02\/Alex-Small-scaled-e1707762705657-300x169.jpg 300w, https:\/\/www.dallassymphony.org\/wp-content\/uploads\/2024\/02\/Alex-Small-scaled-e1707762705657-1024x576.jpg 1024w, https:\/\/www.dallassymphony.org\/wp-content\/uploads\/2024\/02\/Alex-Small-scaled-e1707762705657-768x432.jpg 768w, https:\/\/www.dallassymphony.org\/wp-content\/uploads\/2024\/02\/Alex-Small-scaled-e1707762705657-1536x864.jpg 1536w, https:\/\/www.dallassymphony.org\/wp-content\/uploads\/2024\/02\/Alex-Small-scaled-e1707762705657-18x10.jpg 18w, https:\/\/www.dallassymphony.org\/wp-content\/uploads\/2024\/02\/Alex-Small-scaled-e1707762705657-388x218.jpg 388w, https:\/\/www.dallassymphony.org\/wp-content\/uploads\/2024\/02\/Alex-Small-scaled-e1707762705657-540x303.jpg 540w, https:\/\/www.dallassymphony.org\/wp-content\/uploads\/2024\/02\/Alex-Small-scaled-e1707762705657-666x375.jpg 666w, https:\/\/www.dallassymphony.org\/wp-content\/uploads\/2024\/02\/Alex-Small-scaled-e1707762705657-735x413.jpg 735w, https:\/\/www.dallassymphony.org\/wp-content\/uploads\/2024\/02\/Alex-Small-scaled-e1707762705657.jpg 1706w\" sizes=\"auto, (max-width: 1600px) 100vw, 1600px\" \/>\t\t\t<\/div>\n\t\t<\/div>\n\t<\/div>\n<\/div>\n\n\n<div class=\"cross-link m-spacer\">\n\t<div class=\"top-bg\"><\/div>\n\t<div class=\"container\">\n\t\t<div class=\"row\">\n\t\t\t<div class=\"col-lg-12\">\n\t\t\t\t<h1>Otras formas de dar<\/h1>\n\t\t\t<\/div>\n\t\t<\/div>\n\t\t<div class=\"row\">\n\t\t\t<div class=\"col-md-3 col-6\">\n\t<div class=\"cl-card\">\n\t\t<a href=\"https:\/\/www.dallassymphony.org\/es\/support-volunteer\/ways-to-give\/legacy-giving\/tribute-gifts\/\">\n\t\t\t<div class=\"cl-card__img-wrapper\">\n                <img loading=\"lazy\" decoding=\"async\" width=\"266\" height=\"169\" src=\"https:\/\/www.dallassymphony.org\/wp-content\/uploads\/2020\/11\/Tribute-Gifts-266x169.jpg\" class=\"d-block w-100 wp-post-image\" alt=\"familia en un concierto de la DSO\" \/>\t\t\t<\/div>\n\n\t\t\t<div class=\"cl-card__text\">\n\t\t\t\t<p>Regalos de homenaje<\/p>\n\t\t\t<\/div>\n\t\t<\/a>\n\t<\/div>\n<\/div>\n<div class=\"col-md-3 col-6\">\n\t<div class=\"cl-card\">\n\t\t<a href=\"https:\/\/www.dallassymphony.org\/es\/support-volunteer\/ways-to-give\/legacy-giving\/endowment\/\">\n\t\t\t<div class=\"cl-card__img-wrapper\">\n                <img loading=\"lazy\" decoding=\"async\" width=\"266\" height=\"169\" src=\"https:\/\/www.dallassymphony.org\/wp-content\/uploads\/2020\/11\/Endowment-266x169.jpg\" class=\"d-block w-100 wp-post-image\" alt=\"clientes en el dso\" \/>\t\t\t<\/div>\n\n\t\t\t<div class=\"cl-card__text\">\n\t\t\t\t<p>Donaciones de fondos<\/p>\n\t\t\t<\/div>\n\t\t<\/a>\n\t<\/div>\n<\/div>\n<div class=\"col-md-3 col-6\">\n\t<div class=\"cl-card\">\n\t\t<a href=\"https:\/\/www.dallassymphony.org\/es\/support-volunteer\/ways-to-give\/legacy-giving\/planned-giving\/\">\n\t\t\t<div class=\"cl-card__img-wrapper\">\n                <img loading=\"lazy\" decoding=\"async\" width=\"266\" height=\"169\" src=\"https:\/\/www.dallassymphony.org\/wp-content\/uploads\/2020\/11\/Planned-Gifts-266x169.jpg\" class=\"d-block w-100 wp-post-image\" alt=\"ross y margot perot\" \/>\t\t\t<\/div>\n\n\t\t\t<div class=\"cl-card__text\">\n\t\t\t\t<p>Planeado dar<\/p>\n\t\t\t<\/div>\n\t\t<\/a>\n\t<\/div>\n<\/div>\n\t\t<\/div>\n\t<\/div>\n<\/div>\n\n\n<div class=\"cta-content-highlight\">\n    <img loading=\"lazy\" decoding=\"async\" width=\"1600\" height=\"1076\" src=\"https:\/\/www.dallassymphony.org\/wp-content\/uploads\/2020\/11\/Young-Strings-Lobby-Performance-1600-x-1076-1.jpg\" class=\"cta__bg-img\" alt=\"La actuaci\u00f3n del lobby de j\u00f3venes cuerdas de la DSO\" srcset=\"https:\/\/www.dallassymphony.org\/wp-content\/uploads\/2020\/11\/Young-Strings-Lobby-Performance-1600-x-1076-1.jpg 1600w, https:\/\/www.dallassymphony.org\/wp-content\/uploads\/2020\/11\/Young-Strings-Lobby-Performance-1600-x-1076-1-300x202.jpg 300w, https:\/\/www.dallassymphony.org\/wp-content\/uploads\/2020\/11\/Young-Strings-Lobby-Performance-1600-x-1076-1-1024x689.jpg 1024w, https:\/\/www.dallassymphony.org\/wp-content\/uploads\/2020\/11\/Young-Strings-Lobby-Performance-1600-x-1076-1-768x516.jpg 768w, https:\/\/www.dallassymphony.org\/wp-content\/uploads\/2020\/11\/Young-Strings-Lobby-Performance-1600-x-1076-1-1536x1033.jpg 1536w, https:\/\/www.dallassymphony.org\/wp-content\/uploads\/2020\/11\/Young-Strings-Lobby-Performance-1600-x-1076-1-16x12.jpg 16w\" sizes=\"auto, (max-width: 1600px) 100vw, 1600px\" \/>\n\t<div class=\"container bottom-container\">\n\t\t<div class=\"row no-gutters\">\n\t\t\t\n\t\t\t<div class=\"col-md-7 offset-md-1\">\n\t\t\t\t<div class=\"cta__text-overlay\">\n\t\t\t\t\t<h4>Apoyar el DSO<\/h4>\n\n\t\t\t\t\t<p>Haga una donaci\u00f3n \u00fanica para apoyar nuestras iniciativas comunitarias y educativas a trav\u00e9s de nuestra sencilla herramienta de donaci\u00f3n con un solo clic.<\/p>\n\n                    \t\t\t\t\t<a class=\"a-hover\" href=\"https:\/\/give.dallassymphony.org\/donate\">Dona ahora<\/a>\n                    \t\t\t\t<\/div>\n\t\t\t<\/div>\n\t\t\t\t\t\t<div class=\"col-md-3  d-sm-none d-md-flex\">\n\t\t\t\t<div class=\"blk-bg-grad-left\"><\/div>\n\t\t\t<\/div>\n\t\t\t\t\t<\/div>\n\t<\/div>\n<\/div>\n\n\n\n<p><\/p>","protected":false},"excerpt":{"rendered":"<p>El apoyo anual de nuestros Amigos de la DSO financia programas b\u00e1sicos como la serie de m\u00fasica cl\u00e1sica y pop, programas de educaci\u00f3n y de compromiso con la comunidad, y el funcionamiento del Centro Sinf\u00f3nico de Meyerson. <\/p>","protected":false},"author":3,"featured_media":2957,"parent":27888,"menu_order":0,"comment_status":"closed","ping_status":"closed","template":"","meta":{"_acf_changed":false,"footnotes":""},"class_list":["post-635","page","type-page","status-publish","has-post-thumbnail","hentry"],"acf":[],"_links":{"self":[{"href":"https:\/\/www.dallassymphony.org\/es\/wp-json\/wp\/v2\/pages\/635","targetHints":{"allow":["GET"]}}],"collection":[{"href":"https:\/\/www.dallassymphony.org\/es\/wp-json\/wp\/v2\/pages"}],"about":[{"href":"https:\/\/www.dallassymphony.org\/es\/wp-json\/wp\/v2\/types\/page"}],"author":[{"embeddable":true,"href":"https:\/\/www.dallassymphony.org\/es\/wp-json\/wp\/v2\/users\/3"}],"replies":[{"embeddable":true,"href":"https:\/\/www.dallassymphony.org\/es\/wp-json\/wp\/v2\/comments?post=635"}],"version-history":[{"count":0,"href":"https:\/\/www.dallassymphony.org\/es\/wp-json\/wp\/v2\/pages\/635\/revisions"}],"up":[{"embeddable":true,"href":"https:\/\/www.dallassymphony.org\/es\/wp-json\/wp\/v2\/pages\/27888"}],"wp:featuredmedia":[{"embeddable":true,"href":"https:\/\/www.dallassymphony.org\/es\/wp-json\/wp\/v2\/media\/2957"}],"wp:attachment":[{"href":"https:\/\/www.dallassymphony.org\/es\/wp-json\/wp\/v2\/media?parent=635"}],"curies":[{"name":"wp","href":"https:\/\/api.w.org\/{rel}","templated":true}]}}