{"id":623,"date":"2020-11-07T12:12:11","date_gmt":"2020-11-07T17:12:11","guid":{"rendered":"https:\/\/www.dallassymphony.org\/?page_id=623"},"modified":"2023-07-27T11:12:08","modified_gmt":"2023-07-27T16:12:08","slug":"meyerson-virtual-tour","status":"publish","type":"page","link":"https:\/\/www.dallassymphony.org\/es\/discover-connect\/dso-media-vault\/view\/meyerson-virtual-tour\/","title":{"rendered":"Visita virtual de Meyerson"},"content":{"rendered":"<div class=\"hero__no-img bg-blue-8\">\n\t<div class=\"container\">\n\t\t<div class=\"row\">\n\t\t\t<div class=\"col-md-10\">\n\n\t\t\t\t<ul class=\"breadcrumbs\">\n    \t<li class=\"breadcrumb__link\">\n\t\t<a class=\"a-hover\" href=\"https:\/\/www.dallassymphony.org\/es\/\">Inicio<\/a>\n\t<\/li>\n    \t<li class=\"breadcrumb__link a-styles\">\n\t\t<a class=\"a-hover\" href=\"https:\/\/www.dallassymphony.org\/es\/?page_id=618\">Descubrir y conectar<\/a>\n\t<\/li>\n    \t<li class=\"breadcrumb__link a-styles\">\n\t\t<a class=\"a-hover\" href=\"https:\/\/www.dallassymphony.org\/es\/?page_id=619\">DSO Media Vault<\/a>\n\t<\/li>\n    \t<li class=\"breadcrumb__link a-styles\">\n\t\t<a class=\"a-hover\" href=\"https:\/\/www.dallassymphony.org\/es\/?page_id=622\">Vea<\/a>\n\t<\/li>\n    <\/ul>\n\n                \t\t\t\t<h1>\n                    <span >Visita virtual de Meyerson<\/span>\n                <\/h1>\n                \t\t\t<\/div>\n\t\t<\/div>\n\t<\/div>\n<\/div>\n\n\n<div class=\"cta-content-highlight\">\n    <img loading=\"lazy\" decoding=\"async\" width=\"1600\" height=\"1076\" src=\"https:\/\/www.dallassymphony.org\/wp-content\/uploads\/2020\/12\/Meyerson-virtual-tour-1600-x-1076.jpg\" class=\"cta__bg-img\" alt=\"Visita virtual de Meyerson\" srcset=\"https:\/\/www.dallassymphony.org\/wp-content\/uploads\/2020\/12\/Meyerson-virtual-tour-1600-x-1076.jpg 1600w, https:\/\/www.dallassymphony.org\/wp-content\/uploads\/2020\/12\/Meyerson-virtual-tour-1600-x-1076-300x202.jpg 300w, https:\/\/www.dallassymphony.org\/wp-content\/uploads\/2020\/12\/Meyerson-virtual-tour-1600-x-1076-1024x689.jpg 1024w, https:\/\/www.dallassymphony.org\/wp-content\/uploads\/2020\/12\/Meyerson-virtual-tour-1600-x-1076-768x516.jpg 768w, https:\/\/www.dallassymphony.org\/wp-content\/uploads\/2020\/12\/Meyerson-virtual-tour-1600-x-1076-1536x1033.jpg 1536w, https:\/\/www.dallassymphony.org\/wp-content\/uploads\/2020\/12\/Meyerson-virtual-tour-1600-x-1076-16x12.jpg 16w, https:\/\/www.dallassymphony.org\/wp-content\/uploads\/2020\/12\/Meyerson-virtual-tour-1600-x-1076-350x234.jpg 350w\" sizes=\"auto, (max-width: 1600px) 100vw, 1600px\" \/>\n\t<div class=\"container bottom-container\">\n\t\t<div class=\"row no-gutters\">\n\t\t\t\n\t\t\t<div class=\"col-md-7 offset-md-1\">\n\t\t\t\t<div class=\"cta__text-overlay\">\n\t\t\t\t\t<h4>Visita al Centro Sinf\u00f3nico Morton H. Meyerson<\/h4>\n\n\t\t\t\t\t<p>En esta visita virtual interactiva de 360 grados, creada por KERA's Art &amp; Seek y la Orquesta Sinf\u00f3nica de Dallas, el fundador del edificio, Morton H. Meyerson, act\u00faa como gu\u00eda y ofrece informaci\u00f3n sobre la creaci\u00f3n del edificio.<\/p>\n\n                    \t\t\t\t\t<a class=\"a-hover\" href=\"https:\/\/www.artandseek.org\/meyerson-tour\/\" target=\"_blank\" rel=\"noopener\">Haga el recorrido gratuito<\/a>\n                    \t\t\t\t<\/div>\n\t\t\t<\/div>\n\t\t\t\t\t\t<div class=\"col-md-3  d-sm-none d-md-flex\">\n\t\t\t\t<div class=\"blk-bg-grad-left\"><\/div>\n\t\t\t<\/div>\n\t\t\t\t\t<\/div>\n\t<\/div>\n<\/div>\n\n\n<div class=\"cta-content-highlight\">\n    <img loading=\"lazy\" decoding=\"async\" width=\"1600\" height=\"900\" src=\"https:\/\/www.dallassymphony.org\/wp-content\/uploads\/2023\/07\/Lay-Family-Organ.png\" class=\"cta__bg-img\" alt=\"\" srcset=\"https:\/\/www.dallassymphony.org\/wp-content\/uploads\/2023\/07\/Lay-Family-Organ.png 1600w, https:\/\/www.dallassymphony.org\/wp-content\/uploads\/2023\/07\/Lay-Family-Organ-300x169.png 300w, https:\/\/www.dallassymphony.org\/wp-content\/uploads\/2023\/07\/Lay-Family-Organ-1024x576.png 1024w, https:\/\/www.dallassymphony.org\/wp-content\/uploads\/2023\/07\/Lay-Family-Organ-768x432.png 768w, https:\/\/www.dallassymphony.org\/wp-content\/uploads\/2023\/07\/Lay-Family-Organ-1536x864.png 1536w, https:\/\/www.dallassymphony.org\/wp-content\/uploads\/2023\/07\/Lay-Family-Organ-18x10.png 18w, https:\/\/www.dallassymphony.org\/wp-content\/uploads\/2023\/07\/Lay-Family-Organ-388x218.png 388w, https:\/\/www.dallassymphony.org\/wp-content\/uploads\/2023\/07\/Lay-Family-Organ-540x303.png 540w, https:\/\/www.dallassymphony.org\/wp-content\/uploads\/2023\/07\/Lay-Family-Organ-666x375.png 666w, https:\/\/www.dallassymphony.org\/wp-content\/uploads\/2023\/07\/Lay-Family-Organ-735x413.png 735w\" sizes=\"auto, (max-width: 1600px) 100vw, 1600px\" \/>\n\t<div class=\"container bottom-container\">\n\t\t<div class=\"row no-gutters\">\n\t\t\t\n\t\t\t<div class=\"col-md-7 offset-md-1\">\n\t\t\t\t<div class=\"cta__text-overlay\">\n\t\t\t\t\t<h4>Interior del \u00f3rgano de concierto de la familia Lay<\/h4>\n\n\t\t\t\t\t<p>El organista residente Bradley Hunter Welch le ofrece una visi\u00f3n privilegiada del \"Rey de los instrumentos\" en esta exclusiva visita entre bastidores del \u00d3rgano de Conciertos de la Familia Lay.<\/p>\n\n                    \t\t\t\t\t<a class=\"a-hover\" href=\"https:\/\/vimeo.com\/482091435?share=copy\" target=\"_blank\" rel=\"noopener\">Visita gratuita<\/a>\n                    \t\t\t\t<\/div>\n\t\t\t<\/div>\n\t\t\t\t\t\t<div class=\"col-md-3  d-sm-none d-md-flex\">\n\t\t\t\t<div class=\"blk-bg-grad-left\"><\/div>\n\t\t\t<\/div>\n\t\t\t\t\t<\/div>\n\t<\/div>\n<\/div>","protected":false},"excerpt":{"rendered":"<p>\u00a1Experimente el Centro Morton H. Meyerson desde cualquier lugar!<\/p>","protected":false},"author":3,"featured_media":624,"parent":622,"menu_order":0,"comment_status":"closed","ping_status":"closed","template":"","meta":{"_acf_changed":false,"footnotes":""},"class_list":["post-623","page","type-page","status-publish","has-post-thumbnail","hentry"],"acf":[],"_links":{"self":[{"href":"https:\/\/www.dallassymphony.org\/es\/wp-json\/wp\/v2\/pages\/623","targetHints":{"allow":["GET"]}}],"collection":[{"href":"https:\/\/www.dallassymphony.org\/es\/wp-json\/wp\/v2\/pages"}],"about":[{"href":"https:\/\/www.dallassymphony.org\/es\/wp-json\/wp\/v2\/types\/page"}],"author":[{"embeddable":true,"href":"https:\/\/www.dallassymphony.org\/es\/wp-json\/wp\/v2\/users\/3"}],"replies":[{"embeddable":true,"href":"https:\/\/www.dallassymphony.org\/es\/wp-json\/wp\/v2\/comments?post=623"}],"version-history":[{"count":0,"href":"https:\/\/www.dallassymphony.org\/es\/wp-json\/wp\/v2\/pages\/623\/revisions"}],"up":[{"embeddable":true,"href":"https:\/\/www.dallassymphony.org\/es\/wp-json\/wp\/v2\/pages\/622"}],"wp:featuredmedia":[{"embeddable":true,"href":"https:\/\/www.dallassymphony.org\/es\/wp-json\/wp\/v2\/media\/624"}],"wp:attachment":[{"href":"https:\/\/www.dallassymphony.org\/es\/wp-json\/wp\/v2\/media?parent=623"}],"curies":[{"name":"wp","href":"https:\/\/api.w.org\/{rel}","templated":true}]}}