{"id":615,"date":"2020-11-07T12:06:18","date_gmt":"2020-11-07T18:06:18","guid":{"rendered":"https:\/\/www.dallassymphony.org\/?page_id=615"},"modified":"2026-04-08T16:27:38","modified_gmt":"2026-04-08T21:27:38","slug":"mydso-concert","status":"publish","type":"page","link":"https:\/\/www.dallassymphony.org\/es\/community-education\/in-the-community\/mydso-concert\/","title":{"rendered":"Concierto \"MyDSO Sensory-Friendly"},"content":{"rendered":"<div class=\"hero__no-img bg-blue-8\">\n\t<div class=\"container\">\n\t\t<div class=\"row\">\n\t\t\t<div class=\"col-md-10\">\n\n\t\t\t\t<ul class=\"breadcrumbs\">\n    \t<li class=\"breadcrumb__link\">\n\t\t<a class=\"a-hover\" href=\"https:\/\/www.dallassymphony.org\/es\/\">Inicio<\/a>\n\t<\/li>\n    \t<li class=\"breadcrumb__link a-styles\">\n\t\t<a class=\"a-hover\" href=\"https:\/\/www.dallassymphony.org\/es\/community-education\/\">Educaci\u00f3n y Comunidad<\/a>\n\t<\/li>\n    \t<li class=\"breadcrumb__link a-styles\">\n\t\t<a class=\"a-hover\" href=\"https:\/\/www.dallassymphony.org\/es\/community-education\/in-the-community\/\">Participaci\u00f3n comunitaria<\/a>\n\t<\/li>\n    <\/ul>\n\n                \t\t\t\t<h1>\n                    <span >Concierto \"MyDSO Sensory-Friendly<\/span>\n                <\/h1>\n                \t\t\t<\/div>\n\t\t<\/div>\n\t<\/div>\n<\/div>\n\n\n<div class=\"richtext m-spacer\">\n\t<div class=\"container\">\n\t\t<div class=\"row\">\n\t\t\t<div class=\"col-10\">\n\t\t\t\t\n\n<p>El Concierto MyDSO est\u00e1 especialmente dise\u00f1ado para ni\u00f1os y adultos en el espectro del autismo y con discapacidades de desarrollo, y sus familias, amigos y cuidadores.<\/p>\n\n\n\n<p>Antes de la actuaci\u00f3n, representantes de muchas organizaciones locales y grupos de divulgaci\u00f3n estar\u00e1n presentes en la Feria de Recursos. Los espectadores podr\u00e1n interactuar con instrumentos musicales en un zoo de mascotas.<\/p>\n\n\n\n<p>El Concierto My DSO durar\u00e1 aproximadamente una hora y se interpretar\u00e1 sin intermedio.<\/p>\n\n\n<div class=\"dso__accordion m-spacer\">\n    <div class=\"container\">\n        <div class=\"row\">\n            <div class=\"col-lg-12\">\n                <div class=\"accordion__intro-wrapper\">\n                    <h1>Pr\u00f3ximas actuaciones<\/h1>\n                    <p><\/p>\n                <\/div>\n            <\/div>\n        <\/div>\n\t\t<div class=\"row\">\n\t\t\t<div class=\"col-md-10 offset-md-1\">\n\t\t\t\t<div class=\"accordion\" id=\"accordion-d41d8cd98f00b204e9800998ecf8427e\">\n\t\t\t\t\t<div class=\"card\">\n\t<button id=\"heading38c09d85fd1f7b061121fa7fc51b225d\" class=\"dso__accordion-toggle\" type=\"button\" data-toggle=\"collapse\" data-target=\"#collapse38c09d85fd1f7b061121fa7fc51b225d\" aria-expanded=\"false\" aria-controls=\"collapse38c09d85fd1f7b061121fa7fc51b225d\">\n\t\tDomingo, 26 de abril de 2026 | 14.00 horas\t\t<span class=\"plus-sign\">\n            <svg xmlns=\"http:\/\/www.w3.org\/2000\/svg\" width=\"25\" height=\"25\" viewbox=\"0 0 25 25\">\n                <g transform=\"translate(211.054 -145.186) rotate(135)\"><rect width=\"25\" height=\"3\" transform=\"translate(242.001 36.678) rotate(-45)\"\/><rect width=\"25\" height=\"3\" transform=\"translate(244.12 19) rotate(45)\"\/><\/g>\n            <\/svg>\n        <\/span>\n\t<\/button>\n\n\t<div id=\"collapse38c09d85fd1f7b061121fa7fc51b225d\" class=\"collapse\" aria-labelledby=\"heading38c09d85fd1f7b061121fa7fc51b225d\" data-parent=\"#accordion-d41d8cd98f00b204e9800998ecf8427e\">\n\t\t<div class=\"card-body\">\n\t\t\t<p><strong>Programaci\u00f3n:<\/strong><\/p>\n<p>El concierto MyDSO est\u00e1 especialmente dise\u00f1ado para ni\u00f1os y adultos con trastornos del espectro autista y discapacidades del desarrollo, as\u00ed como para sus familias, amigos y cuidadores. El concierto dura aproximadamente una hora, sin intermedio, y contar\u00e1 con arreglos musicales adaptados a las necesidades de las personas con hipersensibilidad. El concierto MyDSO de este a\u00f1o se celebrar\u00e1 con motivo del D\u00eda de la Tierra, lo cual se refleja en el tema del programa y en la selecci\u00f3n musical.<\/p>\n<p>Con actividades previas al concierto a partir de la 1:00 p. m., que incluyen un \u00abzool\u00f3gico de instrumentos\u00bb y recursos para toda la familia, este concierto adaptado a las necesidades sensoriales est\u00e1 dise\u00f1ado para los amantes de la m\u00fasica de todas las edades y capacidades.<\/p>\n<div class=\"container\">\n<div class=\"row\">\n<div class=\"col-10\">\n<div class=\"share d-flex align-items-center\"><a href=\"https:\/\/www.dallassymphony.org\/es\/productions\/mydso-concert\/\">Aprende m\u00e1s.<\/a><\/div>\n<\/div>\n<\/div>\n<\/div>\n\t\t<\/div>\n\t<\/div>\n<\/div>\t\t\t\t<\/div>\n\t\t\t<\/div>\n\t\t<\/div>\n\t<\/div>\n<\/div>\n\n\n\t\t\t<\/div>\n\t\t<\/div>\n\t<\/div>\n\n<\/div>","protected":false},"excerpt":{"rendered":"<p>El Concierto MyDSO est\u00e1 especialmente dise\u00f1ado para ni\u00f1os y adultos en el espectro del autismo y con discapacidades de desarrollo, y sus familias, amigos y cuidadores.<\/p>","protected":false},"author":3,"featured_media":27758,"parent":608,"menu_order":0,"comment_status":"closed","ping_status":"closed","template":"","meta":{"_acf_changed":false,"footnotes":""},"class_list":["post-615","page","type-page","status-publish","has-post-thumbnail","hentry"],"acf":[],"_links":{"self":[{"href":"https:\/\/www.dallassymphony.org\/es\/wp-json\/wp\/v2\/pages\/615","targetHints":{"allow":["GET"]}}],"collection":[{"href":"https:\/\/www.dallassymphony.org\/es\/wp-json\/wp\/v2\/pages"}],"about":[{"href":"https:\/\/www.dallassymphony.org\/es\/wp-json\/wp\/v2\/types\/page"}],"author":[{"embeddable":true,"href":"https:\/\/www.dallassymphony.org\/es\/wp-json\/wp\/v2\/users\/3"}],"replies":[{"embeddable":true,"href":"https:\/\/www.dallassymphony.org\/es\/wp-json\/wp\/v2\/comments?post=615"}],"version-history":[{"count":1,"href":"https:\/\/www.dallassymphony.org\/es\/wp-json\/wp\/v2\/pages\/615\/revisions"}],"predecessor-version":[{"id":31126,"href":"https:\/\/www.dallassymphony.org\/es\/wp-json\/wp\/v2\/pages\/615\/revisions\/31126"}],"up":[{"embeddable":true,"href":"https:\/\/www.dallassymphony.org\/es\/wp-json\/wp\/v2\/pages\/608"}],"wp:featuredmedia":[{"embeddable":true,"href":"https:\/\/www.dallassymphony.org\/es\/wp-json\/wp\/v2\/media\/27758"}],"wp:attachment":[{"href":"https:\/\/www.dallassymphony.org\/es\/wp-json\/wp\/v2\/media?parent=615"}],"curies":[{"name":"wp","href":"https:\/\/api.w.org\/{rel}","templated":true}]}}