{"id":612,"date":"2020-11-07T12:04:43","date_gmt":"2020-11-07T17:04:43","guid":{"rendered":"https:\/\/www.dallassymphony.org\/?page_id=612"},"modified":"2026-04-21T09:24:47","modified_gmt":"2026-04-21T14:24:47","slug":"symphony-in-the-city","status":"publish","type":"page","link":"https:\/\/www.dallassymphony.org\/es\/community-education\/in-the-community\/symphony-in-the-city\/","title":{"rendered":"Conciertos en los parques"},"content":{"rendered":"<div\n\tclass=\"subpage__hero bg-black\">\n\n\t<div class=\"img__wrapper d-none d-lg-block\" style=\"background: url(https:\/\/www.dallassymphony.org\/wp-content\/uploads\/2026\/04\/preview-13-1.jpg) top right\/cover no-repeat\"><\/div>\n\n\n\t<div class=\"content__wrapper\">\n\n\t\t<ul class=\"breadcrumbs text-white\">\n\t\t\t<ul class=\"breadcrumbs\">\n    \t<li class=\"breadcrumb__link\">\n\t\t<a class=\"a-hover\" href=\"https:\/\/www.dallassymphony.org\/es\/\">Inicio<\/a>\n\t<\/li>\n    \t<li class=\"breadcrumb__link a-styles\">\n\t\t<a class=\"a-hover\" href=\"https:\/\/www.dallassymphony.org\/es\/community-education\/\">Educaci\u00f3n y Comunidad<\/a>\n\t<\/li>\n    \t<li class=\"breadcrumb__link a-styles\">\n\t\t<a class=\"a-hover\" href=\"https:\/\/www.dallassymphony.org\/es\/community-education\/in-the-community\/\">Participaci\u00f3n comunitaria<\/a>\n\t<\/li>\n    <\/ul>\n\t\t<\/ul>\n\n\t\t<h1 class=\"text-white\">Conciertos en los parques<\/h1>\n\n\t\t<img loading=\"lazy\" decoding=\"async\" width=\"1600\" height=\"900\" src=\"https:\/\/www.dallassymphony.org\/wp-content\/uploads\/2026\/04\/preview-13-1.jpg\" class=\"d-block d-lg-none w-100\" alt=\"\" srcset=\"https:\/\/www.dallassymphony.org\/wp-content\/uploads\/2026\/04\/preview-13-1.jpg 1600w, https:\/\/www.dallassymphony.org\/wp-content\/uploads\/2026\/04\/preview-13-1-300x169.jpg 300w, https:\/\/www.dallassymphony.org\/wp-content\/uploads\/2026\/04\/preview-13-1-1024x576.jpg 1024w, https:\/\/www.dallassymphony.org\/wp-content\/uploads\/2026\/04\/preview-13-1-768x432.jpg 768w, https:\/\/www.dallassymphony.org\/wp-content\/uploads\/2026\/04\/preview-13-1-1536x864.jpg 1536w, https:\/\/www.dallassymphony.org\/wp-content\/uploads\/2026\/04\/preview-13-1-18x10.jpg 18w, https:\/\/www.dallassymphony.org\/wp-content\/uploads\/2026\/04\/preview-13-1-388x218.jpg 388w, https:\/\/www.dallassymphony.org\/wp-content\/uploads\/2026\/04\/preview-13-1-540x303.jpg 540w, https:\/\/www.dallassymphony.org\/wp-content\/uploads\/2026\/04\/preview-13-1-666x375.jpg 666w, https:\/\/www.dallassymphony.org\/wp-content\/uploads\/2026\/04\/preview-13-1-735x413.jpg 735w\" sizes=\"auto, (max-width: 1600px) 100vw, 1600px\" \/>\n\t\t<div class=\"text-blue-3 sans__reg-18\"><p>Celebre el comienzo del verano con la Orquesta Sinf\u00f3nica de Dallas. Esta querida tradici\u00f3n da el pistoletazo de salida a la temporada con nuestro concierto anual del Memorial Day en Flag Pole Hill.<\/p>\n<\/div>\n\n                <a href=\"\" class=\"a-hover text-white\"><\/a>\n        \t<\/div>\n<\/div>\n\n<div class=\"richtext m-spacer\">\n\t<div class=\"container\">\n\t\t<div class=\"row\">\n\t\t\t<div class=\"col-10\">\n\t\t\t\t\n\n<p>La Orquesta Sinf\u00f3nica de Dallas se dedica a proporcionar la alegr\u00eda de la m\u00fasica a nuestra diversa comunidad, para hacer realmente de la DSO la orquesta de todos. Durante m\u00e1s de 25 a\u00f1os, la DSO ha presentado conciertos en los parques de Dallas. Estas actuaciones gratuitas al aire libre incluyen el popular Concierto del D\u00eda de los Ca\u00eddos. Todos los Conciertos en los Parques son gratuitos y abiertos al p\u00fablico.<\/p>\n\n\n\n<h2 class=\"wp-block-heading\"><strong>Conciertos de 2026<\/strong><\/h2>\n\n\n\n<p><a href=\"https:\/\/www.dallassymphony.org\/es\/productions\/parks-concert-flag-pole-hill-2026\/\"><strong>25 de mayo de 2026 |<\/strong> <strong>D\u00eda de los Ca\u00eddos en la Colina del Asta de la Bandera<\/strong><\/a><br>8015 Doran Circle, Dallas, TX 75238<br><em>Lugar de la lluvia: Centro Sinf\u00f3nico Morton H. Meyerson<br><\/em>*Los fuegos artificiales comienzan a las 21.15 horas.\u00a0<\/p>\n\n\n\n<p><strong><a href=\"https:\/\/www.dallassymphony.org\/es\/productions\/parks-concert-fretz-park-2026\/\">2 de junio de 2026 | Fretz Park<\/a><\/strong><br>6950 Belt Line Rd, Dallas, TX 75254<br><em>Este concierto se cancelar\u00e1 en caso de inclemencias meteorol\u00f3gicas.<\/em><\/p>\n\n\n\n<p><a href=\"https:\/\/www.dallassymphony.org\/es\/productions\/parks-concert-exall-park-2026\/\"><strong>3 de junio de 2026 |<\/strong> <strong>Parque Exall<\/strong><\/a><br>3501 Live Oak St., Dallas, TX 75204<br><em>Este concierto se cancelar\u00e1 en caso de inclemencias meteorol\u00f3gicas.<\/em><\/p>\n\n\n\n<p><strong><a href=\"https:\/\/www.dallassymphony.org\/es\/productions\/parks-concert-kidd-springs-park-2026\/\">5 de junio de 2026 | Parque Kidd Springs<\/a><\/strong><br>711 West Canty Street, Dallas, TX 75208<br><em>Este concierto se cancelar\u00e1 en caso de inclemencias meteorol\u00f3gicas.<\/em><\/p>\n\n\n\n<p><strong><a href=\"https:\/\/www.dallassymphony.org\/es\/productions\/parks-concert-paul-quinn-college-2026\/\">6 de junio de 2026 | Paul Quinn College<\/a><\/strong><br>3837 Simpson Stuart Road, Dallas, TX 75241<br><em>Lugar de la lluvia: Gimnasio Tiger's Den en PQC<\/em><\/p>\n\n\n\t\t\t<\/div>\n\t\t<\/div>\n\t<\/div>\n\n<\/div>\n\n\n<div class=\"richtext m-spacer\">\n\t<div class=\"container\">\n\t\t<div class=\"row\">\n\t\t\t<div class=\"col-10\">\n\t\t\t\t\n<div class=\"wp-block-image\">\n<figure class=\"aligncenter size-full is-resized\"><img loading=\"lazy\" decoding=\"async\" width=\"1024\" height=\"277\" src=\"https:\/\/www.dallassymphony.org\/wp-content\/uploads\/2025\/05\/Parks-Logo.png\" alt=\"\" class=\"wp-image-26378\" style=\"width:650px\" srcset=\"https:\/\/www.dallassymphony.org\/wp-content\/uploads\/2025\/05\/Parks-Logo.png 1024w, https:\/\/www.dallassymphony.org\/wp-content\/uploads\/2025\/05\/Parks-Logo-300x81.png 300w, https:\/\/www.dallassymphony.org\/wp-content\/uploads\/2025\/05\/Parks-Logo-768x208.png 768w, https:\/\/www.dallassymphony.org\/wp-content\/uploads\/2025\/05\/Parks-Logo-18x5.png 18w\" sizes=\"auto, (max-width: 1024px) 100vw, 1024px\" \/><\/figure>\n<\/div>\n\n<div class=\"container\">\n    <div class=\"row\">\n        <div class=\"col-10\">\n            <div class=\"share d-flex align-items-center\">\n                <p class=\"mb-0 serif__light-16\">COMPARTIR<\/p><div data-network=\"facebook\" class=\"st-custom-button facebook\" data-title=\"&quot;Parks\" concerts&quot; data-description=\"&quot;The\" dallas symphony orchestra is dedicated to providing the joy of music our diverse community, truly make dso everyone&#039;s orchestra. for more than 25 years, has presented parks concerts throughout dallas.&quot; data-message =\"&quot;The\" dallas.\r\n\r\nhttps:>Facebook<span class=\"count\"><\/span><\/div>            <\/div>\n        <\/div>\n    <\/div>\n\n<\/div>\n\n\n\t\t\t<\/div>\n\t\t<\/div>\n\t<\/div>\n\n<\/div>","protected":false},"excerpt":{"rendered":"<p>La Orquesta Sinf\u00f3nica de Dallas se dedica a proporcionar la alegr\u00eda de la m\u00fasica a nuestra diversa comunidad, para hacer realmente de la DSO la orquesta de todos. Durante m\u00e1s de 25 a\u00f1os, la DSO ha presentado conciertos en los parques de Dallas.<\/p>","protected":false},"author":3,"featured_media":19329,"parent":608,"menu_order":0,"comment_status":"closed","ping_status":"closed","template":"","meta":{"_acf_changed":false,"footnotes":""},"class_list":["post-612","page","type-page","status-publish","has-post-thumbnail","hentry"],"acf":[],"_links":{"self":[{"href":"https:\/\/www.dallassymphony.org\/es\/wp-json\/wp\/v2\/pages\/612","targetHints":{"allow":["GET"]}}],"collection":[{"href":"https:\/\/www.dallassymphony.org\/es\/wp-json\/wp\/v2\/pages"}],"about":[{"href":"https:\/\/www.dallassymphony.org\/es\/wp-json\/wp\/v2\/types\/page"}],"author":[{"embeddable":true,"href":"https:\/\/www.dallassymphony.org\/es\/wp-json\/wp\/v2\/users\/3"}],"replies":[{"embeddable":true,"href":"https:\/\/www.dallassymphony.org\/es\/wp-json\/wp\/v2\/comments?post=612"}],"version-history":[{"count":1,"href":"https:\/\/www.dallassymphony.org\/es\/wp-json\/wp\/v2\/pages\/612\/revisions"}],"predecessor-version":[{"id":31333,"href":"https:\/\/www.dallassymphony.org\/es\/wp-json\/wp\/v2\/pages\/612\/revisions\/31333"}],"up":[{"embeddable":true,"href":"https:\/\/www.dallassymphony.org\/es\/wp-json\/wp\/v2\/pages\/608"}],"wp:featuredmedia":[{"embeddable":true,"href":"https:\/\/www.dallassymphony.org\/es\/wp-json\/wp\/v2\/media\/19329"}],"wp:attachment":[{"href":"https:\/\/www.dallassymphony.org\/es\/wp-json\/wp\/v2\/media?parent=612"}],"curies":[{"name":"wp","href":"https:\/\/api.w.org\/{rel}","templated":true}]}}