{"id":610,"date":"2020-11-07T12:03:35","date_gmt":"2020-11-07T17:03:35","guid":{"rendered":"https:\/\/www.dallassymphony.org\/?page_id=610"},"modified":"2026-03-23T19:07:25","modified_gmt":"2026-03-24T00:07:25","slug":"dso-on-the-go","status":"publish","type":"page","link":"https:\/\/www.dallassymphony.org\/es\/community-education\/in-the-community\/dso-on-the-go\/","title":{"rendered":"DSO en marcha"},"content":{"rendered":"<div\n\tclass=\"subpage__hero bg-black\">\n\n\t<div class=\"img__wrapper d-none d-lg-block\" style=\"background: url(https:\/\/www.dallassymphony.org\/wp-content\/uploads\/2020\/11\/DSO_On_The_Go.png) top right\/cover no-repeat\"><\/div>\n\n\n\t<div class=\"content__wrapper\">\n\n\t\t<ul class=\"breadcrumbs text-white\">\n\t\t\t<ul class=\"breadcrumbs\">\n    \t<li class=\"breadcrumb__link\">\n\t\t<a class=\"a-hover\" href=\"https:\/\/www.dallassymphony.org\/es\/\">Inicio<\/a>\n\t<\/li>\n    \t<li class=\"breadcrumb__link a-styles\">\n\t\t<a class=\"a-hover\" href=\"https:\/\/www.dallassymphony.org\/es\/community-education\/\">Educaci\u00f3n y Comunidad<\/a>\n\t<\/li>\n    \t<li class=\"breadcrumb__link a-styles\">\n\t\t<a class=\"a-hover\" href=\"https:\/\/www.dallassymphony.org\/es\/community-education\/in-the-community\/\">Participaci\u00f3n comunitaria<\/a>\n\t<\/li>\n    <\/ul>\n\t\t<\/ul>\n\n\t\t<h1 class=\"text-white\">DSO en marcha<\/h1>\n\n\t\t<img loading=\"lazy\" decoding=\"async\" width=\"1600\" height=\"1076\" src=\"https:\/\/www.dallassymphony.org\/wp-content\/uploads\/2020\/11\/DSO_On_The_Go.png\" class=\"d-block d-lg-none w-100\" alt=\"Los m\u00fasicos de la DSO act\u00faan en la iglesia para DSO on the Go\" srcset=\"https:\/\/www.dallassymphony.org\/wp-content\/uploads\/2020\/11\/DSO_On_The_Go.png 1600w, https:\/\/www.dallassymphony.org\/wp-content\/uploads\/2020\/11\/DSO_On_The_Go-300x202.png 300w, https:\/\/www.dallassymphony.org\/wp-content\/uploads\/2020\/11\/DSO_On_The_Go-1024x689.png 1024w, https:\/\/www.dallassymphony.org\/wp-content\/uploads\/2020\/11\/DSO_On_The_Go-768x516.png 768w, https:\/\/www.dallassymphony.org\/wp-content\/uploads\/2020\/11\/DSO_On_The_Go-1536x1033.png 1536w, https:\/\/www.dallassymphony.org\/wp-content\/uploads\/2020\/11\/DSO_On_The_Go-16x12.png 16w\" sizes=\"auto, (max-width: 1600px) 100vw, 1600px\" \/>\n\t\t<div class=\"text-blue-3 sans__reg-18\"><p>La Orquesta Sinf\u00f3nica de Dallas presenta nuestra serie de conciertos DSO on the Go, que lleva a la orquesta fuera del Centro Sinf\u00f3nico Meyerson y a los barrios y comunidades del norte de Texas.<\/p>\n<\/div>\n\n                <a href=\"\" class=\"a-hover text-white\"><\/a>\n        \t<\/div>\n<\/div>\n\n<div class=\"richtext m-spacer\">\n\t<div class=\"container\">\n\t\t<div class=\"row\">\n\t\t\t<div class=\"col-10\">\n\t\t\t\t\n\t\t\t<\/div>\n\t\t<\/div>\n\t<\/div>\n\n<\/div>\n\n\n<div class=\"dso__accordion m-spacer\">\n    <div class=\"container\">\n        <div class=\"row\">\n            <div class=\"col-lg-12\">\n                <div class=\"accordion__intro-wrapper\">\n                    <h1>Pr\u00f3ximos conciertos<\/h1>\n                    <p>Mant\u00e9ngase informado de los pr\u00f3ximos conciertos<\/p>\n                <\/div>\n            <\/div>\n        <\/div>\n\t\t<div class=\"row\">\n\t\t\t<div class=\"col-md-10 offset-md-1\">\n\t\t\t\t<div class=\"accordion\" id=\"accordion-d41d8cd98f00b204e9800998ecf8427e\">\n\t\t\t\t\t<div class=\"card\">\n\t<button id=\"heading1daa1842106143f400e931640ab31d4b\" class=\"dso__accordion-toggle\" type=\"button\" data-toggle=\"collapse\" data-target=\"#collapse1daa1842106143f400e931640ab31d4b\" aria-expanded=\"false\" aria-controls=\"collapse1daa1842106143f400e931640ab31d4b\">\n\t\tConcierto de c\u00e1mara \u00abDSO on the Go\u00bb | 26 de abril de 2026\t\t<span class=\"plus-sign\">\n            <svg xmlns=\"http:\/\/www.w3.org\/2000\/svg\" width=\"25\" height=\"25\" viewbox=\"0 0 25 25\">\n                <g transform=\"translate(211.054 -145.186) rotate(135)\"><rect width=\"25\" height=\"3\" transform=\"translate(242.001 36.678) rotate(-45)\"\/><rect width=\"25\" height=\"3\" transform=\"translate(244.12 19) rotate(45)\"\/><\/g>\n            <\/svg>\n        <\/span>\n\t<\/button>\n\n\t<div id=\"collapse1daa1842106143f400e931640ab31d4b\" class=\"collapse\" aria-labelledby=\"heading1daa1842106143f400e931640ab31d4b\" data-parent=\"#accordion-d41d8cd98f00b204e9800998ecf8427e\">\n\t\t<div class=\"card-body\">\n\t\t\t<h3>Detalles del concierto<\/h3>\n<p><strong>DAVID BUCK<\/strong> Flauta<br \/>\n<strong>SCOTT WALZEL<\/strong> Fagot<br \/>\n<strong>KARI KETTERING<\/strong> violonchelo<br \/>\n<strong>GABRIEL SANCHEZ<\/strong> Clavicordio<br \/>\n<strong>JUNGWAN KANG<\/strong> Flauta<br \/>\n<strong>ALEKSANDR SNYTKIN<\/strong> Viol\u00edn<br \/>\n<strong>ALEXANDRA ADKINS<\/strong> Viol\u00edn<br \/>\n<strong>MATTHEW SINNO<\/strong> Viola<br \/>\n<strong>CHRISTOPHER ADKINS<\/strong> violonchelo<\/p>\n<p><strong>VIVALDI<\/strong> Sonata a tr\u00edo para flauta, fagot y bajo continuo<br \/>\n<strong>TELEMANN<\/strong> Cuarteto en re menor para flauta, oboe, fagot y bajo continuo<br \/>\n<strong>HAYDN<\/strong> Cuarteto de cuerda en sol mayor<\/p>\n<p>Emb\u00e1rcate en un viaje por la elegancia de las \u00e9pocas barroca y cl\u00e1sica en este \u00edntimo concierto de c\u00e1mara con obras de Vivaldi, Telemann y Haydn. Con solo un pu\u00f1ado de m\u00fasicos en el escenario, este programa destaca el talento art\u00edstico, la interacci\u00f3n y la profundidad expresiva que hacen de la m\u00fasica de c\u00e1mara una de las formas m\u00e1s cautivadoras de disfrutar de la gran m\u00fasica de cerca.<\/p>\n<p><strong>Direcci\u00f3n<\/strong><br \/>\nIGLESIA CAT\u00d3LICA DE CRISTO REY<br \/>\n8017 Preston Road<br \/>\nDallas, TX 75225<\/p>\n<p><a href=\"https:\/\/www.dallassymphony.org\/es\/productions\/dso-on-the-go-chamber-concert\/\">Conseguir entradas<\/a><\/p>\n\t\t<\/div>\n\t<\/div>\n<\/div>\t\t\t\t<\/div>\n\t\t\t<\/div>\n\t\t<\/div>\n\t<\/div>\n<\/div>","protected":false},"excerpt":{"rendered":"<p>La Orquesta Sinf\u00f3nica de Dallas presentar\u00e1 la serie de conciertos DSO on the Go, que lleva a la orquesta fuera del Centro Sinf\u00f3nico de Meyerson y a los barrios y comunidades del norte de Texas.<\/p>","protected":false},"author":3,"featured_media":1753,"parent":608,"menu_order":0,"comment_status":"closed","ping_status":"closed","template":"","meta":{"_acf_changed":false,"footnotes":""},"class_list":["post-610","page","type-page","status-publish","has-post-thumbnail","hentry"],"acf":[],"_links":{"self":[{"href":"https:\/\/www.dallassymphony.org\/es\/wp-json\/wp\/v2\/pages\/610","targetHints":{"allow":["GET"]}}],"collection":[{"href":"https:\/\/www.dallassymphony.org\/es\/wp-json\/wp\/v2\/pages"}],"about":[{"href":"https:\/\/www.dallassymphony.org\/es\/wp-json\/wp\/v2\/types\/page"}],"author":[{"embeddable":true,"href":"https:\/\/www.dallassymphony.org\/es\/wp-json\/wp\/v2\/users\/3"}],"replies":[{"embeddable":true,"href":"https:\/\/www.dallassymphony.org\/es\/wp-json\/wp\/v2\/comments?post=610"}],"version-history":[{"count":1,"href":"https:\/\/www.dallassymphony.org\/es\/wp-json\/wp\/v2\/pages\/610\/revisions"}],"predecessor-version":[{"id":31020,"href":"https:\/\/www.dallassymphony.org\/es\/wp-json\/wp\/v2\/pages\/610\/revisions\/31020"}],"up":[{"embeddable":true,"href":"https:\/\/www.dallassymphony.org\/es\/wp-json\/wp\/v2\/pages\/608"}],"wp:featuredmedia":[{"embeddable":true,"href":"https:\/\/www.dallassymphony.org\/es\/wp-json\/wp\/v2\/media\/1753"}],"wp:attachment":[{"href":"https:\/\/www.dallassymphony.org\/es\/wp-json\/wp\/v2\/media?parent=610"}],"curies":[{"name":"wp","href":"https:\/\/api.w.org\/{rel}","templated":true}]}}