{"id":609,"date":"2020-11-07T12:03:07","date_gmt":"2020-11-07T17:03:07","guid":{"rendered":"https:\/\/www.dallassymphony.org\/?page_id=609"},"modified":"2021-11-05T10:54:11","modified_gmt":"2021-11-05T15:54:11","slug":"arts-district-showcase","status":"publish","type":"page","link":"https:\/\/www.dallassymphony.org\/es\/community-education\/in-the-community\/arts-district-showcase\/","title":{"rendered":"El Distrito de las Artes"},"content":{"rendered":"<div class=\"hero__no-img bg-blue-8\">\n\t<div class=\"container\">\n\t\t<div class=\"row\">\n\t\t\t<div class=\"col-md-10\">\n\n\t\t\t\t<ul class=\"breadcrumbs\">\n    \t<li class=\"breadcrumb__link\">\n\t\t<a class=\"a-hover\" href=\"https:\/\/www.dallassymphony.org\/es\/\">Inicio<\/a>\n\t<\/li>\n    \t<li class=\"breadcrumb__link a-styles\">\n\t\t<a class=\"a-hover\" href=\"https:\/\/www.dallassymphony.org\/es\/community-education\/\">Educaci\u00f3n y Comunidad<\/a>\n\t<\/li>\n    \t<li class=\"breadcrumb__link a-styles\">\n\t\t<a class=\"a-hover\" href=\"https:\/\/www.dallassymphony.org\/es\/community-education\/in-the-community\/\">Participaci\u00f3n comunitaria<\/a>\n\t<\/li>\n    <\/ul>\n\n                \t\t\t\t<h1>\n                    <span >El Distrito de las Artes<\/span>\n                <\/h1>\n                \t\t\t<\/div>\n\t\t<\/div>\n\t<\/div>\n<\/div>\n\n\n<div class=\"richtext m-spacer\">\n\t<div class=\"container\">\n\t\t<div class=\"row\">\n\t\t\t<div class=\"col-10\">\n\t\t\t\t\n\n<h2 class=\"wp-block-heading\" id=\"h-free-friday-lunch-concert-series\">Serie de Conciertos Gratuitos de los Viernes a la Hora de Comer<\/h2>\n\n\n\n<p>\u00danete a la Orquesta Sinf\u00f3nica de Dallas en el vest\u00edbulo del Centro Sinf\u00f3nico Morton H. Meyerson para un entretenimiento gratuito a la hora del almuerzo en la nueva Exhibici\u00f3n del Distrito de las Artes en el Meyerson. Los viernes, miembros de la DSO y artistas de todo el Distrito de las Artes de Dallas y la comunidad art\u00edstica de Dallas animar\u00e1n la tarde con m\u00fasica, danza y teatro.&nbsp;<\/p>\n\n\n\n<p><strong>NOTA IMPORTANTE: Debido a los protocolos de seguridad de COVID-19, todas las actuaciones de la Muestra del Distrito de las Artes est\u00e1n temporalmente en espera.<\/strong><\/p>\n\n\n\t\t\t<\/div>\n\t\t<\/div>\n\t<\/div>\n\n<\/div>","protected":false},"excerpt":{"rendered":"<p>\u00danete a la Orquesta Sinf\u00f3nica de Dallas en el vest\u00edbulo del Centro Sinf\u00f3nico Morton H. Meyerson para un entretenimiento gratuito a la hora del almuerzo en la nueva Exhibici\u00f3n del Distrito de las Artes en el Meyerson.<\/p>","protected":false},"author":3,"featured_media":1750,"parent":608,"menu_order":0,"comment_status":"closed","ping_status":"closed","template":"","meta":{"_acf_changed":false,"footnotes":""},"class_list":["post-609","page","type-page","status-publish","has-post-thumbnail","hentry"],"acf":[],"_links":{"self":[{"href":"https:\/\/www.dallassymphony.org\/es\/wp-json\/wp\/v2\/pages\/609","targetHints":{"allow":["GET"]}}],"collection":[{"href":"https:\/\/www.dallassymphony.org\/es\/wp-json\/wp\/v2\/pages"}],"about":[{"href":"https:\/\/www.dallassymphony.org\/es\/wp-json\/wp\/v2\/types\/page"}],"author":[{"embeddable":true,"href":"https:\/\/www.dallassymphony.org\/es\/wp-json\/wp\/v2\/users\/3"}],"replies":[{"embeddable":true,"href":"https:\/\/www.dallassymphony.org\/es\/wp-json\/wp\/v2\/comments?post=609"}],"version-history":[{"count":0,"href":"https:\/\/www.dallassymphony.org\/es\/wp-json\/wp\/v2\/pages\/609\/revisions"}],"up":[{"embeddable":true,"href":"https:\/\/www.dallassymphony.org\/es\/wp-json\/wp\/v2\/pages\/608"}],"wp:featuredmedia":[{"embeddable":true,"href":"https:\/\/www.dallassymphony.org\/es\/wp-json\/wp\/v2\/media\/1750"}],"wp:attachment":[{"href":"https:\/\/www.dallassymphony.org\/es\/wp-json\/wp\/v2\/media?parent=609"}],"curies":[{"name":"wp","href":"https:\/\/api.w.org\/{rel}","templated":true}]}}