{"id":608,"date":"2020-11-07T12:02:17","date_gmt":"2020-11-07T18:02:17","guid":{"rendered":"https:\/\/www.dallassymphony.org\/?page_id=608"},"modified":"2025-11-10T13:00:34","modified_gmt":"2025-11-10T19:00:34","slug":"in-the-community","status":"publish","type":"page","link":"https:\/\/www.dallassymphony.org\/es\/community-education\/in-the-community\/","title":{"rendered":"Participaci\u00f3n comunitaria"},"content":{"rendered":"<div class=\"hero__no-img bg-blue-8\">\n\t<div class=\"container\">\n\t\t<div class=\"row\">\n\t\t\t<div class=\"col-md-10\">\n\n\t\t\t\t<ul class=\"breadcrumbs\">\n    \t<li class=\"breadcrumb__link\">\n\t\t<a class=\"a-hover\" href=\"https:\/\/www.dallassymphony.org\/es\/\">Inicio<\/a>\n\t<\/li>\n    \t<li class=\"breadcrumb__link a-styles\">\n\t\t<a class=\"a-hover\" href=\"https:\/\/www.dallassymphony.org\/es\/community-education\/\">Educaci\u00f3n y Comunidad<\/a>\n\t<\/li>\n    <\/ul>\n\n                \t\t\t\t<h1>\n                    <span >Participaci\u00f3n comunitaria<\/span>\n                <\/h1>\n                \t\t\t<\/div>\n\t\t<\/div>\n\t<\/div>\n<\/div>\n\n\n<div class=\"subpage-nav grad-to-left\">\n\t<div class=\"container\">\n\t\t<div class=\"row\">\n\t\t\t<div class=\"col-md-12\">\n\t\t\t\t<h2><\/h2>\n\t\t\t<\/div>\n\t\t\t<div class=\"col-6\">\n\t<div class=\"subpage-nav__card\">\n\t\t<a href=\"https:\/\/www.dallassymphony.org\/es\/community-education\/in-the-community\/dso-cares\/\">\n\t\t\t<div class=\"subpage-nav__img-wrapper\">\n\t\t\t\t<img loading=\"lazy\" decoding=\"async\" width=\"540\" height=\"360\" src=\"https:\/\/www.dallassymphony.org\/wp-content\/uploads\/2022\/11\/IMG_5435-540x360.jpeg\" class=\"img-fluid wp-post-image\" alt=\"\" srcset=\"https:\/\/www.dallassymphony.org\/wp-content\/uploads\/2022\/11\/IMG_5435-540x360.jpeg 540w, https:\/\/www.dallassymphony.org\/wp-content\/uploads\/2022\/11\/IMG_5435-16x12.jpeg 16w, https:\/\/www.dallassymphony.org\/wp-content\/uploads\/2022\/11\/IMG_5435-309x206.jpeg 309w, https:\/\/www.dallassymphony.org\/wp-content\/uploads\/2022\/11\/IMG_5435-350x234.jpeg 350w\" sizes=\"auto, (max-width: 540px) 100vw, 540px\" \/>\t\t\t<\/div>\n\n\t\t\t<div class=\"subpage-nav__text\">\n\t\t\t\t<p>DSO Cares<\/p>\n\t\t\t<\/div>\n\t\t<\/a>\n\t<\/div>\n<\/div>\n<div class=\"col-6\">\n\t<div class=\"subpage-nav__card\">\n\t\t<a href=\"https:\/\/www.dallassymphony.org\/es\/community-education\/in-the-community\/dso-on-the-go\/\">\n\t\t\t<div class=\"subpage-nav__img-wrapper\">\n\t\t\t\t<img loading=\"lazy\" decoding=\"async\" width=\"540\" height=\"360\" src=\"https:\/\/www.dallassymphony.org\/wp-content\/uploads\/2020\/11\/dso-on-the-go.jpg-540x360.jpg\" class=\"img-fluid wp-post-image\" alt=\"Miembros de la DSO tocando en una iglesia como parte de la serie DSO On the Go\" srcset=\"https:\/\/www.dallassymphony.org\/wp-content\/uploads\/2020\/11\/dso-on-the-go.jpg-540x360.jpg 540w, https:\/\/www.dallassymphony.org\/wp-content\/uploads\/2020\/11\/dso-on-the-go.jpg-16x12.jpg 16w, https:\/\/www.dallassymphony.org\/wp-content\/uploads\/2020\/11\/dso-on-the-go.jpg-309x206.jpg 309w\" sizes=\"auto, (max-width: 540px) 100vw, 540px\" \/>\t\t\t<\/div>\n\n\t\t\t<div class=\"subpage-nav__text\">\n\t\t\t\t<p>DSO en marcha<\/p>\n\t\t\t<\/div>\n\t\t<\/a>\n\t<\/div>\n<\/div>\n<div class=\"col-6\">\n\t<div class=\"subpage-nav__card\">\n\t\t<a href=\"https:\/\/www.dallassymphony.org\/es\/community-education\/in-the-community\/symphony-in-the-city\/\">\n\t\t\t<div class=\"subpage-nav__img-wrapper\">\n\t\t\t\t<img loading=\"lazy\" decoding=\"async\" width=\"540\" height=\"360\" src=\"https:\/\/www.dallassymphony.org\/wp-content\/uploads\/2024\/03\/Cypress-Waters-540x360.png\" class=\"img-fluid wp-post-image\" alt=\"\" srcset=\"https:\/\/www.dallassymphony.org\/wp-content\/uploads\/2024\/03\/Cypress-Waters-540x360.png 540w, https:\/\/www.dallassymphony.org\/wp-content\/uploads\/2024\/03\/Cypress-Waters-309x206.png 309w, https:\/\/www.dallassymphony.org\/wp-content\/uploads\/2024\/03\/Cypress-Waters-350x234.png 350w\" sizes=\"auto, (max-width: 540px) 100vw, 540px\" \/>\t\t\t<\/div>\n\n\t\t\t<div class=\"subpage-nav__text\">\n\t\t\t\t<p>Conciertos en los parques<\/p>\n\t\t\t<\/div>\n\t\t<\/a>\n\t<\/div>\n<\/div>\n<div class=\"col-6\">\n\t<div class=\"subpage-nav__card\">\n\t\t<a href=\"https:\/\/www.dallassymphony.org\/es\/community-education\/in-the-community\/northpark-center-concerts\/\">\n\t\t\t<div class=\"subpage-nav__img-wrapper\">\n\t\t\t\t<img loading=\"lazy\" decoding=\"async\" width=\"540\" height=\"360\" src=\"https:\/\/www.dallassymphony.org\/wp-content\/uploads\/2020\/11\/NorthPark-Center-concerts.jpg-540x360.jpg\" class=\"img-fluid wp-post-image\" alt=\"Los m\u00fasicos de la DSO tocando en NorthPark para la celebraci\u00f3n de su 50 aniversario\" srcset=\"https:\/\/www.dallassymphony.org\/wp-content\/uploads\/2020\/11\/NorthPark-Center-concerts.jpg-540x360.jpg 540w, https:\/\/www.dallassymphony.org\/wp-content\/uploads\/2020\/11\/NorthPark-Center-concerts.jpg-16x12.jpg 16w, https:\/\/www.dallassymphony.org\/wp-content\/uploads\/2020\/11\/NorthPark-Center-concerts.jpg-309x206.jpg 309w\" sizes=\"auto, (max-width: 540px) 100vw, 540px\" \/>\t\t\t<\/div>\n\n\t\t\t<div class=\"subpage-nav__text\">\n\t\t\t\t<p>Conciertos del NorthPark Center<\/p>\n\t\t\t<\/div>\n\t\t<\/a>\n\t<\/div>\n<\/div>\n<div class=\"col-6\">\n\t<div class=\"subpage-nav__card\">\n\t\t<a href=\"https:\/\/www.dallassymphony.org\/es\/community-education\/in-the-community\/concerts-at-the-shirley-bill-mcintyre-park\/\">\n\t\t\t<div class=\"subpage-nav__img-wrapper\">\n\t\t\t\t<img loading=\"lazy\" decoding=\"async\" width=\"540\" height=\"360\" src=\"https:\/\/www.dallassymphony.org\/wp-content\/uploads\/2023\/10\/dso-9.13.2021-74-540x360.jpg\" class=\"img-fluid wp-post-image\" alt=\"\" srcset=\"https:\/\/www.dallassymphony.org\/wp-content\/uploads\/2023\/10\/dso-9.13.2021-74-540x360.jpg 540w, https:\/\/www.dallassymphony.org\/wp-content\/uploads\/2023\/10\/dso-9.13.2021-74-300x200.jpg 300w, https:\/\/www.dallassymphony.org\/wp-content\/uploads\/2023\/10\/dso-9.13.2021-74-1024x683.jpg 1024w, https:\/\/www.dallassymphony.org\/wp-content\/uploads\/2023\/10\/dso-9.13.2021-74-768x512.jpg 768w, https:\/\/www.dallassymphony.org\/wp-content\/uploads\/2023\/10\/dso-9.13.2021-74-1536x1024.jpg 1536w, https:\/\/www.dallassymphony.org\/wp-content\/uploads\/2023\/10\/dso-9.13.2021-74-2048x1365.jpg 2048w, https:\/\/www.dallassymphony.org\/wp-content\/uploads\/2023\/10\/dso-9.13.2021-74-18x12.jpg 18w, https:\/\/www.dallassymphony.org\/wp-content\/uploads\/2023\/10\/dso-9.13.2021-74-309x206.jpg 309w, https:\/\/www.dallassymphony.org\/wp-content\/uploads\/2023\/10\/dso-9.13.2021-74-350x234.jpg 350w\" sizes=\"auto, (max-width: 540px) 100vw, 540px\" \/>\t\t\t<\/div>\n\n\t\t\t<div class=\"subpage-nav__text\">\n\t\t\t\t<p>Conciertos en el Parque Shirley &amp; Bill McIntyre<\/p>\n\t\t\t<\/div>\n\t\t<\/a>\n\t<\/div>\n<\/div>\n<div class=\"col-6\">\n\t<div class=\"subpage-nav__card\">\n\t\t<a href=\"https:\/\/www.dallassymphony.org\/es\/community-education\/in-the-community\/mydso-concert\/\">\n\t\t\t<div class=\"subpage-nav__img-wrapper\">\n\t\t\t\t<img loading=\"lazy\" decoding=\"async\" width=\"540\" height=\"360\" src=\"https:\/\/www.dallassymphony.org\/wp-content\/uploads\/2025\/08\/preview-11-540x360.jpg\" class=\"img-fluid wp-post-image\" alt=\"\" srcset=\"https:\/\/www.dallassymphony.org\/wp-content\/uploads\/2025\/08\/preview-11-540x360.jpg 540w, https:\/\/www.dallassymphony.org\/wp-content\/uploads\/2025\/08\/preview-11-300x200.jpg 300w, https:\/\/www.dallassymphony.org\/wp-content\/uploads\/2025\/08\/preview-11-1024x683.jpg 1024w, https:\/\/www.dallassymphony.org\/wp-content\/uploads\/2025\/08\/preview-11-768x512.jpg 768w, https:\/\/www.dallassymphony.org\/wp-content\/uploads\/2025\/08\/preview-11-1536x1024.jpg 1536w, https:\/\/www.dallassymphony.org\/wp-content\/uploads\/2025\/08\/preview-11-2048x1365.jpg 2048w, https:\/\/www.dallassymphony.org\/wp-content\/uploads\/2025\/08\/preview-11-18x12.jpg 18w, https:\/\/www.dallassymphony.org\/wp-content\/uploads\/2025\/08\/preview-11-309x206.jpg 309w, https:\/\/www.dallassymphony.org\/wp-content\/uploads\/2025\/08\/preview-11-350x234.jpg 350w\" sizes=\"auto, (max-width: 540px) 100vw, 540px\" \/>\t\t\t<\/div>\n\n\t\t\t<div class=\"subpage-nav__text\">\n\t\t\t\t<p>Concierto \"MyDSO Sensory-Friendly<\/p>\n\t\t\t<\/div>\n\t\t<\/a>\n\t<\/div>\n<\/div>\n\t\t<\/div>\n\t<\/div>\n<\/div>\n\n\n<div class=\"richtext m-spacer\">\n\t<div class=\"container\">\n\t\t<div class=\"row\">\n\t\t\t<div class=\"col-10\">\n\t\t\t\t\n\n<h2 class=\"wp-block-heading\" id=\"h-non-profit-ticket-donation-program\">Programa de donaci\u00f3n de entradas sin \u00e1nimo de lucro<\/h2>\n\n\n\n<p>El programa de donaci\u00f3n de entradas de la DSO est\u00e1 dise\u00f1ado para que las organizaciones sin \u00e1nimo de lucro del norte de Texas tengan la oportunidad de utilizar las entradas de los conciertos de la Sinf\u00f3nica de Dallas como herramienta de recaudaci\u00f3n de fondos. El programa est\u00e1 abierto a las organizaciones locales sin \u00e1nimo de lucro 501(c)(3) por orden de llegada y deben cumplir los criterios del programa y las directrices para ser consideradas.<\/p>\n\n\n\n<p>Todas las solicitudes de donaci\u00f3n ser\u00e1n revisadas dentro de dos semanas. La organizaci\u00f3n que solicita la donaci\u00f3n ser\u00e1 contactada por correo electr\u00f3nico, independientemente de si la solicitud es aprobada o no.<\/p>\n\n\n\n<p>A continuaci\u00f3n encontrar\u00e1 los criterios del programa y las directrices a tener en cuenta:<\/p>\n\n\n\n<ul class=\"wp-block-list\">\n<li>Las organizaciones sin fines de lucro 501(c)(3) deben presentar solicitudes por escrito en papel con membrete oficial y proporcionar pruebas de su condici\u00f3n de organizaci\u00f3n sin fines de lucro.<\/li>\n\n\n\n<li>Podr\u00e1 adjuntar estos documentos. Por favor, comb\u00ednelos en un solo archivo.<\/li>\n\n\n\n<li>Las solicitudes deben presentarse al menos dos meses (60 d\u00edas) antes de la fecha de su evento.<\/li>\n\n\n\n<li>Las solicitudes se procesan una vez al mes para todos los eventos que ocurran al mes siguiente.<\/li>\n\n\n\n<li>Debido al volumen de solicitudes, no podremos rellenar ning\u00fan formulario para enviar junto con el certificado. Las organizaciones son responsables de llenar cualquier formulario necesario.<\/li>\n\n\n\n<li>Las organizaciones pueden hacer una solicitud por temporada - la temporada de la Sinf\u00f3nica de Dallas va de septiembre a mayo.<\/li>\n\n\n\n<li>Entre los ejemplos de solicitudes que no se examinar\u00e1n figuran:<\/li>\n\n\n\n<li>Donaciones que benefician a individuos o familias.<\/li>\n\n\n\n<li>Eventos realizados exclusivamente para empleados o miembros de una organizaci\u00f3n.<\/li>\n\n\n\n<li>Donaciones que se usar\u00e1n como premios de entrada o para fiestas de la cuadra, picnics, reuniones de ex-alumnos, reuniones o fiestas de la oficina.<\/li>\n<\/ul>\n\n\n\n<p><a href=\"https:\/\/dallassymphony.approveforgood.com\/\" target=\"_blank\" rel=\"noreferrer noopener\">Haga clic aqu\u00ed<\/a> para empezar.<\/p>\n\n\n\t\t\t<\/div>\n\t\t<\/div>\n\t<\/div>\n\n<\/div>\n\n\n<div class=\"cta-content-highlight\">\n    <img loading=\"lazy\" decoding=\"async\" width=\"1600\" height=\"900\" src=\"https:\/\/www.dallassymphony.org\/wp-content\/uploads\/2020\/11\/SUPPORT-OUR-COMMUNITY-ACTIVITIES.JPG.jpg\" class=\"cta__bg-img\" alt=\"Un hombre y su perro en un evento de la comunidad DSO\" srcset=\"https:\/\/www.dallassymphony.org\/wp-content\/uploads\/2020\/11\/SUPPORT-OUR-COMMUNITY-ACTIVITIES.JPG.jpg 1600w, https:\/\/www.dallassymphony.org\/wp-content\/uploads\/2020\/11\/SUPPORT-OUR-COMMUNITY-ACTIVITIES.JPG-300x169.jpg 300w, https:\/\/www.dallassymphony.org\/wp-content\/uploads\/2020\/11\/SUPPORT-OUR-COMMUNITY-ACTIVITIES.JPG-1024x576.jpg 1024w, https:\/\/www.dallassymphony.org\/wp-content\/uploads\/2020\/11\/SUPPORT-OUR-COMMUNITY-ACTIVITIES.JPG-768x432.jpg 768w, https:\/\/www.dallassymphony.org\/wp-content\/uploads\/2020\/11\/SUPPORT-OUR-COMMUNITY-ACTIVITIES.JPG-1536x864.jpg 1536w, https:\/\/www.dallassymphony.org\/wp-content\/uploads\/2020\/11\/SUPPORT-OUR-COMMUNITY-ACTIVITIES.JPG-16x9.jpg 16w, https:\/\/www.dallassymphony.org\/wp-content\/uploads\/2020\/11\/SUPPORT-OUR-COMMUNITY-ACTIVITIES.JPG-388x218.jpg 388w, https:\/\/www.dallassymphony.org\/wp-content\/uploads\/2020\/11\/SUPPORT-OUR-COMMUNITY-ACTIVITIES.JPG-540x303.jpg 540w, https:\/\/www.dallassymphony.org\/wp-content\/uploads\/2020\/11\/SUPPORT-OUR-COMMUNITY-ACTIVITIES.JPG-666x375.jpg 666w, https:\/\/www.dallassymphony.org\/wp-content\/uploads\/2020\/11\/SUPPORT-OUR-COMMUNITY-ACTIVITIES.JPG-735x413.jpg 735w\" sizes=\"auto, (max-width: 1600px) 100vw, 1600px\" \/>\n\t<div class=\"container bottom-container\">\n\t\t<div class=\"row no-gutters\">\n\t\t\t\n\t\t\t<div class=\"col-md-7 offset-md-1\">\n\t\t\t\t<div class=\"cta__text-overlay\">\n\t\t\t\t\t<h4>Apoyar nuestras actividades comunitarias<\/h4>\n\n\t\t\t\t\t<p>Su generoso apoyo permite a la DSO continuar trayendo programas como Symphony in the Park, DSO on the Go, el Concierto MyDSO y muchos otros programas directamente a nuestra comunidad.<\/p>\n\n                    \t\t\t\t\t<a class=\"a-hover\" href=\"https:\/\/give.dallassymphony.org\/donate\">Dona ahora<\/a>\n                    \t\t\t\t<\/div>\n\t\t\t<\/div>\n\t\t\t\t\t\t<div class=\"col-md-3  d-sm-none d-md-flex\">\n\t\t\t\t<div class=\"blk-bg-grad-left\"><\/div>\n\t\t\t<\/div>\n\t\t\t\t\t<\/div>\n\t<\/div>\n<\/div>","protected":false},"excerpt":{"rendered":"<p>Vea una variedad de eventos y espect\u00e1culos que ocurren alrededor del metroplex de DFW.<\/p>","protected":false},"author":3,"featured_media":725,"parent":580,"menu_order":0,"comment_status":"closed","ping_status":"closed","template":"","meta":{"_acf_changed":false,"footnotes":""},"class_list":["post-608","page","type-page","status-publish","has-post-thumbnail","hentry"],"acf":[],"_links":{"self":[{"href":"https:\/\/www.dallassymphony.org\/es\/wp-json\/wp\/v2\/pages\/608","targetHints":{"allow":["GET"]}}],"collection":[{"href":"https:\/\/www.dallassymphony.org\/es\/wp-json\/wp\/v2\/pages"}],"about":[{"href":"https:\/\/www.dallassymphony.org\/es\/wp-json\/wp\/v2\/types\/page"}],"author":[{"embeddable":true,"href":"https:\/\/www.dallassymphony.org\/es\/wp-json\/wp\/v2\/users\/3"}],"replies":[{"embeddable":true,"href":"https:\/\/www.dallassymphony.org\/es\/wp-json\/wp\/v2\/comments?post=608"}],"version-history":[{"count":0,"href":"https:\/\/www.dallassymphony.org\/es\/wp-json\/wp\/v2\/pages\/608\/revisions"}],"up":[{"embeddable":true,"href":"https:\/\/www.dallassymphony.org\/es\/wp-json\/wp\/v2\/pages\/580"}],"wp:featuredmedia":[{"embeddable":true,"href":"https:\/\/www.dallassymphony.org\/es\/wp-json\/wp\/v2\/media\/725"}],"wp:attachment":[{"href":"https:\/\/www.dallassymphony.org\/es\/wp-json\/wp\/v2\/media?parent=608"}],"curies":[{"name":"wp","href":"https:\/\/api.w.org\/{rel}","templated":true}]}}