{"id":603,"date":"2020-11-07T12:00:29","date_gmt":"2020-11-07T17:00:29","guid":{"rendered":"https:\/\/www.dallassymphony.org\/?page_id=603"},"modified":"2023-11-07T13:27:31","modified_gmt":"2023-11-07T19:27:31","slug":"classroom-quick-links","status":"publish","type":"page","link":"https:\/\/www.dallassymphony.org\/es\/community-education\/dso-kids\/teacher-parent-resources\/classroom-quick-links\/","title":{"rendered":"Enlaces r\u00e1pidos sobre las clases"},"content":{"rendered":"<div class=\"hero__no-img bg-blue-8\">\n\t<div class=\"container\">\n\t\t<div class=\"row\">\n\t\t\t<div class=\"col-md-10\">\n\n\t\t\t\t<ul class=\"breadcrumbs\">\n    \t<li class=\"breadcrumb__link\">\n\t\t<a class=\"a-hover\" href=\"https:\/\/www.dallassymphony.org\/es\/\">Inicio<\/a>\n\t<\/li>\n    \t<li class=\"breadcrumb__link a-styles\">\n\t\t<a class=\"a-hover\" href=\"https:\/\/www.dallassymphony.org\/es\/community-education\/\">Educaci\u00f3n y Comunidad<\/a>\n\t<\/li>\n    \t<li class=\"breadcrumb__link a-styles\">\n\t\t<a class=\"a-hover\" href=\"https:\/\/www.dallassymphony.org\/es\/community-education\/dso-kids\/\">Para escuelas y profesores<\/a>\n\t<\/li>\n    \t<li class=\"breadcrumb__link a-styles\">\n\t\t<a class=\"a-hover\" href=\"https:\/\/www.dallassymphony.org\/es\/community-education\/dso-kids\/teacher-parent-resources\/\">Recursos did\u00e1cticos<\/a>\n\t<\/li>\n    <\/ul>\n\n                \t\t\t\t<h1>\n                    <span >Enlaces r\u00e1pidos sobre las clases<\/span>\n                <\/h1>\n                \t\t\t<\/div>\n\t\t<\/div>\n\t<\/div>\n<\/div>\n\n\n<div class=\"richtext m-spacer\">\n\t<div class=\"container\">\n\t\t<div class=\"row\">\n\t\t\t<div class=\"col-10\">\n\t\t\t\t\n\n<h2 class=\"wp-block-heading\" id=\"h-walkstem\">walkSTEM<\/h2>\n\n\n\n<div class=\"wp-block-columns is-layout-flex wp-container-core-columns-is-layout-9d6595d7 wp-block-columns-is-layout-flex\">\n<div class=\"wp-block-column is-layout-flow wp-block-column-is-layout-flow\" style=\"flex-basis:66.66%\">\n<p>La Orquesta Sinf\u00f3nica de Dallas se enorgullece de apoyar la educaci\u00f3n en Ciencia, Tecnolog\u00eda, Ingenier\u00eda, Artes y Matem\u00e1ticas al asociarse con la organizaci\u00f3n sin fines de lucro talkSTEM para proporcionar <a href=\"http:\/\/talkstem.org\/walkstem-experiences\/\" target=\"_blank\" rel=\"noreferrer noopener\">experiencias de walkSTEM<\/a> en el Distrito de las Artes de Dallas y en otros lugares. walkSTEM@Dallas Arts District fue dise\u00f1ado por el Dr. Glen Whitney, asesor de walkSTEM y fundador del Museo Nacional de Matem\u00e1ticas de Nueva York. walkSTEM es genial para cualquiera que quiera echar un vistazo (o escuchar) a sus entornos (y a la m\u00fasica) de una forma divertida y diferente! Puedes notar cosas que puedes haber pasado por alto muchas veces, apreciar las conexiones inesperadas entre una amplia gama de artes, arquitectura, matem\u00e1ticas, ciencia, ingenier\u00eda y tecnolog\u00eda, y flexionar esos m\u00fasculos de resoluci\u00f3n de problemas.&nbsp;<\/p>\n\n\n\n<p><a href=\"https:\/\/talkstem.org\/walkstem-experiences\/\" target=\"_blank\" rel=\"noreferrer noopener\">Las experiencias de walkSTEM en Dallas<\/a><\/p>\n<\/div>\n\n\n\n<div class=\"wp-block-column is-layout-flow wp-block-column-is-layout-flow\" style=\"flex-basis:33.33%\">\n<figure class=\"wp-block-image size-medium\"><img loading=\"lazy\" decoding=\"async\" width=\"300\" height=\"169\" src=\"https:\/\/www.dallassymphony.org\/wp-content\/uploads\/2020\/11\/WALKSTEM-LOGO.JPG-300x169.jpg\" alt=\"Logotipo de walkSTEM\" class=\"wp-image-1871\" srcset=\"https:\/\/www.dallassymphony.org\/wp-content\/uploads\/2020\/11\/WALKSTEM-LOGO.JPG-300x169.jpg 300w, https:\/\/www.dallassymphony.org\/wp-content\/uploads\/2020\/11\/WALKSTEM-LOGO.JPG-1024x576.jpg 1024w, https:\/\/www.dallassymphony.org\/wp-content\/uploads\/2020\/11\/WALKSTEM-LOGO.JPG-768x432.jpg 768w, https:\/\/www.dallassymphony.org\/wp-content\/uploads\/2020\/11\/WALKSTEM-LOGO.JPG-1536x864.jpg 1536w, https:\/\/www.dallassymphony.org\/wp-content\/uploads\/2020\/11\/WALKSTEM-LOGO.JPG-16x9.jpg 16w, https:\/\/www.dallassymphony.org\/wp-content\/uploads\/2020\/11\/WALKSTEM-LOGO.JPG-388x218.jpg 388w, https:\/\/www.dallassymphony.org\/wp-content\/uploads\/2020\/11\/WALKSTEM-LOGO.JPG-540x303.jpg 540w, https:\/\/www.dallassymphony.org\/wp-content\/uploads\/2020\/11\/WALKSTEM-LOGO.JPG-666x375.jpg 666w, https:\/\/www.dallassymphony.org\/wp-content\/uploads\/2020\/11\/WALKSTEM-LOGO.JPG-735x413.jpg 735w, https:\/\/www.dallassymphony.org\/wp-content\/uploads\/2020\/11\/WALKSTEM-LOGO.JPG.jpg 1600w\" sizes=\"auto, (max-width: 300px) 100vw, 300px\" \/><\/figure>\n<\/div>\n<\/div>\n\n\n\t\t\t<\/div>\n\t\t<\/div>\n\t<\/div>\n\n<\/div>\n\n\n<div class=\"richtext m-spacer\">\n\t<div class=\"container\">\n\t\t<div class=\"row\">\n\t\t\t<div class=\"col-10\">\n\t\t\t\t\n\n<h2 class=\"wp-block-heading\" id=\"h-greater-dallas-youth-orchestra\">La Gran Orquesta Juvenil de Dallas<\/h2>\n\n\n\n<div class=\"wp-block-columns is-layout-flex wp-container-core-columns-is-layout-9d6595d7 wp-block-columns-is-layout-flex\">\n<div class=\"wp-block-column is-layout-flow wp-block-column-is-layout-flow\" style=\"flex-basis:66.66%\">\n<p>La misi\u00f3n de la Greater Dallas Youth Orchestra es proporcionar educaci\u00f3n musical y oportunidades de actuaci\u00f3n a los j\u00f3venes con capacidad musical demostrada.<\/p>\n\n\n\n<p>El programa atiende a m\u00e1s de 450 j\u00f3venes m\u00fasicos de talento, que act\u00faan en dos orquestas completas, tres orquestas de cuerda, un conjunto de viento, un coro de flautas y seis combos de jazz en el Instituto de Jazz. Los m\u00fasicos de GDYO socializan con un grupo diverso de compa\u00f1eros altamente talentosos de m\u00e1s de 50 comunidades en el Metroplex, adem\u00e1s de interactuar con profesionales de la Orquesta Sinf\u00f3nica de Dallas, la Sinf\u00f3nica de Viento de Dallas y otros m\u00faltiples conjuntos musicales locales.<\/p>\n\n\n\n<p><a href=\"https:\/\/www.gdyo.org\/\" target=\"_blank\" rel=\"noreferrer noopener\">M\u00e1s informaci\u00f3n<\/a><\/p>\n<\/div>\n\n\n\n<div class=\"wp-block-column is-layout-flow wp-block-column-is-layout-flow\" style=\"flex-basis:33.33%\">\n<figure class=\"wp-block-image size-medium\"><img loading=\"lazy\" decoding=\"async\" width=\"300\" height=\"169\" src=\"https:\/\/www.dallassymphony.org\/wp-content\/uploads\/2020\/11\/GDYO-LOGO.JPG-300x169.jpg\" alt=\"La Gran Orquesta Juvenil de Dallas\" class=\"wp-image-1873\" srcset=\"https:\/\/www.dallassymphony.org\/wp-content\/uploads\/2020\/11\/GDYO-LOGO.JPG-300x169.jpg 300w, https:\/\/www.dallassymphony.org\/wp-content\/uploads\/2020\/11\/GDYO-LOGO.JPG-1024x576.jpg 1024w, https:\/\/www.dallassymphony.org\/wp-content\/uploads\/2020\/11\/GDYO-LOGO.JPG-768x432.jpg 768w, https:\/\/www.dallassymphony.org\/wp-content\/uploads\/2020\/11\/GDYO-LOGO.JPG-1536x864.jpg 1536w, https:\/\/www.dallassymphony.org\/wp-content\/uploads\/2020\/11\/GDYO-LOGO.JPG-16x9.jpg 16w, https:\/\/www.dallassymphony.org\/wp-content\/uploads\/2020\/11\/GDYO-LOGO.JPG-388x218.jpg 388w, https:\/\/www.dallassymphony.org\/wp-content\/uploads\/2020\/11\/GDYO-LOGO.JPG-540x303.jpg 540w, https:\/\/www.dallassymphony.org\/wp-content\/uploads\/2020\/11\/GDYO-LOGO.JPG-666x375.jpg 666w, https:\/\/www.dallassymphony.org\/wp-content\/uploads\/2020\/11\/GDYO-LOGO.JPG-735x413.jpg 735w, https:\/\/www.dallassymphony.org\/wp-content\/uploads\/2020\/11\/GDYO-LOGO.JPG.jpg 1600w\" sizes=\"auto, (max-width: 300px) 100vw, 300px\" \/><\/figure>\n<\/div>\n<\/div>\n\n\n\t\t\t<\/div>\n\t\t<\/div>\n\t<\/div>\n\n<\/div>\n\n\n<div class=\"richtext m-spacer\">\n\t<div class=\"container\">\n\t\t<div class=\"row\">\n\t\t\t<div class=\"col-10\">\n\t\t\t\t\n\n<h2 class=\"wp-block-heading\" id=\"h-music-together-dallas\">Music Together Dallas<\/h2>\n\n\n\n<div class=\"wp-block-columns is-layout-flex wp-container-core-columns-is-layout-9d6595d7 wp-block-columns-is-layout-flex\">\n<div class=\"wp-block-column is-layout-flow wp-block-column-is-layout-flow\" style=\"flex-basis:66.66%\">\n<p>Music Together Dallas es un programa de m\u00fasica y movimiento para la infancia temprana basado en la investigaci\u00f3n para familias con beb\u00e9s\/ni\u00f1os peque\u00f1os\/preescolares en Dallas, que ofrece clases para padres e hijos con educaci\u00f3n para padres y fomenta el modelo de rol de los padres para ni\u00f1os de 0 a 7 a\u00f1os de edad.&nbsp;<\/p>\n\n\n\n<p>Su misi\u00f3n es influir en la experiencia de aprendizaje musical de cada ni\u00f1o a lo largo de toda su vida y concienciar a sus padres sobre los beneficios cognitivos, acad\u00e9micos y de comportamiento del plan de estudios Music Together.<\/p>\n\n\n\n<p>Los amigos de la Sinf\u00f3nica de Dallas pueden recibir $20 de descuento en la matr\u00edcula utilizando el c\u00f3digo promocional \"DSO20\".<\/p>\n\n\n\n<p><a href=\"https:\/\/www.musictogetherdallas.com\/\" target=\"_blank\" rel=\"noreferrer noopener\">\u00a1Cuenta conmigo!<\/a><\/p>\n<\/div>\n\n\n\n<div class=\"wp-block-column is-layout-flow wp-block-column-is-layout-flow\" style=\"flex-basis:33.33%\">\n<figure class=\"wp-block-image size-medium\"><img loading=\"lazy\" decoding=\"async\" width=\"300\" height=\"169\" src=\"https:\/\/www.dallassymphony.org\/wp-content\/uploads\/2020\/11\/MUSIC-TOGETHER-DALLAS-LOGO.JPG-300x169.jpg\" alt=\"Logotipo de &quot;Music Together Dallas&quot;.\" class=\"wp-image-1875\" srcset=\"https:\/\/www.dallassymphony.org\/wp-content\/uploads\/2020\/11\/MUSIC-TOGETHER-DALLAS-LOGO.JPG-300x169.jpg 300w, https:\/\/www.dallassymphony.org\/wp-content\/uploads\/2020\/11\/MUSIC-TOGETHER-DALLAS-LOGO.JPG-1024x576.jpg 1024w, https:\/\/www.dallassymphony.org\/wp-content\/uploads\/2020\/11\/MUSIC-TOGETHER-DALLAS-LOGO.JPG-768x432.jpg 768w, https:\/\/www.dallassymphony.org\/wp-content\/uploads\/2020\/11\/MUSIC-TOGETHER-DALLAS-LOGO.JPG-1536x864.jpg 1536w, https:\/\/www.dallassymphony.org\/wp-content\/uploads\/2020\/11\/MUSIC-TOGETHER-DALLAS-LOGO.JPG-16x9.jpg 16w, https:\/\/www.dallassymphony.org\/wp-content\/uploads\/2020\/11\/MUSIC-TOGETHER-DALLAS-LOGO.JPG-388x218.jpg 388w, https:\/\/www.dallassymphony.org\/wp-content\/uploads\/2020\/11\/MUSIC-TOGETHER-DALLAS-LOGO.JPG-540x303.jpg 540w, https:\/\/www.dallassymphony.org\/wp-content\/uploads\/2020\/11\/MUSIC-TOGETHER-DALLAS-LOGO.JPG-666x375.jpg 666w, https:\/\/www.dallassymphony.org\/wp-content\/uploads\/2020\/11\/MUSIC-TOGETHER-DALLAS-LOGO.JPG-735x413.jpg 735w, https:\/\/www.dallassymphony.org\/wp-content\/uploads\/2020\/11\/MUSIC-TOGETHER-DALLAS-LOGO.JPG.jpg 1600w\" sizes=\"auto, (max-width: 300px) 100vw, 300px\" \/><\/figure>\n<\/div>\n<\/div>\n\n\n\n<p><\/p>\n\n\n\t\t\t<\/div>\n\t\t<\/div>\n\t<\/div>\n\n<\/div>\n\n\n<div class=\"richtext m-spacer\">\n\t<div class=\"container\">\n\t\t<div class=\"row\">\n\t\t\t<div class=\"col-10\">\n\t\t\t\t\n\n<h2 class=\"wp-block-heading\" id=\"h-ny-phil-kids\">NY Phil Kids<\/h2>\n\n\n\n<div class=\"wp-block-columns is-layout-flex wp-container-core-columns-is-layout-9d6595d7 wp-block-columns-is-layout-flex\">\n<div class=\"wp-block-column is-layout-flow wp-block-column-is-layout-flow\" style=\"flex-basis:66.66%\">\n<p>\u00a1Un sitio interactivo para ni\u00f1os de la Filarm\u00f3nica de Nueva York!<\/p>\n\n\n\n<p><a href=\"https:\/\/www.nyphilkids.org\/\" target=\"_blank\" rel=\"noreferrer noopener\">S<\/a><a href=\"https:\/\/nyphil.org\/education\/digital-resources\" target=\"_blank\" rel=\"noreferrer noopener\">c\u00f3mo yo m\u00e1s<\/a><\/p>\n<\/div>\n\n\n\n<div class=\"wp-block-column is-layout-flow wp-block-column-is-layout-flow\" style=\"flex-basis:33.33%\">\n<figure class=\"wp-block-image size-medium\"><img loading=\"lazy\" decoding=\"async\" width=\"300\" height=\"169\" src=\"https:\/\/www.dallassymphony.org\/wp-content\/uploads\/2020\/11\/NEW-YORK-PHIL-KIDZONE-LOGO.JPG-300x169.jpg\" alt=\"Logotipo de la Zona de Ni\u00f1os de Nueva York\" class=\"wp-image-1877\" srcset=\"https:\/\/www.dallassymphony.org\/wp-content\/uploads\/2020\/11\/NEW-YORK-PHIL-KIDZONE-LOGO.JPG-300x169.jpg 300w, https:\/\/www.dallassymphony.org\/wp-content\/uploads\/2020\/11\/NEW-YORK-PHIL-KIDZONE-LOGO.JPG-1024x576.jpg 1024w, https:\/\/www.dallassymphony.org\/wp-content\/uploads\/2020\/11\/NEW-YORK-PHIL-KIDZONE-LOGO.JPG-768x432.jpg 768w, https:\/\/www.dallassymphony.org\/wp-content\/uploads\/2020\/11\/NEW-YORK-PHIL-KIDZONE-LOGO.JPG-1536x864.jpg 1536w, https:\/\/www.dallassymphony.org\/wp-content\/uploads\/2020\/11\/NEW-YORK-PHIL-KIDZONE-LOGO.JPG-16x9.jpg 16w, https:\/\/www.dallassymphony.org\/wp-content\/uploads\/2020\/11\/NEW-YORK-PHIL-KIDZONE-LOGO.JPG-388x218.jpg 388w, https:\/\/www.dallassymphony.org\/wp-content\/uploads\/2020\/11\/NEW-YORK-PHIL-KIDZONE-LOGO.JPG-540x303.jpg 540w, https:\/\/www.dallassymphony.org\/wp-content\/uploads\/2020\/11\/NEW-YORK-PHIL-KIDZONE-LOGO.JPG-666x375.jpg 666w, https:\/\/www.dallassymphony.org\/wp-content\/uploads\/2020\/11\/NEW-YORK-PHIL-KIDZONE-LOGO.JPG-735x413.jpg 735w, https:\/\/www.dallassymphony.org\/wp-content\/uploads\/2020\/11\/NEW-YORK-PHIL-KIDZONE-LOGO.JPG.jpg 1600w\" sizes=\"auto, (max-width: 300px) 100vw, 300px\" \/><\/figure>\n<\/div>\n<\/div>\n\n\n\n<p><\/p>\n\n\n\t\t\t<\/div>\n\t\t<\/div>\n\t<\/div>\n\n<\/div>\n\n\n<div class=\"richtext m-spacer\">\n\t<div class=\"container\">\n\t\t<div class=\"row\">\n\t\t\t<div class=\"col-10\">\n\t\t\t\t\n\n<h2 class=\"wp-block-heading\" id=\"h-wrr-classical-101-1-fm\">WRR, Cl\u00e1sico 101.1 FM<\/h2>\n\n\n\n<div class=\"wp-block-columns is-layout-flex wp-container-core-columns-is-layout-9d6595d7 wp-block-columns-is-layout-flex\">\n<div class=\"wp-block-column is-layout-flow wp-block-column-is-layout-flow\" style=\"flex-basis:66.66%\">\n<p>Un gran recurso para la m\u00fasica cl\u00e1sica, y su sitio web es el hogar de los Podcasts del Consejo de Adolescentes de la DSO!<\/p>\n\n\n\n<p><a href=\"https:\/\/talkstem.org\/walkstem-experiences\/\" target=\"_blank\" rel=\"noreferrer noopener\">Ll\u00e9vame a <\/a><a href=\"https:\/\/www.wrr101.com\/\" target=\"_blank\" rel=\"noreferrer noopener\">WRR<\/a><\/p>\n<\/div>\n\n\n\n<div class=\"wp-block-column is-layout-flow wp-block-column-is-layout-flow\" style=\"flex-basis:33.33%\">\n<figure class=\"wp-block-image size-medium\"><img loading=\"lazy\" decoding=\"async\" width=\"300\" height=\"169\" src=\"https:\/\/www.dallassymphony.org\/wp-content\/uploads\/2020\/11\/WRR-LOGO.JPG-300x169.jpg\" alt=\"Logotipo de WRR Classicla 101\" class=\"wp-image-1879\" srcset=\"https:\/\/www.dallassymphony.org\/wp-content\/uploads\/2020\/11\/WRR-LOGO.JPG-300x169.jpg 300w, https:\/\/www.dallassymphony.org\/wp-content\/uploads\/2020\/11\/WRR-LOGO.JPG-1024x576.jpg 1024w, https:\/\/www.dallassymphony.org\/wp-content\/uploads\/2020\/11\/WRR-LOGO.JPG-768x432.jpg 768w, https:\/\/www.dallassymphony.org\/wp-content\/uploads\/2020\/11\/WRR-LOGO.JPG-1536x864.jpg 1536w, https:\/\/www.dallassymphony.org\/wp-content\/uploads\/2020\/11\/WRR-LOGO.JPG-16x9.jpg 16w, https:\/\/www.dallassymphony.org\/wp-content\/uploads\/2020\/11\/WRR-LOGO.JPG-388x218.jpg 388w, https:\/\/www.dallassymphony.org\/wp-content\/uploads\/2020\/11\/WRR-LOGO.JPG-540x303.jpg 540w, https:\/\/www.dallassymphony.org\/wp-content\/uploads\/2020\/11\/WRR-LOGO.JPG-666x375.jpg 666w, https:\/\/www.dallassymphony.org\/wp-content\/uploads\/2020\/11\/WRR-LOGO.JPG-735x413.jpg 735w, https:\/\/www.dallassymphony.org\/wp-content\/uploads\/2020\/11\/WRR-LOGO.JPG.jpg 1600w\" sizes=\"auto, (max-width: 300px) 100vw, 300px\" \/><\/figure>\n<\/div>\n<\/div>\n\n\n\t\t\t<\/div>\n\t\t<\/div>\n\t<\/div>\n\n<\/div>\n\n\n<div class=\"richtext m-spacer\">\n\t<div class=\"container\">\n\t\t<div class=\"row\">\n\t\t\t<div class=\"col-10\">\n\t\t\t\t\n\n<h2 class=\"wp-block-heading\" id=\"h-big-thought\">Gran Pensamiento<\/h2>\n\n\n\n<div class=\"wp-block-columns is-layout-flex wp-container-core-columns-is-layout-9d6595d7 wp-block-columns-is-layout-flex\">\n<div class=\"wp-block-column is-layout-flow wp-block-column-is-layout-flow\" style=\"flex-basis:66.66%\">\n<p><a href=\"http:\/\/www.bigthought.org\/LearningPartners\/Programs\/FeaturedPrograms.aspx\" target=\"_blank\" rel=\"noreferrer noopener\">Compa\u00f1eros de aprendizaje<\/a> (anteriormente ArtsPartners) es una colaboraci\u00f3n reconocida a nivel nacional formada por l\u00edderes comunitarios como una forma de proporcionar actividades art\u00edsticas y culturales de alta calidad a todos los estudiantes de primaria del Distrito Escolar Independiente de Dallas (Dallas ISD) cada a\u00f1o. El programa une al Dallas ISD, la Oficina de Asuntos Culturales de la Ciudad de Dallas, y m\u00e1s de 100 organizaciones de arte, ciencia y cultura y artistas docentes bajo la gu\u00eda del socio gerente Big Thought!<\/p>\n\n\n\n<p><a href=\"https:\/\/www.bigthought.org\/who-its-for\/for-parents\/\" target=\"_blank\" rel=\"noreferrer noopener\">Aprende m\u00e1s.<\/a><\/p>\n<\/div>\n\n\n\n<div class=\"wp-block-column is-layout-flow wp-block-column-is-layout-flow\" style=\"flex-basis:33.33%\">\n<figure class=\"wp-block-image size-medium\"><img loading=\"lazy\" decoding=\"async\" width=\"300\" height=\"169\" src=\"https:\/\/www.dallassymphony.org\/wp-content\/uploads\/2020\/11\/BIG-THOUGHT-LOGO.JPG-300x169.jpg\" alt=\"Logotipo de gran pensamiento\" class=\"wp-image-1883\" srcset=\"https:\/\/www.dallassymphony.org\/wp-content\/uploads\/2020\/11\/BIG-THOUGHT-LOGO.JPG-300x169.jpg 300w, https:\/\/www.dallassymphony.org\/wp-content\/uploads\/2020\/11\/BIG-THOUGHT-LOGO.JPG-1024x576.jpg 1024w, https:\/\/www.dallassymphony.org\/wp-content\/uploads\/2020\/11\/BIG-THOUGHT-LOGO.JPG-768x432.jpg 768w, https:\/\/www.dallassymphony.org\/wp-content\/uploads\/2020\/11\/BIG-THOUGHT-LOGO.JPG-1536x864.jpg 1536w, https:\/\/www.dallassymphony.org\/wp-content\/uploads\/2020\/11\/BIG-THOUGHT-LOGO.JPG-16x9.jpg 16w, https:\/\/www.dallassymphony.org\/wp-content\/uploads\/2020\/11\/BIG-THOUGHT-LOGO.JPG-388x218.jpg 388w, https:\/\/www.dallassymphony.org\/wp-content\/uploads\/2020\/11\/BIG-THOUGHT-LOGO.JPG-540x303.jpg 540w, https:\/\/www.dallassymphony.org\/wp-content\/uploads\/2020\/11\/BIG-THOUGHT-LOGO.JPG-666x375.jpg 666w, https:\/\/www.dallassymphony.org\/wp-content\/uploads\/2020\/11\/BIG-THOUGHT-LOGO.JPG-735x413.jpg 735w, https:\/\/www.dallassymphony.org\/wp-content\/uploads\/2020\/11\/BIG-THOUGHT-LOGO.JPG.jpg 1600w\" sizes=\"auto, (max-width: 300px) 100vw, 300px\" \/><\/figure>\n<\/div>\n<\/div>\n\n\n\t\t\t<\/div>\n\t\t<\/div>\n\t<\/div>\n\n<\/div>\n\n\n<div class=\"richtext m-spacer\">\n\t<div class=\"container\">\n\t\t<div class=\"row\">\n\t\t\t<div class=\"col-10\">\n\t\t\t\t\n\n<h2 class=\"wp-block-heading\" id=\"h-classics-for-kids\">Cl\u00e1sicos para ni\u00f1os<\/h2>\n\n\n\n<div class=\"wp-block-columns is-layout-flex wp-container-core-columns-is-layout-9d6595d7 wp-block-columns-is-layout-flex\">\n<div class=\"wp-block-column is-layout-flow wp-block-column-is-layout-flow\" style=\"flex-basis:66.66%\">\n<p>Sitio web para ni\u00f1os producido por la Radio P\u00fablica de Cincinnati que cuenta con multitud de recursos de m\u00fasica cl\u00e1sica.<\/p>\n\n\n\n<p><a href=\"https:\/\/talkstem.org\/walkstem-experiences\/\" target=\"_blank\" rel=\"noreferrer noopener\">M\u00e1s, por favor.<\/a><\/p>\n<\/div>\n\n\n\n<div class=\"wp-block-column is-layout-flow wp-block-column-is-layout-flow\" style=\"flex-basis:33.33%\">\n<figure class=\"wp-block-image size-medium\"><img loading=\"lazy\" decoding=\"async\" width=\"300\" height=\"169\" src=\"https:\/\/www.dallassymphony.org\/wp-content\/uploads\/2020\/11\/CLASSICS-FOR-KIDS-LOGO.JPG-300x169.jpg\" alt=\"Logotipo de Cl\u00e1sicos para ni\u00f1os\" class=\"wp-image-1888\" srcset=\"https:\/\/www.dallassymphony.org\/wp-content\/uploads\/2020\/11\/CLASSICS-FOR-KIDS-LOGO.JPG-300x169.jpg 300w, https:\/\/www.dallassymphony.org\/wp-content\/uploads\/2020\/11\/CLASSICS-FOR-KIDS-LOGO.JPG-1024x576.jpg 1024w, https:\/\/www.dallassymphony.org\/wp-content\/uploads\/2020\/11\/CLASSICS-FOR-KIDS-LOGO.JPG-768x432.jpg 768w, https:\/\/www.dallassymphony.org\/wp-content\/uploads\/2020\/11\/CLASSICS-FOR-KIDS-LOGO.JPG-1536x864.jpg 1536w, https:\/\/www.dallassymphony.org\/wp-content\/uploads\/2020\/11\/CLASSICS-FOR-KIDS-LOGO.JPG-16x9.jpg 16w, https:\/\/www.dallassymphony.org\/wp-content\/uploads\/2020\/11\/CLASSICS-FOR-KIDS-LOGO.JPG-388x218.jpg 388w, https:\/\/www.dallassymphony.org\/wp-content\/uploads\/2020\/11\/CLASSICS-FOR-KIDS-LOGO.JPG-540x303.jpg 540w, https:\/\/www.dallassymphony.org\/wp-content\/uploads\/2020\/11\/CLASSICS-FOR-KIDS-LOGO.JPG-666x375.jpg 666w, https:\/\/www.dallassymphony.org\/wp-content\/uploads\/2020\/11\/CLASSICS-FOR-KIDS-LOGO.JPG-735x413.jpg 735w, https:\/\/www.dallassymphony.org\/wp-content\/uploads\/2020\/11\/CLASSICS-FOR-KIDS-LOGO.JPG.jpg 1600w\" sizes=\"auto, (max-width: 300px) 100vw, 300px\" \/><\/figure>\n<\/div>\n<\/div>\n\n\n\t\t\t<\/div>\n\t\t<\/div>\n\t<\/div>\n\n<\/div>\n\n\n<div class=\"richtext m-spacer\">\n\t<div class=\"container\">\n\t\t<div class=\"row\">\n\t\t\t<div class=\"col-10\">\n\t\t\t\t\n\n<h2 class=\"wp-block-heading\" id=\"h-music-educators-toolbox\">Caja de herramientas para educadores musicales<\/h2>\n\n\n\n<div class=\"wp-block-columns is-layout-flex wp-container-core-columns-is-layout-9d6595d7 wp-block-columns-is-layout-flex\">\n<div class=\"wp-block-column is-layout-flow wp-block-column-is-layout-flow\" style=\"flex-basis:66.66%\">\n<p>Music Educators Toolbox del Carnegie Hall es un conjunto de recursos gratuitos en l\u00ednea para profesores de m\u00fasica que incluye planes de clases, actividades, evaluaciones, ejemplos en v\u00eddeo y mejores pr\u00e1cticas documentadas. Dise\u00f1ada para ser eficaz y adaptable a una amplia variedad de aulas de m\u00fasica, los recursos se desarrollaron a trav\u00e9s de la residencia de cinco a\u00f1os del Carnegie Hall en una escuela primaria\/media de la ciudad de Nueva York. En la actualidad, la caja de herramientas incluye recursos de educaci\u00f3n musical espec\u00edficos para cada grado que abordan los fundamentos del ritmo y el comp\u00e1s, la forma y el dise\u00f1o, las cualidades expresivas, la afinaci\u00f3n y la interpretaci\u00f3n.<\/p>\n\n\n\n<p><a href=\"https:\/\/www.carnegiehall.org\/Education\/Educators\/Music-Educators-Toolbox\" target=\"_blank\" rel=\"noreferrer noopener\">Aprende m\u00e1s.<\/a><\/p>\n<\/div>\n\n\n\n<div class=\"wp-block-column is-layout-flow wp-block-column-is-layout-flow\" style=\"flex-basis:33.33%\">\n<figure class=\"wp-block-image size-medium\"><img loading=\"lazy\" decoding=\"async\" width=\"300\" height=\"169\" src=\"https:\/\/www.dallassymphony.org\/wp-content\/uploads\/2020\/11\/MUSIC-EDUCATORS-TOOLBOX-LOGO.JPG-300x169.jpg\" alt=\"Caja de herramientas para educadores musicales\" class=\"wp-image-1890\" srcset=\"https:\/\/www.dallassymphony.org\/wp-content\/uploads\/2020\/11\/MUSIC-EDUCATORS-TOOLBOX-LOGO.JPG-300x169.jpg 300w, https:\/\/www.dallassymphony.org\/wp-content\/uploads\/2020\/11\/MUSIC-EDUCATORS-TOOLBOX-LOGO.JPG-1024x576.jpg 1024w, https:\/\/www.dallassymphony.org\/wp-content\/uploads\/2020\/11\/MUSIC-EDUCATORS-TOOLBOX-LOGO.JPG-768x432.jpg 768w, https:\/\/www.dallassymphony.org\/wp-content\/uploads\/2020\/11\/MUSIC-EDUCATORS-TOOLBOX-LOGO.JPG-1536x864.jpg 1536w, https:\/\/www.dallassymphony.org\/wp-content\/uploads\/2020\/11\/MUSIC-EDUCATORS-TOOLBOX-LOGO.JPG-16x9.jpg 16w, https:\/\/www.dallassymphony.org\/wp-content\/uploads\/2020\/11\/MUSIC-EDUCATORS-TOOLBOX-LOGO.JPG-388x218.jpg 388w, https:\/\/www.dallassymphony.org\/wp-content\/uploads\/2020\/11\/MUSIC-EDUCATORS-TOOLBOX-LOGO.JPG-540x303.jpg 540w, https:\/\/www.dallassymphony.org\/wp-content\/uploads\/2020\/11\/MUSIC-EDUCATORS-TOOLBOX-LOGO.JPG-666x375.jpg 666w, https:\/\/www.dallassymphony.org\/wp-content\/uploads\/2020\/11\/MUSIC-EDUCATORS-TOOLBOX-LOGO.JPG-735x413.jpg 735w, https:\/\/www.dallassymphony.org\/wp-content\/uploads\/2020\/11\/MUSIC-EDUCATORS-TOOLBOX-LOGO.JPG.jpg 1600w\" sizes=\"auto, (max-width: 300px) 100vw, 300px\" \/><\/figure>\n<\/div>\n<\/div>\n\n\n\t\t\t<\/div>\n\t\t<\/div>\n\t<\/div>\n\n<\/div>\n\n\n<div class=\"richtext m-spacer\">\n\t<div class=\"container\">\n\t\t<div class=\"row\">\n\t\t\t<div class=\"col-10\">\n\t\t\t\t\n\n<h2 class=\"wp-block-heading\" id=\"h-stars-catz\">Stars &amp; Catz<\/h2>\n\n\n\n<div class=\"wp-block-columns is-layout-flex wp-container-core-columns-is-layout-9d6595d7 wp-block-columns-is-layout-flex\">\n<div class=\"wp-block-column is-layout-flow wp-block-column-is-layout-flow\" style=\"flex-basis:66.66%\">\n<p>Recursos gratuitos que incluyen juegos de m\u00fasica en l\u00ednea gratuitos con secciones de composici\u00f3n, entrenamiento del o\u00eddo, teor\u00eda, historia, ritmo y vocabulario. Otros recursos que merece la pena consultar son el metr\u00f3nomo en l\u00ednea, el buscador de acordes de piano y las plantillas de partituras imprimibles (incluidas las hojas de acordes para piano y guitarra). Hay mucho que explorar en este sitio.<\/p>\n\n\n\n<p><a href=\"https:\/\/starsandcatz.com\/free-tools\/\" target=\"_blank\" rel=\"noreferrer noopener\">Compru\u00e9balo.<\/a><\/p>\n<\/div>\n\n\n\n<div class=\"wp-block-column is-layout-flow wp-block-column-is-layout-flow\" style=\"flex-basis:33.33%\">\n<figure class=\"wp-block-image size-thumbnail\"><img loading=\"lazy\" decoding=\"async\" width=\"150\" height=\"150\" src=\"https:\/\/www.dallassymphony.org\/wp-content\/uploads\/2020\/11\/STARS-AND-CATZ-LOGO.JPG-150x150.jpg\" alt=\"Logotipo de educaci\u00f3n musical de Stars and catz\" class=\"wp-image-1894\" srcset=\"https:\/\/www.dallassymphony.org\/wp-content\/uploads\/2020\/11\/STARS-AND-CATZ-LOGO.JPG-150x150.jpg 150w, https:\/\/www.dallassymphony.org\/wp-content\/uploads\/2020\/11\/STARS-AND-CATZ-LOGO.JPG-262x262.jpg 262w, https:\/\/www.dallassymphony.org\/wp-content\/uploads\/2020\/11\/STARS-AND-CATZ-LOGO.JPG-350x350.jpg 350w, https:\/\/www.dallassymphony.org\/wp-content\/uploads\/2020\/11\/STARS-AND-CATZ-LOGO.JPG-445x445.jpg 445w\" sizes=\"auto, (max-width: 150px) 100vw, 150px\" \/><\/figure>\n<\/div>\n<\/div>\n\n\n\t\t\t<\/div>\n\t\t<\/div>\n\t<\/div>\n\n<\/div>","protected":false},"excerpt":{"rendered":"<p>Vea los enlaces educativos r\u00e1pidos para padres y maestros.<\/p>","protected":false},"author":3,"featured_media":1776,"parent":601,"menu_order":0,"comment_status":"closed","ping_status":"closed","template":"","meta":{"_acf_changed":false,"footnotes":""},"class_list":["post-603","page","type-page","status-publish","has-post-thumbnail","hentry"],"acf":[],"_links":{"self":[{"href":"https:\/\/www.dallassymphony.org\/es\/wp-json\/wp\/v2\/pages\/603","targetHints":{"allow":["GET"]}}],"collection":[{"href":"https:\/\/www.dallassymphony.org\/es\/wp-json\/wp\/v2\/pages"}],"about":[{"href":"https:\/\/www.dallassymphony.org\/es\/wp-json\/wp\/v2\/types\/page"}],"author":[{"embeddable":true,"href":"https:\/\/www.dallassymphony.org\/es\/wp-json\/wp\/v2\/users\/3"}],"replies":[{"embeddable":true,"href":"https:\/\/www.dallassymphony.org\/es\/wp-json\/wp\/v2\/comments?post=603"}],"version-history":[{"count":0,"href":"https:\/\/www.dallassymphony.org\/es\/wp-json\/wp\/v2\/pages\/603\/revisions"}],"up":[{"embeddable":true,"href":"https:\/\/www.dallassymphony.org\/es\/wp-json\/wp\/v2\/pages\/601"}],"wp:featuredmedia":[{"embeddable":true,"href":"https:\/\/www.dallassymphony.org\/es\/wp-json\/wp\/v2\/media\/1776"}],"wp:attachment":[{"href":"https:\/\/www.dallassymphony.org\/es\/wp-json\/wp\/v2\/media?parent=603"}],"curies":[{"name":"wp","href":"https:\/\/api.w.org\/{rel}","templated":true}]}}