{"id":601,"date":"2020-11-07T11:59:31","date_gmt":"2020-11-07T17:59:31","guid":{"rendered":"https:\/\/www.dallassymphony.org\/?page_id=601"},"modified":"2025-08-26T09:10:51","modified_gmt":"2025-08-26T14:10:51","slug":"teacher-parent-resources","status":"publish","type":"page","link":"https:\/\/www.dallassymphony.org\/es\/community-education\/dso-kids\/teacher-parent-resources\/","title":{"rendered":"Recursos did\u00e1cticos"},"content":{"rendered":"<div class=\"hero__no-img bg-blue-8\">\n\t<div class=\"container\">\n\t\t<div class=\"row\">\n\t\t\t<div class=\"col-md-10\">\n\n\t\t\t\t<ul class=\"breadcrumbs\">\n    \t<li class=\"breadcrumb__link\">\n\t\t<a class=\"a-hover\" href=\"https:\/\/www.dallassymphony.org\/es\/\">Inicio<\/a>\n\t<\/li>\n    \t<li class=\"breadcrumb__link a-styles\">\n\t\t<a class=\"a-hover\" href=\"https:\/\/www.dallassymphony.org\/es\/community-education\/\">Educaci\u00f3n y Comunidad<\/a>\n\t<\/li>\n    \t<li class=\"breadcrumb__link a-styles\">\n\t\t<a class=\"a-hover\" href=\"https:\/\/www.dallassymphony.org\/es\/community-education\/dso-kids\/\">Para escuelas y profesores<\/a>\n\t<\/li>\n    <\/ul>\n\n                \t\t\t\t<h1>\n                    <span >Recursos did\u00e1cticos<\/span>\n                <\/h1>\n                \t\t\t<\/div>\n\t\t<\/div>\n\t<\/div>\n<\/div>\n\n\n<div class=\"subpage-nav grad-to-left\">\n\t<div class=\"container\">\n\t\t<div class=\"row\">\n\t\t\t<div class=\"col-md-12\">\n\t\t\t\t<h2><\/h2>\n\t\t\t<\/div>\n\t\t\t<div class=\"col-6\">\n\t<div class=\"subpage-nav__card\">\n\t\t<a href=\"https:\/\/www.dallassymphony.org\/es\/community-education\/dso-kids\/teacher-parent-resources\/orchestra-seating-chart\/\">\n\t\t\t<div class=\"subpage-nav__img-wrapper\">\n\t\t\t\t<img loading=\"lazy\" decoding=\"async\" width=\"540\" height=\"360\" src=\"https:\/\/www.dallassymphony.org\/wp-content\/uploads\/2020\/11\/Orchestra-Seating-Chart.jpg-540x360.jpg\" class=\"img-fluid wp-post-image\" alt=\"orquesta completa de meyerson en el escenario\" srcset=\"https:\/\/www.dallassymphony.org\/wp-content\/uploads\/2020\/11\/Orchestra-Seating-Chart.jpg-540x360.jpg 540w, https:\/\/www.dallassymphony.org\/wp-content\/uploads\/2020\/11\/Orchestra-Seating-Chart.jpg-16x12.jpg 16w, https:\/\/www.dallassymphony.org\/wp-content\/uploads\/2020\/11\/Orchestra-Seating-Chart.jpg-309x206.jpg 309w\" sizes=\"auto, (max-width: 540px) 100vw, 540px\" \/>\t\t\t<\/div>\n\n\t\t\t<div class=\"subpage-nav__text\">\n\t\t\t\t<p>Tabla de asientos de la orquesta<\/p>\n\t\t\t<\/div>\n\t\t<\/a>\n\t<\/div>\n<\/div>\n<div class=\"col-6\">\n\t<div class=\"subpage-nav__card\">\n\t\t<a href=\"https:\/\/www.dallassymphony.org\/es\/community-education\/dso-kids\/teacher-parent-resources\/lesson-plans\/\">\n\t\t\t<div class=\"subpage-nav__img-wrapper\">\n\t\t\t\t<img loading=\"lazy\" decoding=\"async\" width=\"540\" height=\"360\" src=\"https:\/\/www.dallassymphony.org\/wp-content\/uploads\/2020\/11\/lesson-plans.jpg-540x360.jpg\" class=\"img-fluid wp-post-image\" alt=\"los ni\u00f1os de primaria en la clase de m\u00fasica\" srcset=\"https:\/\/www.dallassymphony.org\/wp-content\/uploads\/2020\/11\/lesson-plans.jpg-540x360.jpg 540w, https:\/\/www.dallassymphony.org\/wp-content\/uploads\/2020\/11\/lesson-plans.jpg-16x12.jpg 16w, https:\/\/www.dallassymphony.org\/wp-content\/uploads\/2020\/11\/lesson-plans.jpg-309x206.jpg 309w\" sizes=\"auto, (max-width: 540px) 100vw, 540px\" \/>\t\t\t<\/div>\n\n\t\t\t<div class=\"subpage-nav__text\">\n\t\t\t\t<p>Planes de lecciones<\/p>\n\t\t\t<\/div>\n\t\t<\/a>\n\t<\/div>\n<\/div>\n<div class=\"col-6\">\n\t<div class=\"subpage-nav__card\">\n\t\t<a href=\"https:\/\/www.dallassymphony.org\/es\/community-education\/dso-kids\/teacher-parent-resources\/classroom-quick-links\/\">\n\t\t\t<div class=\"subpage-nav__img-wrapper\">\n\t\t\t\t<img loading=\"lazy\" decoding=\"async\" width=\"540\" height=\"360\" src=\"https:\/\/www.dallassymphony.org\/wp-content\/uploads\/2020\/11\/classroom-quick-links.jpg-540x360.jpg\" class=\"img-fluid wp-post-image\" alt=\"un ni\u00f1o peque\u00f1o con auriculares y mirando al ordenador\" srcset=\"https:\/\/www.dallassymphony.org\/wp-content\/uploads\/2020\/11\/classroom-quick-links.jpg-540x360.jpg 540w, https:\/\/www.dallassymphony.org\/wp-content\/uploads\/2020\/11\/classroom-quick-links.jpg-16x12.jpg 16w, https:\/\/www.dallassymphony.org\/wp-content\/uploads\/2020\/11\/classroom-quick-links.jpg-309x206.jpg 309w\" sizes=\"auto, (max-width: 540px) 100vw, 540px\" \/>\t\t\t<\/div>\n\n\t\t\t<div class=\"subpage-nav__text\">\n\t\t\t\t<p>Enlaces r\u00e1pidos sobre las clases<\/p>\n\t\t\t<\/div>\n\t\t<\/a>\n\t<\/div>\n<\/div>\n<div class=\"col-6\">\n\t<div class=\"subpage-nav__card\">\n\t\t<a href=\"https:\/\/www.dallassymphony.org\/es\/community-education\/dso-kids\/activities\/\">\n\t\t\t<div class=\"subpage-nav__img-wrapper\">\n\t\t\t\t<img loading=\"lazy\" decoding=\"async\" width=\"540\" height=\"360\" src=\"https:\/\/www.dallassymphony.org\/wp-content\/uploads\/2024\/07\/my-dso-72-540x360.jpg\" class=\"img-fluid wp-post-image\" alt=\"\" srcset=\"https:\/\/www.dallassymphony.org\/wp-content\/uploads\/2024\/07\/my-dso-72-540x360.jpg 540w, https:\/\/www.dallassymphony.org\/wp-content\/uploads\/2024\/07\/my-dso-72-18x12.jpg 18w, https:\/\/www.dallassymphony.org\/wp-content\/uploads\/2024\/07\/my-dso-72-309x206.jpg 309w, https:\/\/www.dallassymphony.org\/wp-content\/uploads\/2024\/07\/my-dso-72-350x234.jpg 350w\" sizes=\"auto, (max-width: 540px) 100vw, 540px\" \/>\t\t\t<\/div>\n\n\t\t\t<div class=\"subpage-nav__text\">\n\t\t\t\t<p>Actividades y juegos<\/p>\n\t\t\t<\/div>\n\t\t<\/a>\n\t<\/div>\n<\/div>\n<div class=\"col-6\">\n\t<div class=\"subpage-nav__card\">\n\t\t<a href=\"https:\/\/www.dallassymphony.org\/es\/community-education\/dso-kids\/listen-watch\/\">\n\t\t\t<div class=\"subpage-nav__img-wrapper\">\n\t\t\t\t<img loading=\"lazy\" decoding=\"async\" width=\"540\" height=\"360\" src=\"https:\/\/www.dallassymphony.org\/wp-content\/uploads\/2020\/11\/listen-and-watch.jpg-540x360.jpg\" class=\"img-fluid wp-post-image\" alt=\"ni\u00f1o mirando y escuchando en su ordenador\" srcset=\"https:\/\/www.dallassymphony.org\/wp-content\/uploads\/2020\/11\/listen-and-watch.jpg-540x360.jpg 540w, https:\/\/www.dallassymphony.org\/wp-content\/uploads\/2020\/11\/listen-and-watch.jpg-16x12.jpg 16w, https:\/\/www.dallassymphony.org\/wp-content\/uploads\/2020\/11\/listen-and-watch.jpg-309x206.jpg 309w\" sizes=\"auto, (max-width: 540px) 100vw, 540px\" \/>\t\t\t<\/div>\n\n\t\t\t<div class=\"subpage-nav__text\">\n\t\t\t\t<p>Escuchar y ver<\/p>\n\t\t\t<\/div>\n\t\t<\/a>\n\t<\/div>\n<\/div>\n\t\t<\/div>\n\t<\/div>\n<\/div>","protected":false},"excerpt":{"rendered":"<p>Planes de lecciones, enlaces r\u00e1pidos, juegos y m\u00e1s est\u00e1n disponibles para padres y maestros.<\/p>","protected":false},"author":3,"featured_media":724,"parent":582,"menu_order":0,"comment_status":"closed","ping_status":"closed","template":"","meta":{"_acf_changed":false,"footnotes":""},"class_list":["post-601","page","type-page","status-publish","has-post-thumbnail","hentry"],"acf":[],"_links":{"self":[{"href":"https:\/\/www.dallassymphony.org\/es\/wp-json\/wp\/v2\/pages\/601","targetHints":{"allow":["GET"]}}],"collection":[{"href":"https:\/\/www.dallassymphony.org\/es\/wp-json\/wp\/v2\/pages"}],"about":[{"href":"https:\/\/www.dallassymphony.org\/es\/wp-json\/wp\/v2\/types\/page"}],"author":[{"embeddable":true,"href":"https:\/\/www.dallassymphony.org\/es\/wp-json\/wp\/v2\/users\/3"}],"replies":[{"embeddable":true,"href":"https:\/\/www.dallassymphony.org\/es\/wp-json\/wp\/v2\/comments?post=601"}],"version-history":[{"count":0,"href":"https:\/\/www.dallassymphony.org\/es\/wp-json\/wp\/v2\/pages\/601\/revisions"}],"up":[{"embeddable":true,"href":"https:\/\/www.dallassymphony.org\/es\/wp-json\/wp\/v2\/pages\/582"}],"wp:featuredmedia":[{"embeddable":true,"href":"https:\/\/www.dallassymphony.org\/es\/wp-json\/wp\/v2\/media\/724"}],"wp:attachment":[{"href":"https:\/\/www.dallassymphony.org\/es\/wp-json\/wp\/v2\/media?parent=601"}],"curies":[{"name":"wp","href":"https:\/\/api.w.org\/{rel}","templated":true}]}}