{"id":600,"date":"2020-11-07T11:59:03","date_gmt":"2020-11-07T16:59:03","guid":{"rendered":"https:\/\/www.dallassymphony.org\/?page_id=600"},"modified":"2025-08-24T13:11:08","modified_gmt":"2025-08-24T18:11:08","slug":"master-classes","status":"publish","type":"page","link":"https:\/\/www.dallassymphony.org\/es\/community-education\/dso-kids\/master-classes\/","title":{"rendered":"Clases magistrales"},"content":{"rendered":"<div class=\"hero__no-img bg-blue-8\">\n\t<div class=\"container\">\n\t\t<div class=\"row\">\n\t\t\t<div class=\"col-md-10\">\n\n\t\t\t\t<ul class=\"breadcrumbs\">\n    \t<li class=\"breadcrumb__link\">\n\t\t<a class=\"a-hover\" href=\"https:\/\/www.dallassymphony.org\/es\/\">Inicio<\/a>\n\t<\/li>\n    \t<li class=\"breadcrumb__link a-styles\">\n\t\t<a class=\"a-hover\" href=\"https:\/\/www.dallassymphony.org\/es\/community-education\/\">Educaci\u00f3n y Comunidad<\/a>\n\t<\/li>\n    \t<li class=\"breadcrumb__link a-styles\">\n\t\t<a class=\"a-hover\" href=\"https:\/\/www.dallassymphony.org\/es\/community-education\/dso-kids\/\">Para escuelas y profesores<\/a>\n\t<\/li>\n    <\/ul>\n\n                \t\t\t\t<h1>\n                    <span >Clases magistrales<\/span>\n                <\/h1>\n                \t\t\t<\/div>\n\t\t<\/div>\n\t<\/div>\n<\/div>\n\n\n<div class=\"richtext m-spacer\">\n\t<div class=\"container\">\n\t\t<div class=\"row\">\n\t\t\t<div class=\"col-10\">\n\t\t\t\t\n\n<h2 class=\"wp-block-heading\" id=\"h-learn-from-the-best\">Aprende del mejor<\/h2>\n\n\n\n<h4 class=\"wp-block-heading\" id=\"h-in-person-master-classes\">Clases magistrales en persona<\/h4>\n\n\n\n<p>Contrata a un m\u00fasico hoy para entrenar a tu pr\u00f3xima generaci\u00f3n de instrumentistas talentosos.&nbsp;<\/p>\n\n\n\n<p>Para hacer una reservaci\u00f3n, o para m\u00e1s informaci\u00f3n, por favor contacte a <em>Sarah Hatler en el 214.871.4006 o s.hatler@dalsym.com.<\/em><\/p>\n\n\n\n<h4 class=\"wp-block-heading\" id=\"h-video-master-classes\">Clases magistrales en video<\/h4>\n\n\n\n<p>Amplios consejos de los profesionales de DSO sobre todo, desde la fabricaci\u00f3n de ca\u00f1as hasta los cambios de arco suaves: \u00a1pr\u00f3ximamente!<\/p>\n\n\n\t\t\t<\/div>\n\t\t<\/div>\n\t<\/div>\n\n<\/div>","protected":false},"excerpt":{"rendered":"<p>Contrata a un m\u00fasico hoy para entrenar a tu pr\u00f3xima generaci\u00f3n de instrumentistas talentosos. <\/p>","protected":false},"author":3,"featured_media":1741,"parent":582,"menu_order":0,"comment_status":"closed","ping_status":"closed","template":"","meta":{"_acf_changed":false,"footnotes":""},"class_list":["post-600","page","type-page","status-publish","has-post-thumbnail","hentry"],"acf":[],"_links":{"self":[{"href":"https:\/\/www.dallassymphony.org\/es\/wp-json\/wp\/v2\/pages\/600","targetHints":{"allow":["GET"]}}],"collection":[{"href":"https:\/\/www.dallassymphony.org\/es\/wp-json\/wp\/v2\/pages"}],"about":[{"href":"https:\/\/www.dallassymphony.org\/es\/wp-json\/wp\/v2\/types\/page"}],"author":[{"embeddable":true,"href":"https:\/\/www.dallassymphony.org\/es\/wp-json\/wp\/v2\/users\/3"}],"replies":[{"embeddable":true,"href":"https:\/\/www.dallassymphony.org\/es\/wp-json\/wp\/v2\/comments?post=600"}],"version-history":[{"count":0,"href":"https:\/\/www.dallassymphony.org\/es\/wp-json\/wp\/v2\/pages\/600\/revisions"}],"up":[{"embeddable":true,"href":"https:\/\/www.dallassymphony.org\/es\/wp-json\/wp\/v2\/pages\/582"}],"wp:featuredmedia":[{"embeddable":true,"href":"https:\/\/www.dallassymphony.org\/es\/wp-json\/wp\/v2\/media\/1741"}],"wp:attachment":[{"href":"https:\/\/www.dallassymphony.org\/es\/wp-json\/wp\/v2\/media?parent=600"}],"curies":[{"name":"wp","href":"https:\/\/api.w.org\/{rel}","templated":true}]}}