{"id":599,"date":"2020-11-07T11:58:33","date_gmt":"2020-11-07T16:58:33","guid":{"rendered":"https:\/\/www.dallassymphony.org\/?page_id=599"},"modified":"2025-08-24T13:11:08","modified_gmt":"2025-08-24T18:11:08","slug":"open-rehearsals","status":"publish","type":"page","link":"https:\/\/www.dallassymphony.org\/es\/community-education\/dso-kids\/open-rehearsals\/","title":{"rendered":"Ensayos abiertos"},"content":{"rendered":"<div\n\tclass=\"subpage__hero bg-black\">\n\n\t<div class=\"img__wrapper d-none d-lg-block\" style=\"background: url(https:\/\/www.dallassymphony.org\/wp-content\/uploads\/2024\/12\/dso-nye-2023-29-1-scaled-e1734722916974.jpg) top right\/cover no-repeat\"><\/div>\n\n\n\t<div class=\"content__wrapper\">\n\n\t\t<ul class=\"breadcrumbs text-white\">\n\t\t\t<ul class=\"breadcrumbs\">\n    \t<li class=\"breadcrumb__link\">\n\t\t<a class=\"a-hover\" href=\"https:\/\/www.dallassymphony.org\/es\/\">Inicio<\/a>\n\t<\/li>\n    \t<li class=\"breadcrumb__link a-styles\">\n\t\t<a class=\"a-hover\" href=\"https:\/\/www.dallassymphony.org\/es\/community-education\/\">Educaci\u00f3n y Comunidad<\/a>\n\t<\/li>\n    \t<li class=\"breadcrumb__link a-styles\">\n\t\t<a class=\"a-hover\" href=\"https:\/\/www.dallassymphony.org\/es\/community-education\/dso-kids\/\">Para escuelas y profesores<\/a>\n\t<\/li>\n    <\/ul>\n\t\t<\/ul>\n\n\t\t<h1 class=\"text-white\">Ensayos abiertos<\/h1>\n\n\t\t<img loading=\"lazy\" decoding=\"async\" width=\"2560\" height=\"1442\" src=\"https:\/\/www.dallassymphony.org\/wp-content\/uploads\/2024\/12\/dso-nye-2023-29-1-scaled-e1734722916974.jpg\" class=\"d-block d-lg-none w-100\" alt=\"\" srcset=\"https:\/\/www.dallassymphony.org\/wp-content\/uploads\/2024\/12\/dso-nye-2023-29-1-scaled-e1734722916974.jpg 2560w, https:\/\/www.dallassymphony.org\/wp-content\/uploads\/2024\/12\/dso-nye-2023-29-1-scaled-e1734722916974-300x169.jpg 300w, https:\/\/www.dallassymphony.org\/wp-content\/uploads\/2024\/12\/dso-nye-2023-29-1-scaled-e1734722916974-1024x577.jpg 1024w, https:\/\/www.dallassymphony.org\/wp-content\/uploads\/2024\/12\/dso-nye-2023-29-1-scaled-e1734722916974-768x432.jpg 768w, https:\/\/www.dallassymphony.org\/wp-content\/uploads\/2024\/12\/dso-nye-2023-29-1-scaled-e1734722916974-1536x865.jpg 1536w, https:\/\/www.dallassymphony.org\/wp-content\/uploads\/2024\/12\/dso-nye-2023-29-1-scaled-e1734722916974-2048x1154.jpg 2048w, https:\/\/www.dallassymphony.org\/wp-content\/uploads\/2024\/12\/dso-nye-2023-29-1-scaled-e1734722916974-18x10.jpg 18w, https:\/\/www.dallassymphony.org\/wp-content\/uploads\/2024\/12\/dso-nye-2023-29-1-scaled-e1734722916974-388x218.jpg 388w, https:\/\/www.dallassymphony.org\/wp-content\/uploads\/2024\/12\/dso-nye-2023-29-1-scaled-e1734722916974-540x303.jpg 540w, https:\/\/www.dallassymphony.org\/wp-content\/uploads\/2024\/12\/dso-nye-2023-29-1-scaled-e1734722916974-666x375.jpg 666w, https:\/\/www.dallassymphony.org\/wp-content\/uploads\/2024\/12\/dso-nye-2023-29-1-scaled-e1734722916974-735x413.jpg 735w, https:\/\/www.dallassymphony.org\/wp-content\/uploads\/2024\/12\/dso-nye-2023-29-1-scaled-e1734722916974-1600x900.jpg 1600w\" sizes=\"auto, (max-width: 2560px) 100vw, 2560px\" \/>\n\t\t<div class=\"text-blue-3 sans__reg-18\"><p>Los profesores de m\u00fasica de secundaria, directores de orquesta, directores de banda y directores de coro est\u00e1n invitados a inspirar a sus estudiantes llev\u00e1ndolos a un ensayo general de la Sinf\u00f3nica de Dallas.<\/p>\n<\/div>\n\n                <a href=\"\" class=\"a-hover text-white\"><\/a>\n        \t<\/div>\n<\/div>\n\n<div class=\"richtext m-spacer\">\n\t<div class=\"container\">\n\t\t<div class=\"row\">\n\t\t\t<div class=\"col-10\">\n\t\t\t\t\n\n<p>Los ensayos abiertos son una oportunidad para que los estudiantes obtengan una visi\u00f3n privilegiada de c\u00f3mo una orquesta profesional prepara y perfecciona una actuaci\u00f3n antes del concierto.<\/p>\n\n\n\n<div class=\"wp-block-buttons is-layout-flex wp-block-buttons-is-layout-flex\">\n<div class=\"wp-block-button\"><a class=\"wp-block-button__link has-background wp-element-button\" href=\"https:\/\/www.dallassymphony.org\/wp-content\/uploads\/2025\/08\/2025-26-Open-Rehearsals.pdf\" style=\"border-radius:5px;background-color:#00205b\"><strong>Ver fechas disponibles<\/strong><\/a><\/div>\n<\/div>\n\n\n\n<div style=\"height:25px\" aria-hidden=\"true\" class=\"wp-block-spacer\"><\/div>\n\n\n\n<blockquote class=\"wp-block-quote is-layout-flow wp-block-quote-is-layout-flow\">\n<p>La entrada es gratuita, pero las plazas son limitadas y las reservas se har\u00e1n por orden de llegada. Llegue a las 9.30 h para recibir orientaci\u00f3n. Los ensayos comienzan puntualmente a las 10:00. Para hacer una reserva, o para obtener m\u00e1s informaci\u00f3n, p\u00f3ngase en contacto con Sarah Hatler<em> <\/em>en<em> <\/em><strong>214.871.4006<\/strong><em> <\/em>o<strong> <\/strong><a href=\"mailto:s.hatler@dalsym.com\"><strong>s.hatler@dalsym.com<\/strong><\/a><em>.<\/em><\/p>\n<\/blockquote>\n\n\n\t\t\t<\/div>\n\t\t<\/div>\n\t<\/div>\n\n<\/div>","protected":false},"excerpt":{"rendered":"<p>Los profesores de m\u00fasica de secundaria, directores de orquesta, directores de banda y directores de coro est\u00e1n invitados a inspirar a sus estudiantes llev\u00e1ndolos a un ensayo general de la Sinf\u00f3nica de Dallas.<\/p>","protected":false},"author":3,"featured_media":1743,"parent":582,"menu_order":0,"comment_status":"closed","ping_status":"closed","template":"","meta":{"_acf_changed":false,"footnotes":""},"class_list":["post-599","page","type-page","status-publish","has-post-thumbnail","hentry"],"acf":[],"_links":{"self":[{"href":"https:\/\/www.dallassymphony.org\/es\/wp-json\/wp\/v2\/pages\/599","targetHints":{"allow":["GET"]}}],"collection":[{"href":"https:\/\/www.dallassymphony.org\/es\/wp-json\/wp\/v2\/pages"}],"about":[{"href":"https:\/\/www.dallassymphony.org\/es\/wp-json\/wp\/v2\/types\/page"}],"author":[{"embeddable":true,"href":"https:\/\/www.dallassymphony.org\/es\/wp-json\/wp\/v2\/users\/3"}],"replies":[{"embeddable":true,"href":"https:\/\/www.dallassymphony.org\/es\/wp-json\/wp\/v2\/comments?post=599"}],"version-history":[{"count":0,"href":"https:\/\/www.dallassymphony.org\/es\/wp-json\/wp\/v2\/pages\/599\/revisions"}],"up":[{"embeddable":true,"href":"https:\/\/www.dallassymphony.org\/es\/wp-json\/wp\/v2\/pages\/582"}],"wp:featuredmedia":[{"embeddable":true,"href":"https:\/\/www.dallassymphony.org\/es\/wp-json\/wp\/v2\/media\/1743"}],"wp:attachment":[{"href":"https:\/\/www.dallassymphony.org\/es\/wp-json\/wp\/v2\/media?parent=599"}],"curies":[{"name":"wp","href":"https:\/\/api.w.org\/{rel}","templated":true}]}}