{"id":596,"date":"2020-11-07T11:57:01","date_gmt":"2020-11-07T17:57:01","guid":{"rendered":"https:\/\/www.dallassymphony.org\/?page_id=596"},"modified":"2025-10-22T17:24:26","modified_gmt":"2025-10-22T22:24:26","slug":"young-strings","status":"publish","type":"page","link":"https:\/\/www.dallassymphony.org\/es\/community-education\/dso-music-programs\/young-strings\/","title":{"rendered":"Cuerdas j\u00f3venes"},"content":{"rendered":"<div\n\tclass=\"subpage__hero bg-black\">\n\n\t<div class=\"img__wrapper d-none d-lg-block\" style=\"background: url(https:\/\/www.dallassymphony.org\/wp-content\/uploads\/2024\/10\/Teen_Council-1600x900-1.png) top right\/cover no-repeat\"><\/div>\n\n\n\t<div class=\"content__wrapper\">\n\n\t\t<ul class=\"breadcrumbs text-white\">\n\t\t\t<ul class=\"breadcrumbs\">\n    \t<li class=\"breadcrumb__link\">\n\t\t<a class=\"a-hover\" href=\"https:\/\/www.dallassymphony.org\/es\/\">Inicio<\/a>\n\t<\/li>\n    \t<li class=\"breadcrumb__link a-styles\">\n\t\t<a class=\"a-hover\" href=\"https:\/\/www.dallassymphony.org\/es\/community-education\/\">Educaci\u00f3n y Comunidad<\/a>\n\t<\/li>\n    \t<li class=\"breadcrumb__link a-styles\">\n\t\t<a class=\"a-hover\" href=\"https:\/\/www.dallassymphony.org\/es\/community-education\/dso-music-programs\/\">Formaci\u00f3n de m\u00fasicos<\/a>\n\t<\/li>\n    <\/ul>\n\t\t<\/ul>\n\n\t\t<h1 class=\"text-white\">Cuerdas j\u00f3venes<\/h1>\n\n\t\t<img loading=\"lazy\" decoding=\"async\" width=\"1600\" height=\"900\" src=\"https:\/\/www.dallassymphony.org\/wp-content\/uploads\/2024\/10\/Teen_Council-1600x900-1.png\" class=\"d-block d-lg-none w-100\" alt=\"\" srcset=\"https:\/\/www.dallassymphony.org\/wp-content\/uploads\/2024\/10\/Teen_Council-1600x900-1.png 1600w, https:\/\/www.dallassymphony.org\/wp-content\/uploads\/2024\/10\/Teen_Council-1600x900-1-300x169.png 300w, https:\/\/www.dallassymphony.org\/wp-content\/uploads\/2024\/10\/Teen_Council-1600x900-1-1024x576.png 1024w, https:\/\/www.dallassymphony.org\/wp-content\/uploads\/2024\/10\/Teen_Council-1600x900-1-768x432.png 768w, https:\/\/www.dallassymphony.org\/wp-content\/uploads\/2024\/10\/Teen_Council-1600x900-1-1536x864.png 1536w, https:\/\/www.dallassymphony.org\/wp-content\/uploads\/2024\/10\/Teen_Council-1600x900-1-18x10.png 18w, https:\/\/www.dallassymphony.org\/wp-content\/uploads\/2024\/10\/Teen_Council-1600x900-1-388x218.png 388w, https:\/\/www.dallassymphony.org\/wp-content\/uploads\/2024\/10\/Teen_Council-1600x900-1-540x303.png 540w, https:\/\/www.dallassymphony.org\/wp-content\/uploads\/2024\/10\/Teen_Council-1600x900-1-666x375.png 666w, https:\/\/www.dallassymphony.org\/wp-content\/uploads\/2024\/10\/Teen_Council-1600x900-1-735x413.png 735w\" sizes=\"auto, (max-width: 1600px) 100vw, 1600px\" \/>\n\t\t<div class=\"text-blue-3 sans__reg-18\"><p>Dise\u00f1ado para aumentar la diversidad de las orquestas americanas, el programa de cuerdas j\u00f3venes de la Sinf\u00f3nica de Dallas desarrolla el talento de los excepcionales y poco representados m\u00fasicos de cuerda de la ciudad de Dallas, proporcionando a sus estudiantes las habilidades, lecciones, oportunidades y recursos esenciales para el \u00e9xito tanto en la universidad como en las carreras de m\u00fasica.<\/p>\n<\/div>\n\n                <a href=\"\" class=\"a-hover text-white\"><\/a>\n        \t<\/div>\n<\/div>\n\n<div class=\"text-img text-img--left\">\n\t<div class=\"container\">\n\t\t<div class=\"row\">\n\t\t\t<div class=\"col-lg-12\">\n\t\t\t\t<div class=\"text-img__wrapper\">\n\t\t\t\t\t<h1>Audiciones<\/h1>\n\n                    <img loading=\"lazy\" decoding=\"async\" width=\"666\" height=\"375\" src=\"https:\/\/www.dallassymphony.org\/wp-content\/uploads\/2021\/04\/Young-Strings-Girl-2013-1600x900-1-666x375.jpg\" class=\"d-xl-none d-block\" alt=\"\" srcset=\"https:\/\/www.dallassymphony.org\/wp-content\/uploads\/2021\/04\/Young-Strings-Girl-2013-1600x900-1-666x375.jpg 666w, https:\/\/www.dallassymphony.org\/wp-content\/uploads\/2021\/04\/Young-Strings-Girl-2013-1600x900-1-300x169.jpg 300w, https:\/\/www.dallassymphony.org\/wp-content\/uploads\/2021\/04\/Young-Strings-Girl-2013-1600x900-1-1024x576.jpg 1024w, https:\/\/www.dallassymphony.org\/wp-content\/uploads\/2021\/04\/Young-Strings-Girl-2013-1600x900-1-768x432.jpg 768w, https:\/\/www.dallassymphony.org\/wp-content\/uploads\/2021\/04\/Young-Strings-Girl-2013-1600x900-1-1536x864.jpg 1536w, https:\/\/www.dallassymphony.org\/wp-content\/uploads\/2021\/04\/Young-Strings-Girl-2013-1600x900-1-16x9.jpg 16w, https:\/\/www.dallassymphony.org\/wp-content\/uploads\/2021\/04\/Young-Strings-Girl-2013-1600x900-1-388x218.jpg 388w, https:\/\/www.dallassymphony.org\/wp-content\/uploads\/2021\/04\/Young-Strings-Girl-2013-1600x900-1-540x303.jpg 540w, https:\/\/www.dallassymphony.org\/wp-content\/uploads\/2021\/04\/Young-Strings-Girl-2013-1600x900-1-735x413.jpg 735w, https:\/\/www.dallassymphony.org\/wp-content\/uploads\/2021\/04\/Young-Strings-Girl-2013-1600x900-1.jpg 1600w\" sizes=\"auto, (max-width: 666px) 100vw, 666px\" \/>\n\t\t\t\t\t<p>Este a\u00f1o escolar 2025-26 no celebraremos audiciones para cuerdas j\u00f3venes.<\/p>\n<p>Para m\u00e1s informaci\u00f3n, p\u00f3ngase en contacto con Carolyn Jabr, directora de Young Strings, en <a href=\"mailto:c.jabr@dalsym.com\">c.jabr@dalsym.com<\/a>.<\/p>\n\n                    \n                <\/div>\n                <img loading=\"lazy\" decoding=\"async\" width=\"1600\" height=\"900\" src=\"https:\/\/www.dallassymphony.org\/wp-content\/uploads\/2021\/04\/Young-Strings-Girl-2013-1600x900-1-1600x900.jpg\" class=\"d-none d-xl-block\" alt=\"\" srcset=\"https:\/\/www.dallassymphony.org\/wp-content\/uploads\/2021\/04\/Young-Strings-Girl-2013-1600x900-1.jpg 1600w, https:\/\/www.dallassymphony.org\/wp-content\/uploads\/2021\/04\/Young-Strings-Girl-2013-1600x900-1-300x169.jpg 300w, https:\/\/www.dallassymphony.org\/wp-content\/uploads\/2021\/04\/Young-Strings-Girl-2013-1600x900-1-1024x576.jpg 1024w, https:\/\/www.dallassymphony.org\/wp-content\/uploads\/2021\/04\/Young-Strings-Girl-2013-1600x900-1-768x432.jpg 768w, https:\/\/www.dallassymphony.org\/wp-content\/uploads\/2021\/04\/Young-Strings-Girl-2013-1600x900-1-1536x864.jpg 1536w, https:\/\/www.dallassymphony.org\/wp-content\/uploads\/2021\/04\/Young-Strings-Girl-2013-1600x900-1-16x9.jpg 16w, https:\/\/www.dallassymphony.org\/wp-content\/uploads\/2021\/04\/Young-Strings-Girl-2013-1600x900-1-388x218.jpg 388w, https:\/\/www.dallassymphony.org\/wp-content\/uploads\/2021\/04\/Young-Strings-Girl-2013-1600x900-1-540x303.jpg 540w, https:\/\/www.dallassymphony.org\/wp-content\/uploads\/2021\/04\/Young-Strings-Girl-2013-1600x900-1-666x375.jpg 666w, https:\/\/www.dallassymphony.org\/wp-content\/uploads\/2021\/04\/Young-Strings-Girl-2013-1600x900-1-735x413.jpg 735w\" sizes=\"auto, (max-width: 1600px) 100vw, 1600px\" \/>\t\t\t<\/div>\n\t\t<\/div>\n\t<\/div>\n<\/div>\n\n\n<div class=\"text-img text-img--left\">\n\t<div class=\"container\">\n\t\t<div class=\"row\">\n\t\t\t<div class=\"col-lg-12\">\n\t\t\t\t<div class=\"text-img__wrapper\">\n\t\t\t\t\t<h1>C\u00f3mo ayudar<\/h1>\n\n                    <img loading=\"lazy\" decoding=\"async\" width=\"666\" height=\"375\" src=\"https:\/\/www.dallassymphony.org\/wp-content\/uploads\/2024\/10\/Young-strings-2-666x375.png\" class=\"d-xl-none d-block\" alt=\"\" srcset=\"https:\/\/www.dallassymphony.org\/wp-content\/uploads\/2024\/10\/Young-strings-2-666x375.png 666w, https:\/\/www.dallassymphony.org\/wp-content\/uploads\/2024\/10\/Young-strings-2-300x169.png 300w, https:\/\/www.dallassymphony.org\/wp-content\/uploads\/2024\/10\/Young-strings-2-1024x576.png 1024w, https:\/\/www.dallassymphony.org\/wp-content\/uploads\/2024\/10\/Young-strings-2-768x432.png 768w, https:\/\/www.dallassymphony.org\/wp-content\/uploads\/2024\/10\/Young-strings-2-1536x864.png 1536w, https:\/\/www.dallassymphony.org\/wp-content\/uploads\/2024\/10\/Young-strings-2-18x10.png 18w, https:\/\/www.dallassymphony.org\/wp-content\/uploads\/2024\/10\/Young-strings-2-388x218.png 388w, https:\/\/www.dallassymphony.org\/wp-content\/uploads\/2024\/10\/Young-strings-2-540x303.png 540w, https:\/\/www.dallassymphony.org\/wp-content\/uploads\/2024\/10\/Young-strings-2-735x413.png 735w, https:\/\/www.dallassymphony.org\/wp-content\/uploads\/2024\/10\/Young-strings-2.png 1600w\" sizes=\"auto, (max-width: 666px) 100vw, 666px\" \/>\n\t\t\t\t\t<p>Si desea ayudar a Young Strings, ya sea mediante una donaci\u00f3n de fondos, tiempo o instrumentos, p\u00f3ngase en contacto con Carolyn Jabr, directora de Young Strings, en <a href=\"mailto:c.jabr@dalsym.com\">c.jabr@dalsym.com<\/a>.<\/p>\n\n                    \n                <\/div>\n                <img loading=\"lazy\" decoding=\"async\" width=\"1600\" height=\"900\" src=\"https:\/\/www.dallassymphony.org\/wp-content\/uploads\/2024\/10\/Young-strings-2.png\" class=\"d-none d-xl-block\" alt=\"\" srcset=\"https:\/\/www.dallassymphony.org\/wp-content\/uploads\/2024\/10\/Young-strings-2.png 1600w, https:\/\/www.dallassymphony.org\/wp-content\/uploads\/2024\/10\/Young-strings-2-300x169.png 300w, https:\/\/www.dallassymphony.org\/wp-content\/uploads\/2024\/10\/Young-strings-2-1024x576.png 1024w, https:\/\/www.dallassymphony.org\/wp-content\/uploads\/2024\/10\/Young-strings-2-768x432.png 768w, https:\/\/www.dallassymphony.org\/wp-content\/uploads\/2024\/10\/Young-strings-2-1536x864.png 1536w, https:\/\/www.dallassymphony.org\/wp-content\/uploads\/2024\/10\/Young-strings-2-18x10.png 18w, https:\/\/www.dallassymphony.org\/wp-content\/uploads\/2024\/10\/Young-strings-2-388x218.png 388w, https:\/\/www.dallassymphony.org\/wp-content\/uploads\/2024\/10\/Young-strings-2-540x303.png 540w, https:\/\/www.dallassymphony.org\/wp-content\/uploads\/2024\/10\/Young-strings-2-666x375.png 666w, https:\/\/www.dallassymphony.org\/wp-content\/uploads\/2024\/10\/Young-strings-2-735x413.png 735w\" sizes=\"auto, (max-width: 1600px) 100vw, 1600px\" \/>\t\t\t<\/div>\n\t\t<\/div>\n\t<\/div>\n<\/div>\n\n\n<div class=\"richtext m-spacer\">\n\t<div class=\"container\">\n\t\t<div class=\"row\">\n\t\t\t<div class=\"col-10\">\n\t\t\t\t\n\n<hr class=\"wp-block-separator has-alpha-channel-opacity\"\/>\n\n\n\n<h4 class=\"wp-block-heading\">Young Strings cuenta con el apoyo de las siguientes empresas colaboradoras:<\/h4>\n\n\n\n<figure class=\"wp-block-image size-full is-resized\"><img loading=\"lazy\" decoding=\"async\" width=\"300\" height=\"115\" src=\"https:\/\/www.dallassymphony.org\/wp-content\/uploads\/2025\/03\/Capital-One-Logo-Black-300-px.png\" alt=\"\" class=\"wp-image-25792\" style=\"aspect-ratio:2.608695652173913;object-fit:cover;width:150px\" srcset=\"https:\/\/www.dallassymphony.org\/wp-content\/uploads\/2025\/03\/Capital-One-Logo-Black-300-px.png 300w, https:\/\/www.dallassymphony.org\/wp-content\/uploads\/2025\/03\/Capital-One-Logo-Black-300-px-18x7.png 18w\" sizes=\"auto, (max-width: 300px) 100vw, 300px\" \/><\/figure>\n\n\n\n<figure class=\"wp-block-image size-full is-resized\"><img loading=\"lazy\" decoding=\"async\" width=\"737\" height=\"324\" src=\"https:\/\/www.dallassymphony.org\/wp-content\/uploads\/2025\/03\/TRB_Logo_TripleStack_Full.png\" alt=\"\" class=\"wp-image-25811\" style=\"aspect-ratio:2.2746913580246915;object-fit:cover;width:150px\" srcset=\"https:\/\/www.dallassymphony.org\/wp-content\/uploads\/2025\/03\/TRB_Logo_TripleStack_Full.png 737w, https:\/\/www.dallassymphony.org\/wp-content\/uploads\/2025\/03\/TRB_Logo_TripleStack_Full-300x132.png 300w, https:\/\/www.dallassymphony.org\/wp-content\/uploads\/2025\/03\/TRB_Logo_TripleStack_Full-18x8.png 18w, https:\/\/www.dallassymphony.org\/wp-content\/uploads\/2025\/03\/TRB_Logo_TripleStack_Full-735x324.png 735w\" sizes=\"auto, (max-width: 737px) 100vw, 737px\" \/><\/figure>\n\n\n\n<h4 class=\"wp-block-heading\">Young Strings cuenta con el apoyo adicional de:<\/h4>\n\n\n\n<figure class=\"wp-block-image size-full\"><img loading=\"lazy\" decoding=\"async\" width=\"314\" height=\"517\" src=\"https:\/\/www.dallassymphony.org\/wp-content\/uploads\/2025\/03\/YS-Recognition.png\" alt=\"\" class=\"wp-image-25810\" srcset=\"https:\/\/www.dallassymphony.org\/wp-content\/uploads\/2025\/03\/YS-Recognition.png 314w, https:\/\/www.dallassymphony.org\/wp-content\/uploads\/2025\/03\/YS-Recognition-182x300.png 182w, https:\/\/www.dallassymphony.org\/wp-content\/uploads\/2025\/03\/YS-Recognition-7x12.png 7w\" sizes=\"auto, (max-width: 314px) 100vw, 314px\" \/><\/figure>\n\n\n\t\t\t<\/div>\n\t\t<\/div>\n\t<\/div>\n\n<\/div>","protected":false},"excerpt":{"rendered":"<p>Dise\u00f1ado para aumentar la diversidad de las orquestas americanas, el programa de cuerdas j\u00f3venes de la Sinf\u00f3nica de Dallas desarrolla el talento de los excepcionales y poco representados m\u00fasicos de cuerda de la ciudad de Dallas, proporcionando a sus estudiantes las habilidades, lecciones, oportunidades y recursos esenciales para el \u00e9xito tanto en la universidad como en las carreras de m\u00fasica.<\/p>","protected":false},"author":3,"featured_media":1747,"parent":5219,"menu_order":0,"comment_status":"closed","ping_status":"closed","template":"","meta":{"_acf_changed":false,"footnotes":""},"class_list":["post-596","page","type-page","status-publish","has-post-thumbnail","hentry"],"acf":[],"_links":{"self":[{"href":"https:\/\/www.dallassymphony.org\/es\/wp-json\/wp\/v2\/pages\/596","targetHints":{"allow":["GET"]}}],"collection":[{"href":"https:\/\/www.dallassymphony.org\/es\/wp-json\/wp\/v2\/pages"}],"about":[{"href":"https:\/\/www.dallassymphony.org\/es\/wp-json\/wp\/v2\/types\/page"}],"author":[{"embeddable":true,"href":"https:\/\/www.dallassymphony.org\/es\/wp-json\/wp\/v2\/users\/3"}],"replies":[{"embeddable":true,"href":"https:\/\/www.dallassymphony.org\/es\/wp-json\/wp\/v2\/comments?post=596"}],"version-history":[{"count":0,"href":"https:\/\/www.dallassymphony.org\/es\/wp-json\/wp\/v2\/pages\/596\/revisions"}],"up":[{"embeddable":true,"href":"https:\/\/www.dallassymphony.org\/es\/wp-json\/wp\/v2\/pages\/5219"}],"wp:featuredmedia":[{"embeddable":true,"href":"https:\/\/www.dallassymphony.org\/es\/wp-json\/wp\/v2\/media\/1747"}],"wp:attachment":[{"href":"https:\/\/www.dallassymphony.org\/es\/wp-json\/wp\/v2\/media?parent=596"}],"curies":[{"name":"wp","href":"https:\/\/api.w.org\/{rel}","templated":true}]}}