{"id":594,"date":"2020-11-07T11:56:03","date_gmt":"2020-11-07T17:56:03","guid":{"rendered":"https:\/\/www.dallassymphony.org\/?page_id=594"},"modified":"2025-10-21T16:07:19","modified_gmt":"2025-10-21T21:07:19","slug":"for-students","status":"publish","type":"page","link":"https:\/\/www.dallassymphony.org\/es\/community-education\/for-students\/","title":{"rendered":"Para estudiantes"},"content":{"rendered":"<div class=\"hero__no-img bg-blue-8\">\n\t<div class=\"container\">\n\t\t<div class=\"row\">\n\t\t\t<div class=\"col-md-10\">\n\n\t\t\t\t<ul class=\"breadcrumbs\">\n    \t<li class=\"breadcrumb__link\">\n\t\t<a class=\"a-hover\" href=\"https:\/\/www.dallassymphony.org\/es\/\">Inicio<\/a>\n\t<\/li>\n    \t<li class=\"breadcrumb__link a-styles\">\n\t\t<a class=\"a-hover\" href=\"https:\/\/www.dallassymphony.org\/es\/community-education\/\">Educaci\u00f3n y Comunidad<\/a>\n\t<\/li>\n    <\/ul>\n\n                \t\t\t\t<h1>\n                    <span >Para estudiantes<\/span>\n                <\/h1>\n                \t\t\t<\/div>\n\t\t<\/div>\n\t<\/div>\n<\/div>\n\n\n<div class=\"text-img text-img--right\">\n\t<div class=\"container\">\n\t\t<div class=\"row\">\n\t\t\t<div class=\"col-lg-12\">\n\t\t\t\t<div class=\"text-img__wrapper\">\n\t\t\t\t\t<h1>Consejo de Adolescentes DSO<\/h1>\n\n                    <img loading=\"lazy\" decoding=\"async\" width=\"666\" height=\"375\" src=\"https:\/\/www.dallassymphony.org\/wp-content\/uploads\/2020\/11\/Teen_Council-666x375.png\" class=\"d-xl-none d-block\" alt=\"Miembros del Consejo de Adolescentes, con instrumentos\" srcset=\"https:\/\/www.dallassymphony.org\/wp-content\/uploads\/2020\/11\/Teen_Council-666x375.png 666w, https:\/\/www.dallassymphony.org\/wp-content\/uploads\/2020\/11\/Teen_Council-388x218.png 388w, https:\/\/www.dallassymphony.org\/wp-content\/uploads\/2020\/11\/Teen_Council-540x303.png 540w, https:\/\/www.dallassymphony.org\/wp-content\/uploads\/2020\/11\/Teen_Council-735x413.png 735w, https:\/\/www.dallassymphony.org\/wp-content\/uploads\/2020\/11\/Teen_Council-768x432.png 768w, https:\/\/www.dallassymphony.org\/wp-content\/uploads\/2020\/11\/Teen_Council-1600x900.png 1600w\" sizes=\"auto, (max-width: 666px) 100vw, 666px\" \/>\n\t\t\t\t\t<p>El Consejo de Adolescentes DSO est\u00e1 compuesto por adolescentes apasionados por la m\u00fasica de todo el norte de Texas. Valiosos embajadores de la DSO, planean y ejecutan eventos, actividades y actuaciones dise\u00f1adas para construir el inter\u00e9s y el p\u00fablico adolescente por la m\u00fasica cl\u00e1sica.<\/p>\n\n                    \t\t\t\t\t<a class=\"a-hover\" href=\"http:\/\/www.dallassymphony.org\/es\/community-education\/dso-teens\/dso-teen-council\/\" >Aprende m\u00e1s<\/a>\n                    \n                <\/div>\n                <img loading=\"lazy\" decoding=\"async\" width=\"1600\" height=\"900\" src=\"https:\/\/www.dallassymphony.org\/wp-content\/uploads\/2020\/11\/Teen_Council-1600x900.png\" class=\"d-none d-xl-block ml-auto\" alt=\"Miembros del Consejo de Adolescentes, con instrumentos\" srcset=\"https:\/\/www.dallassymphony.org\/wp-content\/uploads\/2020\/11\/Teen_Council-1600x900.png 1600w, https:\/\/www.dallassymphony.org\/wp-content\/uploads\/2020\/11\/Teen_Council-388x218.png 388w, https:\/\/www.dallassymphony.org\/wp-content\/uploads\/2020\/11\/Teen_Council-540x303.png 540w, https:\/\/www.dallassymphony.org\/wp-content\/uploads\/2020\/11\/Teen_Council-666x375.png 666w, https:\/\/www.dallassymphony.org\/wp-content\/uploads\/2020\/11\/Teen_Council-735x413.png 735w, https:\/\/www.dallassymphony.org\/wp-content\/uploads\/2020\/11\/Teen_Council-768x432.png 768w\" sizes=\"auto, (max-width: 1600px) 100vw, 1600px\" \/>\t\t\t<\/div>\n\t\t<\/div>\n\t<\/div>\n<\/div>\n\n\n<div class=\"text-img text-img--left\">\n\t<div class=\"container\">\n\t\t<div class=\"row\">\n\t\t\t<div class=\"col-lg-12\">\n\t\t\t\t<div class=\"text-img__wrapper\">\n\t\t\t\t\t<h1>Becas<\/h1>\n\n                    <img loading=\"lazy\" decoding=\"async\" width=\"666\" height=\"375\" src=\"https:\/\/www.dallassymphony.org\/wp-content\/uploads\/2020\/11\/Young_Strings_Performance_2-666x375.png\" class=\"d-xl-none d-block\" alt=\"Los estudiantes act\u00faan en el escenario\" srcset=\"https:\/\/www.dallassymphony.org\/wp-content\/uploads\/2020\/11\/Young_Strings_Performance_2-666x375.png 666w, https:\/\/www.dallassymphony.org\/wp-content\/uploads\/2020\/11\/Young_Strings_Performance_2-388x218.png 388w, https:\/\/www.dallassymphony.org\/wp-content\/uploads\/2020\/11\/Young_Strings_Performance_2-540x303.png 540w, https:\/\/www.dallassymphony.org\/wp-content\/uploads\/2020\/11\/Young_Strings_Performance_2-735x413.png 735w, https:\/\/www.dallassymphony.org\/wp-content\/uploads\/2020\/11\/Young_Strings_Performance_2-768x432.png 768w, https:\/\/www.dallassymphony.org\/wp-content\/uploads\/2020\/11\/Young_Strings_Performance_2-1600x900.png 1600w\" sizes=\"auto, (max-width: 666px) 100vw, 666px\" \/>\n\t\t\t\t\t<p>Una lista actualizada de oportunidades de becas para j\u00f3venes m\u00fasicos del norte de Texas.<\/p>\n\n                    \t\t\t\t\t<a class=\"a-hover\" href=\"http:\/\/www.dallassymphony.org\/es\/community-education\/dso-teens\/scholarships\/\" >Aprende m\u00e1s<\/a>\n                    \n                <\/div>\n                <img loading=\"lazy\" decoding=\"async\" width=\"1600\" height=\"900\" src=\"https:\/\/www.dallassymphony.org\/wp-content\/uploads\/2020\/11\/Young_Strings_Performance_2-1600x900.png\" class=\"d-none d-xl-block\" alt=\"Los estudiantes act\u00faan en el escenario\" srcset=\"https:\/\/www.dallassymphony.org\/wp-content\/uploads\/2020\/11\/Young_Strings_Performance_2-1600x900.png 1600w, https:\/\/www.dallassymphony.org\/wp-content\/uploads\/2020\/11\/Young_Strings_Performance_2-388x218.png 388w, https:\/\/www.dallassymphony.org\/wp-content\/uploads\/2020\/11\/Young_Strings_Performance_2-540x303.png 540w, https:\/\/www.dallassymphony.org\/wp-content\/uploads\/2020\/11\/Young_Strings_Performance_2-666x375.png 666w, https:\/\/www.dallassymphony.org\/wp-content\/uploads\/2020\/11\/Young_Strings_Performance_2-735x413.png 735w, https:\/\/www.dallassymphony.org\/wp-content\/uploads\/2020\/11\/Young_Strings_Performance_2-768x432.png 768w\" sizes=\"auto, (max-width: 1600px) 100vw, 1600px\" \/>\t\t\t<\/div>\n\t\t<\/div>\n\t<\/div>\n<\/div>\n\n\n<div class=\"text-img text-img--right\">\n\t<div class=\"container\">\n\t\t<div class=\"row\">\n\t\t\t<div class=\"col-lg-12\">\n\t\t\t\t<div class=\"text-img__wrapper\">\n\t\t\t\t\t<h1>Concursos<\/h1>\n\n                    <img loading=\"lazy\" decoding=\"async\" width=\"666\" height=\"375\" src=\"https:\/\/www.dallassymphony.org\/wp-content\/uploads\/2020\/11\/Lynn_Harrell_Competition-666x375.png\" class=\"d-xl-none d-block\" alt=\"El violinista compite en el concurso de Lynn Harrell\" srcset=\"https:\/\/www.dallassymphony.org\/wp-content\/uploads\/2020\/11\/Lynn_Harrell_Competition-666x375.png 666w, https:\/\/www.dallassymphony.org\/wp-content\/uploads\/2020\/11\/Lynn_Harrell_Competition-388x218.png 388w, https:\/\/www.dallassymphony.org\/wp-content\/uploads\/2020\/11\/Lynn_Harrell_Competition-540x303.png 540w, https:\/\/www.dallassymphony.org\/wp-content\/uploads\/2020\/11\/Lynn_Harrell_Competition-735x413.png 735w, https:\/\/www.dallassymphony.org\/wp-content\/uploads\/2020\/11\/Lynn_Harrell_Competition-768x432.png 768w, https:\/\/www.dallassymphony.org\/wp-content\/uploads\/2020\/11\/Lynn_Harrell_Competition-1600x900.png 1600w\" sizes=\"auto, (max-width: 666px) 100vw, 666px\" \/>\n\t\t\t\t\t<p>Nuestra lista curada de pr\u00f3ximos concursos abiertos a j\u00f3venes m\u00fasicos del norte de Texas.<\/p>\n\n                    \t\t\t\t\t<a class=\"a-hover\" href=\"http:\/\/www.dallassymphony.org\/es\/community-education\/dso-teens\/competitions\/\" >Aprende m\u00e1s<\/a>\n                    \n                <\/div>\n                <img loading=\"lazy\" decoding=\"async\" width=\"1600\" height=\"900\" src=\"https:\/\/www.dallassymphony.org\/wp-content\/uploads\/2020\/11\/Lynn_Harrell_Competition-1600x900.png\" class=\"d-none d-xl-block ml-auto\" alt=\"El violinista compite en el concurso de Lynn Harrell\" srcset=\"https:\/\/www.dallassymphony.org\/wp-content\/uploads\/2020\/11\/Lynn_Harrell_Competition-1600x900.png 1600w, https:\/\/www.dallassymphony.org\/wp-content\/uploads\/2020\/11\/Lynn_Harrell_Competition-388x218.png 388w, https:\/\/www.dallassymphony.org\/wp-content\/uploads\/2020\/11\/Lynn_Harrell_Competition-540x303.png 540w, https:\/\/www.dallassymphony.org\/wp-content\/uploads\/2020\/11\/Lynn_Harrell_Competition-666x375.png 666w, https:\/\/www.dallassymphony.org\/wp-content\/uploads\/2020\/11\/Lynn_Harrell_Competition-735x413.png 735w, https:\/\/www.dallassymphony.org\/wp-content\/uploads\/2020\/11\/Lynn_Harrell_Competition-768x432.png 768w\" sizes=\"auto, (max-width: 1600px) 100vw, 1600px\" \/>\t\t\t<\/div>\n\t\t<\/div>\n\t<\/div>\n<\/div>\n\n\n<div class=\"text-img text-img--left\">\n\t<div class=\"container\">\n\t\t<div class=\"row\">\n\t\t\t<div class=\"col-lg-12\">\n\t\t\t\t<div class=\"text-img__wrapper\">\n\t\t\t\t\t<h1>Ensayos abiertos<\/h1>\n\n                    <img loading=\"lazy\" decoding=\"async\" width=\"666\" height=\"375\" src=\"https:\/\/www.dallassymphony.org\/wp-content\/uploads\/2020\/11\/DSO_Youth_Concert-1-666x375.jpg\" class=\"d-xl-none d-block\" alt=\"Estudiantes mirando el escenario, fotografiados desde atr\u00e1s.\" srcset=\"https:\/\/www.dallassymphony.org\/wp-content\/uploads\/2020\/11\/DSO_Youth_Concert-1-666x375.jpg 666w, https:\/\/www.dallassymphony.org\/wp-content\/uploads\/2020\/11\/DSO_Youth_Concert-1-388x218.jpg 388w, https:\/\/www.dallassymphony.org\/wp-content\/uploads\/2020\/11\/DSO_Youth_Concert-1-540x303.jpg 540w, https:\/\/www.dallassymphony.org\/wp-content\/uploads\/2020\/11\/DSO_Youth_Concert-1-735x413.jpg 735w, https:\/\/www.dallassymphony.org\/wp-content\/uploads\/2020\/11\/DSO_Youth_Concert-1-768x432.jpg 768w\" sizes=\"auto, (max-width: 666px) 100vw, 666px\" \/>\n\t\t\t\t\t<p>Traiga su conjunto o clase para escuchar la Sinf\u00f3nica de Dallas en los ensayos, tocando una amplia variedad de repertorio con directores y solistas de renombre internacional.<\/p>\n\n                    \t\t\t\t\t<a class=\"a-hover\" href=\"http:\/\/www.dallassymphony.org\/es\/community-education\/dso-teens\/open-rehearsals\/\" >Aprende m\u00e1s<\/a>\n                    \n                <\/div>\n                <img loading=\"lazy\" decoding=\"async\" width=\"800\" height=\"533\" src=\"https:\/\/www.dallassymphony.org\/wp-content\/uploads\/2020\/11\/DSO_Youth_Concert-1.jpg\" class=\"d-none d-xl-block\" alt=\"Estudiantes mirando el escenario, fotografiados desde atr\u00e1s.\" srcset=\"https:\/\/www.dallassymphony.org\/wp-content\/uploads\/2020\/11\/DSO_Youth_Concert-1.jpg 800w, https:\/\/www.dallassymphony.org\/wp-content\/uploads\/2020\/11\/DSO_Youth_Concert-1-300x200.jpg 300w, https:\/\/www.dallassymphony.org\/wp-content\/uploads\/2020\/11\/DSO_Youth_Concert-1-768x512.jpg 768w, https:\/\/www.dallassymphony.org\/wp-content\/uploads\/2020\/11\/DSO_Youth_Concert-1-16x12.jpg 16w, https:\/\/www.dallassymphony.org\/wp-content\/uploads\/2020\/11\/DSO_Youth_Concert-1-309x206.jpg 309w, https:\/\/www.dallassymphony.org\/wp-content\/uploads\/2020\/11\/DSO_Youth_Concert-1-540x360.jpg 540w\" sizes=\"auto, (max-width: 800px) 100vw, 800px\" \/>\t\t\t<\/div>\n\t\t<\/div>\n\t<\/div>\n<\/div>\n\n\n<div class=\"text-img text-img--right\">\n\t<div class=\"container\">\n\t\t<div class=\"row\">\n\t\t\t<div class=\"col-lg-12\">\n\t\t\t\t<div class=\"text-img__wrapper\">\n\t\t\t\t\t<h1>Pregunte a un m\u00fasico<\/h1>\n\n                    <img loading=\"lazy\" decoding=\"async\" width=\"666\" height=\"375\" src=\"https:\/\/www.dallassymphony.org\/wp-content\/uploads\/2020\/12\/CL6-Luisi-Verdi-004-1600x1076-1-666x375.jpg\" class=\"d-xl-none d-block\" alt=\"La Orquesta Sinf\u00f3nica de Dallas se presenta en el escenario del Centro Sinf\u00f3nico Morton H. Meyerson\" srcset=\"https:\/\/www.dallassymphony.org\/wp-content\/uploads\/2020\/12\/CL6-Luisi-Verdi-004-1600x1076-1-666x375.jpg 666w, https:\/\/www.dallassymphony.org\/wp-content\/uploads\/2020\/12\/CL6-Luisi-Verdi-004-1600x1076-1-388x218.jpg 388w, https:\/\/www.dallassymphony.org\/wp-content\/uploads\/2020\/12\/CL6-Luisi-Verdi-004-1600x1076-1-540x303.jpg 540w, https:\/\/www.dallassymphony.org\/wp-content\/uploads\/2020\/12\/CL6-Luisi-Verdi-004-1600x1076-1-735x413.jpg 735w, https:\/\/www.dallassymphony.org\/wp-content\/uploads\/2020\/12\/CL6-Luisi-Verdi-004-1600x1076-1-768x432.jpg 768w, https:\/\/www.dallassymphony.org\/wp-content\/uploads\/2020\/12\/CL6-Luisi-Verdi-004-1600x1076-1-1600x900.jpg 1600w\" sizes=\"auto, (max-width: 666px) 100vw, 666px\" \/>\n\t\t\t\t\t<p>Haga una pregunta a nuestros m\u00fasicos de la DSO.<\/p>\n\n                    \t\t\t\t\t<a class=\"a-hover\" href=\"https:\/\/www.dallassymphony.org\/es\/community-education\/dso-teens\/ask-a-musician\/\" >Aprende m\u00e1s<\/a>\n                    \n                <\/div>\n                <img loading=\"lazy\" decoding=\"async\" width=\"1600\" height=\"900\" src=\"https:\/\/www.dallassymphony.org\/wp-content\/uploads\/2020\/12\/CL6-Luisi-Verdi-004-1600x1076-1-1600x900.jpg\" class=\"d-none d-xl-block ml-auto\" alt=\"La Orquesta Sinf\u00f3nica de Dallas se presenta en el escenario del Centro Sinf\u00f3nico Morton H. Meyerson\" srcset=\"https:\/\/www.dallassymphony.org\/wp-content\/uploads\/2020\/12\/CL6-Luisi-Verdi-004-1600x1076-1-1600x900.jpg 1600w, https:\/\/www.dallassymphony.org\/wp-content\/uploads\/2020\/12\/CL6-Luisi-Verdi-004-1600x1076-1-388x218.jpg 388w, https:\/\/www.dallassymphony.org\/wp-content\/uploads\/2020\/12\/CL6-Luisi-Verdi-004-1600x1076-1-540x303.jpg 540w, https:\/\/www.dallassymphony.org\/wp-content\/uploads\/2020\/12\/CL6-Luisi-Verdi-004-1600x1076-1-666x375.jpg 666w, https:\/\/www.dallassymphony.org\/wp-content\/uploads\/2020\/12\/CL6-Luisi-Verdi-004-1600x1076-1-735x413.jpg 735w, https:\/\/www.dallassymphony.org\/wp-content\/uploads\/2020\/12\/CL6-Luisi-Verdi-004-1600x1076-1-768x432.jpg 768w\" sizes=\"auto, (max-width: 1600px) 100vw, 1600px\" \/>\t\t\t<\/div>\n\t\t<\/div>\n\t<\/div>\n<\/div>\n\n\n<div class=\"text-img text-img--left\">\n\t<div class=\"container\">\n\t\t<div class=\"row\">\n\t\t\t<div class=\"col-lg-12\">\n\t\t\t\t<div class=\"text-img__wrapper\">\n\t\t\t\t\t<h1>Clases magistrales<\/h1>\n\n                    <img loading=\"lazy\" decoding=\"async\" width=\"666\" height=\"375\" src=\"https:\/\/www.dallassymphony.org\/wp-content\/uploads\/2020\/11\/Young_Musician_Violin_1-666x375.png\" class=\"d-xl-none d-block\" alt=\"Joven M\u00fasico Viol\u00edn I\" srcset=\"https:\/\/www.dallassymphony.org\/wp-content\/uploads\/2020\/11\/Young_Musician_Violin_1-666x375.png 666w, https:\/\/www.dallassymphony.org\/wp-content\/uploads\/2020\/11\/Young_Musician_Violin_1-388x218.png 388w, https:\/\/www.dallassymphony.org\/wp-content\/uploads\/2020\/11\/Young_Musician_Violin_1-540x303.png 540w, https:\/\/www.dallassymphony.org\/wp-content\/uploads\/2020\/11\/Young_Musician_Violin_1-735x413.png 735w, https:\/\/www.dallassymphony.org\/wp-content\/uploads\/2020\/11\/Young_Musician_Violin_1-768x432.png 768w, https:\/\/www.dallassymphony.org\/wp-content\/uploads\/2020\/11\/Young_Musician_Violin_1-1600x900.png 1600w\" sizes=\"auto, (max-width: 666px) 100vw, 666px\" \/>\n\t\t\t\t\t<p>Afina tus habilidades con nuestra colecci\u00f3n de consejos de los profesionales de la DSO sobre todo, desde hacer ca\u00f1as hasta cambios de arco suaves.<\/p>\n\n                    \t\t\t\t\t<a class=\"a-hover\" href=\"https:\/\/www.dallassymphony.org\/es\/community-education\/dso-kids\/master-classes\/\" >Aprende m\u00e1s<\/a>\n                    \n                <\/div>\n                <img loading=\"lazy\" decoding=\"async\" width=\"1600\" height=\"900\" src=\"https:\/\/www.dallassymphony.org\/wp-content\/uploads\/2020\/11\/Young_Musician_Violin_1-1600x900.png\" class=\"d-none d-xl-block\" alt=\"Joven M\u00fasico Viol\u00edn I\" srcset=\"https:\/\/www.dallassymphony.org\/wp-content\/uploads\/2020\/11\/Young_Musician_Violin_1-1600x900.png 1600w, https:\/\/www.dallassymphony.org\/wp-content\/uploads\/2020\/11\/Young_Musician_Violin_1-388x218.png 388w, https:\/\/www.dallassymphony.org\/wp-content\/uploads\/2020\/11\/Young_Musician_Violin_1-540x303.png 540w, https:\/\/www.dallassymphony.org\/wp-content\/uploads\/2020\/11\/Young_Musician_Violin_1-666x375.png 666w, https:\/\/www.dallassymphony.org\/wp-content\/uploads\/2020\/11\/Young_Musician_Violin_1-735x413.png 735w, https:\/\/www.dallassymphony.org\/wp-content\/uploads\/2020\/11\/Young_Musician_Violin_1-768x432.png 768w\" sizes=\"auto, (max-width: 1600px) 100vw, 1600px\" \/>\t\t\t<\/div>\n\t\t<\/div>\n\t<\/div>\n<\/div>","protected":false},"excerpt":{"rendered":"<p>Aprenda m\u00e1s sobre becas, concursos y programas disponibles para m\u00fasicos adolescentes.<\/p>","protected":false},"author":3,"featured_media":722,"parent":580,"menu_order":0,"comment_status":"closed","ping_status":"closed","template":"","meta":{"_acf_changed":false,"footnotes":""},"class_list":["post-594","page","type-page","status-publish","has-post-thumbnail","hentry"],"acf":[],"_links":{"self":[{"href":"https:\/\/www.dallassymphony.org\/es\/wp-json\/wp\/v2\/pages\/594","targetHints":{"allow":["GET"]}}],"collection":[{"href":"https:\/\/www.dallassymphony.org\/es\/wp-json\/wp\/v2\/pages"}],"about":[{"href":"https:\/\/www.dallassymphony.org\/es\/wp-json\/wp\/v2\/types\/page"}],"author":[{"embeddable":true,"href":"https:\/\/www.dallassymphony.org\/es\/wp-json\/wp\/v2\/users\/3"}],"replies":[{"embeddable":true,"href":"https:\/\/www.dallassymphony.org\/es\/wp-json\/wp\/v2\/comments?post=594"}],"version-history":[{"count":0,"href":"https:\/\/www.dallassymphony.org\/es\/wp-json\/wp\/v2\/pages\/594\/revisions"}],"up":[{"embeddable":true,"href":"https:\/\/www.dallassymphony.org\/es\/wp-json\/wp\/v2\/pages\/580"}],"wp:featuredmedia":[{"embeddable":true,"href":"https:\/\/www.dallassymphony.org\/es\/wp-json\/wp\/v2\/media\/722"}],"wp:attachment":[{"href":"https:\/\/www.dallassymphony.org\/es\/wp-json\/wp\/v2\/media?parent=594"}],"curies":[{"name":"wp","href":"https:\/\/api.w.org\/{rel}","templated":true}]}}