{"id":593,"date":"2020-11-07T11:55:24","date_gmt":"2020-11-07T16:55:24","guid":{"rendered":"https:\/\/www.dallassymphony.org\/?page_id=593"},"modified":"2020-12-30T12:22:25","modified_gmt":"2020-12-30T18:22:25","slug":"building-blocks","status":"publish","type":"page","link":"https:\/\/www.dallassymphony.org\/es\/community-education\/dso-kids\/listen-watch\/building-blocks\/","title":{"rendered":"Bloques de construcci\u00f3n"},"content":{"rendered":"<div class=\"hero__no-img bg-blue-8\">\n\t<div class=\"container\">\n\t\t<div class=\"row\">\n\t\t\t<div class=\"col-md-10\">\n\n\t\t\t\t<ul class=\"breadcrumbs\">\n    \t<li class=\"breadcrumb__link\">\n\t\t<a class=\"a-hover\" href=\"https:\/\/www.dallassymphony.org\/es\/\">Inicio<\/a>\n\t<\/li>\n    \t<li class=\"breadcrumb__link a-styles\">\n\t\t<a class=\"a-hover\" href=\"https:\/\/www.dallassymphony.org\/es\/community-education\/\">Educaci\u00f3n y Comunidad<\/a>\n\t<\/li>\n    \t<li class=\"breadcrumb__link a-styles\">\n\t\t<a class=\"a-hover\" href=\"https:\/\/www.dallassymphony.org\/es\/community-education\/dso-kids\/\">Para escuelas y profesores<\/a>\n\t<\/li>\n    \t<li class=\"breadcrumb__link a-styles\">\n\t\t<a class=\"a-hover\" href=\"https:\/\/www.dallassymphony.org\/es\/community-education\/dso-kids\/listen-watch\/\">Escuchar y ver<\/a>\n\t<\/li>\n    <\/ul>\n\n                \t\t\t\t<h1>\n                    <span >Bloques de construcci\u00f3n<\/span>\n                <\/h1>\n                \t\t\t<\/div>\n\t\t<\/div>\n\t<\/div>\n<\/div>\n\n\n<div class=\"richtext m-spacer\">\n\t<div class=\"container\">\n\t\t<div class=\"row\">\n\t\t\t<div class=\"col-10\">\n\t\t\t\t\n\n<div class=\"wp-block-columns is-layout-flex wp-container-core-columns-is-layout-9d6595d7 wp-block-columns-is-layout-flex\">\n<div class=\"wp-block-column is-layout-flow wp-block-column-is-layout-flow\" style=\"flex-basis:33.33%\">\n<figure class=\"wp-block-image size-full is-resized\"><a href=\"https:\/\/soundcloud.com\/dallassymphony\/c-major?in=dallassymphony\/sets\/dso-kids-building-blocks\" target=\"_blank\" rel=\"noopener\"><img loading=\"lazy\" decoding=\"async\" src=\"https:\/\/www.dallassymphony.org\/wp-content\/uploads\/2020\/11\/musictheory.jpg\" alt=\"Escala de Do Mayor\" class=\"wp-image-1793\" width=\"300\" height=\"200\" srcset=\"https:\/\/www.dallassymphony.org\/wp-content\/uploads\/2020\/11\/musictheory.jpg 300w, https:\/\/www.dallassymphony.org\/wp-content\/uploads\/2020\/11\/musictheory-16x12.jpg 16w\" sizes=\"auto, (max-width: 300px) 100vw, 300px\" \/><\/a><\/figure>\n<\/div>\n\n\n\n<div class=\"wp-block-column is-layout-flow wp-block-column-is-layout-flow\" style=\"flex-basis:66.66%\">\n<h4 class=\"wp-block-heading\" id=\"h-c-major-scale\"><strong>C ESCALA MAYOR<\/strong><\/h4>\n\n\n\n<p>Una escala mayor se compone de siete notas, comenzando con la Nota Clave (o T\u00f3nica).  A medida que las notas suben, siguen esta secuencia de pasos:<\/p>\n\n\n\n<p>Nota clave, entero, entero, mitad, entero, entero, entero, mitad<\/p>\n\n\n\n<p>La octava nota de la escala duplica a la primera con el doble de frecuencia.  Esto se llama una octava de la misma nota (del lat\u00edn \"octavus\", que significa \"la octava\").<\/p>\n\n\n\n<p>La escala de Do mayor no tiene ni sostenidos ni bemoles, y puede tocarse en un piano utilizando s\u00f3lo las teclas blancas.  Comienza en la nota clave de \"C\".<\/p>\n<\/div>\n<\/div>\n\n\n\n<hr class=\"wp-block-separator is-style-wide\"\/>\n\n\n\t\t\t<\/div>\n\t\t<\/div>\n\t<\/div>\n\n<\/div>\n\n\n<div class=\"richtext m-spacer\">\n\t<div class=\"container\">\n\t\t<div class=\"row\">\n\t\t\t<div class=\"col-10\">\n\t\t\t\t\n\n<div class=\"wp-block-columns is-layout-flex wp-container-core-columns-is-layout-9d6595d7 wp-block-columns-is-layout-flex\">\n<div class=\"wp-block-column is-layout-flow wp-block-column-is-layout-flow\" style=\"flex-basis:33.33%\">\n<figure class=\"wp-block-image size-full is-resized\"><a href=\"https:\/\/soundcloud.com\/dallassymphony\/cmin?in=dallassymphony\/sets\/dso-kids-building-blocks\" target=\"_blank\" rel=\"noopener\"><img loading=\"lazy\" decoding=\"async\" src=\"https:\/\/www.dallassymphony.org\/wp-content\/uploads\/2020\/11\/musictheory3.jpg\" alt=\"Escala de C Menor\" class=\"wp-image-1797\" width=\"300\" height=\"200\" srcset=\"https:\/\/www.dallassymphony.org\/wp-content\/uploads\/2020\/11\/musictheory3.jpg 300w, https:\/\/www.dallassymphony.org\/wp-content\/uploads\/2020\/11\/musictheory3-16x12.jpg 16w\" sizes=\"auto, (max-width: 300px) 100vw, 300px\" \/><\/a><\/figure>\n<\/div>\n\n\n\n<div class=\"wp-block-column is-layout-flow wp-block-column-is-layout-flow\" style=\"flex-basis:66.66%\">\n<h4 class=\"wp-block-heading\" id=\"h-c-minor-scale\"><strong>C ESCALA MENOR<\/strong><\/h4>\n\n\n\n<p>La escala menor natural sigue esta secuencia de pasos a medida que sube:<\/p>\n\n\n\n<p>Nota clave, entero, medio, entero, entero, medio, entero, entero<\/p>\n\n\n\n<p>La escala menor natural tambi\u00e9n puede representarse mediante el uso de n\u00fameros de grados de escala:<\/p>\n\n\n\n<p>1 2 b3 4 5 b6 b7 8<\/p>\n\n\n\n<p>Para tocar una tonalidad menor natural en el piano sin sostenidos ni bemoles, puede empezar en la nota clave de \"A\".  La menor se conoce como la \"relative menor\" de Do mayor. Cada tonalidad mayor tiene su propia relative menor, que se puede tocar empezando y terminando en la sexta nota de la escala mayor.<\/p>\n<\/div>\n<\/div>\n\n\n\n<hr class=\"wp-block-separator is-style-wide\"\/>\n\n\n\t\t\t<\/div>\n\t\t<\/div>\n\t<\/div>\n\n<\/div>\n\n\n<div class=\"richtext m-spacer\">\n\t<div class=\"container\">\n\t\t<div class=\"row\">\n\t\t\t<div class=\"col-10\">\n\t\t\t\t\n\n<div class=\"wp-block-columns is-layout-flex wp-container-core-columns-is-layout-9d6595d7 wp-block-columns-is-layout-flex\">\n<div class=\"wp-block-column is-layout-flow wp-block-column-is-layout-flow\" style=\"flex-basis:33.33%\">\n<figure class=\"wp-block-image size-full is-resized\"><a href=\"https:\/\/soundcloud.com\/dallassymphony\/c-melodic-minor?in=dallassymphony\/sets\/dso-kids-building-blocks\" target=\"_blank\" rel=\"noopener\"><img loading=\"lazy\" decoding=\"async\" src=\"https:\/\/www.dallassymphony.org\/wp-content\/uploads\/2020\/11\/musictheory2.jpg\" alt=\"C Escala menor mel\u00f3dica\" class=\"wp-image-1795\" width=\"300\" height=\"200\" srcset=\"https:\/\/www.dallassymphony.org\/wp-content\/uploads\/2020\/11\/musictheory2.jpg 300w, https:\/\/www.dallassymphony.org\/wp-content\/uploads\/2020\/11\/musictheory2-16x12.jpg 16w\" sizes=\"auto, (max-width: 300px) 100vw, 300px\" \/><\/a><\/figure>\n<\/div>\n\n\n\n<div class=\"wp-block-column is-layout-flow wp-block-column-is-layout-flow\" style=\"flex-basis:66.66%\">\n<h4 class=\"wp-block-heading\" id=\"h-c-melodic-minor-scale\"><strong>C ESCALA MENOR MEL\u00d3DICA<\/strong><\/h4>\n\n\n\n<p>Una escala menor mel\u00f3dica est\u00e1 compuesta por siete notas, comenzando con la nota clave (o t\u00f3nica).  A medida que las notas suben, siguen esta secuencia de pasos:<\/p>\n\n\n\n<p>Nota clave, entero, medio, entero, entero, medio, entero y medio, medio...<\/p>\n\n\n\n<p>Usando n\u00fameros de grados de escala, se ve as\u00ed:<\/p>\n\n\n\n<p>1 2 b3 4 5 6 7 8<\/p>\n\n\n\n<p>A medida que las notas van bajando, siguen un patr\u00f3n diferente:<\/p>\n\n\n\n<p>Nota clave, Todo, Todo, Medio, Entero, Entero, Medio, Entero, Paso entero<\/p>\n\n\n\n<p>Usando n\u00fameros de grados de escala, se ve as\u00ed:<\/p>\n\n\n\n<p>1 2 b3 4 5 b6 b7 8<\/p>\n\n\n\n<p>Muchos compositores consideran que las escalas menores mel\u00f3dicas son mejores que otras escalas menores para crear melod\u00edas suaves.  Se encuentran en mucha m\u00fasica, tanto cl\u00e1sica como popular.<\/p>\n\n\n\n<p>(No hay forma de tocar una escala menor mel\u00f3dica en el piano usando s\u00f3lo las teclas blancas).<\/p>\n<\/div>\n<\/div>\n\n\n\n<hr class=\"wp-block-separator is-style-wide\"\/>\n\n\n\t\t\t<\/div>\n\t\t<\/div>\n\t<\/div>\n\n<\/div>\n\n\n<div class=\"richtext m-spacer\">\n\t<div class=\"container\">\n\t\t<div class=\"row\">\n\t\t\t<div class=\"col-10\">\n\t\t\t\t\n\n<div class=\"wp-block-columns is-layout-flex wp-container-core-columns-is-layout-9d6595d7 wp-block-columns-is-layout-flex\">\n<div class=\"wp-block-column is-layout-flow wp-block-column-is-layout-flow\" style=\"flex-basis:33.33%\">\n<figure class=\"wp-block-image size-full is-resized\"><img loading=\"lazy\" decoding=\"async\" src=\"https:\/\/www.dallassymphony.org\/wp-content\/uploads\/2020\/11\/CHarmonic.jpg\" alt=\"Escala menor arm\u00f3nica de C\" class=\"wp-image-1803\" width=\"300\" height=\"200\" srcset=\"https:\/\/www.dallassymphony.org\/wp-content\/uploads\/2020\/11\/CHarmonic.jpg 300w, https:\/\/www.dallassymphony.org\/wp-content\/uploads\/2020\/11\/CHarmonic-16x12.jpg 16w\" sizes=\"auto, (max-width: 300px) 100vw, 300px\" \/><\/figure>\n<\/div>\n\n\n\n<div class=\"wp-block-column is-layout-flow wp-block-column-is-layout-flow\" style=\"flex-basis:66.66%\">\n<h4 class=\"wp-block-heading\" id=\"h-c-harmonic-minor-scale\"><strong>ESCALA MENOR ARM\u00d3NICA DE C<\/strong><\/h4>\n\n\n\n<p>Las notas de la escala menor arm\u00f3nica son las mismas que las de la menor natural, salvo que el s\u00e9ptimo grado se eleva medio paso m\u00e1s.  Esto crea un intervalo distintivo, conocido como \"segunda aumentada\", entre los grados sexto y s\u00e9ptimo de la escala.<\/p>\n\n\n\n<p>Una escala menor arm\u00f3nica sigue esta secuencia de pasos:<\/p>\n\n\n\n<p>Nota clave, entero, medio, entero, entero, medio, entero y medio, medio...<\/p>\n\n\n\n<p>Usando n\u00fameros de grados de escala, se ve as\u00ed:<\/p>\n\n\n\n<p>&nbsp;1 2 b3 4 5 b6 7 8.<\/p>\n\n\n\n<p>Esta escala se llama \"arm\u00f3nica\" porque sus notas proporcionan una base com\u00fan para las armon\u00edas (o acordes) utilizadas en una tonalidad menor.&nbsp;<\/p>\n\n\n\n<p>(No hay forma de tocar una escala menor mel\u00f3dica en el piano usando s\u00f3lo las teclas blancas).<\/p>\n<\/div>\n<\/div>\n\n\n\n<hr class=\"wp-block-separator is-style-wide\"\/>\n\n\n\t\t\t<\/div>\n\t\t<\/div>\n\t<\/div>\n\n<\/div>\n\n\n<div class=\"richtext m-spacer\">\n\t<div class=\"container\">\n\t\t<div class=\"row\">\n\t\t\t<div class=\"col-10\">\n\t\t\t\t\n\n<div class=\"wp-block-columns is-layout-flex wp-container-core-columns-is-layout-9d6595d7 wp-block-columns-is-layout-flex\">\n<div class=\"wp-block-column is-layout-flow wp-block-column-is-layout-flow\" style=\"flex-basis:33.33%\">\n<figure class=\"wp-block-image size-full\"><img loading=\"lazy\" decoding=\"async\" width=\"300\" height=\"200\" src=\"https:\/\/www.dallassymphony.org\/wp-content\/uploads\/2020\/11\/CMajor_ChordTriad.jpg\" alt=\"Acorde de Do Mayor (Tr\u00edada)\" class=\"wp-image-1805\" srcset=\"https:\/\/www.dallassymphony.org\/wp-content\/uploads\/2020\/11\/CMajor_ChordTriad.jpg 300w, https:\/\/www.dallassymphony.org\/wp-content\/uploads\/2020\/11\/CMajor_ChordTriad-16x12.jpg 16w\" sizes=\"auto, (max-width: 300px) 100vw, 300px\" \/><\/figure>\n<\/div>\n\n\n\n<div class=\"wp-block-column is-layout-flow wp-block-column-is-layout-flow\" style=\"flex-basis:66.66%\">\n<h4 class=\"wp-block-heading\" id=\"h-c-major-chord-triad\"><strong>ACORDE DE DO MAYOR (TR\u00cdADA)<\/strong><\/h4>\n\n\n\n<p>El acorde de Do mayor, tambi\u00e9n conocido como tr\u00edada de Do mayor, se compone de tres tonos espec\u00edficos: C, E y G. Cada tono se conoce por su posici\u00f3n en la escala de C mayor: C es la ra\u00edz del acorde, E es la tercera del acorde, y G es la quinta. &nbsp;<\/p>\n\n\n\n<p>La tr\u00edada mayor (o acorde mayor), junto con la tr\u00edada menor (o acorde menor), es uno de los bloques b\u00e1sicos de construcci\u00f3n de la m\u00fasica tonal, y se encuentra en toda la m\u00fasica pop, folk y rock occidental.<\/p>\n<\/div>\n<\/div>\n\n\n\n<hr class=\"wp-block-separator is-style-wide\"\/>\n\n\n\t\t\t<\/div>\n\t\t<\/div>\n\t<\/div>\n\n<\/div>\n\n\n<div class=\"richtext m-spacer\">\n\t<div class=\"container\">\n\t\t<div class=\"row\">\n\t\t\t<div class=\"col-10\">\n\t\t\t\t\n\n<div class=\"wp-block-columns is-layout-flex wp-container-core-columns-is-layout-9d6595d7 wp-block-columns-is-layout-flex\">\n<div class=\"wp-block-column is-layout-flow wp-block-column-is-layout-flow\" style=\"flex-basis:33.33%\">\n<figure class=\"wp-block-image size-full\"><img loading=\"lazy\" decoding=\"async\" width=\"300\" height=\"200\" src=\"https:\/\/www.dallassymphony.org\/wp-content\/uploads\/2020\/11\/BlankSheetMusic.jpg\" alt=\"Partituras en blanco\" class=\"wp-image-1801\" srcset=\"https:\/\/www.dallassymphony.org\/wp-content\/uploads\/2020\/11\/BlankSheetMusic.jpg 300w, https:\/\/www.dallassymphony.org\/wp-content\/uploads\/2020\/11\/BlankSheetMusic-16x12.jpg 16w\" sizes=\"auto, (max-width: 300px) 100vw, 300px\" \/><\/figure>\n<\/div>\n\n\n\n<div class=\"wp-block-column is-layout-flow wp-block-column-is-layout-flow\" style=\"flex-basis:66.66%\">\n<h4 class=\"wp-block-heading\" id=\"h-blank-sheet-music-staff-paper\"><strong>PARTITURAS EN BLANCO - PAPEL DE PENTAGRAMA<\/strong><\/h4>\n\n\n\n<p>Partituras en blanco -&nbsp;<strong><a href=\"https:\/\/d15gc4eof6ew0j.cloudfront.net\/img\/DSO%20Kids\/Activities\/treblestaffsheet.gif\" target=\"_blank\" rel=\"noreferrer noopener\">Clave de Sol&nbsp;<\/a><\/strong><br>Partituras en blanco -&nbsp;<strong><a href=\"https:\/\/d15gc4eof6ew0j.cloudfront.net\/img\/DSO%20Kids\/Activities\/bassstaffsheet.gif\" target=\"_blank\" rel=\"noreferrer noopener\">Clave de Sol<\/a><\/strong><br>Partituras en blanco -&nbsp;<strong><a href=\"https:\/\/d15gc4eof6ew0j.cloudfront.net\/img\/DSO%20Kids\/Activities\/pianostaffsheet.gif\" target=\"_blank\" rel=\"noreferrer noopener\">Gran Bast\u00f3n<\/a><\/strong><\/p>\n\n\n\n<p>Imprime y usa como papel en blanco para escribir tu propia m\u00fasica.<\/p>\n<\/div>\n<\/div>\n\n\n\n<hr class=\"wp-block-separator is-style-wide\"\/>\n\n\n\t\t\t<\/div>\n\t\t<\/div>\n\t<\/div>\n\n<\/div>\n\n\n<div class=\"richtext m-spacer\">\n\t<div class=\"container\">\n\t\t<div class=\"row\">\n\t\t\t<div class=\"col-10\">\n\t\t\t\t\n\n<div class=\"wp-block-columns is-layout-flex wp-container-core-columns-is-layout-9d6595d7 wp-block-columns-is-layout-flex\">\n<div class=\"wp-block-column is-layout-flow wp-block-column-is-layout-flow\" style=\"flex-basis:33.33%\">\n<figure class=\"wp-block-image size-medium\"><img loading=\"lazy\" decoding=\"async\" width=\"300\" height=\"71\" src=\"https:\/\/www.dallassymphony.org\/wp-content\/uploads\/2020\/11\/earcombo-large-1-300x71.jpg\" alt=\"\" class=\"wp-image-1807\" srcset=\"https:\/\/www.dallassymphony.org\/wp-content\/uploads\/2020\/11\/earcombo-large-1-300x71.jpg 300w, https:\/\/www.dallassymphony.org\/wp-content\/uploads\/2020\/11\/earcombo-large-1-1024x244.jpg 1024w, https:\/\/www.dallassymphony.org\/wp-content\/uploads\/2020\/11\/earcombo-large-1-768x183.jpg 768w, https:\/\/www.dallassymphony.org\/wp-content\/uploads\/2020\/11\/earcombo-large-1-1536x366.jpg 1536w, https:\/\/www.dallassymphony.org\/wp-content\/uploads\/2020\/11\/earcombo-large-1-2048x488.jpg 2048w, https:\/\/www.dallassymphony.org\/wp-content\/uploads\/2020\/11\/earcombo-large-1-16x4.jpg 16w\" sizes=\"auto, (max-width: 300px) 100vw, 300px\" \/><\/figure>\n<\/div>\n\n\n\n<div class=\"wp-block-column is-layout-flow wp-block-column-is-layout-flow\" style=\"flex-basis:66.66%\">\n<h4 class=\"wp-block-heading\" id=\"h-how-hearing-works\"><strong>C\u00d3MO FUNCIONA LA AUDICI\u00d3N<\/strong><\/h4>\n\n\n\n<p>El sonido de una trompeta comienza cuando los labios de un jugador vibran contra una boquilla. Los tubos de lat\u00f3n de una trompeta ayudan a que el aire vibre en un cierto tono y lo haga m\u00e1s fuerte. El sonido es en realidad aire que vibra, o cambia de presi\u00f3n muy r\u00e1pidamente (de 20 a 20.000 veces por segundo), y viaja como una onda sonora.<\/p>\n\n\n\n<p>El o\u00eddo externo (Pabell\u00f3n) capta la onda sonora y la dirige al o\u00eddo interno, donde se encuentra el t\u00edmpano (Membrana Timp\u00e1nica). El t\u00edmpano hace vibrar los os\u00edculos (tres huesos llamados martillo, yunque y estribo). Act\u00faan como una palanca que empuja contra el vest\u00edbulo y mueve el fluido del interior a la c\u00f3clea. Los diminutos pelos de la c\u00f3clea convierten esta presi\u00f3n en se\u00f1ales el\u00e9ctricas, que son enviadas al cerebro, usando el nervio coclear. El cerebro acepta las se\u00f1ales el\u00e9ctricas y reconoce que es una trompeta.<\/p>\n\n\n\n<p>El arte de la oreja proporcionado por: H.E.A.R. - Hearing Education and Awareness for Rockers, una organizaci\u00f3n sin fines de lucro.&nbsp;<a href=\"https:\/\/d15gc4eof6ew0j.cloudfront.net\/img\/DSO%20Kids\/Activities\/earcombo%20large.jpg\" target=\"_blank\" rel=\"noreferrer noopener\"><strong>HAGA CLIC PARA DESCARGAR<\/strong><\/a><\/p>\n<\/div>\n<\/div>\n\n\n\n<hr class=\"wp-block-separator is-style-wide\"\/>\n\n\n\t\t\t<\/div>\n\t\t<\/div>\n\t<\/div>\n\n<\/div>\n\n\n<div class=\"richtext m-spacer\">\n\t<div class=\"container\">\n\t\t<div class=\"row\">\n\t\t\t<div class=\"col-10\">\n\t\t\t\t\n\n<div class=\"wp-block-columns is-layout-flex wp-container-core-columns-is-layout-9d6595d7 wp-block-columns-is-layout-flex\">\n<div class=\"wp-block-column is-layout-flow wp-block-column-is-layout-flow\" style=\"flex-basis:33.33%\">\n<figure class=\"wp-block-image size-full\"><img loading=\"lazy\" decoding=\"async\" width=\"300\" height=\"200\" src=\"https:\/\/www.dallassymphony.org\/wp-content\/uploads\/2020\/11\/Whole_HalfSteps-1.jpg\" alt=\"\" class=\"wp-image-1814\" srcset=\"https:\/\/www.dallassymphony.org\/wp-content\/uploads\/2020\/11\/Whole_HalfSteps-1.jpg 300w, https:\/\/www.dallassymphony.org\/wp-content\/uploads\/2020\/11\/Whole_HalfSteps-1-16x12.jpg 16w\" sizes=\"auto, (max-width: 300px) 100vw, 300px\" \/><\/figure>\n<\/div>\n\n\n\n<div class=\"wp-block-column is-layout-flow wp-block-column-is-layout-flow\" style=\"flex-basis:66.66%\">\n<h4 class=\"wp-block-heading\" id=\"h-whole-steps-half-steps\"><strong>PASOS ENTEROS Y MEDIOS PASOS<\/strong><\/h4>\n\n\n\n<p>Todas las escalas se componen de una serie de pasos enteros y medios pasos.<\/p>\n\n\n\n<p>Un medio paso es el intervalo m\u00e1s peque\u00f1o entre dos notas en un piano.  Mire el diagrama de abajo y observe c\u00f3mo est\u00e1n dispuestas las notas. Subiendo desde Do, C# (o Do sostenido) es la siguiente tecla a la derecha, y resulta ser una tecla negra.<\/p>\n\n\n\n<p>Los bemoles se definen como la nota que est\u00e1 un medio paso por debajo de la nota con la que se empieza. As\u00ed que Db (o Re bemol) es la siguiente clave a la izquierda de Re.<\/p>\n\n\n\n<p>Un paso entero se compone de dos medios pasos.  As\u00ed que subir de C a D se considerar\u00eda un paso entero.  E a F# es tambi\u00e9n un paso entero, al igual que Bb a C.<\/p>\n\n\n\n<p>\u00bfNotaste que C# y Db son la misma nota? Todas las notas tienen m\u00e1s de un nombre.  C\u00f3mo las llames depende de la clave en la que est\u00e9s.<\/p>\n<\/div>\n<\/div>\n\n\n\n<hr class=\"wp-block-separator is-style-wide\"\/>\n\n\n\t\t\t<\/div>\n\t\t<\/div>\n\t<\/div>\n\n<\/div>\n\n\n<div class=\"richtext m-spacer\">\n\t<div class=\"container\">\n\t\t<div class=\"row\">\n\t\t\t<div class=\"col-10\">\n\t\t\t\t\n\n<div class=\"wp-block-columns is-layout-flex wp-container-core-columns-is-layout-9d6595d7 wp-block-columns-is-layout-flex\">\n<div class=\"wp-block-column is-layout-flow wp-block-column-is-layout-flow\" style=\"flex-basis:33.33%\">\n<figure class=\"wp-block-image size-full\"><a href=\"https:\/\/www.dallassymphony.org\/wp-content\/uploads\/2020\/11\/major-key-signatures-1.pdf\" target=\"_blank\"><img loading=\"lazy\" decoding=\"async\" width=\"300\" height=\"200\" src=\"https:\/\/www.dallassymphony.org\/wp-content\/uploads\/2020\/11\/HowHearing-22.jpg\" alt=\"\" class=\"wp-image-1844\" srcset=\"https:\/\/www.dallassymphony.org\/wp-content\/uploads\/2020\/11\/HowHearing-22.jpg 300w, https:\/\/www.dallassymphony.org\/wp-content\/uploads\/2020\/11\/HowHearing-22-16x12.jpg 16w\" sizes=\"auto, (max-width: 300px) 100vw, 300px\" \/><\/a><\/figure>\n<\/div>\n\n\n\n<div class=\"wp-block-column is-layout-flow wp-block-column-is-layout-flow\" style=\"flex-basis:66.66%\">\n<h4 class=\"wp-block-heading\" id=\"h-keys-key-signatures\"><strong>LLAVES Y FIRMAS DE LLAVES<\/strong><\/h4>\n\n\n\n<p>La mayor parte de la m\u00fasica est\u00e1 en lo que se llama una Clave (por ejemplo, \"Do mayor\" o \"Mi menor\").  La nota clave (tambi\u00e9n llamada t\u00f3nica) act\u00faa como un \"centro de gravedad\" para una pieza musical.  Cuando una melod\u00eda aterriza en la nota clave, suele sentirse en reposo.  Como ejemplos, la nota clave en la tonalidad de Do mayor es \"Do\", mientras que la nota clave en la tonalidad de Mi menor es \"Mi\".<\/p>\n\n\n\n<p>La firma de la llave es un patr\u00f3n de sostenidos y bemoles al principio de una l\u00ednea de m\u00fasica que le dice al m\u00fasico qu\u00e9 notas deben ser bemoles y cu\u00e1les deben ser agudas.&nbsp;<\/p>\n\n\n\n<p>A veces la gente confunde las teclas musicales con las escalas musicales, pero no son exactamente lo mismo.  Una escala es una serie de notas que siempre comienza en la nota clave, y sigue el patr\u00f3n de sostenidos y bemoles para esa clave.  As\u00ed que una escala siempre est\u00e1 en una tecla en particular, \u00a1pero una tecla nunca puede estar en una escala!<br><a href=\"https:\/\/d15gc4eof6ew0j.cloudfront.net\/res\/DSO%20Kids%20Lesson%20Resources\/major-key-signatures.pdf\" target=\"_blank\" rel=\"noreferrer noopener\"><strong>HAGA CLIC PARA DESCARGAR<\/strong><\/a><\/p>\n<\/div>\n<\/div>\n\n\n\t\t\t<\/div>\n\t\t<\/div>\n\t<\/div>\n\n<\/div>","protected":false},"excerpt":{"rendered":"<p>Aprende sobre los acordes y escalas que forman los bloques de construcci\u00f3n de la m\u00fasica.<\/p>","protected":false},"author":3,"featured_media":1723,"parent":590,"menu_order":0,"comment_status":"closed","ping_status":"closed","template":"","meta":{"_acf_changed":false,"footnotes":""},"class_list":["post-593","page","type-page","status-publish","has-post-thumbnail","hentry"],"acf":[],"_links":{"self":[{"href":"https:\/\/www.dallassymphony.org\/es\/wp-json\/wp\/v2\/pages\/593","targetHints":{"allow":["GET"]}}],"collection":[{"href":"https:\/\/www.dallassymphony.org\/es\/wp-json\/wp\/v2\/pages"}],"about":[{"href":"https:\/\/www.dallassymphony.org\/es\/wp-json\/wp\/v2\/types\/page"}],"author":[{"embeddable":true,"href":"https:\/\/www.dallassymphony.org\/es\/wp-json\/wp\/v2\/users\/3"}],"replies":[{"embeddable":true,"href":"https:\/\/www.dallassymphony.org\/es\/wp-json\/wp\/v2\/comments?post=593"}],"version-history":[{"count":0,"href":"https:\/\/www.dallassymphony.org\/es\/wp-json\/wp\/v2\/pages\/593\/revisions"}],"up":[{"embeddable":true,"href":"https:\/\/www.dallassymphony.org\/es\/wp-json\/wp\/v2\/pages\/590"}],"wp:featuredmedia":[{"embeddable":true,"href":"https:\/\/www.dallassymphony.org\/es\/wp-json\/wp\/v2\/media\/1723"}],"wp:attachment":[{"href":"https:\/\/www.dallassymphony.org\/es\/wp-json\/wp\/v2\/media?parent=593"}],"curies":[{"name":"wp","href":"https:\/\/api.w.org\/{rel}","templated":true}]}}