{"id":590,"date":"2020-11-07T11:53:38","date_gmt":"2020-11-07T16:53:38","guid":{"rendered":"https:\/\/www.dallassymphony.org\/?page_id=590"},"modified":"2020-12-30T12:20:53","modified_gmt":"2020-12-30T18:20:53","slug":"listen-watch","status":"publish","type":"page","link":"https:\/\/www.dallassymphony.org\/es\/community-education\/dso-kids\/listen-watch\/","title":{"rendered":"Escuchar y ver"},"content":{"rendered":"<div class=\"hero__no-img bg-blue-8\">\n\t<div class=\"container\">\n\t\t<div class=\"row\">\n\t\t\t<div class=\"col-md-10\">\n\n\t\t\t\t<ul class=\"breadcrumbs\">\n    \t<li class=\"breadcrumb__link\">\n\t\t<a class=\"a-hover\" href=\"https:\/\/www.dallassymphony.org\/es\/\">Inicio<\/a>\n\t<\/li>\n    \t<li class=\"breadcrumb__link a-styles\">\n\t\t<a class=\"a-hover\" href=\"https:\/\/www.dallassymphony.org\/es\/community-education\/\">Educaci\u00f3n y Comunidad<\/a>\n\t<\/li>\n    \t<li class=\"breadcrumb__link a-styles\">\n\t\t<a class=\"a-hover\" href=\"https:\/\/www.dallassymphony.org\/es\/community-education\/dso-kids\/\">Para escuelas y profesores<\/a>\n\t<\/li>\n    <\/ul>\n\n                \t\t\t\t<h1>\n                    <span >Escuchar y ver<\/span>\n                <\/h1>\n                \t\t\t<\/div>\n\t\t<\/div>\n\t<\/div>\n<\/div>\n\n\n<div class=\"text-img text-img--left\">\n\t<div class=\"container\">\n\t\t<div class=\"row\">\n\t\t\t<div class=\"col-lg-12\">\n\t\t\t\t<div class=\"text-img__wrapper\">\n\t\t\t\t\t<h1>Escuchar y ver<\/h1>\n\n                    <img loading=\"lazy\" decoding=\"async\" width=\"666\" height=\"375\" src=\"https:\/\/www.dallassymphony.org\/wp-content\/uploads\/2020\/11\/DSO_Kids_Trumpet-666x375.png\" class=\"d-xl-none d-block\" alt=\"Una ni\u00f1a con una trompeta de juguete\" srcset=\"https:\/\/www.dallassymphony.org\/wp-content\/uploads\/2020\/11\/DSO_Kids_Trumpet-666x375.png 666w, https:\/\/www.dallassymphony.org\/wp-content\/uploads\/2020\/11\/DSO_Kids_Trumpet-388x218.png 388w, https:\/\/www.dallassymphony.org\/wp-content\/uploads\/2020\/11\/DSO_Kids_Trumpet-540x303.png 540w, https:\/\/www.dallassymphony.org\/wp-content\/uploads\/2020\/11\/DSO_Kids_Trumpet-735x413.png 735w, https:\/\/www.dallassymphony.org\/wp-content\/uploads\/2020\/11\/DSO_Kids_Trumpet-768x432.png 768w, https:\/\/www.dallassymphony.org\/wp-content\/uploads\/2020\/11\/DSO_Kids_Trumpet-1600x900.png 1600w\" sizes=\"auto, (max-width: 666px) 100vw, 666px\" \/>\n\t\t\t\t\t<p>\u00a1Aprende y escucha por medio de un instrumento!<\/p>\n<p>Haga clic en los enlaces de abajo para probar los sonidos y aprender m\u00e1s sobre los instrumentos que tocan los m\u00fasicos de la Orquesta Sinf\u00f3nica de Dallas.<\/p>\n\n                    \n                <\/div>\n                <img loading=\"lazy\" decoding=\"async\" width=\"1600\" height=\"900\" src=\"https:\/\/www.dallassymphony.org\/wp-content\/uploads\/2020\/11\/DSO_Kids_Trumpet-1600x900.png\" class=\"d-none d-xl-block\" alt=\"Una ni\u00f1a con una trompeta de juguete\" srcset=\"https:\/\/www.dallassymphony.org\/wp-content\/uploads\/2020\/11\/DSO_Kids_Trumpet-1600x900.png 1600w, https:\/\/www.dallassymphony.org\/wp-content\/uploads\/2020\/11\/DSO_Kids_Trumpet-388x218.png 388w, https:\/\/www.dallassymphony.org\/wp-content\/uploads\/2020\/11\/DSO_Kids_Trumpet-540x303.png 540w, https:\/\/www.dallassymphony.org\/wp-content\/uploads\/2020\/11\/DSO_Kids_Trumpet-666x375.png 666w, https:\/\/www.dallassymphony.org\/wp-content\/uploads\/2020\/11\/DSO_Kids_Trumpet-735x413.png 735w, https:\/\/www.dallassymphony.org\/wp-content\/uploads\/2020\/11\/DSO_Kids_Trumpet-768x432.png 768w\" sizes=\"auto, (max-width: 1600px) 100vw, 1600px\" \/>\t\t\t<\/div>\n\t\t<\/div>\n\t<\/div>\n<\/div>\n\n\n<div class=\"subpage-nav grad-to-left\">\n\t<div class=\"container\">\n\t\t<div class=\"row\">\n\t\t\t<div class=\"col-md-12\">\n\t\t\t\t<h2><\/h2>\n\t\t\t<\/div>\n\t\t\t<div class=\"col-6\">\n\t<div class=\"subpage-nav__card\">\n\t\t<a href=\"https:\/\/www.dallassymphony.org\/es\/community-education\/dso-kids\/listen-watch\/instruments\/\">\n\t\t\t<div class=\"subpage-nav__img-wrapper\">\n\t\t\t\t<img loading=\"lazy\" decoding=\"async\" width=\"540\" height=\"360\" src=\"https:\/\/www.dallassymphony.org\/wp-content\/uploads\/2020\/11\/instruments.jpg-540x360.jpg\" class=\"img-fluid wp-post-image\" alt=\"instrumentos de percusi\u00f3n\" srcset=\"https:\/\/www.dallassymphony.org\/wp-content\/uploads\/2020\/11\/instruments.jpg-540x360.jpg 540w, https:\/\/www.dallassymphony.org\/wp-content\/uploads\/2020\/11\/instruments.jpg-16x12.jpg 16w, https:\/\/www.dallassymphony.org\/wp-content\/uploads\/2020\/11\/instruments.jpg-309x206.jpg 309w\" sizes=\"auto, (max-width: 540px) 100vw, 540px\" \/>\t\t\t<\/div>\n\n\t\t\t<div class=\"subpage-nav__text\">\n\t\t\t\t<p>Instrumentos<\/p>\n\t\t\t<\/div>\n\t\t<\/a>\n\t<\/div>\n<\/div>\n<div class=\"col-6\">\n\t<div class=\"subpage-nav__card\">\n\t\t<a href=\"https:\/\/www.dallassymphony.org\/es\/community-education\/dso-kids\/listen-watch\/composers\/\">\n\t\t\t<div class=\"subpage-nav__img-wrapper\">\n\t\t\t\t<img loading=\"lazy\" decoding=\"async\" width=\"540\" height=\"360\" src=\"https:\/\/www.dallassymphony.org\/wp-content\/uploads\/2020\/11\/composers.jpg-540x360.jpg\" class=\"img-fluid wp-post-image\" alt=\"persona que compone una partitura\" srcset=\"https:\/\/www.dallassymphony.org\/wp-content\/uploads\/2020\/11\/composers.jpg-540x360.jpg 540w, https:\/\/www.dallassymphony.org\/wp-content\/uploads\/2020\/11\/composers.jpg-16x12.jpg 16w, https:\/\/www.dallassymphony.org\/wp-content\/uploads\/2020\/11\/composers.jpg-309x206.jpg 309w\" sizes=\"auto, (max-width: 540px) 100vw, 540px\" \/>\t\t\t<\/div>\n\n\t\t\t<div class=\"subpage-nav__text\">\n\t\t\t\t<p>Compositores<\/p>\n\t\t\t<\/div>\n\t\t<\/a>\n\t<\/div>\n<\/div>\n<div class=\"col-6\">\n\t<div class=\"subpage-nav__card\">\n\t\t<a href=\"https:\/\/www.dallassymphony.org\/es\/community-education\/dso-kids\/listen-watch\/building-blocks\/\">\n\t\t\t<div class=\"subpage-nav__img-wrapper\">\n\t\t\t\t<img loading=\"lazy\" decoding=\"async\" width=\"540\" height=\"360\" src=\"https:\/\/www.dallassymphony.org\/wp-content\/uploads\/2020\/11\/building-blocks.jpg-540x360.jpg\" class=\"img-fluid wp-post-image\" alt=\"una joven dibuja notas musicales en una pared\" srcset=\"https:\/\/www.dallassymphony.org\/wp-content\/uploads\/2020\/11\/building-blocks.jpg-540x360.jpg 540w, https:\/\/www.dallassymphony.org\/wp-content\/uploads\/2020\/11\/building-blocks.jpg-16x12.jpg 16w, https:\/\/www.dallassymphony.org\/wp-content\/uploads\/2020\/11\/building-blocks.jpg-309x206.jpg 309w\" sizes=\"auto, (max-width: 540px) 100vw, 540px\" \/>\t\t\t<\/div>\n\n\t\t\t<div class=\"subpage-nav__text\">\n\t\t\t\t<p>Bloques de construcci\u00f3n<\/p>\n\t\t\t<\/div>\n\t\t<\/a>\n\t<\/div>\n<\/div>\n\t\t<\/div>\n\t<\/div>\n<\/div>","protected":false},"excerpt":{"rendered":"<p>Aprenda m\u00e1s sobre los instrumentos y compositores que tocan los m\u00fasicos de la Orquesta Sinf\u00f3nica de Dallas.<\/p>","protected":false},"author":3,"featured_media":1719,"parent":582,"menu_order":0,"comment_status":"closed","ping_status":"closed","template":"","meta":{"_acf_changed":false,"footnotes":""},"class_list":["post-590","page","type-page","status-publish","has-post-thumbnail","hentry"],"acf":[],"_links":{"self":[{"href":"https:\/\/www.dallassymphony.org\/es\/wp-json\/wp\/v2\/pages\/590","targetHints":{"allow":["GET"]}}],"collection":[{"href":"https:\/\/www.dallassymphony.org\/es\/wp-json\/wp\/v2\/pages"}],"about":[{"href":"https:\/\/www.dallassymphony.org\/es\/wp-json\/wp\/v2\/types\/page"}],"author":[{"embeddable":true,"href":"https:\/\/www.dallassymphony.org\/es\/wp-json\/wp\/v2\/users\/3"}],"replies":[{"embeddable":true,"href":"https:\/\/www.dallassymphony.org\/es\/wp-json\/wp\/v2\/comments?post=590"}],"version-history":[{"count":0,"href":"https:\/\/www.dallassymphony.org\/es\/wp-json\/wp\/v2\/pages\/590\/revisions"}],"up":[{"embeddable":true,"href":"https:\/\/www.dallassymphony.org\/es\/wp-json\/wp\/v2\/pages\/582"}],"wp:featuredmedia":[{"embeddable":true,"href":"https:\/\/www.dallassymphony.org\/es\/wp-json\/wp\/v2\/media\/1719"}],"wp:attachment":[{"href":"https:\/\/www.dallassymphony.org\/es\/wp-json\/wp\/v2\/media?parent=590"}],"curies":[{"name":"wp","href":"https:\/\/api.w.org\/{rel}","templated":true}]}}