{"id":582,"date":"2020-11-07T11:49:28","date_gmt":"2020-11-07T16:49:28","guid":{"rendered":"https:\/\/www.dallassymphony.org\/?page_id=582"},"modified":"2025-08-26T09:09:53","modified_gmt":"2025-08-26T14:09:53","slug":"dso-kids","status":"publish","type":"page","link":"https:\/\/www.dallassymphony.org\/es\/community-education\/dso-kids\/","title":{"rendered":"Para escuelas y profesores"},"content":{"rendered":"<div class=\"hero__no-img bg-blue-8\">\n\t<div class=\"container\">\n\t\t<div class=\"row\">\n\t\t\t<div class=\"col-md-10\">\n\n\t\t\t\t<ul class=\"breadcrumbs\">\n    \t<li class=\"breadcrumb__link\">\n\t\t<a class=\"a-hover\" href=\"https:\/\/www.dallassymphony.org\/es\/\">Inicio<\/a>\n\t<\/li>\n    \t<li class=\"breadcrumb__link a-styles\">\n\t\t<a class=\"a-hover\" href=\"https:\/\/www.dallassymphony.org\/es\/community-education\/\">Educaci\u00f3n y Comunidad<\/a>\n\t<\/li>\n    <\/ul>\n\n                \t\t\t\t<h1>\n                    <span >Para escuelas y profesores<\/span>\n                <\/h1>\n                \t\t\t<\/div>\n\t\t<\/div>\n\t<\/div>\n<\/div>\n\n\n<div class=\"subpage-nav grad-to-left\">\n\t<div class=\"container\">\n\t\t<div class=\"row\">\n\t\t\t<div class=\"col-md-12\">\n\t\t\t\t<h2><\/h2>\n\t\t\t<\/div>\n\t\t\t<div class=\"col-6\">\n\t<div class=\"subpage-nav__card\">\n\t\t<a href=\"https:\/\/www.dallassymphony.org\/es\/community-education\/dso-kids\/youth-concerts\/\">\n\t\t\t<div class=\"subpage-nav__img-wrapper\">\n\t\t\t\t<img loading=\"lazy\" decoding=\"async\" width=\"540\" height=\"360\" src=\"https:\/\/www.dallassymphony.org\/wp-content\/uploads\/2024\/07\/dso-youth-concert-56-2-540x360.jpg\" class=\"img-fluid wp-post-image\" alt=\"\" srcset=\"https:\/\/www.dallassymphony.org\/wp-content\/uploads\/2024\/07\/dso-youth-concert-56-2-540x360.jpg 540w, https:\/\/www.dallassymphony.org\/wp-content\/uploads\/2024\/07\/dso-youth-concert-56-2-300x200.jpg 300w, https:\/\/www.dallassymphony.org\/wp-content\/uploads\/2024\/07\/dso-youth-concert-56-2-1024x683.jpg 1024w, https:\/\/www.dallassymphony.org\/wp-content\/uploads\/2024\/07\/dso-youth-concert-56-2-768x512.jpg 768w, https:\/\/www.dallassymphony.org\/wp-content\/uploads\/2024\/07\/dso-youth-concert-56-2-1536x1024.jpg 1536w, https:\/\/www.dallassymphony.org\/wp-content\/uploads\/2024\/07\/dso-youth-concert-56-2-2048x1365.jpg 2048w, https:\/\/www.dallassymphony.org\/wp-content\/uploads\/2024\/07\/dso-youth-concert-56-2-18x12.jpg 18w, https:\/\/www.dallassymphony.org\/wp-content\/uploads\/2024\/07\/dso-youth-concert-56-2-309x206.jpg 309w, https:\/\/www.dallassymphony.org\/wp-content\/uploads\/2024\/07\/dso-youth-concert-56-2-350x234.jpg 350w\" sizes=\"auto, (max-width: 540px) 100vw, 540px\" \/>\t\t\t<\/div>\n\n\t\t\t<div class=\"subpage-nav__text\">\n\t\t\t\t<p>Conciertos para j\u00f3venes<\/p>\n\t\t\t<\/div>\n\t\t<\/a>\n\t<\/div>\n<\/div>\n<div class=\"col-6\">\n\t<div class=\"subpage-nav__card\">\n\t\t<a href=\"https:\/\/www.dallassymphony.org\/es\/community-education\/dso-kids\/bring-musicians-to-your-school\/\">\n\t\t\t<div class=\"subpage-nav__img-wrapper\">\n\t\t\t\t<img loading=\"lazy\" decoding=\"async\" width=\"540\" height=\"360\" src=\"https:\/\/www.dallassymphony.org\/wp-content\/uploads\/2020\/11\/bring-musicians-to-your-school.jpg-540x360.jpg\" class=\"img-fluid wp-post-image\" alt=\"bruce wittrig tocando el viol\u00edn con un joven estudiante\" srcset=\"https:\/\/www.dallassymphony.org\/wp-content\/uploads\/2020\/11\/bring-musicians-to-your-school.jpg-540x360.jpg 540w, https:\/\/www.dallassymphony.org\/wp-content\/uploads\/2020\/11\/bring-musicians-to-your-school.jpg-16x12.jpg 16w, https:\/\/www.dallassymphony.org\/wp-content\/uploads\/2020\/11\/bring-musicians-to-your-school.jpg-309x206.jpg 309w\" sizes=\"auto, (max-width: 540px) 100vw, 540px\" \/>\t\t\t<\/div>\n\n\t\t\t<div class=\"subpage-nav__text\">\n\t\t\t\t<p>Lleve m\u00fasicos a su escuela<\/p>\n\t\t\t<\/div>\n\t\t<\/a>\n\t<\/div>\n<\/div>\n<div class=\"col-6\">\n\t<div class=\"subpage-nav__card\">\n\t\t<a href=\"https:\/\/www.dallassymphony.org\/es\/community-education\/dso-kids\/open-rehearsals\/\">\n\t\t\t<div class=\"subpage-nav__img-wrapper\">\n\t\t\t\t<img loading=\"lazy\" decoding=\"async\" width=\"540\" height=\"360\" src=\"https:\/\/www.dallassymphony.org\/wp-content\/uploads\/2020\/11\/open-rehearsals.jpg-540x360.jpg\" class=\"img-fluid wp-post-image\" alt=\"nuevo ensayo de gemma con la orquesta sinf\u00f3nica de dallas\" srcset=\"https:\/\/www.dallassymphony.org\/wp-content\/uploads\/2020\/11\/open-rehearsals.jpg-540x360.jpg 540w, https:\/\/www.dallassymphony.org\/wp-content\/uploads\/2020\/11\/open-rehearsals.jpg-16x12.jpg 16w, https:\/\/www.dallassymphony.org\/wp-content\/uploads\/2020\/11\/open-rehearsals.jpg-309x206.jpg 309w\" sizes=\"auto, (max-width: 540px) 100vw, 540px\" \/>\t\t\t<\/div>\n\n\t\t\t<div class=\"subpage-nav__text\">\n\t\t\t\t<p>Ensayos abiertos<\/p>\n\t\t\t<\/div>\n\t\t<\/a>\n\t<\/div>\n<\/div>\n<div class=\"col-6\">\n\t<div class=\"subpage-nav__card\">\n\t\t<a href=\"https:\/\/www.dallassymphony.org\/es\/community-education\/dso-kids\/master-classes\/\">\n\t\t\t<div class=\"subpage-nav__img-wrapper\">\n\t\t\t\t<img loading=\"lazy\" decoding=\"async\" width=\"540\" height=\"360\" src=\"https:\/\/www.dallassymphony.org\/wp-content\/uploads\/2020\/11\/master-classes.jpg-540x360.jpg\" class=\"img-fluid wp-post-image\" alt=\"clase magistral de trompa con david heyde y estudiantes de secundaria\" srcset=\"https:\/\/www.dallassymphony.org\/wp-content\/uploads\/2020\/11\/master-classes.jpg-540x360.jpg 540w, https:\/\/www.dallassymphony.org\/wp-content\/uploads\/2020\/11\/master-classes.jpg-16x12.jpg 16w, https:\/\/www.dallassymphony.org\/wp-content\/uploads\/2020\/11\/master-classes.jpg-309x206.jpg 309w\" sizes=\"auto, (max-width: 540px) 100vw, 540px\" \/>\t\t\t<\/div>\n\n\t\t\t<div class=\"subpage-nav__text\">\n\t\t\t\t<p>Clases magistrales<\/p>\n\t\t\t<\/div>\n\t\t<\/a>\n\t<\/div>\n<\/div>\n<div class=\"col-6\">\n\t<div class=\"subpage-nav__card\">\n\t\t<a href=\"https:\/\/www.dallassymphony.org\/es\/community-education\/dso-kids\/music-teacher-of-the-year\/\">\n\t\t\t<div class=\"subpage-nav__img-wrapper\">\n\t\t\t\t<img loading=\"lazy\" decoding=\"async\" width=\"540\" height=\"360\" src=\"https:\/\/www.dallassymphony.org\/wp-content\/uploads\/2021\/12\/MTOY-1600x900-1-540x360.jpg\" class=\"img-fluid wp-post-image\" alt=\"\" srcset=\"https:\/\/www.dallassymphony.org\/wp-content\/uploads\/2021\/12\/MTOY-1600x900-1-540x360.jpg 540w, https:\/\/www.dallassymphony.org\/wp-content\/uploads\/2021\/12\/MTOY-1600x900-1-309x206.jpg 309w, https:\/\/www.dallassymphony.org\/wp-content\/uploads\/2021\/12\/MTOY-1600x900-1-350x234.jpg 350w\" sizes=\"auto, (max-width: 540px) 100vw, 540px\" \/>\t\t\t<\/div>\n\n\t\t\t<div class=\"subpage-nav__text\">\n\t\t\t\t<p>Profesor de m\u00fasica del a\u00f1o<\/p>\n\t\t\t<\/div>\n\t\t<\/a>\n\t<\/div>\n<\/div>\n<div class=\"col-6\">\n\t<div class=\"subpage-nav__card\">\n\t\t<a href=\"https:\/\/www.dallassymphony.org\/es\/community-education\/dso-kids\/teacher-parent-resources\/\">\n\t\t\t<div class=\"subpage-nav__img-wrapper\">\n\t\t\t\t<img loading=\"lazy\" decoding=\"async\" width=\"540\" height=\"360\" src=\"https:\/\/www.dallassymphony.org\/wp-content\/uploads\/2020\/11\/DSO_Youth_Concert-540x360.png\" class=\"img-fluid wp-post-image\" alt=\"Joven estudiante aplaudiendo en una audiencia\" srcset=\"https:\/\/www.dallassymphony.org\/wp-content\/uploads\/2020\/11\/DSO_Youth_Concert-540x360.png 540w, https:\/\/www.dallassymphony.org\/wp-content\/uploads\/2020\/11\/DSO_Youth_Concert-16x12.png 16w, https:\/\/www.dallassymphony.org\/wp-content\/uploads\/2020\/11\/DSO_Youth_Concert-309x206.png 309w\" sizes=\"auto, (max-width: 540px) 100vw, 540px\" \/>\t\t\t<\/div>\n\n\t\t\t<div class=\"subpage-nav__text\">\n\t\t\t\t<p>Recursos did\u00e1cticos<\/p>\n\t\t\t<\/div>\n\t\t<\/a>\n\t<\/div>\n<\/div>\n\t\t<\/div>\n\t<\/div>\n<\/div>\n\n\n<div class=\"text-img text-img--right\">\n\t<div class=\"container\">\n\t\t<div class=\"row\">\n\t\t\t<div class=\"col-lg-12\">\n\t\t\t\t<div class=\"text-img__wrapper\">\n\t\t\t\t\t<h1>Juegos<\/h1>\n\n                    <img loading=\"lazy\" decoding=\"async\" width=\"666\" height=\"375\" src=\"https:\/\/www.dallassymphony.org\/wp-content\/uploads\/2020\/11\/games.jpg-666x375.jpg\" class=\"d-xl-none d-block\" alt=\"una ni\u00f1a peque\u00f1a jugando un juego en l\u00ednea y ganando en su casa\" srcset=\"https:\/\/www.dallassymphony.org\/wp-content\/uploads\/2020\/11\/games.jpg-666x375.jpg 666w, https:\/\/www.dallassymphony.org\/wp-content\/uploads\/2020\/11\/games.jpg-388x218.jpg 388w, https:\/\/www.dallassymphony.org\/wp-content\/uploads\/2020\/11\/games.jpg-540x303.jpg 540w, https:\/\/www.dallassymphony.org\/wp-content\/uploads\/2020\/11\/games.jpg-735x413.jpg 735w, https:\/\/www.dallassymphony.org\/wp-content\/uploads\/2020\/11\/games.jpg-768x432.jpg 768w, https:\/\/www.dallassymphony.org\/wp-content\/uploads\/2020\/11\/games.jpg-1600x900.jpg 1600w\" sizes=\"auto, (max-width: 666px) 100vw, 666px\" \/>\n\t\t\t\t\t<p>Aprende m\u00e1s sobre compositores e instrumentos con estos divertidos juegos.<\/p>\n\n                    \t\t\t\t\t<a class=\"a-hover\" href=\"https:\/\/www.dallassymphony.org\/es\/community-education\/dso-kids\/teacher-parent-resources\/games\/\" >Compru\u00e9balos<\/a>\n                    \n                <\/div>\n                <img loading=\"lazy\" decoding=\"async\" width=\"1600\" height=\"900\" src=\"https:\/\/www.dallassymphony.org\/wp-content\/uploads\/2020\/11\/games.jpg-1600x900.jpg\" class=\"d-none d-xl-block ml-auto\" alt=\"una ni\u00f1a peque\u00f1a jugando un juego en l\u00ednea y ganando en su casa\" srcset=\"https:\/\/www.dallassymphony.org\/wp-content\/uploads\/2020\/11\/games.jpg-1600x900.jpg 1600w, https:\/\/www.dallassymphony.org\/wp-content\/uploads\/2020\/11\/games.jpg-388x218.jpg 388w, https:\/\/www.dallassymphony.org\/wp-content\/uploads\/2020\/11\/games.jpg-540x303.jpg 540w, https:\/\/www.dallassymphony.org\/wp-content\/uploads\/2020\/11\/games.jpg-666x375.jpg 666w, https:\/\/www.dallassymphony.org\/wp-content\/uploads\/2020\/11\/games.jpg-735x413.jpg 735w, https:\/\/www.dallassymphony.org\/wp-content\/uploads\/2020\/11\/games.jpg-768x432.jpg 768w\" sizes=\"auto, (max-width: 1600px) 100vw, 1600px\" \/>\t\t\t<\/div>\n\t\t<\/div>\n\t<\/div>\n<\/div>\n\n\n<div class=\"video\">\n\t<div class=\"container\">\n\t\t<div class=\"row\">\n\t\t\t<div class=\"col-lg-12\">\n\t\t\t\t<div class=\"video__text-wrapper\">\n\t\t\t\t\t<h1>Serie de conciertos juveniles de Cecil e Ida Green<\/h1>\n\t\t\t\t\t<p>Sigan a los estudiantes del Instituto Momentoso que asisten a un concierto juvenil de la DSO.<\/p>\n\t\t\t\t<\/div>\n\t\t\t<\/div>\n\t\t<\/div>\n\t<\/div>\n\n\t<div class=\"iframe-container\">\n\t\t<div class=\"video-overlay\">\n\t\t\t<button class=\"play-video\" data-trigger=\"video-a2a1f39b3a81e58bbf7a0414d7f90d25\">\n\t\t\t\t<svg xmlns=\"http:\/\/www.w3.org\/2000\/svg\" viewbox=\"0 0 23.967 23.967\">\n\t\t\t\t\t<defs>\n\t\t\t\t\t\t<style>\n\t\t\t\t\t\t\t.a {\n\t\t\t\t\t\t\t\tfill: none;\n\t\t\t\t\t\t\t}\n\t\t\t\t\t\t\t.b {\n\t\t\t\t\t\t\t\tfill: #10bff1;\n\t\t\t\t\t\t\t}\n\t\t\t\t\t\t<\/style>\n\t\t\t\t\t<\/defs>\n\t\t\t\t\t<path class=\"a\" d=\"M0,0H23.967V23.967H0Z\"\/>\n\t\t\t\t\t<path class=\"b\" d=\"M9.987,16.476l5.99-4.493L9.987,7.491ZM11.983,2a9.983,9.983,0,1,0,9.983,9.983A9.987,9.987,0,0,0,11.983,2Zm0,17.97a7.987,7.987,0,1,1,7.987-7.987A8,8,0,0,1,11.983,19.97Z\"\/>\n\n\t\t\t\t\t<g class=\"test-me\">\n\t\t\t\t\t\t<path class=\"a\" d=\"M0,0H23.967V23.967H0Z\"\/>\n\t\t\t\t\t\t<path class=\"b\" d=\"M9.987,16.476l5.99-4.493L9.987,7.491ZM11.983,2a9.983,9.983,0,1,0,9.983,9.983A9.987,9.987,0,0,0,11.983,2Zm0,17.97a7.987,7.987,0,1,1,7.987-7.987A8,8,0,0,1,11.983,19.97Z\"\/>\n\t\t\t\t\t<\/g>\n\t\t\t\t<\/svg>\n\t\t\t<\/button>\n\t\t<\/div>\n\n\t\t<iframe mozallowfullscreen webkitallowfullscreen allowfullscreen class=\"responsive-iframe\" data-target=\"video-a2a1f39b3a81e58bbf7a0414d7f90d25\" src=\"https:\/\/player.vimeo.com\/video\/482088757?mute=1&#038;loop=1\"><\/iframe>\n\t<\/div>\n\n    <div class=\"container\">\n        <div class=\"row\">\n            <div class=\"col-lg-12 d-flex flex-column justify-content-end\">\n                <div class=\"d-flex justify-content-end video-optional-link\">\n                    <a class=\"ml-auto\" href=\"https:\/\/www.dallassymphony.org\/es\/discover-connect\/\">\n                        <span class=\"a-styles a-hover\">NAVEGAR TODOS LOS VIDEOS<\/span>\n                    <\/a>\n                <\/div>\n                            <\/div>\n        <\/div>\n    <\/div>\n\n\t<div class=\"left-grad\"><\/div>\n\t<div class=\"right-grad\"><\/div>\n<\/div>\n\n\n<div class=\"text-img text-img--left\">\n\t<div class=\"container\">\n\t\t<div class=\"row\">\n\t\t\t<div class=\"col-lg-12\">\n\t\t\t\t<div class=\"text-img__wrapper\">\n\t\t\t\t\t<h1>Conciertos para j\u00f3venes<\/h1>\n\n                    <img loading=\"lazy\" decoding=\"async\" width=\"666\" height=\"375\" src=\"https:\/\/www.dallassymphony.org\/wp-content\/uploads\/2021\/02\/Youth-Concert-Fall-2016-Child-Pointing-1600x900-1-666x375.jpg\" class=\"d-xl-none d-block\" alt=\"\" srcset=\"https:\/\/www.dallassymphony.org\/wp-content\/uploads\/2021\/02\/Youth-Concert-Fall-2016-Child-Pointing-1600x900-1-666x375.jpg 666w, https:\/\/www.dallassymphony.org\/wp-content\/uploads\/2021\/02\/Youth-Concert-Fall-2016-Child-Pointing-1600x900-1-300x169.jpg 300w, https:\/\/www.dallassymphony.org\/wp-content\/uploads\/2021\/02\/Youth-Concert-Fall-2016-Child-Pointing-1600x900-1-1024x576.jpg 1024w, https:\/\/www.dallassymphony.org\/wp-content\/uploads\/2021\/02\/Youth-Concert-Fall-2016-Child-Pointing-1600x900-1-768x432.jpg 768w, https:\/\/www.dallassymphony.org\/wp-content\/uploads\/2021\/02\/Youth-Concert-Fall-2016-Child-Pointing-1600x900-1-1536x864.jpg 1536w, https:\/\/www.dallassymphony.org\/wp-content\/uploads\/2021\/02\/Youth-Concert-Fall-2016-Child-Pointing-1600x900-1-16x9.jpg 16w, https:\/\/www.dallassymphony.org\/wp-content\/uploads\/2021\/02\/Youth-Concert-Fall-2016-Child-Pointing-1600x900-1-388x218.jpg 388w, https:\/\/www.dallassymphony.org\/wp-content\/uploads\/2021\/02\/Youth-Concert-Fall-2016-Child-Pointing-1600x900-1-540x303.jpg 540w, https:\/\/www.dallassymphony.org\/wp-content\/uploads\/2021\/02\/Youth-Concert-Fall-2016-Child-Pointing-1600x900-1-735x413.jpg 735w, https:\/\/www.dallassymphony.org\/wp-content\/uploads\/2021\/02\/Youth-Concert-Fall-2016-Child-Pointing-1600x900-1.jpg 1600w\" sizes=\"auto, (max-width: 666px) 100vw, 666px\" \/>\n\t\t\t\t\t<p>M\u00e1s informaci\u00f3n sobre nuestros Conciertos para J\u00f3venes<\/p>\n\n                    \t\t\t\t\t<a class=\"a-hover\" href=\"https:\/\/www.dallassymphony.org\/es\/community-education\/dso-music-programs\/youth-concerts\/\" >Aprende m\u00e1s.<\/a>\n                    \n                <\/div>\n                <img loading=\"lazy\" decoding=\"async\" width=\"1600\" height=\"900\" src=\"https:\/\/www.dallassymphony.org\/wp-content\/uploads\/2021\/02\/Youth-Concert-Fall-2016-Child-Pointing-1600x900-1-1600x900.jpg\" class=\"d-none d-xl-block\" alt=\"\" srcset=\"https:\/\/www.dallassymphony.org\/wp-content\/uploads\/2021\/02\/Youth-Concert-Fall-2016-Child-Pointing-1600x900-1.jpg 1600w, https:\/\/www.dallassymphony.org\/wp-content\/uploads\/2021\/02\/Youth-Concert-Fall-2016-Child-Pointing-1600x900-1-300x169.jpg 300w, https:\/\/www.dallassymphony.org\/wp-content\/uploads\/2021\/02\/Youth-Concert-Fall-2016-Child-Pointing-1600x900-1-1024x576.jpg 1024w, https:\/\/www.dallassymphony.org\/wp-content\/uploads\/2021\/02\/Youth-Concert-Fall-2016-Child-Pointing-1600x900-1-768x432.jpg 768w, https:\/\/www.dallassymphony.org\/wp-content\/uploads\/2021\/02\/Youth-Concert-Fall-2016-Child-Pointing-1600x900-1-1536x864.jpg 1536w, https:\/\/www.dallassymphony.org\/wp-content\/uploads\/2021\/02\/Youth-Concert-Fall-2016-Child-Pointing-1600x900-1-16x9.jpg 16w, https:\/\/www.dallassymphony.org\/wp-content\/uploads\/2021\/02\/Youth-Concert-Fall-2016-Child-Pointing-1600x900-1-388x218.jpg 388w, https:\/\/www.dallassymphony.org\/wp-content\/uploads\/2021\/02\/Youth-Concert-Fall-2016-Child-Pointing-1600x900-1-540x303.jpg 540w, https:\/\/www.dallassymphony.org\/wp-content\/uploads\/2021\/02\/Youth-Concert-Fall-2016-Child-Pointing-1600x900-1-666x375.jpg 666w, https:\/\/www.dallassymphony.org\/wp-content\/uploads\/2021\/02\/Youth-Concert-Fall-2016-Child-Pointing-1600x900-1-735x413.jpg 735w\" sizes=\"auto, (max-width: 1600px) 100vw, 1600px\" \/>\t\t\t<\/div>\n\t\t<\/div>\n\t<\/div>\n<\/div>\n\n\n<div class=\"cta-content-highlight\">\n    <img loading=\"lazy\" decoding=\"async\" width=\"1600\" height=\"1076\" src=\"https:\/\/www.dallassymphony.org\/wp-content\/uploads\/2020\/11\/DSO-Kids-Club-1.jpg-1.jpg\" class=\"cta__bg-img\" alt=\"Los ni\u00f1os que entran en el Centro Sinf\u00f3nico de Meyerson\" srcset=\"https:\/\/www.dallassymphony.org\/wp-content\/uploads\/2020\/11\/DSO-Kids-Club-1.jpg-1.jpg 1600w, https:\/\/www.dallassymphony.org\/wp-content\/uploads\/2020\/11\/DSO-Kids-Club-1.jpg-1-300x202.jpg 300w, https:\/\/www.dallassymphony.org\/wp-content\/uploads\/2020\/11\/DSO-Kids-Club-1.jpg-1-1024x689.jpg 1024w, https:\/\/www.dallassymphony.org\/wp-content\/uploads\/2020\/11\/DSO-Kids-Club-1.jpg-1-768x516.jpg 768w, https:\/\/www.dallassymphony.org\/wp-content\/uploads\/2020\/11\/DSO-Kids-Club-1.jpg-1-1536x1033.jpg 1536w, https:\/\/www.dallassymphony.org\/wp-content\/uploads\/2020\/11\/DSO-Kids-Club-1.jpg-1-16x12.jpg 16w\" sizes=\"auto, (max-width: 1600px) 100vw, 1600px\" \/>\n\t<div class=\"container bottom-container\">\n\t\t<div class=\"row no-gutters\">\n\t\t\t\n\t\t\t<div class=\"col-md-7 offset-md-1\">\n\t\t\t\t<div class=\"cta__text-overlay\">\n\t\t\t\t\t<h4>\u00danete al Club de Ni\u00f1os de la DSO hoy<\/h4>\n\n\t\t\t\t\t\n                    \t\t\t\t\t<a class=\"a-hover\" href=\"https:\/\/www.dallassymphony.org\/es\/community-education\/dso-kids\/kids-club-application\/\">Solicitud del Club de Ni\u00f1os<\/a>\n                    \t\t\t\t<\/div>\n\t\t\t<\/div>\n\t\t\t\t\t\t<div class=\"col-md-3  d-sm-none d-md-flex\">\n\t\t\t\t<div class=\"blk-bg-grad-left\"><\/div>\n\t\t\t<\/div>\n\t\t\t\t\t<\/div>\n\t<\/div>\n<\/div>\n\n\n\n<p><\/p>","protected":false},"excerpt":{"rendered":"<p>DSO Kids ofrece a los profesores y estudiantes (K-6) experiencias educativas musicales y oportunidades de la sinf\u00f3nica.<\/p>","protected":false},"author":3,"featured_media":21242,"parent":580,"menu_order":0,"comment_status":"closed","ping_status":"closed","template":"","meta":{"_acf_changed":false,"footnotes":""},"class_list":["post-582","page","type-page","status-publish","has-post-thumbnail","hentry"],"acf":[],"_links":{"self":[{"href":"https:\/\/www.dallassymphony.org\/es\/wp-json\/wp\/v2\/pages\/582","targetHints":{"allow":["GET"]}}],"collection":[{"href":"https:\/\/www.dallassymphony.org\/es\/wp-json\/wp\/v2\/pages"}],"about":[{"href":"https:\/\/www.dallassymphony.org\/es\/wp-json\/wp\/v2\/types\/page"}],"author":[{"embeddable":true,"href":"https:\/\/www.dallassymphony.org\/es\/wp-json\/wp\/v2\/users\/3"}],"replies":[{"embeddable":true,"href":"https:\/\/www.dallassymphony.org\/es\/wp-json\/wp\/v2\/comments?post=582"}],"version-history":[{"count":0,"href":"https:\/\/www.dallassymphony.org\/es\/wp-json\/wp\/v2\/pages\/582\/revisions"}],"up":[{"embeddable":true,"href":"https:\/\/www.dallassymphony.org\/es\/wp-json\/wp\/v2\/pages\/580"}],"wp:featuredmedia":[{"embeddable":true,"href":"https:\/\/www.dallassymphony.org\/es\/wp-json\/wp\/v2\/media\/21242"}],"wp:attachment":[{"href":"https:\/\/www.dallassymphony.org\/es\/wp-json\/wp\/v2\/media?parent=582"}],"curies":[{"name":"wp","href":"https:\/\/api.w.org\/{rel}","templated":true}]}}