{"id":576,"date":"2020-11-07T11:43:51","date_gmt":"2020-11-07T17:43:51","guid":{"rendered":"https:\/\/www.dallassymphony.org\/?page_id=576"},"modified":"2026-04-14T16:44:22","modified_gmt":"2026-04-14T21:44:22","slug":"guest-services","status":"publish","type":"page","link":"https:\/\/www.dallassymphony.org\/es\/plan-your-visit\/guest-services\/","title":{"rendered":"Servicios para los hu\u00e9spedes"},"content":{"rendered":"<div class=\"hero__no-img bg-blue-8\">\n\t<div class=\"container\">\n\t\t<div class=\"row\">\n\t\t\t<div class=\"col-md-10\">\n\n\t\t\t\t<ul class=\"breadcrumbs\">\n    \t<li class=\"breadcrumb__link\">\n\t\t<a class=\"a-hover\" href=\"https:\/\/www.dallassymphony.org\/es\/\">Inicio<\/a>\n\t<\/li>\n    \t<li class=\"breadcrumb__link a-styles\">\n\t\t<a class=\"a-hover\" href=\"https:\/\/www.dallassymphony.org\/es\/plan-your-visit\/\">Planifica tu visita<\/a>\n\t<\/li>\n    <\/ul>\n\n                \t\t\t\t<h1>\n                    <span >Servicios para los hu\u00e9spedes<\/span>\n                <\/h1>\n                \t\t\t<\/div>\n\t\t<\/div>\n\t<\/div>\n<\/div>\n\n\n<div class=\"richtext m-spacer\">\n\t<div class=\"container\">\n\t\t<div class=\"row\">\n\t\t\t<div class=\"col-10\">\n\t\t\t\t\n\n<h2 class=\"wp-block-heading\" id=\"h-cece-and-ford-lacy-guest-services-center\"><strong>El Centro de Servicios de Hu\u00e9spedes de Cece y Ford Lacy<\/strong><\/h2>\n\n\n\n<p class=\"has-text-align-left\">El vest\u00edbulo inferior del Centro Sinf\u00f3nico Morton H. Meyerson<br>2301 Flora Street | Dallas, TX 75201<br>214.TIX.4DSO o 214.849.4376<\/p>\n\n\n\n<blockquote class=\"wp-block-quote is-layout-flow wp-block-quote-is-layout-flow\">\n<p><strong>HORAS DE FUNCIONAMIENTO:<\/strong> <br>LUNES - VIERNES | 10H - 18H<\/p>\n\n\n\n<p><strong>PARA CONCIERTOS: <\/strong><br>JUEVES - S\u00c1BADO | 10:00 - 20:00 HORAS*<br>DOMINGO | 12H00 - 15H30*.<\/p>\n\n\n\n<p>*El Centro de Servicios a los Hu\u00e9spedes est\u00e1 cerrado los s\u00e1bados y domingos cuando la DSO no presenta un concierto.<\/p>\n<\/blockquote>\n\n\n\t\t\t<\/div>\n\t\t<\/div>\n\t<\/div>\n\n<\/div>\n\n\n<div class=\"text-img text-img--right\">\n\t<div class=\"container\">\n\t\t<div class=\"row\">\n\t\t\t<div class=\"col-lg-12\">\n\t\t\t\t<div class=\"text-img__wrapper\">\n\t\t\t\t\t<h1>Done o cambie sus entradas<\/h1>\n\n                    <img loading=\"lazy\" decoding=\"async\" width=\"666\" height=\"375\" src=\"https:\/\/www.dallassymphony.org\/wp-content\/uploads\/2020\/11\/donate-exchange-credit-your-ticket-1600-x-900-666x375.jpg\" class=\"d-xl-none d-block\" alt=\"Dona, intercambia o acredita tu billete en l\u00ednea en un simple paso\" srcset=\"https:\/\/www.dallassymphony.org\/wp-content\/uploads\/2020\/11\/donate-exchange-credit-your-ticket-1600-x-900-666x375.jpg 666w, https:\/\/www.dallassymphony.org\/wp-content\/uploads\/2020\/11\/donate-exchange-credit-your-ticket-1600-x-900-300x169.jpg 300w, https:\/\/www.dallassymphony.org\/wp-content\/uploads\/2020\/11\/donate-exchange-credit-your-ticket-1600-x-900-1024x576.jpg 1024w, https:\/\/www.dallassymphony.org\/wp-content\/uploads\/2020\/11\/donate-exchange-credit-your-ticket-1600-x-900-768x432.jpg 768w, https:\/\/www.dallassymphony.org\/wp-content\/uploads\/2020\/11\/donate-exchange-credit-your-ticket-1600-x-900-1536x864.jpg 1536w, https:\/\/www.dallassymphony.org\/wp-content\/uploads\/2020\/11\/donate-exchange-credit-your-ticket-1600-x-900-16x9.jpg 16w, https:\/\/www.dallassymphony.org\/wp-content\/uploads\/2020\/11\/donate-exchange-credit-your-ticket-1600-x-900-388x218.jpg 388w, https:\/\/www.dallassymphony.org\/wp-content\/uploads\/2020\/11\/donate-exchange-credit-your-ticket-1600-x-900-540x303.jpg 540w, https:\/\/www.dallassymphony.org\/wp-content\/uploads\/2020\/11\/donate-exchange-credit-your-ticket-1600-x-900-735x413.jpg 735w, https:\/\/www.dallassymphony.org\/wp-content\/uploads\/2020\/11\/donate-exchange-credit-your-ticket-1600-x-900.jpg 1600w\" sizes=\"auto, (max-width: 666px) 100vw, 666px\" \/>\n\t\t\t\t\t<p>La flexibilidad es fundamental en el entorno actual, por lo que la DSO ha creado una ventanilla \u00fanica para que pueda donar o canjear sus entradas de concierto por una futura actuaci\u00f3n.<\/p>\n\n                    \t\t\t\t\t<a class=\"a-hover\" href=\"http:\/\/www.dallassymphony.org\/es\/ticket-donation-form\/\" >Devu\u00e9lveme mis billetes<\/a>\n                    \n                <\/div>\n                <img loading=\"lazy\" decoding=\"async\" width=\"1600\" height=\"900\" src=\"https:\/\/www.dallassymphony.org\/wp-content\/uploads\/2020\/11\/donate-exchange-credit-your-ticket-1600-x-900-1600x900.jpg\" class=\"d-none d-xl-block ml-auto\" alt=\"Dona, intercambia o acredita tu billete en l\u00ednea en un simple paso\" srcset=\"https:\/\/www.dallassymphony.org\/wp-content\/uploads\/2020\/11\/donate-exchange-credit-your-ticket-1600-x-900.jpg 1600w, https:\/\/www.dallassymphony.org\/wp-content\/uploads\/2020\/11\/donate-exchange-credit-your-ticket-1600-x-900-300x169.jpg 300w, https:\/\/www.dallassymphony.org\/wp-content\/uploads\/2020\/11\/donate-exchange-credit-your-ticket-1600-x-900-1024x576.jpg 1024w, https:\/\/www.dallassymphony.org\/wp-content\/uploads\/2020\/11\/donate-exchange-credit-your-ticket-1600-x-900-768x432.jpg 768w, https:\/\/www.dallassymphony.org\/wp-content\/uploads\/2020\/11\/donate-exchange-credit-your-ticket-1600-x-900-1536x864.jpg 1536w, https:\/\/www.dallassymphony.org\/wp-content\/uploads\/2020\/11\/donate-exchange-credit-your-ticket-1600-x-900-16x9.jpg 16w, https:\/\/www.dallassymphony.org\/wp-content\/uploads\/2020\/11\/donate-exchange-credit-your-ticket-1600-x-900-388x218.jpg 388w, https:\/\/www.dallassymphony.org\/wp-content\/uploads\/2020\/11\/donate-exchange-credit-your-ticket-1600-x-900-540x303.jpg 540w, https:\/\/www.dallassymphony.org\/wp-content\/uploads\/2020\/11\/donate-exchange-credit-your-ticket-1600-x-900-666x375.jpg 666w, https:\/\/www.dallassymphony.org\/wp-content\/uploads\/2020\/11\/donate-exchange-credit-your-ticket-1600-x-900-735x413.jpg 735w\" sizes=\"auto, (max-width: 1600px) 100vw, 1600px\" \/>\t\t\t<\/div>\n\t\t<\/div>\n\t<\/div>\n<\/div>\n\n\n<div class=\"text-img text-img--left\">\n\t<div class=\"container\">\n\t\t<div class=\"row\">\n\t\t\t<div class=\"col-lg-12\">\n\t\t\t\t<div class=\"text-img__wrapper\">\n\t\t\t\t\t<h1>Cont\u00e1ctenos<\/h1>\n\n                    <img loading=\"lazy\" decoding=\"async\" width=\"666\" height=\"375\" src=\"https:\/\/www.dallassymphony.org\/wp-content\/uploads\/2020\/11\/contact-us-1600x1076-1-666x375.jpg\" class=\"d-xl-none d-block\" alt=\"Mujer contactando con el equipo de Servicios de Hu\u00e9spedes DSO a trav\u00e9s de un m\u00f3vil\" srcset=\"https:\/\/www.dallassymphony.org\/wp-content\/uploads\/2020\/11\/contact-us-1600x1076-1-666x375.jpg 666w, https:\/\/www.dallassymphony.org\/wp-content\/uploads\/2020\/11\/contact-us-1600x1076-1-388x218.jpg 388w, https:\/\/www.dallassymphony.org\/wp-content\/uploads\/2020\/11\/contact-us-1600x1076-1-540x303.jpg 540w, https:\/\/www.dallassymphony.org\/wp-content\/uploads\/2020\/11\/contact-us-1600x1076-1-735x413.jpg 735w, https:\/\/www.dallassymphony.org\/wp-content\/uploads\/2020\/11\/contact-us-1600x1076-1-768x432.jpg 768w, https:\/\/www.dallassymphony.org\/wp-content\/uploads\/2020\/11\/contact-us-1600x1076-1-1600x900.jpg 1600w\" sizes=\"auto, (max-width: 666px) 100vw, 666px\" \/>\n\t\t\t\t\t<p>Env\u00ede sus preguntas al Centro de Servicios para Hu\u00e9spedes de Cece y Ford Lacy.<\/p>\n\n                    \t\t\t\t\t<a class=\"a-hover\" href=\"https:\/\/www.dallassymphony.org\/es\/plan-your-visit\/guest-services\/guest-services-contact-us-form\/\" >Ir al formulario<\/a>\n                    \n                <\/div>\n                <img loading=\"lazy\" decoding=\"async\" width=\"1600\" height=\"900\" src=\"https:\/\/www.dallassymphony.org\/wp-content\/uploads\/2020\/11\/contact-us-1600x1076-1-1600x900.jpg\" class=\"d-none d-xl-block\" alt=\"Mujer contactando con el equipo de Servicios de Hu\u00e9spedes DSO a trav\u00e9s de un m\u00f3vil\" srcset=\"https:\/\/www.dallassymphony.org\/wp-content\/uploads\/2020\/11\/contact-us-1600x1076-1-1600x900.jpg 1600w, https:\/\/www.dallassymphony.org\/wp-content\/uploads\/2020\/11\/contact-us-1600x1076-1-388x218.jpg 388w, https:\/\/www.dallassymphony.org\/wp-content\/uploads\/2020\/11\/contact-us-1600x1076-1-540x303.jpg 540w, https:\/\/www.dallassymphony.org\/wp-content\/uploads\/2020\/11\/contact-us-1600x1076-1-666x375.jpg 666w, https:\/\/www.dallassymphony.org\/wp-content\/uploads\/2020\/11\/contact-us-1600x1076-1-735x413.jpg 735w, https:\/\/www.dallassymphony.org\/wp-content\/uploads\/2020\/11\/contact-us-1600x1076-1-768x432.jpg 768w\" sizes=\"auto, (max-width: 1600px) 100vw, 1600px\" \/>\t\t\t<\/div>\n\t\t<\/div>\n\t<\/div>\n<\/div>","protected":false},"excerpt":{"rendered":"<p>Inf\u00f3rmese sobre el horario de nuestros servicios para hu\u00e9spedes, c\u00f3mo canjear sus entradas y mucho m\u00e1s.<\/p>","protected":false},"author":3,"featured_media":577,"parent":559,"menu_order":0,"comment_status":"closed","ping_status":"closed","template":"","meta":{"_acf_changed":false,"footnotes":""},"class_list":["post-576","page","type-page","status-publish","has-post-thumbnail","hentry"],"acf":[],"_links":{"self":[{"href":"https:\/\/www.dallassymphony.org\/es\/wp-json\/wp\/v2\/pages\/576","targetHints":{"allow":["GET"]}}],"collection":[{"href":"https:\/\/www.dallassymphony.org\/es\/wp-json\/wp\/v2\/pages"}],"about":[{"href":"https:\/\/www.dallassymphony.org\/es\/wp-json\/wp\/v2\/types\/page"}],"author":[{"embeddable":true,"href":"https:\/\/www.dallassymphony.org\/es\/wp-json\/wp\/v2\/users\/3"}],"replies":[{"embeddable":true,"href":"https:\/\/www.dallassymphony.org\/es\/wp-json\/wp\/v2\/comments?post=576"}],"version-history":[{"count":1,"href":"https:\/\/www.dallassymphony.org\/es\/wp-json\/wp\/v2\/pages\/576\/revisions"}],"predecessor-version":[{"id":31235,"href":"https:\/\/www.dallassymphony.org\/es\/wp-json\/wp\/v2\/pages\/576\/revisions\/31235"}],"up":[{"embeddable":true,"href":"https:\/\/www.dallassymphony.org\/es\/wp-json\/wp\/v2\/pages\/559"}],"wp:featuredmedia":[{"embeddable":true,"href":"https:\/\/www.dallassymphony.org\/es\/wp-json\/wp\/v2\/media\/577"}],"wp:attachment":[{"href":"https:\/\/www.dallassymphony.org\/es\/wp-json\/wp\/v2\/media?parent=576"}],"curies":[{"name":"wp","href":"https:\/\/api.w.org\/{rel}","templated":true}]}}