{"id":575,"date":"2020-11-07T11:41:33","date_gmt":"2020-11-07T16:41:33","guid":{"rendered":"https:\/\/www.dallassymphony.org\/?page_id=575"},"modified":"2023-01-31T13:33:22","modified_gmt":"2023-01-31T19:33:22","slug":"hear-us-now","status":"publish","type":"page","link":"https:\/\/www.dallassymphony.org\/es\/plan-your-visit\/enhance-your-experience\/hear-us-now\/","title":{"rendered":"Esc\u00fachanos ahora"},"content":{"rendered":"<div class=\"hero__no-img bg-blue-8\">\n\t<div class=\"container\">\n\t\t<div class=\"row\">\n\t\t\t<div class=\"col-md-10\">\n\n\t\t\t\t<ul class=\"breadcrumbs\">\n    \t<li class=\"breadcrumb__link\">\n\t\t<a class=\"a-hover\" href=\"https:\/\/www.dallassymphony.org\/es\/\">Inicio<\/a>\n\t<\/li>\n    \t<li class=\"breadcrumb__link a-styles\">\n\t\t<a class=\"a-hover\" href=\"https:\/\/www.dallassymphony.org\/es\/plan-your-visit\/\">Planifica tu visita<\/a>\n\t<\/li>\n    \t<li class=\"breadcrumb__link a-styles\">\n\t\t<a class=\"a-hover\" href=\"https:\/\/www.dallassymphony.org\/es\/plan-your-visit\/enhance-your-experience\/\">Mejora tu experiencia<\/a>\n\t<\/li>\n    <\/ul>\n\n                \t\t\t\t<h1>\n                    <span >Esc\u00fachanos ahora<\/span>\n                <\/h1>\n                \t\t\t<\/div>\n\t\t<\/div>\n\t<\/div>\n<\/div>\n\n\n<div class=\"richtext m-spacer\">\n\t<div class=\"container\">\n\t\t<div class=\"row\">\n\t\t\t<div class=\"col-10\">\n\t\t\t\t\n\n<h2 class=\"wp-block-heading\" id=\"h-hearing-assistance\">Asistencia auditiva<\/h2>\n\n\n\n<p>Los espectadores de la DSO pueden disfrutar de la calidad superior de nuestro nuevo sistema de audici\u00f3n mejorado Hear Us Now\u00ae.<\/p>\n\n\n\n<p>Este dispositivo de escucha por radiofrecuencia (RF) incluye receptores y auriculares de cortes\u00eda. Los usuarios sin aud\u00edfonos pueden utilizar nuestros auriculares. Los usuarios con aud\u00edfonos pueden utilizar nuestros auriculares en lugar de sus aud\u00edfonos o como complemento de los mismos. Los usuarios con aud\u00edfonos T-Loop o streamer tambi\u00e9n pueden utilizarlos.<\/p>\n\n\n\n<p>Los micr\u00f3fonos situados en la sala de conciertos captan el sonido del escenario, y el audio se transmite a unidades especiales de procesamiento de Hear Us Now y, a continuaci\u00f3n, se difunde por todo el patio de butacas de la sala de conciertos, donde los oyentes pueden utilizar los receptores y auriculares de Hear Us Now para escuchar el programa.<\/p>\n\n\n\n<p>El sistema Hear Us Now\u00ae est\u00e1 disponible en el vest\u00edbulo principal.<\/p>\n\n\n\n<div style=\"height:25px\" aria-hidden=\"true\" class=\"wp-block-spacer\"><\/div>\n\n\n\n<div class=\"wp-block-columns is-layout-flex wp-container-core-columns-is-layout-9d6595d7 wp-block-columns-is-layout-flex\">\n<div class=\"wp-block-column is-layout-flow wp-block-column-is-layout-flow\" style=\"flex-basis:33.33%\">\n<figure class=\"wp-block-image size-large\"><img loading=\"lazy\" decoding=\"async\" width=\"1024\" height=\"576\" src=\"https:\/\/www.dallassymphony.org\/wp-content\/uploads\/2023\/01\/Neisius-1600x900-1-1024x576.png\" alt=\"\" class=\"wp-image-10592\" srcset=\"https:\/\/www.dallassymphony.org\/wp-content\/uploads\/2023\/01\/Neisius-1600x900-1-1024x576.png 1024w, https:\/\/www.dallassymphony.org\/wp-content\/uploads\/2023\/01\/Neisius-1600x900-1-300x169.png 300w, https:\/\/www.dallassymphony.org\/wp-content\/uploads\/2023\/01\/Neisius-1600x900-1-768x432.png 768w, https:\/\/www.dallassymphony.org\/wp-content\/uploads\/2023\/01\/Neisius-1600x900-1-1536x864.png 1536w, https:\/\/www.dallassymphony.org\/wp-content\/uploads\/2023\/01\/Neisius-1600x900-1-18x10.png 18w, https:\/\/www.dallassymphony.org\/wp-content\/uploads\/2023\/01\/Neisius-1600x900-1-388x218.png 388w, https:\/\/www.dallassymphony.org\/wp-content\/uploads\/2023\/01\/Neisius-1600x900-1-540x303.png 540w, https:\/\/www.dallassymphony.org\/wp-content\/uploads\/2023\/01\/Neisius-1600x900-1-666x375.png 666w, https:\/\/www.dallassymphony.org\/wp-content\/uploads\/2023\/01\/Neisius-1600x900-1-735x413.png 735w, https:\/\/www.dallassymphony.org\/wp-content\/uploads\/2023\/01\/Neisius-1600x900-1.png 1600w\" sizes=\"auto, (max-width: 1024px) 100vw, 1024px\" \/><\/figure>\n\n\n\n<h3 class=\"wp-block-heading\">David y Jean Neisius<\/h3>\n\n\n\n<hr class=\"wp-block-separator has-alpha-channel-opacity\"\/>\n\n\n\n<p>Abonados desde 1990<\/p>\n\n\n\n<hr class=\"wp-block-separator has-alpha-channel-opacity\"\/>\n<\/div>\n\n\n\n<div class=\"wp-block-column is-layout-flow wp-block-column-is-layout-flow\" style=\"flex-basis:66.66%\">\n<blockquote class=\"wp-block-quote is-layout-flow wp-block-quote-is-layout-flow\">\n<p>\"Empec\u00e9 a notar mi p\u00e9rdida de audici\u00f3n hace 20 a\u00f1os, y fue aumentando con el tiempo\", explica David. \"Ahora tengo una p\u00e9rdida de 80% en un o\u00eddo y de 70% en el otro. Dependo de los aud\u00edfonos. Uno de los retos de los que habla poca gente con p\u00e9rdida de audici\u00f3n es que empiezas a retraerte cuando no puedes participar en actividades que antes te gustaban.\"<br><br>\"Durante la cuarentena de COVID, la Orquesta Sinf\u00f3nica de Dallas televis\u00f3 algunas de sus actuaciones. Esto me permiti\u00f3 escuchar con las funciones de mi dispositivo. Pude o\u00edr y apreciar la interacci\u00f3n de los instrumentos en la pieza sinf\u00f3nica. Me hizo explorar qu\u00e9 opciones ten\u00eda la sinf\u00f3nica, con la esperanza de que hubiera algo nuevo. As\u00ed conoc\u00ed el sistema Hear Us Now\u2122\".<br><\/p>\n\n\n\n<p>\"Cuando Bradley Hunter Welsh dio su concierto de \u00f3rgano un domingo por la tarde, pude entender cada palabra que dijo sobre la obra y el \u00f3rgano. de Mussorgsky\u00a0<em>Fotos en una exposici\u00f3n<\/em>\u00a0ten\u00eda tantos juegos entre instrumentos individuales. Era tridimensional. El sonido era tan rico que parec\u00eda el cielo\".<\/p>\n<\/blockquote>\n<\/div>\n<\/div>\n\n\n\t\t\t<\/div>\n\t\t<\/div>\n\t<\/div>\n\n<\/div>","protected":false},"excerpt":{"rendered":"<p>Los clientes de la DSO pueden experimentar la calidad superior del sistema de escucha mejorada Hear Us Now (\u2122). <\/p>","protected":false},"author":3,"featured_media":1816,"parent":567,"menu_order":0,"comment_status":"closed","ping_status":"closed","template":"","meta":{"_acf_changed":false,"footnotes":""},"class_list":["post-575","page","type-page","status-publish","has-post-thumbnail","hentry"],"acf":[],"_links":{"self":[{"href":"https:\/\/www.dallassymphony.org\/es\/wp-json\/wp\/v2\/pages\/575","targetHints":{"allow":["GET"]}}],"collection":[{"href":"https:\/\/www.dallassymphony.org\/es\/wp-json\/wp\/v2\/pages"}],"about":[{"href":"https:\/\/www.dallassymphony.org\/es\/wp-json\/wp\/v2\/types\/page"}],"author":[{"embeddable":true,"href":"https:\/\/www.dallassymphony.org\/es\/wp-json\/wp\/v2\/users\/3"}],"replies":[{"embeddable":true,"href":"https:\/\/www.dallassymphony.org\/es\/wp-json\/wp\/v2\/comments?post=575"}],"version-history":[{"count":0,"href":"https:\/\/www.dallassymphony.org\/es\/wp-json\/wp\/v2\/pages\/575\/revisions"}],"up":[{"embeddable":true,"href":"https:\/\/www.dallassymphony.org\/es\/wp-json\/wp\/v2\/pages\/567"}],"wp:featuredmedia":[{"embeddable":true,"href":"https:\/\/www.dallassymphony.org\/es\/wp-json\/wp\/v2\/media\/1816"}],"wp:attachment":[{"href":"https:\/\/www.dallassymphony.org\/es\/wp-json\/wp\/v2\/media?parent=575"}],"curies":[{"name":"wp","href":"https:\/\/api.w.org\/{rel}","templated":true}]}}