{"id":574,"date":"2020-11-07T11:41:08","date_gmt":"2020-11-07T16:41:08","guid":{"rendered":"https:\/\/www.dallassymphony.org\/?page_id=574"},"modified":"2020-12-30T16:35:10","modified_gmt":"2020-12-30T22:35:10","slug":"livenote","status":"publish","type":"page","link":"https:\/\/www.dallassymphony.org\/es\/plan-your-visit\/enhance-your-experience\/livenote\/","title":{"rendered":"LiveNote"},"content":{"rendered":"<div class=\"hero__no-img bg-blue-8\">\n\t<div class=\"container\">\n\t\t<div class=\"row\">\n\t\t\t<div class=\"col-md-10\">\n\n\t\t\t\t<ul class=\"breadcrumbs\">\n    \t<li class=\"breadcrumb__link\">\n\t\t<a class=\"a-hover\" href=\"https:\/\/www.dallassymphony.org\/es\/\">Inicio<\/a>\n\t<\/li>\n    \t<li class=\"breadcrumb__link a-styles\">\n\t\t<a class=\"a-hover\" href=\"https:\/\/www.dallassymphony.org\/es\/plan-your-visit\/\">Planifica tu visita<\/a>\n\t<\/li>\n    \t<li class=\"breadcrumb__link a-styles\">\n\t\t<a class=\"a-hover\" href=\"https:\/\/www.dallassymphony.org\/es\/plan-your-visit\/enhance-your-experience\/\">Mejora tu experiencia<\/a>\n\t<\/li>\n    <\/ul>\n\n                \t\t\t\t<h1>\n                    <span >LiveNote<\/span>\n                <\/h1>\n                \t\t\t<\/div>\n\t\t<\/div>\n\t<\/div>\n<\/div>\n\n\n<div class=\"richtext m-spacer\">\n\t<div class=\"container\">\n\t\t<div class=\"row\">\n\t\t\t<div class=\"col-10\">\n\t\t\t\t\n\n<h2 class=\"wp-block-heading\" id=\"h-taking-your-experience-to-another-level\">Llevar su experiencia a otro nivel<\/h2>\n\n\n\n<p>Con Livenote, recibir\u00e1s las notas del programa directamente en tu tel\u00e9fono y disfrutar\u00e1s de las siguientes ventajas:<\/p>\n\n\n\n<ul class=\"wp-block-list\"><li>Contenido subtitulado<\/li><li>Descripciones y comentarios<\/li><li>T\u00edtulos y traducciones<\/li><li>La historia y el significado cultural del trabajo<\/li><li>Navegaci\u00f3n simple e intuitiva<\/li><\/ul>\n\n\n\n<p>LiveNote s\u00f3lo est\u00e1 disponible en determinadas actuaciones en el DSO y no se utiliza actualmente en la temporada 20\/21, pero busque m\u00e1s fechas en la pr\u00f3xima temporada.<\/p>\n\n\n\t\t\t<\/div>\n\t\t<\/div>\n\t<\/div>\n\n<\/div>","protected":false},"excerpt":{"rendered":"<p>Con Livenote, recibir\u00e1s las notas del programa directamente en tu tel\u00e9fono y disfrutar\u00e1s de varias ventajas.<\/p>","protected":false},"author":3,"featured_media":1819,"parent":567,"menu_order":0,"comment_status":"closed","ping_status":"closed","template":"","meta":{"_acf_changed":false,"footnotes":""},"class_list":["post-574","page","type-page","status-publish","has-post-thumbnail","hentry"],"acf":[],"_links":{"self":[{"href":"https:\/\/www.dallassymphony.org\/es\/wp-json\/wp\/v2\/pages\/574","targetHints":{"allow":["GET"]}}],"collection":[{"href":"https:\/\/www.dallassymphony.org\/es\/wp-json\/wp\/v2\/pages"}],"about":[{"href":"https:\/\/www.dallassymphony.org\/es\/wp-json\/wp\/v2\/types\/page"}],"author":[{"embeddable":true,"href":"https:\/\/www.dallassymphony.org\/es\/wp-json\/wp\/v2\/users\/3"}],"replies":[{"embeddable":true,"href":"https:\/\/www.dallassymphony.org\/es\/wp-json\/wp\/v2\/comments?post=574"}],"version-history":[{"count":0,"href":"https:\/\/www.dallassymphony.org\/es\/wp-json\/wp\/v2\/pages\/574\/revisions"}],"up":[{"embeddable":true,"href":"https:\/\/www.dallassymphony.org\/es\/wp-json\/wp\/v2\/pages\/567"}],"wp:featuredmedia":[{"embeddable":true,"href":"https:\/\/www.dallassymphony.org\/es\/wp-json\/wp\/v2\/media\/1819"}],"wp:attachment":[{"href":"https:\/\/www.dallassymphony.org\/es\/wp-json\/wp\/v2\/media?parent=574"}],"curies":[{"name":"wp","href":"https:\/\/api.w.org\/{rel}","templated":true}]}}