{"id":572,"date":"2020-11-07T11:40:16","date_gmt":"2020-11-07T16:40:16","guid":{"rendered":"https:\/\/www.dallassymphony.org\/?page_id=572"},"modified":"2020-12-30T16:34:18","modified_gmt":"2020-12-30T22:34:18","slug":"fab-fridays","status":"publish","type":"page","link":"https:\/\/www.dallassymphony.org\/es\/plan-your-visit\/enhance-your-experience\/fab-fridays\/","title":{"rendered":"Viernes de fiesta"},"content":{"rendered":"<div class=\"hero__no-img bg-blue-8\">\n\t<div class=\"container\">\n\t\t<div class=\"row\">\n\t\t\t<div class=\"col-md-10\">\n\n\t\t\t\t<ul class=\"breadcrumbs\">\n    \t<li class=\"breadcrumb__link\">\n\t\t<a class=\"a-hover\" href=\"https:\/\/www.dallassymphony.org\/es\/\">Inicio<\/a>\n\t<\/li>\n    \t<li class=\"breadcrumb__link a-styles\">\n\t\t<a class=\"a-hover\" href=\"https:\/\/www.dallassymphony.org\/es\/plan-your-visit\/\">Planifica tu visita<\/a>\n\t<\/li>\n    \t<li class=\"breadcrumb__link a-styles\">\n\t\t<a class=\"a-hover\" href=\"https:\/\/www.dallassymphony.org\/es\/plan-your-visit\/enhance-your-experience\/\">Mejora tu experiencia<\/a>\n\t<\/li>\n    <\/ul>\n\n                \t\t\t\t<h1>\n                    <span >Viernes de fiesta<\/span>\n                <\/h1>\n                \t\t\t<\/div>\n\t\t<\/div>\n\t<\/div>\n<\/div>\n\n\n<div class=\"richtext m-spacer\">\n\t<div class=\"container\">\n\t\t<div class=\"row\">\n\t\t\t<div class=\"col-10\">\n\t\t\t\t\n\n<p>Los Fab Fridays son una experiencia m\u00e1s informal en determinadas actuaciones nocturnas de los viernes en la DSO, con programas m\u00e1s cortos, algunos de los precios m\u00e1s bajos de la temporada, vestimenta informal y una recepci\u00f3n gratuita despu\u00e9s del concierto que incluye aperitivos, un bar en efectivo y la oportunidad de mezclarse con algunos de nuestros m\u00fasicos. <\/p>\n\n\n\n<p><strong>NOTA: Los viernes de fiesta est\u00e1n temporalmente en espera debido a las restricciones de COVID-19. <\/strong><\/p>\n\n\n\n<figure class=\"wp-block-image size-full is-resized is-style-default\"><img loading=\"lazy\" decoding=\"async\" src=\"https:\/\/www.dallassymphony.org\/wp-content\/uploads\/2020\/11\/Meet-the-Musicians-1.jpg\" alt=\"Mezclarse con los m\u00fasicos de la DSO despu\u00e9s de los conciertos\" class=\"wp-image-2179\" width=\"800\" height=\"538\" srcset=\"https:\/\/www.dallassymphony.org\/wp-content\/uploads\/2020\/11\/Meet-the-Musicians-1.jpg 1600w, https:\/\/www.dallassymphony.org\/wp-content\/uploads\/2020\/11\/Meet-the-Musicians-1-300x202.jpg 300w, https:\/\/www.dallassymphony.org\/wp-content\/uploads\/2020\/11\/Meet-the-Musicians-1-1024x689.jpg 1024w, https:\/\/www.dallassymphony.org\/wp-content\/uploads\/2020\/11\/Meet-the-Musicians-1-768x516.jpg 768w, https:\/\/www.dallassymphony.org\/wp-content\/uploads\/2020\/11\/Meet-the-Musicians-1-1536x1033.jpg 1536w, https:\/\/www.dallassymphony.org\/wp-content\/uploads\/2020\/11\/Meet-the-Musicians-1-16x12.jpg 16w\" sizes=\"auto, (max-width: 800px) 100vw, 800px\" \/><\/figure>\n\n\n\n<figure class=\"wp-block-image size-full is-resized is-style-default\"><img loading=\"lazy\" decoding=\"async\" src=\"https:\/\/www.dallassymphony.org\/wp-content\/uploads\/2020\/11\/enhance-your-experience-meet-the-musicians-1600x1076-1.jpg\" alt=\"Gemma New mezcl\u00e1ndose con los clientes despu\u00e9s del concierto\" class=\"wp-image-568\" width=\"800\" height=\"538\" srcset=\"https:\/\/www.dallassymphony.org\/wp-content\/uploads\/2020\/11\/enhance-your-experience-meet-the-musicians-1600x1076-1.jpg 1600w, https:\/\/www.dallassymphony.org\/wp-content\/uploads\/2020\/11\/enhance-your-experience-meet-the-musicians-1600x1076-1-300x202.jpg 300w, https:\/\/www.dallassymphony.org\/wp-content\/uploads\/2020\/11\/enhance-your-experience-meet-the-musicians-1600x1076-1-1024x689.jpg 1024w, https:\/\/www.dallassymphony.org\/wp-content\/uploads\/2020\/11\/enhance-your-experience-meet-the-musicians-1600x1076-1-768x516.jpg 768w, https:\/\/www.dallassymphony.org\/wp-content\/uploads\/2020\/11\/enhance-your-experience-meet-the-musicians-1600x1076-1-1536x1033.jpg 1536w, https:\/\/www.dallassymphony.org\/wp-content\/uploads\/2020\/11\/enhance-your-experience-meet-the-musicians-1600x1076-1-16x12.jpg 16w\" sizes=\"auto, (max-width: 800px) 100vw, 800px\" \/><\/figure>\n\n\n\n<figure class=\"wp-block-image size-full is-resized is-style-default\"><img loading=\"lazy\" decoding=\"async\" src=\"https:\/\/www.dallassymphony.org\/wp-content\/uploads\/2020\/12\/Erin-Hannigan-and-Friend-at-Post-Concert-Reception-1600-x-1076.jpg\" alt=\"\" class=\"wp-image-3719\" width=\"800\" height=\"538\" srcset=\"https:\/\/www.dallassymphony.org\/wp-content\/uploads\/2020\/12\/Erin-Hannigan-and-Friend-at-Post-Concert-Reception-1600-x-1076.jpg 1600w, https:\/\/www.dallassymphony.org\/wp-content\/uploads\/2020\/12\/Erin-Hannigan-and-Friend-at-Post-Concert-Reception-1600-x-1076-300x202.jpg 300w, https:\/\/www.dallassymphony.org\/wp-content\/uploads\/2020\/12\/Erin-Hannigan-and-Friend-at-Post-Concert-Reception-1600-x-1076-1024x689.jpg 1024w, https:\/\/www.dallassymphony.org\/wp-content\/uploads\/2020\/12\/Erin-Hannigan-and-Friend-at-Post-Concert-Reception-1600-x-1076-768x516.jpg 768w, https:\/\/www.dallassymphony.org\/wp-content\/uploads\/2020\/12\/Erin-Hannigan-and-Friend-at-Post-Concert-Reception-1600-x-1076-1536x1033.jpg 1536w, https:\/\/www.dallassymphony.org\/wp-content\/uploads\/2020\/12\/Erin-Hannigan-and-Friend-at-Post-Concert-Reception-1600-x-1076-16x12.jpg 16w, https:\/\/www.dallassymphony.org\/wp-content\/uploads\/2020\/12\/Erin-Hannigan-and-Friend-at-Post-Concert-Reception-1600-x-1076-350x234.jpg 350w\" sizes=\"auto, (max-width: 800px) 100vw, 800px\" \/><\/figure>\n\n\n\t\t\t<\/div>\n\t\t<\/div>\n\t<\/div>\n\n<\/div>","protected":false},"excerpt":{"rendered":"<p>Los Fab Fridays son una experiencia m\u00e1s informal en determinadas actuaciones nocturnas de los viernes en la DSO, con programas m\u00e1s cortos, algunos de los precios m\u00e1s bajos de la temporada, vestimenta informal y una recepci\u00f3n gratuita despu\u00e9s del concierto que incluye aperitivos, un bar en efectivo y la oportunidad de mezclarse con algunos de nuestros m\u00fasicos.<\/p>","protected":false},"author":3,"featured_media":1791,"parent":567,"menu_order":0,"comment_status":"closed","ping_status":"closed","template":"","meta":{"_acf_changed":false,"footnotes":""},"class_list":["post-572","page","type-page","status-publish","has-post-thumbnail","hentry"],"acf":[],"_links":{"self":[{"href":"https:\/\/www.dallassymphony.org\/es\/wp-json\/wp\/v2\/pages\/572","targetHints":{"allow":["GET"]}}],"collection":[{"href":"https:\/\/www.dallassymphony.org\/es\/wp-json\/wp\/v2\/pages"}],"about":[{"href":"https:\/\/www.dallassymphony.org\/es\/wp-json\/wp\/v2\/types\/page"}],"author":[{"embeddable":true,"href":"https:\/\/www.dallassymphony.org\/es\/wp-json\/wp\/v2\/users\/3"}],"replies":[{"embeddable":true,"href":"https:\/\/www.dallassymphony.org\/es\/wp-json\/wp\/v2\/comments?post=572"}],"version-history":[{"count":0,"href":"https:\/\/www.dallassymphony.org\/es\/wp-json\/wp\/v2\/pages\/572\/revisions"}],"up":[{"embeddable":true,"href":"https:\/\/www.dallassymphony.org\/es\/wp-json\/wp\/v2\/pages\/567"}],"wp:featuredmedia":[{"embeddable":true,"href":"https:\/\/www.dallassymphony.org\/es\/wp-json\/wp\/v2\/media\/1791"}],"wp:attachment":[{"href":"https:\/\/www.dallassymphony.org\/es\/wp-json\/wp\/v2\/media?parent=572"}],"curies":[{"name":"wp","href":"https:\/\/api.w.org\/{rel}","templated":true}]}}