{"id":567,"date":"2020-11-07T11:38:42","date_gmt":"2020-11-07T17:38:42","guid":{"rendered":"https:\/\/www.dallassymphony.org\/?page_id=567"},"modified":"2026-04-07T15:23:14","modified_gmt":"2026-04-07T20:23:14","slug":"enhance-your-experience","status":"publish","type":"page","link":"https:\/\/www.dallassymphony.org\/es\/plan-your-visit\/enhance-your-experience\/","title":{"rendered":"Mejora tu experiencia"},"content":{"rendered":"<div class=\"hero__no-img bg-blue-8\">\n\t<div class=\"container\">\n\t\t<div class=\"row\">\n\t\t\t<div class=\"col-md-10\">\n\n\t\t\t\t<ul class=\"breadcrumbs\">\n    \t<li class=\"breadcrumb__link\">\n\t\t<a class=\"a-hover\" href=\"https:\/\/www.dallassymphony.org\/es\/\">Inicio<\/a>\n\t<\/li>\n    \t<li class=\"breadcrumb__link a-styles\">\n\t\t<a class=\"a-hover\" href=\"https:\/\/www.dallassymphony.org\/es\/plan-your-visit\/\">Planifica tu visita<\/a>\n\t<\/li>\n    <\/ul>\n\n                \t\t\t\t<h1>\n                    <span >Mejora tu experiencia<\/span>\n                <\/h1>\n                \t\t\t<\/div>\n\t\t<\/div>\n\t<\/div>\n<\/div>\n\n\n<div class=\"text-img text-img--right\">\n\t<div class=\"container\">\n\t\t<div class=\"row\">\n\t\t\t<div class=\"col-lg-12\">\n\t\t\t\t<div class=\"text-img__wrapper\">\n\t\t\t\t\t<h1>El almuerzo de Bach<\/h1>\n\n                    <img loading=\"lazy\" decoding=\"async\" width=\"666\" height=\"375\" src=\"https:\/\/www.dallassymphony.org\/wp-content\/uploads\/2020\/11\/Bach_s-Lunches-1-666x375.jpg\" class=\"d-xl-none d-block\" alt=\"Invitados escuchando atentamente durante el evento educativo en la DSO\" srcset=\"https:\/\/www.dallassymphony.org\/wp-content\/uploads\/2020\/11\/Bach_s-Lunches-1-666x375.jpg 666w, https:\/\/www.dallassymphony.org\/wp-content\/uploads\/2020\/11\/Bach_s-Lunches-1-388x218.jpg 388w, https:\/\/www.dallassymphony.org\/wp-content\/uploads\/2020\/11\/Bach_s-Lunches-1-540x303.jpg 540w, https:\/\/www.dallassymphony.org\/wp-content\/uploads\/2020\/11\/Bach_s-Lunches-1-735x413.jpg 735w, https:\/\/www.dallassymphony.org\/wp-content\/uploads\/2020\/11\/Bach_s-Lunches-1-768x432.jpg 768w, https:\/\/www.dallassymphony.org\/wp-content\/uploads\/2020\/11\/Bach_s-Lunches-1-1600x900.jpg 1600w\" sizes=\"auto, (max-width: 666px) 100vw, 666px\" \/>\n\t\t\t\t\t<p>Una serie de charlas gratuitas e informales, dirigidas por m\u00fasicos y music\u00f3logos locales, el Almuerzo de Bach es una forma divertida de conocer gente nueva y aprender m\u00e1s sobre el fascinante mundo de la m\u00fasica cl\u00e1sica.<\/p>\n\n                    \t\t\t\t\t<a class=\"a-hover\" href=\"https:\/\/www.dallassymphony.org\/es\/community-education\/dso-music-programs\/adult-programs\/\" >Aprende m\u00e1s.<\/a>\n                    \n                <\/div>\n                <img loading=\"lazy\" decoding=\"async\" width=\"1600\" height=\"900\" src=\"https:\/\/www.dallassymphony.org\/wp-content\/uploads\/2020\/11\/Bach_s-Lunches-1-1600x900.jpg\" class=\"d-none d-xl-block ml-auto\" alt=\"Invitados escuchando atentamente durante el evento educativo en la DSO\" srcset=\"https:\/\/www.dallassymphony.org\/wp-content\/uploads\/2020\/11\/Bach_s-Lunches-1-1600x900.jpg 1600w, https:\/\/www.dallassymphony.org\/wp-content\/uploads\/2020\/11\/Bach_s-Lunches-1-388x218.jpg 388w, https:\/\/www.dallassymphony.org\/wp-content\/uploads\/2020\/11\/Bach_s-Lunches-1-540x303.jpg 540w, https:\/\/www.dallassymphony.org\/wp-content\/uploads\/2020\/11\/Bach_s-Lunches-1-666x375.jpg 666w, https:\/\/www.dallassymphony.org\/wp-content\/uploads\/2020\/11\/Bach_s-Lunches-1-735x413.jpg 735w, https:\/\/www.dallassymphony.org\/wp-content\/uploads\/2020\/11\/Bach_s-Lunches-1-768x432.jpg 768w\" sizes=\"auto, (max-width: 1600px) 100vw, 1600px\" \/>\t\t\t<\/div>\n\t\t<\/div>\n\t<\/div>\n<\/div>\n\n\n<div class=\"text-img text-img--right\">\n\t<div class=\"container\">\n\t\t<div class=\"row\">\n\t\t\t<div class=\"col-lg-12\">\n\t\t\t\t<div class=\"text-img__wrapper\">\n\t\t\t\t\t<h1>Preludios de actuaci\u00f3n<\/h1>\n\n                    <img loading=\"lazy\" decoding=\"async\" width=\"666\" height=\"375\" src=\"https:\/\/www.dallassymphony.org\/wp-content\/uploads\/2024\/12\/dso-11.14.2024.50-666x375.jpg\" class=\"d-xl-none d-block\" alt=\"\" srcset=\"https:\/\/www.dallassymphony.org\/wp-content\/uploads\/2024\/12\/dso-11.14.2024.50-666x375.jpg 666w, https:\/\/www.dallassymphony.org\/wp-content\/uploads\/2024\/12\/dso-11.14.2024.50-388x218.jpg 388w, https:\/\/www.dallassymphony.org\/wp-content\/uploads\/2024\/12\/dso-11.14.2024.50-540x303.jpg 540w, https:\/\/www.dallassymphony.org\/wp-content\/uploads\/2024\/12\/dso-11.14.2024.50-735x413.jpg 735w, https:\/\/www.dallassymphony.org\/wp-content\/uploads\/2024\/12\/dso-11.14.2024.50-768x432.jpg 768w, https:\/\/www.dallassymphony.org\/wp-content\/uploads\/2024\/12\/dso-11.14.2024.50-1600x900.jpg 1600w\" sizes=\"auto, (max-width: 666px) 100vw, 666px\" \/>\n\t\t\t\t\t<p>R\u00edase y aprenda con los expertos en m\u00fasica m\u00e1s informados del norte de Texas, junto con ocasionales visitantes sorpresa, antes de cada concierto cl\u00e1sico.  Los presentadores comparten historias y proporcionan informaci\u00f3n sobre la m\u00fasica que se interpreta.  Patrocinados en parte por la DSO Guild, los Preludios son gratuitos para todos los asistentes a los conciertos.<\/p>\n\n                    \t\t\t\t\t<a class=\"a-hover\" href=\"https:\/\/www.dallassymphony.org\/es\/community-education\/dso-music-programs\/adult-programs\/\" >Aprende m\u00e1s.<\/a>\n                    \n                <\/div>\n                <img loading=\"lazy\" decoding=\"async\" width=\"1600\" height=\"900\" src=\"https:\/\/www.dallassymphony.org\/wp-content\/uploads\/2024\/12\/dso-11.14.2024.50-1600x900.jpg\" class=\"d-none d-xl-block ml-auto\" alt=\"\" srcset=\"https:\/\/www.dallassymphony.org\/wp-content\/uploads\/2024\/12\/dso-11.14.2024.50-1600x900.jpg 1600w, https:\/\/www.dallassymphony.org\/wp-content\/uploads\/2024\/12\/dso-11.14.2024.50-388x218.jpg 388w, https:\/\/www.dallassymphony.org\/wp-content\/uploads\/2024\/12\/dso-11.14.2024.50-540x303.jpg 540w, https:\/\/www.dallassymphony.org\/wp-content\/uploads\/2024\/12\/dso-11.14.2024.50-666x375.jpg 666w, https:\/\/www.dallassymphony.org\/wp-content\/uploads\/2024\/12\/dso-11.14.2024.50-735x413.jpg 735w, https:\/\/www.dallassymphony.org\/wp-content\/uploads\/2024\/12\/dso-11.14.2024.50-768x432.jpg 768w\" sizes=\"auto, (max-width: 1600px) 100vw, 1600px\" \/>\t\t\t<\/div>\n\t\t<\/div>\n\t<\/div>\n<\/div>\n\n\n<div class=\"text-img text-img--right\">\n\t<div class=\"container\">\n\t\t<div class=\"row\">\n\t\t\t<div class=\"col-lg-12\">\n\t\t\t\t<div class=\"text-img__wrapper\">\n\t\t\t\t\t<h1>Conozca a los m\u00fasicos<\/h1>\n\n                    <img loading=\"lazy\" decoding=\"async\" width=\"666\" height=\"375\" src=\"https:\/\/www.dallassymphony.org\/wp-content\/uploads\/2020\/11\/Meet-the-Musicians-1-666x375.jpg\" class=\"d-xl-none d-block\" alt=\"Mezclarse con los m\u00fasicos de la DSO despu\u00e9s de los conciertos\" srcset=\"https:\/\/www.dallassymphony.org\/wp-content\/uploads\/2020\/11\/Meet-the-Musicians-1-666x375.jpg 666w, https:\/\/www.dallassymphony.org\/wp-content\/uploads\/2020\/11\/Meet-the-Musicians-1-388x218.jpg 388w, https:\/\/www.dallassymphony.org\/wp-content\/uploads\/2020\/11\/Meet-the-Musicians-1-540x303.jpg 540w, https:\/\/www.dallassymphony.org\/wp-content\/uploads\/2020\/11\/Meet-the-Musicians-1-735x413.jpg 735w, https:\/\/www.dallassymphony.org\/wp-content\/uploads\/2020\/11\/Meet-the-Musicians-1-768x432.jpg 768w, https:\/\/www.dallassymphony.org\/wp-content\/uploads\/2020\/11\/Meet-the-Musicians-1-1600x900.jpg 1600w\" sizes=\"auto, (max-width: 666px) 100vw, 666px\" \/>\n\t\t\t\t\t<p>Conozca a los m\u00fasicos de la DSO a trav\u00e9s de breves entrevistas informales, recepciones posteriores a los conciertos y si\u00e9ntase m\u00e1s cerca de la m\u00fasica que se interpreta en el escenario.<\/p>\n\n                    \n                <\/div>\n                <img loading=\"lazy\" decoding=\"async\" width=\"1600\" height=\"900\" src=\"https:\/\/www.dallassymphony.org\/wp-content\/uploads\/2020\/11\/Meet-the-Musicians-1-1600x900.jpg\" class=\"d-none d-xl-block ml-auto\" alt=\"Mezclarse con los m\u00fasicos de la DSO despu\u00e9s de los conciertos\" srcset=\"https:\/\/www.dallassymphony.org\/wp-content\/uploads\/2020\/11\/Meet-the-Musicians-1-1600x900.jpg 1600w, https:\/\/www.dallassymphony.org\/wp-content\/uploads\/2020\/11\/Meet-the-Musicians-1-388x218.jpg 388w, https:\/\/www.dallassymphony.org\/wp-content\/uploads\/2020\/11\/Meet-the-Musicians-1-540x303.jpg 540w, https:\/\/www.dallassymphony.org\/wp-content\/uploads\/2020\/11\/Meet-the-Musicians-1-666x375.jpg 666w, https:\/\/www.dallassymphony.org\/wp-content\/uploads\/2020\/11\/Meet-the-Musicians-1-735x413.jpg 735w, https:\/\/www.dallassymphony.org\/wp-content\/uploads\/2020\/11\/Meet-the-Musicians-1-768x432.jpg 768w\" sizes=\"auto, (max-width: 1600px) 100vw, 1600px\" \/>\t\t\t<\/div>\n\t\t<\/div>\n\t<\/div>\n<\/div>\n\n\n<div class=\"text-img text-img--right\">\n\t<div class=\"container\">\n\t\t<div class=\"row\">\n\t\t\t<div class=\"col-lg-12\">\n\t\t\t\t<div class=\"text-img__wrapper\">\n\t\t\t\t\t<h1>Esc\u00fachanos ahora\u2122.<\/h1>\n\n                    <img loading=\"lazy\" decoding=\"async\" width=\"666\" height=\"375\" src=\"https:\/\/www.dallassymphony.org\/wp-content\/uploads\/2020\/11\/Hear-Us-Now-1-666x375.jpg\" class=\"d-xl-none d-block\" alt=\"El ni\u00f1o recibe ayuda con un dispositivo de escucha\" srcset=\"https:\/\/www.dallassymphony.org\/wp-content\/uploads\/2020\/11\/Hear-Us-Now-1-666x375.jpg 666w, https:\/\/www.dallassymphony.org\/wp-content\/uploads\/2020\/11\/Hear-Us-Now-1-388x218.jpg 388w, https:\/\/www.dallassymphony.org\/wp-content\/uploads\/2020\/11\/Hear-Us-Now-1-540x303.jpg 540w, https:\/\/www.dallassymphony.org\/wp-content\/uploads\/2020\/11\/Hear-Us-Now-1-735x413.jpg 735w, https:\/\/www.dallassymphony.org\/wp-content\/uploads\/2020\/11\/Hear-Us-Now-1-768x432.jpg 768w, https:\/\/www.dallassymphony.org\/wp-content\/uploads\/2020\/11\/Hear-Us-Now-1-1600x900.jpg 1600w\" sizes=\"auto, (max-width: 666px) 100vw, 666px\" \/>\n\t\t\t\t\t<p>Hear Us Now\u2122 y la DSO se han comprometido a mejorar la experiencia de los visitantes con discapacidad auditiva en el Meyerson.  Disponemos de auriculares gratuitos para todos nuestros clientes.<\/p>\n\n                    \t\t\t\t\t<a class=\"a-hover\" href=\"http:\/\/www.dallassymphony.org\/es\/concerts-and-events\/enhance-your-experience\/hear-us-now\/\" >Aprende m\u00e1s<\/a>\n                    \n                <\/div>\n                <img loading=\"lazy\" decoding=\"async\" width=\"1600\" height=\"900\" src=\"https:\/\/www.dallassymphony.org\/wp-content\/uploads\/2020\/11\/Hear-Us-Now-1-1600x900.jpg\" class=\"d-none d-xl-block ml-auto\" alt=\"El ni\u00f1o recibe ayuda con un dispositivo de escucha\" srcset=\"https:\/\/www.dallassymphony.org\/wp-content\/uploads\/2020\/11\/Hear-Us-Now-1-1600x900.jpg 1600w, https:\/\/www.dallassymphony.org\/wp-content\/uploads\/2020\/11\/Hear-Us-Now-1-388x218.jpg 388w, https:\/\/www.dallassymphony.org\/wp-content\/uploads\/2020\/11\/Hear-Us-Now-1-540x303.jpg 540w, https:\/\/www.dallassymphony.org\/wp-content\/uploads\/2020\/11\/Hear-Us-Now-1-666x375.jpg 666w, https:\/\/www.dallassymphony.org\/wp-content\/uploads\/2020\/11\/Hear-Us-Now-1-735x413.jpg 735w, https:\/\/www.dallassymphony.org\/wp-content\/uploads\/2020\/11\/Hear-Us-Now-1-768x432.jpg 768w\" sizes=\"auto, (max-width: 1600px) 100vw, 1600px\" \/>\t\t\t<\/div>\n\t\t<\/div>\n\t<\/div>\n<\/div>\n\n\n<div class=\"cta-content-highlight\">\n    <img loading=\"lazy\" decoding=\"async\" width=\"1600\" height=\"1076\" src=\"https:\/\/www.dallassymphony.org\/wp-content\/uploads\/2020\/11\/dso-media-vault-2-1600x1076-1.jpg\" class=\"cta__bg-img\" alt=\"Fabio Luisi dirige selecciones de Verdi con la Orquesta Sinf\u00f3nica de Dallas y el solista Jamie Bartonemail\" srcset=\"https:\/\/www.dallassymphony.org\/wp-content\/uploads\/2020\/11\/dso-media-vault-2-1600x1076-1.jpg 1600w, https:\/\/www.dallassymphony.org\/wp-content\/uploads\/2020\/11\/dso-media-vault-2-1600x1076-1-300x202.jpg 300w, https:\/\/www.dallassymphony.org\/wp-content\/uploads\/2020\/11\/dso-media-vault-2-1600x1076-1-1024x689.jpg 1024w, https:\/\/www.dallassymphony.org\/wp-content\/uploads\/2020\/11\/dso-media-vault-2-1600x1076-1-768x516.jpg 768w, https:\/\/www.dallassymphony.org\/wp-content\/uploads\/2020\/11\/dso-media-vault-2-1600x1076-1-1536x1033.jpg 1536w, https:\/\/www.dallassymphony.org\/wp-content\/uploads\/2020\/11\/dso-media-vault-2-1600x1076-1-16x12.jpg 16w\" sizes=\"auto, (max-width: 1600px) 100vw, 1600px\" \/>\n\t<div class=\"container bottom-container\">\n\t\t<div class=\"row no-gutters\">\n\t\t\t\n\t\t\t<div class=\"col-md-7 offset-md-1\">\n\t\t\t\t<div class=\"cta__text-overlay\">\n\t\t\t\t\t<h4>Ver, o\u00edr, leer sobre la DSO<\/h4>\n\n\t\t\t\t\t<p>Visite la b\u00f3veda medi\u00e1tica de la DSO para ver los \u00faltimos v\u00eddeos, grabaciones y art\u00edculos sobre la DSO.<\/p>\n\n                    \t\t\t\t\t<a class=\"a-hover\" href=\"http:\/\/www.dallassymphony.org\/es\/discover-connect\/dso-media-vault\/\">S\u00ed, ll\u00e9vame all\u00ed<\/a>\n                    \t\t\t\t<\/div>\n\t\t\t<\/div>\n\t\t\t\t\t\t<div class=\"col-md-3  d-sm-none d-md-flex\">\n\t\t\t\t<div class=\"blk-bg-grad-left\"><\/div>\n\t\t\t<\/div>\n\t\t\t\t\t<\/div>\n\t<\/div>\n<\/div>\n\n\n<div class=\"sign-up\">\n\t<img loading=\"lazy\" decoding=\"async\" width=\"1600\" height=\"1076\" src=\"https:\/\/www.dallassymphony.org\/wp-content\/uploads\/2020\/11\/email-signup-1600x1076-2.jpg\" class=\"su__bg-img\" alt=\"Una pareja conversando en la Sala Sinf\u00f3nica Meyerson antes del concierto\" srcset=\"https:\/\/www.dallassymphony.org\/wp-content\/uploads\/2020\/11\/email-signup-1600x1076-2.jpg 1600w, https:\/\/www.dallassymphony.org\/wp-content\/uploads\/2020\/11\/email-signup-1600x1076-2-300x202.jpg 300w, https:\/\/www.dallassymphony.org\/wp-content\/uploads\/2020\/11\/email-signup-1600x1076-2-1024x689.jpg 1024w, https:\/\/www.dallassymphony.org\/wp-content\/uploads\/2020\/11\/email-signup-1600x1076-2-768x516.jpg 768w, https:\/\/www.dallassymphony.org\/wp-content\/uploads\/2020\/11\/email-signup-1600x1076-2-1536x1033.jpg 1536w, https:\/\/www.dallassymphony.org\/wp-content\/uploads\/2020\/11\/email-signup-1600x1076-2-16x12.jpg 16w\" sizes=\"auto, (max-width: 1600px) 100vw, 1600px\" \/>\t<div class=\"su__overlay\"><\/div>\n\t<div class=\"container\">\n\t\t<div class=\"row\">\n\t\t\t<div class=\"col-md-6\">\n\t\t\t\t<h1>\u00a1Inscr\u00edbete para recibir las \u00faltimas noticias de la DSO!<\/h1>\n\t\t\t\t<a class=\"su__message\" href=\"\">\n                    \t\t\t\t\t<div class=\"su__mail-icon\">\n\t\t\t\t\t\t<svg xmlns=\"http:\/\/www.w3.org\/2000\/svg\" viewbox=\"0 0 31 31\">\n\n\t\t\t\t\t\t\t<path fill=\"#fff\" d=\"M19368,23121a15,15,0,0,1-.156-30.006h.318A15,15,0,0,1,19368,23121Zm-6.162-21.168a1.538,1.538,0,0,0-1.531,1.543l-.012,9.244a1.544,1.544,0,0,0,1.543,1.543h12.33a1.542,1.542,0,0,0,1.539-1.543v-9.244a1.542,1.542,0,0,0-1.539-1.543Zm6.162,6.934v0l-6.162-3.85v-1.539l6.162,3.854,6.168-3.854v1.539l-6.168,3.85Z\" transform=\"translate(-19352.998 -23090.998)\"\/>\n\n\t\t\t\t\t\t<\/svg>\n\t\t\t\t\t<\/div>\n                    \t\t\t\t\t<span>\u00danete a nuestra lista de correo electr\u00f3nico<\/span>\n\t\t\t\t<\/a>\n\t\t\t<\/div>\n\t\t<\/div>\n\t<\/div>\n<\/div>","protected":false},"excerpt":{"rendered":"<p>Vea los eventos y funciones disponibles para mejorar su experiencia en los conciertos.<\/p>","protected":false},"author":3,"featured_media":568,"parent":559,"menu_order":0,"comment_status":"closed","ping_status":"closed","template":"","meta":{"_acf_changed":false,"footnotes":""},"class_list":["post-567","page","type-page","status-publish","has-post-thumbnail","hentry"],"acf":[],"_links":{"self":[{"href":"https:\/\/www.dallassymphony.org\/es\/wp-json\/wp\/v2\/pages\/567","targetHints":{"allow":["GET"]}}],"collection":[{"href":"https:\/\/www.dallassymphony.org\/es\/wp-json\/wp\/v2\/pages"}],"about":[{"href":"https:\/\/www.dallassymphony.org\/es\/wp-json\/wp\/v2\/types\/page"}],"author":[{"embeddable":true,"href":"https:\/\/www.dallassymphony.org\/es\/wp-json\/wp\/v2\/users\/3"}],"replies":[{"embeddable":true,"href":"https:\/\/www.dallassymphony.org\/es\/wp-json\/wp\/v2\/comments?post=567"}],"version-history":[{"count":1,"href":"https:\/\/www.dallassymphony.org\/es\/wp-json\/wp\/v2\/pages\/567\/revisions"}],"predecessor-version":[{"id":31117,"href":"https:\/\/www.dallassymphony.org\/es\/wp-json\/wp\/v2\/pages\/567\/revisions\/31117"}],"up":[{"embeddable":true,"href":"https:\/\/www.dallassymphony.org\/es\/wp-json\/wp\/v2\/pages\/559"}],"wp:featuredmedia":[{"embeddable":true,"href":"https:\/\/www.dallassymphony.org\/es\/wp-json\/wp\/v2\/media\/568"}],"wp:attachment":[{"href":"https:\/\/www.dallassymphony.org\/es\/wp-json\/wp\/v2\/media?parent=567"}],"curies":[{"name":"wp","href":"https:\/\/api.w.org\/{rel}","templated":true}]}}