{"id":565,"date":"2020-11-07T11:36:25","date_gmt":"2020-11-07T16:36:25","guid":{"rendered":"https:\/\/www.dallassymphony.org\/?page_id=565"},"modified":"2026-03-11T18:30:17","modified_gmt":"2026-03-11T23:30:17","slug":"dso-store","status":"publish","type":"page","link":"https:\/\/www.dallassymphony.org\/es\/plan-your-visit\/dso-store\/","title":{"rendered":"Tienda Capital One Symphony"},"content":{"rendered":"<div class=\"hero__no-img bg-blue-8\">\n\t<div class=\"container\">\n\t\t<div class=\"row\">\n\t\t\t<div class=\"col-md-10\">\n\n\t\t\t\t<ul class=\"breadcrumbs\">\n    \t<li class=\"breadcrumb__link\">\n\t\t<a class=\"a-hover\" href=\"https:\/\/www.dallassymphony.org\/es\/\">Inicio<\/a>\n\t<\/li>\n    \t<li class=\"breadcrumb__link a-styles\">\n\t\t<a class=\"a-hover\" href=\"https:\/\/www.dallassymphony.org\/es\/plan-your-visit\/\">Planifica tu visita<\/a>\n\t<\/li>\n    <\/ul>\n\n                \t\t\t\t<h1>\n                    <span >Tienda Capital One Symphony<\/span>\n                <\/h1>\n                \t\t\t<\/div>\n\t\t<\/div>\n\t<\/div>\n<\/div>\n\n\n<div class=\"text-img text-img--left\">\n\t<div class=\"container\">\n\t\t<div class=\"row\">\n\t\t\t<div class=\"col-lg-12\">\n\t\t\t\t<div class=\"text-img__wrapper\">\n\t\t\t\t\t<h1><\/h1>\n\n                    <img loading=\"lazy\" decoding=\"async\" width=\"666\" height=\"375\" src=\"https:\/\/www.dallassymphony.org\/wp-content\/uploads\/2025\/11\/Symphony-Shop-666x375.png\" class=\"d-xl-none d-block\" alt=\"\" srcset=\"https:\/\/www.dallassymphony.org\/wp-content\/uploads\/2025\/11\/Symphony-Shop-666x375.png 666w, https:\/\/www.dallassymphony.org\/wp-content\/uploads\/2025\/11\/Symphony-Shop-388x218.png 388w, https:\/\/www.dallassymphony.org\/wp-content\/uploads\/2025\/11\/Symphony-Shop-540x303.png 540w, https:\/\/www.dallassymphony.org\/wp-content\/uploads\/2025\/11\/Symphony-Shop-735x413.png 735w, https:\/\/www.dallassymphony.org\/wp-content\/uploads\/2025\/11\/Symphony-Shop-768x432.png 768w\" sizes=\"auto, (max-width: 666px) 100vw, 666px\" \/>\n\t\t\t\t\t<p>Descubra regalos selectos y hallazgos \u00fanicos. Visite la tienda de la Sinf\u00f3nica antes, durante el intermedio o despu\u00e9s del concierto. Elija entre bufandas, bolsos, joyas, ropa, decoraci\u00f3n para el hogar, cajas de m\u00fasica y mucho m\u00e1s.<\/p>\n<p><!-- \/wp:paragraph --> <!-- wp:paragraph --><\/p>\n<p>Para informaci\u00f3n adicional, por favor llame a la tienda de la sinfon\u00eda al\u00a0<strong>214.871.4066<\/strong>\u00a0o correo electr\u00f3nico\u00a0<strong>Kathryn Barrett<\/strong>, Gerente, en\u00a0<strong><a href=\"mailto:k.barrett@dalsym.com?subject=Request%20for%20Store%20Information\">k.barrett@dalsym.com<\/a><\/strong>.<\/p>\n\n                    \n                <\/div>\n                <img loading=\"lazy\" decoding=\"async\" width=\"1024\" height=\"768\" src=\"https:\/\/www.dallassymphony.org\/wp-content\/uploads\/2025\/11\/Symphony-Shop.png\" class=\"d-none d-xl-block\" alt=\"\" srcset=\"https:\/\/www.dallassymphony.org\/wp-content\/uploads\/2025\/11\/Symphony-Shop.png 1024w, https:\/\/www.dallassymphony.org\/wp-content\/uploads\/2025\/11\/Symphony-Shop-300x225.png 300w, https:\/\/www.dallassymphony.org\/wp-content\/uploads\/2025\/11\/Symphony-Shop-768x576.png 768w, https:\/\/www.dallassymphony.org\/wp-content\/uploads\/2025\/11\/Symphony-Shop-16x12.png 16w\" sizes=\"auto, (max-width: 1024px) 100vw, 1024px\" \/>\t\t\t<\/div>\n\t\t<\/div>\n\t<\/div>\n<\/div>\n\n\n<div class=\"richtext m-spacer\">\n\t<div class=\"container\">\n\t\t<div class=\"row\">\n\t\t\t<div class=\"col-10\">\n\t\t\t\t\n\n<div style=\"height:20px\" aria-hidden=\"true\" class=\"wp-block-spacer\"><\/div>\n\n\n\n<p><strong>PRESENTADO POR<\/strong><\/p>\n\n\n\n<figure class=\"wp-block-image size-medium is-resized\"><img loading=\"lazy\" decoding=\"async\" width=\"300\" height=\"108\" src=\"https:\/\/www.dallassymphony.org\/wp-content\/uploads\/2021\/04\/Capital-One-UPDATED-2021-300x108.png\" alt=\"\" class=\"wp-image-6008\" srcset=\"https:\/\/www.dallassymphony.org\/wp-content\/uploads\/2021\/04\/Capital-One-UPDATED-2021-300x108.png 300w, https:\/\/www.dallassymphony.org\/wp-content\/uploads\/2021\/04\/Capital-One-UPDATED-2021-1024x368.png 1024w, https:\/\/www.dallassymphony.org\/wp-content\/uploads\/2021\/04\/Capital-One-UPDATED-2021-768x276.png 768w, https:\/\/www.dallassymphony.org\/wp-content\/uploads\/2021\/04\/Capital-One-UPDATED-2021-1536x551.png 1536w, https:\/\/www.dallassymphony.org\/wp-content\/uploads\/2021\/04\/Capital-One-UPDATED-2021-16x6.png 16w, https:\/\/www.dallassymphony.org\/wp-content\/uploads\/2021\/04\/Capital-One-UPDATED-2021.png 2000w\" sizes=\"auto, (max-width: 300px) 100vw, 300px\" \/><\/figure>\n\n\n\t\t\t<\/div>\n\t\t<\/div>\n\t<\/div>\n\n<\/div>","protected":false},"excerpt":{"rendered":"<p>La Capital One Symphony Shop se encuentra ahora en el vest\u00edbulo del Meyerson Symphony Center. Pase antes y durante los conciertos para apoyar a su organizaci\u00f3n art\u00edstica favorita.<\/p>","protected":false},"author":3,"featured_media":3650,"parent":559,"menu_order":0,"comment_status":"closed","ping_status":"closed","template":"","meta":{"_acf_changed":false,"footnotes":""},"class_list":["post-565","page","type-page","status-publish","has-post-thumbnail","hentry"],"acf":[],"_links":{"self":[{"href":"https:\/\/www.dallassymphony.org\/es\/wp-json\/wp\/v2\/pages\/565","targetHints":{"allow":["GET"]}}],"collection":[{"href":"https:\/\/www.dallassymphony.org\/es\/wp-json\/wp\/v2\/pages"}],"about":[{"href":"https:\/\/www.dallassymphony.org\/es\/wp-json\/wp\/v2\/types\/page"}],"author":[{"embeddable":true,"href":"https:\/\/www.dallassymphony.org\/es\/wp-json\/wp\/v2\/users\/3"}],"replies":[{"embeddable":true,"href":"https:\/\/www.dallassymphony.org\/es\/wp-json\/wp\/v2\/comments?post=565"}],"version-history":[{"count":2,"href":"https:\/\/www.dallassymphony.org\/es\/wp-json\/wp\/v2\/pages\/565\/revisions"}],"predecessor-version":[{"id":30938,"href":"https:\/\/www.dallassymphony.org\/es\/wp-json\/wp\/v2\/pages\/565\/revisions\/30938"}],"up":[{"embeddable":true,"href":"https:\/\/www.dallassymphony.org\/es\/wp-json\/wp\/v2\/pages\/559"}],"wp:featuredmedia":[{"embeddable":true,"href":"https:\/\/www.dallassymphony.org\/es\/wp-json\/wp\/v2\/media\/3650"}],"wp:attachment":[{"href":"https:\/\/www.dallassymphony.org\/es\/wp-json\/wp\/v2\/media?parent=565"}],"curies":[{"name":"wp","href":"https:\/\/api.w.org\/{rel}","templated":true}]}}