{"id":561,"date":"2020-11-07T11:34:02","date_gmt":"2020-11-07T16:34:02","guid":{"rendered":"https:\/\/www.dallassymphony.org\/?page_id=561"},"modified":"2026-01-14T11:25:33","modified_gmt":"2026-01-14T17:25:33","slug":"directions-parking","status":"publish","type":"page","link":"https:\/\/www.dallassymphony.org\/es\/plan-your-visit\/directions-parking\/","title":{"rendered":"C\u00f3mo llegar y aparcar"},"content":{"rendered":"<div class=\"hero__no-img bg-blue-8\">\n\t<div class=\"container\">\n\t\t<div class=\"row\">\n\t\t\t<div class=\"col-md-10\">\n\n\t\t\t\t<ul class=\"breadcrumbs\">\n    \t<li class=\"breadcrumb__link\">\n\t\t<a class=\"a-hover\" href=\"https:\/\/www.dallassymphony.org\/es\/\">Inicio<\/a>\n\t<\/li>\n    \t<li class=\"breadcrumb__link a-styles\">\n\t\t<a class=\"a-hover\" href=\"https:\/\/www.dallassymphony.org\/es\/plan-your-visit\/\">Planifica tu visita<\/a>\n\t<\/li>\n    <\/ul>\n\n                \t\t\t\t<h1>\n                    <span >C\u00f3mo llegar y aparcar<\/span>\n                <\/h1>\n                \t\t\t<\/div>\n\t\t<\/div>\n\t<\/div>\n<\/div>\n\n\n<div class=\"richtext m-spacer\">\n\t<div class=\"container\">\n\t\t<div class=\"row\">\n\t\t\t<div class=\"col-10\">\n\t\t\t\t\n<section class=\"bulk-content m-spacer\">\n    <div class=\"container\">\n        <div class=\"row\">\n            <div class=\"col-lg-12\">\n                <!-- wp:quote -->\n<blockquote class=\"wp-block-quote\"><!-- wp:paragraph -->\n<p><strong>\u00a1Alerta de obras!<\/strong> Los carriles en direcci\u00f3n norte de Pearl Street, entre Woodall Rodgers Service Road y Ross Avenue, est\u00e1n cerrados temporalmente. Para evitar retrasos debido al cierre de las calles, te recomendamos que calcules m\u00e1s tiempo para el trayecto y as\u00ed llegar a tiempo a tu pr\u00f3ximo concierto. Para obtener m\u00e1s informaci\u00f3n, consulta el mapa que aparece a continuaci\u00f3n.<\/p>\n<!-- \/wp:paragraph -->\n\n<!-- wp:image {\"id\":31158,\"sizeSlug\":\"large\",\"linkDestination\":\"none\",\"align\":\"center\"} -->\n<figure class=\"wp-block-image aligncenter size-large\"><img loading=\"lazy\" decoding=\"async\" width=\"1024\" height=\"919\" src=\"https:\/\/www.dallassymphony.org\/wp-content\/uploads\/2026\/01\/2026-Pearl-Closure-Map-04-09-26_South-1024x919.jpg\" alt=\"\" class=\"wp-image-31158\" srcset=\"https:\/\/www.dallassymphony.org\/wp-content\/uploads\/2026\/01\/2026-Pearl-Closure-Map-04-09-26_South-1024x919.jpg 1024w, https:\/\/www.dallassymphony.org\/wp-content\/uploads\/2026\/01\/2026-Pearl-Closure-Map-04-09-26_South-300x269.jpg 300w, https:\/\/www.dallassymphony.org\/wp-content\/uploads\/2026\/01\/2026-Pearl-Closure-Map-04-09-26_South-768x689.jpg 768w, https:\/\/www.dallassymphony.org\/wp-content\/uploads\/2026\/01\/2026-Pearl-Closure-Map-04-09-26_South-13x12.jpg 13w, https:\/\/www.dallassymphony.org\/wp-content\/uploads\/2026\/01\/2026-Pearl-Closure-Map-04-09-26_South.jpg 1275w\" sizes=\"auto, (max-width: 1024px) 100vw, 1024px\" \/><\/figure>\n<!-- \/wp:image --><\/blockquote>\n<!-- \/wp:quote -->            <\/div>\n        <\/div>\n    <\/div>\n<\/section>\n\n\n\n<h3 class=\"wp-block-heading\"><strong>Direcci\u00f3n<\/strong><\/h3>\n\n\n\n<p>El Centro Sinf\u00f3nico Morton H. Meyerson<br>2301 Flora Street | Dallas, TX 75201<br><a href=\"https:\/\/www.google.com\/maps\/dir\/Dallas+Symphony+Orchestra+at+Meyerson+Symphony+Center,+2301+Flora+St,+Dallas,+TX+75201\/@32.7898792,-96.8686358,12z\/data=!3m1!4b1!4m8!4m7!1m0!1m5!1m1!1s0x864e992447237f91:0x741538d78f9f9c91!2m2!1d-96.7985956!2d32.7898987\" target=\"_blank\" rel=\"noreferrer noopener\">Obtener indicaciones personalizadas<\/a> <\/p>\n\n\n\n<div style=\"height:30px\" aria-hidden=\"true\" class=\"wp-block-spacer\"><\/div>\n\n\n\n<h3 class=\"wp-block-heading\" id=\"h-valet-parking\"><strong>Aparcamiento con servicio de aparcacoches<\/strong><\/h3>\n\n\n\n<ul class=\"wp-block-list\">\n<li>Disponible cerca de la entrada Meyerson en Flora St.<\/li>\n<\/ul>\n\n\n\n<ul class=\"wp-block-list\">\n<li>Servicio de aparcacoches accesible en HALL Arts Valet Circle (planta baja). Entre por Pearl &amp; Munger o por la v\u00eda de servicio Woodall Rodgers.<\/li>\n<\/ul>\n\n\n\n<ul class=\"wp-block-list\">\n<li>Pago: en efectivo, con tarjeta o con vales de prepago DSO.<\/li>\n<\/ul>\n\n\n\n<div style=\"height:30px\" aria-hidden=\"true\" class=\"wp-block-spacer\"><\/div>\n\n\n\n<h3 class=\"wp-block-heading\" id=\"h-hall-arts-parking\"><strong>HALL Arts Aparcamiento<\/strong><\/h3>\n\n\n\n<ul class=\"wp-block-list\">\n<li>Garaje subterr\u00e1neo de siete niveles en el Distrito de las Artes de Dallas.<\/li>\n<\/ul>\n\n\n\n<ul class=\"wp-block-list\">\n<li>Aparcamiento DSO en los niveles 5-7; plazas accesibles en los niveles 4-7.<\/li>\n<\/ul>\n\n\n\n<ul class=\"wp-block-list\">\n<li>M\u00faltiples ascensores con acceso cubierto.<\/li>\n<\/ul>\n\n\n\n<ul class=\"wp-block-list\">\n<li>Pago: tarjeta y bono prepago DSO<\/li>\n<\/ul>\n\n\n\n<div style=\"height:30px\" aria-hidden=\"true\" class=\"wp-block-spacer\"><\/div>\n\n\n\n<h3 class=\"wp-block-heading\"><strong>Acceso por ascensor<\/strong><\/h3>\n\n\n\n<ul class=\"wp-block-list\">\n<li>Los clientes accesibles deber\u00e1n bajarse en la entrada de la calle Flora o en Valet Circle antes de aparcar.<\/li>\n<\/ul>\n\n\n\n<ul class=\"wp-block-list\">\n<li>Utilice los ascensores Crockett (Catedral) (niveles P4-P7 \u2192 pulse P3 \u2192 Symphony Walkway \u2192 entrada Meyerson del nivel inferior).<\/li>\n<\/ul>\n\n\n\n<div style=\"height:30px\" aria-hidden=\"true\" class=\"wp-block-spacer\"><\/div>\n\n\n\n<h3 class=\"wp-block-heading\"><strong>Otras opciones de aparcamiento<\/strong><\/h3>\n\n\n\n<ul class=\"wp-block-list\">\n<li><strong>Garaje Pearl 1900<\/strong> - Acepta tarjetas, efectivo y vales DSO.<\/li>\n<\/ul>\n\n\n\n<ul class=\"wp-block-list\">\n<li><strong>Lote One Arts Plaza<\/strong> - Situado en Flora &amp; Routh. Acepta pago por m\u00f3vil. A poca distancia de Meyerson. <\/li>\n<\/ul>\n\n\n\n<ul class=\"wp-block-list\">\n<li><strong>2508 Ross Ave Lote<\/strong> - Cinco minutos a pie; opci\u00f3n rentable.<\/li>\n<\/ul>\n\n\n\n<p><em>(*) Por favor, tenga en cuenta que estos aparcamientos no son propiedad ni est\u00e1n gestionados por la Asociaci\u00f3n de la Sinf\u00f3nica de Dallas.  Los precios pueden variar y cambiar sin previo aviso.<\/em><\/p>\n\n\n\n<div style=\"height:30px\" aria-hidden=\"true\" class=\"wp-block-spacer\"><\/div>\n\n\n\n<h3 class=\"wp-block-heading\" id=\"h-dart-public-transportation\"><strong>Transporte p\u00fablico<\/strong><\/h3>\n\n\n\n<ul class=\"wp-block-list\">\n<li><strong>Autob\u00fas DART: <\/strong>Parada en Pearl &amp; Ross (a 1 manzana).<\/li>\n<\/ul>\n\n\n\n<ul class=\"wp-block-list\">\n<li><strong>Tren DART: <\/strong>Parada en Pearl &amp; Bryan (a 3 manzanas). L\u00edneas roja, azul, naranja y verde.<\/li>\n<\/ul>\n\n\n\n<p>Para m\u00e1s informaci\u00f3n, visite <a href=\"https:\/\/www.dart.org\/\" target=\"_blank\" rel=\"noreferrer noopener\">Sitio web de DART<\/a>.<\/p>\n\n\n\n<div style=\"height:30px\" aria-hidden=\"true\" class=\"wp-block-spacer\"><\/div>\n\n\n\n<h3 class=\"wp-block-heading\" id=\"h-private-transportation\"><strong>Autobuses para grupos y ch\u00e1rter<\/strong><\/h3>\n\n\n\n<ul class=\"wp-block-list\">\n<li><a href=\"https:\/\/www.lonestarcoaches.com\/bus-charter-service\" target=\"_blank\" rel=\"noreferrer noopener\">Los entrenadores de Lone Star<\/a>: 972-623-1100<\/li>\n<\/ul>\n\n\n\n<ul class=\"wp-block-list\">\n<li><a href=\"https:\/\/www.nationalbuscharter.com\/dallas-charter-bus\" target=\"_blank\" rel=\"noopener\">National Charter Bus Dallas<\/a>: 214-206-1981<\/li>\n<\/ul>\n\n\n\n<ul class=\"wp-block-list\">\n<li>Otros proveedores: <a href=\"https:\/\/www.texascharterbuscompany.com\/dallas-charter-bus\" target=\"_blank\" rel=\"noopener\">La compa\u00f1\u00eda de autobuses de Dallas Charter<\/a>, <a href=\"https:\/\/www.longhorncharterbus.com\/dallas-charter-bus\" target=\"_blank\" rel=\"noopener\">Longhorn Charter Bus Dallas<\/a>, <a href=\"https:\/\/gogocharters.com\/dallas-charter-bus\" target=\"_blank\" rel=\"noopener\">GOGO Charters Dallas<\/a><\/li>\n<\/ul>\n\n\n\t\t\t<\/div>\n\t\t<\/div>\n\t<\/div>\n\n<\/div>","protected":false},"excerpt":{"rendered":"<p>El Centro Sinf\u00f3nico Morton H. Meyerson est\u00e1 ubicado en el coraz\u00f3n del Distrito de las Artes de Dallas, en el 2301 de la calle Flora | Dallas, TX 75201.<\/p>","protected":false},"author":3,"featured_media":3652,"parent":559,"menu_order":0,"comment_status":"closed","ping_status":"closed","template":"","meta":{"_acf_changed":false,"footnotes":""},"class_list":["post-561","page","type-page","status-publish","has-post-thumbnail","hentry"],"acf":[],"_links":{"self":[{"href":"https:\/\/www.dallassymphony.org\/es\/wp-json\/wp\/v2\/pages\/561","targetHints":{"allow":["GET"]}}],"collection":[{"href":"https:\/\/www.dallassymphony.org\/es\/wp-json\/wp\/v2\/pages"}],"about":[{"href":"https:\/\/www.dallassymphony.org\/es\/wp-json\/wp\/v2\/types\/page"}],"author":[{"embeddable":true,"href":"https:\/\/www.dallassymphony.org\/es\/wp-json\/wp\/v2\/users\/3"}],"replies":[{"embeddable":true,"href":"https:\/\/www.dallassymphony.org\/es\/wp-json\/wp\/v2\/comments?post=561"}],"version-history":[{"count":0,"href":"https:\/\/www.dallassymphony.org\/es\/wp-json\/wp\/v2\/pages\/561\/revisions"}],"up":[{"embeddable":true,"href":"https:\/\/www.dallassymphony.org\/es\/wp-json\/wp\/v2\/pages\/559"}],"wp:featuredmedia":[{"embeddable":true,"href":"https:\/\/www.dallassymphony.org\/es\/wp-json\/wp\/v2\/media\/3652"}],"wp:attachment":[{"href":"https:\/\/www.dallassymphony.org\/es\/wp-json\/wp\/v2\/media?parent=561"}],"curies":[{"name":"wp","href":"https:\/\/api.w.org\/{rel}","templated":true}]}}