{"id":559,"date":"2020-11-07T11:33:26","date_gmt":"2020-11-07T17:33:26","guid":{"rendered":"https:\/\/www.dallassymphony.org\/?page_id=559"},"modified":"2026-03-24T15:42:14","modified_gmt":"2026-03-24T20:42:14","slug":"plan-your-visit","status":"publish","type":"page","link":"https:\/\/www.dallassymphony.org\/es\/plan-your-visit\/","title":{"rendered":"Planifica tu visita"},"content":{"rendered":"<div class=\"hero__no-img bg-blue-8\">\n\t<div class=\"container\">\n\t\t<div class=\"row\">\n\t\t\t<div class=\"col-md-10\">\n\n\t\t\t\t<ul class=\"breadcrumbs\">\n    \t<li class=\"breadcrumb__link\">\n\t\t<a class=\"a-hover\" href=\"https:\/\/www.dallassymphony.org\/es\/\">Inicio<\/a>\n\t<\/li>\n    <\/ul>\n\n                \t\t\t\t<h1>\n                    <span >Planifica tu visita<\/span>\n                <\/h1>\n                \t\t\t<\/div>\n\t\t<\/div>\n\t<\/div>\n<\/div>\n\n\n<div class=\"richtext m-spacer\">\n\t<div class=\"container\">\n\t\t<div class=\"row\">\n\t\t\t<div class=\"col-10\">\n\t\t\t\t\n\n<h2 class=\"wp-block-heading\" id=\"h-welcome-to-your-dallas-symphony\">Bienvenido a la Orquesta Sinf\u00f3nica de Dallas.<\/h2>\n\n\n\n<p>Mientras est\u00e9 aqu\u00ed, aparque con facilidad, explore el barrio, pruebe nuestros servicios internos y participe en los numerosos extras de los conciertos que ofrece la DSO.<\/p>\n\n\n<div class=\"dso__accordion m-spacer\">\n    <div class=\"container\">\n        <div class=\"row\">\n            <div class=\"col-lg-12\">\n                <div class=\"accordion__intro-wrapper\">\n                    <h1><\/h1>\n                    <p><\/p>\n                <\/div>\n            <\/div>\n        <\/div>\n\t\t<div class=\"row\">\n\t\t\t<div class=\"col-md-10 offset-md-1\">\n\t\t\t\t<div class=\"accordion\" id=\"accordion-d41d8cd98f00b204e9800998ecf8427e\">\n\t\t\t\t\t<div class=\"card\">\n\t<button id=\"heading5c0c3e2fc6747eb347c1ed9e4ff28827\" class=\"dso__accordion-toggle\" type=\"button\" data-toggle=\"collapse\" data-target=\"#collapse5c0c3e2fc6747eb347c1ed9e4ff28827\" aria-expanded=\"false\" aria-controls=\"collapse5c0c3e2fc6747eb347c1ed9e4ff28827\">\n\t\tCu\u00e1ndo llegar\t\t<span class=\"plus-sign\">\n            <svg xmlns=\"http:\/\/www.w3.org\/2000\/svg\" width=\"25\" height=\"25\" viewbox=\"0 0 25 25\">\n                <g transform=\"translate(211.054 -145.186) rotate(135)\"><rect width=\"25\" height=\"3\" transform=\"translate(242.001 36.678) rotate(-45)\"\/><rect width=\"25\" height=\"3\" transform=\"translate(244.12 19) rotate(45)\"\/><\/g>\n            <\/svg>\n        <\/span>\n\t<\/button>\n\n\t<div id=\"collapse5c0c3e2fc6747eb347c1ed9e4ff28827\" class=\"collapse\" aria-labelledby=\"heading5c0c3e2fc6747eb347c1ed9e4ff28827\" data-parent=\"#accordion-d41d8cd98f00b204e9800998ecf8427e\">\n\t\t<div class=\"card-body\">\n\t\t\t<ul>\n<li>Recomendamos llegar y estacionarse al menos 30 minutos antes del inicio del concierto para evitar posibles retrasos.<\/li>\n<li>El Centro de Atenci\u00f3n al Cliente, Opus (nuestro restaurante buf\u00e9) y la tienda Symphony Shop abren dos horas antes de cada concierto para su comodidad y disfrute.<\/li>\n<li>La sala de conciertos abre 30 minutos antes del inicio de cada concierto programado.<\/li>\n<li>Los que lleguen tarde se sentar\u00e1n en el asiento m\u00e1s accesible a discreci\u00f3n del director de la sala.<\/li>\n<\/ul>\n\t\t<\/div>\n\t<\/div>\n<\/div><div class=\"card\">\n\t<button id=\"heading8d8013a7fefbf36269ca6240becb36ac\" class=\"dso__accordion-toggle\" type=\"button\" data-toggle=\"collapse\" data-target=\"#collapse8d8013a7fefbf36269ca6240becb36ac\" aria-expanded=\"false\" aria-controls=\"collapse8d8013a7fefbf36269ca6240becb36ac\">\n\t\tAccesibilidad\t\t<span class=\"plus-sign\">\n            <svg xmlns=\"http:\/\/www.w3.org\/2000\/svg\" width=\"25\" height=\"25\" viewbox=\"0 0 25 25\">\n                <g transform=\"translate(211.054 -145.186) rotate(135)\"><rect width=\"25\" height=\"3\" transform=\"translate(242.001 36.678) rotate(-45)\"\/><rect width=\"25\" height=\"3\" transform=\"translate(244.12 19) rotate(45)\"\/><\/g>\n            <\/svg>\n        <\/span>\n\t<\/button>\n\n\t<div id=\"collapse8d8013a7fefbf36269ca6240becb36ac\" class=\"collapse\" aria-labelledby=\"heading8d8013a7fefbf36269ca6240becb36ac\" data-parent=\"#accordion-d41d8cd98f00b204e9800998ecf8427e\">\n\t\t<div class=\"card-body\">\n\t\t\t<ul>\n<li>Las rampas del vest\u00edbulo principal, situadas en los lados este y oeste del Morton H. Meyerson Symphony Center, conducen a los niveles Orchestra Floor y Orchestra Terrace.<\/li>\n<li>Los asientos ADA solo se encuentran en el nivel Orchestra Terrace.<\/li>\n<li>Todos los ba\u00f1os del Morton H. Meyerson Symphony Center cuentan con cabinas accesibles seg\u00fan la ADA.<\/li>\n<\/ul>\n\t\t<\/div>\n\t<\/div>\n<\/div><div class=\"card\">\n\t<button id=\"heading58ce7deda1a7cccb297371bde4cbebf2\" class=\"dso__accordion-toggle\" type=\"button\" data-toggle=\"collapse\" data-target=\"#collapse58ce7deda1a7cccb297371bde4cbebf2\" aria-expanded=\"false\" aria-controls=\"collapse58ce7deda1a7cccb297371bde4cbebf2\">\n\t\tFotograf\u00eda y video con flash\t\t<span class=\"plus-sign\">\n            <svg xmlns=\"http:\/\/www.w3.org\/2000\/svg\" width=\"25\" height=\"25\" viewbox=\"0 0 25 25\">\n                <g transform=\"translate(211.054 -145.186) rotate(135)\"><rect width=\"25\" height=\"3\" transform=\"translate(242.001 36.678) rotate(-45)\"\/><rect width=\"25\" height=\"3\" transform=\"translate(244.12 19) rotate(45)\"\/><\/g>\n            <\/svg>\n        <\/span>\n\t<\/button>\n\n\t<div id=\"collapse58ce7deda1a7cccb297371bde4cbebf2\" class=\"collapse\" aria-labelledby=\"heading58ce7deda1a7cccb297371bde4cbebf2\" data-parent=\"#accordion-d41d8cd98f00b204e9800998ecf8427e\">\n\t\t<div class=\"card-body\">\n\t\t\t<ul>\n<li>No se permite filmar, tomar fotos ni grabar el evento.<\/li>\n<li>Queda terminantemente prohibido el uso de equipos de grabaci\u00f3n fotogr\u00e1fica, de audio o de v\u00eddeo.<\/li>\n<\/ul>\n\t\t<\/div>\n\t<\/div>\n<\/div><div class=\"card\">\n\t<button id=\"headingc0b1d0452537778e388e2da36a913974\" class=\"dso__accordion-toggle\" type=\"button\" data-toggle=\"collapse\" data-target=\"#collapsec0b1d0452537778e388e2da36a913974\" aria-expanded=\"false\" aria-controls=\"collapsec0b1d0452537778e388e2da36a913974\">\n\t\tNi\u00f1os\t\t<span class=\"plus-sign\">\n            <svg xmlns=\"http:\/\/www.w3.org\/2000\/svg\" width=\"25\" height=\"25\" viewbox=\"0 0 25 25\">\n                <g transform=\"translate(211.054 -145.186) rotate(135)\"><rect width=\"25\" height=\"3\" transform=\"translate(242.001 36.678) rotate(-45)\"\/><rect width=\"25\" height=\"3\" transform=\"translate(244.12 19) rotate(45)\"\/><\/g>\n            <\/svg>\n        <\/span>\n\t<\/button>\n\n\t<div id=\"collapsec0b1d0452537778e388e2da36a913974\" class=\"collapse\" aria-labelledby=\"headingc0b1d0452537778e388e2da36a913974\" data-parent=\"#accordion-d41d8cd98f00b204e9800998ecf8427e\">\n\t\t<div class=\"card-body\">\n\t\t\t<ul>\n<li>Los asistentes de todas las edades (incluidos los beb\u00e9s) deben tener un boleto para entrar al Eugene McDermott Concert Hall, seg\u00fan el C\u00f3digo de Incendios de Dallas.<\/li>\n<li>Los menores de 4 a\u00f1os no pueden asistir a los conciertos de m\u00fasica cl\u00e1sica.<\/li>\n<\/ul>\n\t\t<\/div>\n\t<\/div>\n<\/div><div class=\"card\">\n\t<button id=\"heading3f261e853880dd9bf6ea3bd64bc0acf8\" class=\"dso__accordion-toggle\" type=\"button\" data-toggle=\"collapse\" data-target=\"#collapse3f261e853880dd9bf6ea3bd64bc0acf8\" aria-expanded=\"false\" aria-controls=\"collapse3f261e853880dd9bf6ea3bd64bc0acf8\">\n\t\tCierre del edificio despu\u00e9s de los conciertos\t\t<span class=\"plus-sign\">\n            <svg xmlns=\"http:\/\/www.w3.org\/2000\/svg\" width=\"25\" height=\"25\" viewbox=\"0 0 25 25\">\n                <g transform=\"translate(211.054 -145.186) rotate(135)\"><rect width=\"25\" height=\"3\" transform=\"translate(242.001 36.678) rotate(-45)\"\/><rect width=\"25\" height=\"3\" transform=\"translate(244.12 19) rotate(45)\"\/><\/g>\n            <\/svg>\n        <\/span>\n\t<\/button>\n\n\t<div id=\"collapse3f261e853880dd9bf6ea3bd64bc0acf8\" class=\"collapse\" aria-labelledby=\"heading3f261e853880dd9bf6ea3bd64bc0acf8\" data-parent=\"#accordion-d41d8cd98f00b204e9800998ecf8427e\">\n\t\t<div class=\"card-body\">\n\t\t\t<ul>\n<li>Las puertas exteriores del Morton H. Meyerson Symphony Center se cierran 30 minutos despu\u00e9s de cada concierto. Se puede acceder al estacionamiento del Hall Arts a trav\u00e9s de los elevadores p\u00fablicos de Crocket Street y Pearl Street.<\/li>\n<\/ul>\n\t\t<\/div>\n\t<\/div>\n<\/div>\t\t\t\t<\/div>\n\t\t\t<\/div>\n\t\t<\/div>\n\t<\/div>\n<\/div>\n\n\n\t\t\t<\/div>\n\t\t<\/div>\n\t<\/div>\n\n<\/div>\n\n\n<div class=\"subpage-nav grad-to-left\">\n\t<div class=\"container\">\n\t\t<div class=\"row\">\n\t\t\t<div class=\"col-md-12\">\n\t\t\t\t<h2><\/h2>\n\t\t\t<\/div>\n\t\t\t<div class=\"col-6\">\n\t<div class=\"subpage-nav__card\">\n\t\t<a href=\"https:\/\/www.dallassymphony.org\/es\/plan-your-visit\/ticket-information\/\">\n\t\t\t<div class=\"subpage-nav__img-wrapper\">\n\t\t\t\t<img loading=\"lazy\" decoding=\"async\" width=\"540\" height=\"360\" src=\"https:\/\/www.dallassymphony.org\/wp-content\/uploads\/2023\/10\/dso-10.6.2023-5-540x360.jpg\" class=\"img-fluid wp-post-image\" alt=\"\" srcset=\"https:\/\/www.dallassymphony.org\/wp-content\/uploads\/2023\/10\/dso-10.6.2023-5-540x360.jpg 540w, https:\/\/www.dallassymphony.org\/wp-content\/uploads\/2023\/10\/dso-10.6.2023-5-18x12.jpg 18w, https:\/\/www.dallassymphony.org\/wp-content\/uploads\/2023\/10\/dso-10.6.2023-5-309x206.jpg 309w, https:\/\/www.dallassymphony.org\/wp-content\/uploads\/2023\/10\/dso-10.6.2023-5-350x234.jpg 350w\" sizes=\"auto, (max-width: 540px) 100vw, 540px\" \/>\t\t\t<\/div>\n\n\t\t\t<div class=\"subpage-nav__text\">\n\t\t\t\t<p>Informaci\u00f3n sobre las entradas<\/p>\n\t\t\t<\/div>\n\t\t<\/a>\n\t<\/div>\n<\/div>\n<div class=\"col-6\">\n\t<div class=\"subpage-nav__card\">\n\t\t<a href=\"https:\/\/www.dallassymphony.org\/es\/plan-your-visit\/directions-parking\/\">\n\t\t\t<div class=\"subpage-nav__img-wrapper\">\n\t\t\t\t<img loading=\"lazy\" decoding=\"async\" width=\"540\" height=\"360\" src=\"https:\/\/www.dallassymphony.org\/wp-content\/uploads\/2020\/12\/Parking-and-Directions-1600-x-900-540x360.jpg\" class=\"img-fluid wp-post-image\" alt=\"Coches plateados en un aparcamiento\" srcset=\"https:\/\/www.dallassymphony.org\/wp-content\/uploads\/2020\/12\/Parking-and-Directions-1600-x-900-540x360.jpg 540w, https:\/\/www.dallassymphony.org\/wp-content\/uploads\/2020\/12\/Parking-and-Directions-1600-x-900-309x206.jpg 309w, https:\/\/www.dallassymphony.org\/wp-content\/uploads\/2020\/12\/Parking-and-Directions-1600-x-900-350x234.jpg 350w\" sizes=\"auto, (max-width: 540px) 100vw, 540px\" \/>\t\t\t<\/div>\n\n\t\t\t<div class=\"subpage-nav__text\">\n\t\t\t\t<p>C\u00f3mo llegar y aparcar<\/p>\n\t\t\t<\/div>\n\t\t<\/a>\n\t<\/div>\n<\/div>\n<div class=\"col-6\">\n\t<div class=\"subpage-nav__card\">\n\t\t<a href=\"https:\/\/www.dallassymphony.org\/es\/plan-your-visit\/restaurants-hotels\/\">\n\t\t\t<div class=\"subpage-nav__img-wrapper\">\n\t\t\t\t<img loading=\"lazy\" decoding=\"async\" width=\"540\" height=\"360\" src=\"https:\/\/www.dallassymphony.org\/wp-content\/uploads\/2020\/12\/Dining-and-Hotels-1600-x-900-540x360.jpg\" class=\"img-fluid wp-post-image\" alt=\"Hermosa mesa con superficies reflectantes\" srcset=\"https:\/\/www.dallassymphony.org\/wp-content\/uploads\/2020\/12\/Dining-and-Hotels-1600-x-900-540x360.jpg 540w, https:\/\/www.dallassymphony.org\/wp-content\/uploads\/2020\/12\/Dining-and-Hotels-1600-x-900-309x206.jpg 309w, https:\/\/www.dallassymphony.org\/wp-content\/uploads\/2020\/12\/Dining-and-Hotels-1600-x-900-350x234.jpg 350w\" sizes=\"auto, (max-width: 540px) 100vw, 540px\" \/>\t\t\t<\/div>\n\n\t\t\t<div class=\"subpage-nav__text\">\n\t\t\t\t<p>Restaurantes y hoteles<\/p>\n\t\t\t<\/div>\n\t\t<\/a>\n\t<\/div>\n<\/div>\n<div class=\"col-6\">\n\t<div class=\"subpage-nav__card\">\n\t\t<a href=\"https:\/\/www.dallassymphony.org\/es\/plan-your-visit\/seat-maps-and-accessibility\/\">\n\t\t\t<div class=\"subpage-nav__img-wrapper\">\n\t\t\t\t<img loading=\"lazy\" decoding=\"async\" width=\"540\" height=\"360\" src=\"https:\/\/www.dallassymphony.org\/wp-content\/uploads\/2020\/12\/Seating-Charts-Meyerson-1600-x-900-540x360.jpg\" class=\"img-fluid wp-post-image\" alt=\"Toma del interior de Meyerson Grand Tier\" srcset=\"https:\/\/www.dallassymphony.org\/wp-content\/uploads\/2020\/12\/Seating-Charts-Meyerson-1600-x-900-540x360.jpg 540w, https:\/\/www.dallassymphony.org\/wp-content\/uploads\/2020\/12\/Seating-Charts-Meyerson-1600-x-900-309x206.jpg 309w, https:\/\/www.dallassymphony.org\/wp-content\/uploads\/2020\/12\/Seating-Charts-Meyerson-1600-x-900-350x234.jpg 350w\" sizes=\"auto, (max-width: 540px) 100vw, 540px\" \/>\t\t\t<\/div>\n\n\t\t\t<div class=\"subpage-nav__text\">\n\t\t\t\t<p>Mapas de plazas y accesibilidad<\/p>\n\t\t\t<\/div>\n\t\t<\/a>\n\t<\/div>\n<\/div>\n<div class=\"col-6\">\n\t<div class=\"subpage-nav__card\">\n\t\t<a href=\"https:\/\/www.dallassymphony.org\/es\/plan-your-visit\/enhance-your-experience\/\">\n\t\t\t<div class=\"subpage-nav__img-wrapper\">\n\t\t\t\t<img loading=\"lazy\" decoding=\"async\" width=\"540\" height=\"360\" src=\"https:\/\/www.dallassymphony.org\/wp-content\/uploads\/2020\/11\/enhance-your-experience-meet-the-musicians-1600x1076-1-540x360.jpg\" class=\"img-fluid wp-post-image\" alt=\"Gemma New mezcl\u00e1ndose con los clientes despu\u00e9s del concierto\" srcset=\"https:\/\/www.dallassymphony.org\/wp-content\/uploads\/2020\/11\/enhance-your-experience-meet-the-musicians-1600x1076-1-540x360.jpg 540w, https:\/\/www.dallassymphony.org\/wp-content\/uploads\/2020\/11\/enhance-your-experience-meet-the-musicians-1600x1076-1-16x12.jpg 16w, https:\/\/www.dallassymphony.org\/wp-content\/uploads\/2020\/11\/enhance-your-experience-meet-the-musicians-1600x1076-1-309x206.jpg 309w\" sizes=\"auto, (max-width: 540px) 100vw, 540px\" \/>\t\t\t<\/div>\n\n\t\t\t<div class=\"subpage-nav__text\">\n\t\t\t\t<p>Mejora tu experiencia<\/p>\n\t\t\t<\/div>\n\t\t<\/a>\n\t<\/div>\n<\/div>\n<div class=\"col-6\">\n\t<div class=\"subpage-nav__card\">\n\t\t<a href=\"https:\/\/www.dallassymphony.org\/es\/plan-your-visit\/guest-services\/\">\n\t\t\t<div class=\"subpage-nav__img-wrapper\">\n\t\t\t\t<img loading=\"lazy\" decoding=\"async\" width=\"540\" height=\"360\" src=\"https:\/\/www.dallassymphony.org\/wp-content\/uploads\/2020\/11\/guest-services-1600x1076-1-540x360.jpg\" class=\"img-fluid wp-post-image\" alt=\"Usher ayudando a los invitados con sus entradas\" srcset=\"https:\/\/www.dallassymphony.org\/wp-content\/uploads\/2020\/11\/guest-services-1600x1076-1-540x360.jpg 540w, https:\/\/www.dallassymphony.org\/wp-content\/uploads\/2020\/11\/guest-services-1600x1076-1-16x12.jpg 16w, https:\/\/www.dallassymphony.org\/wp-content\/uploads\/2020\/11\/guest-services-1600x1076-1-309x206.jpg 309w\" sizes=\"auto, (max-width: 540px) 100vw, 540px\" \/>\t\t\t<\/div>\n\n\t\t\t<div class=\"subpage-nav__text\">\n\t\t\t\t<p>Servicios para los hu\u00e9spedes<\/p>\n\t\t\t<\/div>\n\t\t<\/a>\n\t<\/div>\n<\/div>\n\t\t<\/div>\n\t<\/div>\n<\/div>\n\n\n<div class=\"text-img text-img--right\">\n\t<div class=\"container\">\n\t\t<div class=\"row\">\n\t\t\t<div class=\"col-lg-12\">\n\t\t\t\t<div class=\"text-img__wrapper\">\n\t\t\t\t\t<h1>Gu\u00eda del visitante del distrito de las artes de Dallas<\/h1>\n\n                    <img loading=\"lazy\" decoding=\"async\" width=\"666\" height=\"375\" src=\"https:\/\/www.dallassymphony.org\/wp-content\/uploads\/2020\/11\/History_DSO_Meyerson-Symphony-Center-1600x1076-2-666x375.jpg\" class=\"d-xl-none d-block\" alt=\"Historia de la Orquesta Sinf\u00f3nica de Dallas\" srcset=\"https:\/\/www.dallassymphony.org\/wp-content\/uploads\/2020\/11\/History_DSO_Meyerson-Symphony-Center-1600x1076-2-666x375.jpg 666w, https:\/\/www.dallassymphony.org\/wp-content\/uploads\/2020\/11\/History_DSO_Meyerson-Symphony-Center-1600x1076-2-388x218.jpg 388w, https:\/\/www.dallassymphony.org\/wp-content\/uploads\/2020\/11\/History_DSO_Meyerson-Symphony-Center-1600x1076-2-540x303.jpg 540w, https:\/\/www.dallassymphony.org\/wp-content\/uploads\/2020\/11\/History_DSO_Meyerson-Symphony-Center-1600x1076-2-735x413.jpg 735w, https:\/\/www.dallassymphony.org\/wp-content\/uploads\/2020\/11\/History_DSO_Meyerson-Symphony-Center-1600x1076-2-768x432.jpg 768w, https:\/\/www.dallassymphony.org\/wp-content\/uploads\/2020\/11\/History_DSO_Meyerson-Symphony-Center-1600x1076-2-1600x900.jpg 1600w\" sizes=\"auto, (max-width: 666px) 100vw, 666px\" \/>\n\t\t\t\t\t<p>Explore y descubra m\u00e1s sobre lo que ocurre en el Distrito de las Artes.<\/p>\n\n                    \t\t\t\t\t<a class=\"a-hover\" href=\"https:\/\/www.dallasartsdistrict.org\/visitors-guide-2024-2025\/\" target=\"_blank\" rel=\"noopener\">Vea<\/a>\n                    \n                <\/div>\n                <img loading=\"lazy\" decoding=\"async\" width=\"1600\" height=\"900\" src=\"https:\/\/www.dallassymphony.org\/wp-content\/uploads\/2020\/11\/History_DSO_Meyerson-Symphony-Center-1600x1076-2-1600x900.jpg\" class=\"d-none d-xl-block ml-auto\" alt=\"Historia de la Orquesta Sinf\u00f3nica de Dallas\" srcset=\"https:\/\/www.dallassymphony.org\/wp-content\/uploads\/2020\/11\/History_DSO_Meyerson-Symphony-Center-1600x1076-2-1600x900.jpg 1600w, https:\/\/www.dallassymphony.org\/wp-content\/uploads\/2020\/11\/History_DSO_Meyerson-Symphony-Center-1600x1076-2-388x218.jpg 388w, https:\/\/www.dallassymphony.org\/wp-content\/uploads\/2020\/11\/History_DSO_Meyerson-Symphony-Center-1600x1076-2-540x303.jpg 540w, https:\/\/www.dallassymphony.org\/wp-content\/uploads\/2020\/11\/History_DSO_Meyerson-Symphony-Center-1600x1076-2-666x375.jpg 666w, https:\/\/www.dallassymphony.org\/wp-content\/uploads\/2020\/11\/History_DSO_Meyerson-Symphony-Center-1600x1076-2-735x413.jpg 735w, https:\/\/www.dallassymphony.org\/wp-content\/uploads\/2020\/11\/History_DSO_Meyerson-Symphony-Center-1600x1076-2-768x432.jpg 768w\" sizes=\"auto, (max-width: 1600px) 100vw, 1600px\" \/>\t\t\t<\/div>\n\t\t<\/div>\n\t<\/div>\n<\/div>\n\n\n<div class=\"text-img text-img--left\">\n\t<div class=\"container\">\n\t\t<div class=\"row\">\n\t\t\t<div class=\"col-lg-12\">\n\t\t\t\t<div class=\"text-img__wrapper\">\n\t\t\t\t\t<h1>Pagos sin efectivo<\/h1>\n\n                    <img loading=\"lazy\" decoding=\"async\" width=\"666\" height=\"375\" src=\"https:\/\/www.dallassymphony.org\/wp-content\/uploads\/2022\/11\/Cashless-Payment-1600x900-1-666x375.png\" class=\"d-xl-none d-block\" alt=\"\" srcset=\"https:\/\/www.dallassymphony.org\/wp-content\/uploads\/2022\/11\/Cashless-Payment-1600x900-1-666x375.png 666w, https:\/\/www.dallassymphony.org\/wp-content\/uploads\/2022\/11\/Cashless-Payment-1600x900-1-300x169.png 300w, https:\/\/www.dallassymphony.org\/wp-content\/uploads\/2022\/11\/Cashless-Payment-1600x900-1-1024x576.png 1024w, https:\/\/www.dallassymphony.org\/wp-content\/uploads\/2022\/11\/Cashless-Payment-1600x900-1-768x432.png 768w, https:\/\/www.dallassymphony.org\/wp-content\/uploads\/2022\/11\/Cashless-Payment-1600x900-1-1536x864.png 1536w, https:\/\/www.dallassymphony.org\/wp-content\/uploads\/2022\/11\/Cashless-Payment-1600x900-1-18x10.png 18w, https:\/\/www.dallassymphony.org\/wp-content\/uploads\/2022\/11\/Cashless-Payment-1600x900-1-388x218.png 388w, https:\/\/www.dallassymphony.org\/wp-content\/uploads\/2022\/11\/Cashless-Payment-1600x900-1-540x303.png 540w, https:\/\/www.dallassymphony.org\/wp-content\/uploads\/2022\/11\/Cashless-Payment-1600x900-1-735x413.png 735w, https:\/\/www.dallassymphony.org\/wp-content\/uploads\/2022\/11\/Cashless-Payment-1600x900-1.png 1600w\" sizes=\"auto, (max-width: 666px) 100vw, 666px\" \/>\n\t\t\t\t\t<p>El Morton H. Meyerson Symphony Center es ahora un centro sin dinero en efectivo (s\u00f3lo con tarjeta de cr\u00e9dito o d\u00e9bito).<\/p>\n<p>Para disfrutar de una experiencia perfecta, pida sus bebidas en el intermedio en la aplicaci\u00f3n Noble antes del espect\u00e1culo y s\u00e1ltese la cola.<\/p>\n\n                    \t\t\t\t\t<a class=\"a-hover\" href=\"https:\/\/www.dallassymphony.org\/es\/covid-19-protocols\/\">Haga su pedido ahora<\/a>\n                    \n                <\/div>\n                <img loading=\"lazy\" decoding=\"async\" width=\"1600\" height=\"900\" src=\"https:\/\/www.dallassymphony.org\/wp-content\/uploads\/2022\/11\/Cashless-Payment-1600x900-1-1600x900.png\" class=\"d-none d-xl-block\" alt=\"\" srcset=\"https:\/\/www.dallassymphony.org\/wp-content\/uploads\/2022\/11\/Cashless-Payment-1600x900-1.png 1600w, https:\/\/www.dallassymphony.org\/wp-content\/uploads\/2022\/11\/Cashless-Payment-1600x900-1-300x169.png 300w, https:\/\/www.dallassymphony.org\/wp-content\/uploads\/2022\/11\/Cashless-Payment-1600x900-1-1024x576.png 1024w, https:\/\/www.dallassymphony.org\/wp-content\/uploads\/2022\/11\/Cashless-Payment-1600x900-1-768x432.png 768w, https:\/\/www.dallassymphony.org\/wp-content\/uploads\/2022\/11\/Cashless-Payment-1600x900-1-1536x864.png 1536w, https:\/\/www.dallassymphony.org\/wp-content\/uploads\/2022\/11\/Cashless-Payment-1600x900-1-18x10.png 18w, https:\/\/www.dallassymphony.org\/wp-content\/uploads\/2022\/11\/Cashless-Payment-1600x900-1-388x218.png 388w, https:\/\/www.dallassymphony.org\/wp-content\/uploads\/2022\/11\/Cashless-Payment-1600x900-1-540x303.png 540w, https:\/\/www.dallassymphony.org\/wp-content\/uploads\/2022\/11\/Cashless-Payment-1600x900-1-666x375.png 666w, https:\/\/www.dallassymphony.org\/wp-content\/uploads\/2022\/11\/Cashless-Payment-1600x900-1-735x413.png 735w\" sizes=\"auto, (max-width: 1600px) 100vw, 1600px\" \/>\t\t\t<\/div>\n\t\t<\/div>\n\t<\/div>\n<\/div>\n\n\n<div class=\"cross-link m-spacer\">\n\t<div class=\"top-bg\"><\/div>\n\t<div class=\"container\">\n\t\t<div class=\"row\">\n\t\t\t<div class=\"col-lg-12\">\n\t\t\t\t<h1>Otros enlaces que puede necesitar<\/h1>\n\t\t\t<\/div>\n\t\t<\/div>\n\t\t<div class=\"row\">\n\t\t\t<div class=\"col-md-3 col-6\">\n\t<div class=\"cl-card\">\n\t\t<a href=\"https:\/\/www.dallassymphony.org\/es\/plan-your-visit\/enhance-your-experience\/\">\n\t\t\t<div class=\"cl-card__img-wrapper\">\n                <img loading=\"lazy\" decoding=\"async\" width=\"266\" height=\"169\" src=\"https:\/\/www.dallassymphony.org\/wp-content\/uploads\/2020\/11\/enhance-your-experience-meet-the-musicians-1600x1076-1-266x169.jpg\" class=\"d-block w-100 wp-post-image\" alt=\"Gemma New mezcl\u00e1ndose con los clientes despu\u00e9s del concierto\" \/>\t\t\t<\/div>\n\n\t\t\t<div class=\"cl-card__text\">\n\t\t\t\t<p>Mejora tu experiencia<\/p>\n\t\t\t<\/div>\n\t\t<\/a>\n\t<\/div>\n<\/div>\n<div class=\"col-md-3 col-6\">\n\t<div class=\"cl-card\">\n\t\t<a href=\"https:\/\/www.dallassymphony.org\/es\/plan-your-visit\/guest-services\/guest-services-contact-us-form\/\">\n\t\t\t<div class=\"cl-card__img-wrapper\">\n                <img loading=\"lazy\" decoding=\"async\" width=\"266\" height=\"169\" src=\"https:\/\/www.dallassymphony.org\/wp-content\/uploads\/2020\/11\/Guest-Services_Patrons-in-Line-1600x1076-1-266x169.jpg\" class=\"d-block w-100 wp-post-image\" alt=\"Patrones de la DSO en la l\u00ednea\" \/>\t\t\t<\/div>\n\n\t\t\t<div class=\"cl-card__text\">\n\t\t\t\t<p>Formulario de contacto de Servicios de Hu\u00e9spedes<\/p>\n\t\t\t<\/div>\n\t\t<\/a>\n\t<\/div>\n<\/div>\n<div class=\"col-md-3 col-6\">\n\t<div class=\"cl-card\">\n\t\t<a href=\"https:\/\/www.dallassymphony.org\/es\/ticket-donation-form\/\">\n\t\t\t<div class=\"cl-card__img-wrapper\">\n                <img loading=\"lazy\" decoding=\"async\" width=\"266\" height=\"169\" src=\"https:\/\/www.dallassymphony.org\/wp-content\/uploads\/2020\/12\/Exchange-or-Donate-Your-Ticket-1600-x-900-266x169.jpg\" class=\"d-block w-100 wp-post-image\" alt=\"El hombre que usa su tel\u00e9fono m\u00f3vil para donar sus entradas\" srcset=\"https:\/\/www.dallassymphony.org\/wp-content\/uploads\/2020\/12\/Exchange-or-Donate-Your-Ticket-1600-x-900-266x169.jpg 266w, https:\/\/www.dallassymphony.org\/wp-content\/uploads\/2020\/12\/Exchange-or-Donate-Your-Ticket-1600-x-900-16x9.jpg 16w\" sizes=\"auto, (max-width: 266px) 100vw, 266px\" \/>\t\t\t<\/div>\n\n\t\t\t<div class=\"cl-card__text\">\n\t\t\t\t<p>Intercambio o donaci\u00f3n de entradas (s\u00f3lo para abonados a la OSD)<\/p>\n\t\t\t<\/div>\n\t\t<\/a>\n\t<\/div>\n<\/div>\n<div class=\"col-md-3 col-6\">\n\t<div class=\"cl-card\">\n\t\t<a href=\"https:\/\/www.dallassymphony.org\/es\/plan-your-visit\/ticket-purchase-information\/\">\n\t\t\t<div class=\"cl-card__img-wrapper\">\n                <img loading=\"lazy\" decoding=\"async\" width=\"266\" height=\"169\" src=\"https:\/\/www.dallassymphony.org\/wp-content\/uploads\/2021\/01\/DSO-Logo-White-Background-1600x900-1-266x169.jpg\" class=\"d-block w-100 wp-post-image\" alt=\"Logotipo del DSO\" srcset=\"https:\/\/www.dallassymphony.org\/wp-content\/uploads\/2021\/01\/DSO-Logo-White-Background-1600x900-1-266x169.jpg 266w, https:\/\/www.dallassymphony.org\/wp-content\/uploads\/2021\/01\/DSO-Logo-White-Background-1600x900-1-16x9.jpg 16w\" sizes=\"auto, (max-width: 266px) 100vw, 266px\" \/>\t\t\t<\/div>\n\n\t\t\t<div class=\"cl-card__text\">\n\t\t\t\t<p>Informaci\u00f3n sobre la compra de entradas<\/p>\n\t\t\t<\/div>\n\t\t<\/a>\n\t<\/div>\n<\/div>\n\t\t<\/div>\n\t<\/div>\n<\/div>","protected":false},"excerpt":{"rendered":"<p>Mientras est\u00e9 aqu\u00ed, aparque con facilidad, explore el barrio, pruebe nuestros servicios internos y participe en los numerosos extras de los conciertos que ofrece la DSO.<\/p>","protected":false},"author":3,"featured_media":13673,"parent":0,"menu_order":0,"comment_status":"closed","ping_status":"closed","template":"","meta":{"_acf_changed":false,"footnotes":""},"class_list":["post-559","page","type-page","status-publish","has-post-thumbnail","hentry"],"acf":[],"_links":{"self":[{"href":"https:\/\/www.dallassymphony.org\/es\/wp-json\/wp\/v2\/pages\/559","targetHints":{"allow":["GET"]}}],"collection":[{"href":"https:\/\/www.dallassymphony.org\/es\/wp-json\/wp\/v2\/pages"}],"about":[{"href":"https:\/\/www.dallassymphony.org\/es\/wp-json\/wp\/v2\/types\/page"}],"author":[{"embeddable":true,"href":"https:\/\/www.dallassymphony.org\/es\/wp-json\/wp\/v2\/users\/3"}],"replies":[{"embeddable":true,"href":"https:\/\/www.dallassymphony.org\/es\/wp-json\/wp\/v2\/comments?post=559"}],"version-history":[{"count":2,"href":"https:\/\/www.dallassymphony.org\/es\/wp-json\/wp\/v2\/pages\/559\/revisions"}],"predecessor-version":[{"id":31023,"href":"https:\/\/www.dallassymphony.org\/es\/wp-json\/wp\/v2\/pages\/559\/revisions\/31023"}],"wp:featuredmedia":[{"embeddable":true,"href":"https:\/\/www.dallassymphony.org\/es\/wp-json\/wp\/v2\/media\/13673"}],"wp:attachment":[{"href":"https:\/\/www.dallassymphony.org\/es\/wp-json\/wp\/v2\/media?parent=559"}],"curies":[{"name":"wp","href":"https:\/\/api.w.org\/{rel}","templated":true}]}}