{"id":5554,"date":"2021-03-12T11:47:21","date_gmt":"2021-03-12T17:47:21","guid":{"rendered":"https:\/\/www.dallassymphony.org\/?page_id=5554"},"modified":"2026-03-12T12:02:15","modified_gmt":"2026-03-12T17:02:15","slug":"music-teacher-of-the-year","status":"publish","type":"page","link":"https:\/\/www.dallassymphony.org\/es\/community-education\/dso-kids\/music-teacher-of-the-year\/","title":{"rendered":"Profesor de m\u00fasica del a\u00f1o"},"content":{"rendered":"<div class=\"hero__no-img bg-blue-8\">\n\t<div class=\"container\">\n\t\t<div class=\"row\">\n\t\t\t<div class=\"col-md-10\">\n\n\t\t\t\t<ul class=\"breadcrumbs\">\n    \t<li class=\"breadcrumb__link\">\n\t\t<a class=\"a-hover\" href=\"https:\/\/www.dallassymphony.org\/es\/\">Inicio<\/a>\n\t<\/li>\n    \t<li class=\"breadcrumb__link a-styles\">\n\t\t<a class=\"a-hover\" href=\"https:\/\/www.dallassymphony.org\/es\/community-education\/\">Educaci\u00f3n y Comunidad<\/a>\n\t<\/li>\n    \t<li class=\"breadcrumb__link a-styles\">\n\t\t<a class=\"a-hover\" href=\"https:\/\/www.dallassymphony.org\/es\/community-education\/dso-kids\/\">Para escuelas y profesores<\/a>\n\t<\/li>\n    <\/ul>\n\n                \t\t\t\t<h1>\n                    <span >Profesor de m\u00fasica del a\u00f1o<\/span>\n                <\/h1>\n                \t\t\t<\/div>\n\t\t<\/div>\n\t<\/div>\n<\/div>\n\n\n<div class=\"richtext m-spacer\">\n\t<div class=\"container\">\n\t\t<div class=\"row\">\n\t\t\t<div class=\"col-10\">\n\t\t\t\t\n\n<h2 class=\"wp-block-heading\"><strong>Conozca a nuestro Profesor de M\u00fasica del A\u00f1o 2026<\/strong><\/h2>\n\n\n\n<figure class=\"wp-block-image size-full\"><img loading=\"lazy\" decoding=\"async\" width=\"409\" height=\"504\" src=\"https:\/\/www.dallassymphony.org\/wp-content\/uploads\/2026\/03\/PIC.jpg\" alt=\"\" class=\"wp-image-30761\" srcset=\"https:\/\/www.dallassymphony.org\/wp-content\/uploads\/2026\/03\/PIC.jpg 409w, https:\/\/www.dallassymphony.org\/wp-content\/uploads\/2026\/03\/PIC-243x300.jpg 243w, https:\/\/www.dallassymphony.org\/wp-content\/uploads\/2026\/03\/PIC-10x12.jpg 10w\" sizes=\"auto, (max-width: 409px) 100vw, 409px\" \/><\/figure>\n\n\n\n<p>La Orquesta Sinf\u00f3nica de Dallas se complace en anunciar al ganador del Premio al Maestro de M\u00fasica del A\u00f1o de este a\u00f1o.\u00a0<strong>Pamela Jenkins<\/strong>\u00a0es la profesora de m\u00fasica de la escuela primaria Martin Weiss y recibi\u00f3 oficialmente el premio en el concierto de la DSO celebrado el s\u00e1bado 7 de marzo en el Meyerson Symphony Center. El premio anual de la DSO reconoce a un educador musical destacado y est\u00e1 dotado con 15 500 d\u00f3lares. Conocida por su pasi\u00f3n y dedicaci\u00f3n, Jenkins ha defendido la idea de que la educaci\u00f3n musical es esencial, y no opcional, a lo largo de sus 35 a\u00f1os de servicio en el Distrito Escolar Independiente de Dallas (Dallas ISD).\u00a0<\/p>\n\n\n\n<p>\u201cHe sido testigo del impacto medible y duradero de la educaci\u00f3n musical en el rendimiento, el desarrollo y la cultura escolar de los estudiantes\u201d, afirm\u00f3 Jenkins. \u201cLa educaci\u00f3n musical no es un complemento enriquecedor, sino un componente fundamental de una educaci\u00f3n p\u00fablica integral y equitativa\u201d.\u201d&nbsp;<\/p>\n\n\n\n<p>\u201cHe visto a ni\u00f1os con dificultades acad\u00e9micas descubrir la confianza en s\u00ed mismos a trav\u00e9s del ritmo, el movimiento y la interpretaci\u00f3n\u201d, a\u00f1adi\u00f3. \u201cLa m\u00fasica ofrece a los estudiantes un lugar \u00fanico para triunfar, \u00a1a veces por primera vez en su vida!\u201d.\u201d&nbsp;<\/p>\n\n\n\n<p>Jenkins ha sido profesora de m\u00fasica en la Escuela Primaria de Liderazgo Martin Weiss durante ocho a\u00f1os. Antes de incorporarse a ese centro, trabaj\u00f3 como profesora de m\u00fasica en el Centro de Aprendizaje Joseph J. Rhoads durante 27 a\u00f1os. Como educadora musical de primaria, ha transformado sus aulas de m\u00fasica en espacios de aprendizaje vibrantes donde cada ni\u00f1o encuentra su voz, desarrolla confianza y descubre la alegr\u00eda de la m\u00fasica. Jenkins gu\u00eda a los estudiantes en la interpretaci\u00f3n instrumental y coral mientras les ense\u00f1a habilidades esenciales para la vida, como la disciplina, la colaboraci\u00f3n, la creatividad y la resiliencia. Sus estudiantes de m\u00fasica demuestran constantemente un mayor compromiso acad\u00e9mico, un crecimiento socioemocional y un aprecio por las artes que dura toda la vida. Ha dirigido innumerables conciertos y programas comunitarios que celebran la diversidad, fomentan la inclusi\u00f3n y fortalecen los v\u00ednculos entre la escuela y la comunidad.<\/p>\n\n\n\n<hr class=\"wp-block-separator has-alpha-channel-opacity\"\/>\n\n\n\n<h2 class=\"wp-block-heading\"><strong>Ganadores anteriores del premio al Maestro de M\u00fasica del A\u00f1o<\/strong><\/h2>\n\n\n\n<p>2025 \u2013 <a href=\"https:\/\/www.dallassymphony.org\/es\/discover-connect\/dso-vault\/read\/press-releases\/dallas-symphony-orchestra-announces-2025-music-teacher-of-the-year-andra-birdsong\/\">Andra Birdsong<\/a><\/p>\n\n\n\n<p>2024 \u2013 <a href=\"https:\/\/www.dallassymphony.org\/es\/discover-connect\/dso-vault\/read\/press-releases\/dallas-symphony-orchestra-announces-2024-music-teacher-of-the-year-award\/\">Chris Drews<\/a><\/p>\n\n\n\n<p>2023 \u2013 <a href=\"https:\/\/www.dallassymphony.org\/es\/discover-connect\/dso-vault\/read\/press-releases\/dallas-symphony-orchestra-announces-2023-music-teacher-of-the-year-award-winners-shelley-couch-and-john-thomas\/\">Shelley Couch y John Thomas<\/a><\/p>\n\n\n\n<p>2021 \u2013 <a href=\"https:\/\/www.dallassymphony.org\/es\/discover-connect\/dso-vault\/read\/press-releases\/dallas-symphony-orchestra-announces-music-teacher-of-the-year-award-winner-christian-ferreira\/\">Christian Ferreira<\/a><\/p>\n\n\n\t\t\t<\/div>\n\t\t<\/div>\n\t<\/div>\n\n<\/div>","protected":false},"excerpt":{"rendered":"<p>\u00danase a nosotros para celebrar el mes de la m\u00fasica en nuestras escuelas mostrando su agradecimiento a los educadores musicales de todo el DFW que marcan la diferencia cada d\u00eda.<\/p>","protected":false},"author":16,"featured_media":7642,"parent":582,"menu_order":0,"comment_status":"closed","ping_status":"closed","template":"","meta":{"_acf_changed":false,"footnotes":""},"class_list":["post-5554","page","type-page","status-publish","has-post-thumbnail","hentry"],"acf":[],"_links":{"self":[{"href":"https:\/\/www.dallassymphony.org\/es\/wp-json\/wp\/v2\/pages\/5554","targetHints":{"allow":["GET"]}}],"collection":[{"href":"https:\/\/www.dallassymphony.org\/es\/wp-json\/wp\/v2\/pages"}],"about":[{"href":"https:\/\/www.dallassymphony.org\/es\/wp-json\/wp\/v2\/types\/page"}],"author":[{"embeddable":true,"href":"https:\/\/www.dallassymphony.org\/es\/wp-json\/wp\/v2\/users\/16"}],"replies":[{"embeddable":true,"href":"https:\/\/www.dallassymphony.org\/es\/wp-json\/wp\/v2\/comments?post=5554"}],"version-history":[{"count":2,"href":"https:\/\/www.dallassymphony.org\/es\/wp-json\/wp\/v2\/pages\/5554\/revisions"}],"predecessor-version":[{"id":30940,"href":"https:\/\/www.dallassymphony.org\/es\/wp-json\/wp\/v2\/pages\/5554\/revisions\/30940"}],"up":[{"embeddable":true,"href":"https:\/\/www.dallassymphony.org\/es\/wp-json\/wp\/v2\/pages\/582"}],"wp:featuredmedia":[{"embeddable":true,"href":"https:\/\/www.dallassymphony.org\/es\/wp-json\/wp\/v2\/media\/7642"}],"wp:attachment":[{"href":"https:\/\/www.dallassymphony.org\/es\/wp-json\/wp\/v2\/media?parent=5554"}],"curies":[{"name":"wp","href":"https:\/\/api.w.org\/{rel}","templated":true}]}}