{"id":548,"date":"2020-11-07T11:27:22","date_gmt":"2020-11-07T17:27:22","guid":{"rendered":"https:\/\/www.dallassymphony.org\/?page_id=548"},"modified":"2026-05-13T16:02:04","modified_gmt":"2026-05-13T21:02:04","slug":"ticket-info-offers","status":"publish","type":"page","link":"https:\/\/www.dallassymphony.org\/es\/concerts-and-events\/ticket-info-offers\/","title":{"rendered":"Ofertas especiales"},"content":{"rendered":"<div class=\"hero__no-img bg-blue-8\">\n\t<div class=\"container\">\n\t\t<div class=\"row\">\n\t\t\t<div class=\"col-md-10\">\n\n\t\t\t\t<ul class=\"breadcrumbs\">\n    \t<li class=\"breadcrumb__link\">\n\t\t<a class=\"a-hover\" href=\"https:\/\/www.dallassymphony.org\/es\/\">Inicio<\/a>\n\t<\/li>\n    \t<li class=\"breadcrumb__link a-styles\">\n\t\t<a class=\"a-hover\" href=\"https:\/\/www.dallassymphony.org\/es\/concerts-and-events\/\">Conciertos y entradas<\/a>\n\t<\/li>\n    <\/ul>\n\n                \t\t\t\t<h1>\n                    <span style=\"position:absolute; left:-9999999px\">Ofertas especiales<\/span>\n                <\/h1>\n                \t\t\t<\/div>\n\t\t<\/div>\n\t<\/div>\n<\/div>\n\n\n<div class=\"richtext m-spacer\">\n\t<div class=\"container\">\n\t\t<div class=\"row\">\n\t\t\t<div class=\"col-10\">\n\t\t\t\t\n\n<h1 class=\"wp-block-heading\">Ofertas de entradas<\/h1>\n\n\n\n<p>La DSO ofrece descuentos especiales en conciertos seleccionados a lo largo de la temporada para grupos, estudiantes, profesores, primeros intervinientes y personal esencial, militares y amigos de la Biblioteca P\u00fablica de Dallas. <\/p>\n\n\n\t\t\t<\/div>\n\t\t<\/div>\n\t<\/div>\n\n<\/div>\n\n\n<div class=\"text-img text-img--right\">\n\t<div class=\"container\">\n\t\t<div class=\"row\">\n\t\t\t<div class=\"col-lg-12\">\n\t\t\t\t<div class=\"text-img__wrapper\">\n\t\t\t\t\t<h1>Tarjeta de estudiante<\/h1>\n\n                    <img loading=\"lazy\" decoding=\"async\" width=\"666\" height=\"375\" src=\"https:\/\/www.dallassymphony.org\/wp-content\/uploads\/2024\/09\/wicm-preview-24-666x375.jpg\" class=\"d-xl-none d-block\" alt=\"\" srcset=\"https:\/\/www.dallassymphony.org\/wp-content\/uploads\/2024\/09\/wicm-preview-24-666x375.jpg 666w, https:\/\/www.dallassymphony.org\/wp-content\/uploads\/2024\/09\/wicm-preview-24-388x218.jpg 388w, https:\/\/www.dallassymphony.org\/wp-content\/uploads\/2024\/09\/wicm-preview-24-540x303.jpg 540w, https:\/\/www.dallassymphony.org\/wp-content\/uploads\/2024\/09\/wicm-preview-24-735x413.jpg 735w, https:\/\/www.dallassymphony.org\/wp-content\/uploads\/2024\/09\/wicm-preview-24-768x432.jpg 768w, https:\/\/www.dallassymphony.org\/wp-content\/uploads\/2024\/09\/wicm-preview-24-1600x900.jpg 1600w\" sizes=\"auto, (max-width: 666px) 100vw, 666px\" \/>\n\t\t\t\t\t<p><span class=\"TextRun  BCX8 SCXO142766609\" lang=\"EN-US\" xml:lang=\"EN-US\" data-contrast=\"auto\"><span class=\"NormalTextRun  BCX8 SCXO142766609\">Por s\u00f3lo $25, los estudiantes de primaria y universitarios con un carn\u00e9 de estudiante v\u00e1lido pueden adquirir una tarjeta de estudiante y recibir una entrada gratuita para los conciertos de la temporada, adem\u00e1s de entradas adicionales para invitados por $25 cada una.<\/span><\/span><\/p>\n\n                    \t\t\t\t\t<a class=\"a-hover\" href=\"http:\/\/www.dallassymphony.org\/es\/concerts-and-events\/ticket-info-offers\/student-card\/\" >Aprende m\u00e1s.<\/a>\n                    \n                <\/div>\n                <img loading=\"lazy\" decoding=\"async\" width=\"1600\" height=\"900\" src=\"https:\/\/www.dallassymphony.org\/wp-content\/uploads\/2024\/09\/wicm-preview-24-1600x900.jpg\" class=\"d-none d-xl-block ml-auto\" alt=\"\" srcset=\"https:\/\/www.dallassymphony.org\/wp-content\/uploads\/2024\/09\/wicm-preview-24-1600x900.jpg 1600w, https:\/\/www.dallassymphony.org\/wp-content\/uploads\/2024\/09\/wicm-preview-24-388x218.jpg 388w, https:\/\/www.dallassymphony.org\/wp-content\/uploads\/2024\/09\/wicm-preview-24-540x303.jpg 540w, https:\/\/www.dallassymphony.org\/wp-content\/uploads\/2024\/09\/wicm-preview-24-666x375.jpg 666w, https:\/\/www.dallassymphony.org\/wp-content\/uploads\/2024\/09\/wicm-preview-24-735x413.jpg 735w, https:\/\/www.dallassymphony.org\/wp-content\/uploads\/2024\/09\/wicm-preview-24-768x432.jpg 768w\" sizes=\"auto, (max-width: 1600px) 100vw, 1600px\" \/>\t\t\t<\/div>\n\t\t<\/div>\n\t<\/div>\n<\/div>\n\n\n<div class=\"text-img text-img--left\">\n\t<div class=\"container\">\n\t\t<div class=\"row\">\n\t\t\t<div class=\"col-lg-12\">\n\t\t\t\t<div class=\"text-img__wrapper\">\n\t\t\t\t\t<h1>Maestros<\/h1>\n\n                    <img loading=\"lazy\" decoding=\"async\" width=\"666\" height=\"375\" src=\"https:\/\/www.dallassymphony.org\/wp-content\/uploads\/2020\/11\/teacher-discounts_1600x-900-666x375.jpg\" class=\"d-xl-none d-block\" alt=\"Las entradas s\u00f3lo se pueden comprar en persona en la taquilla. \u00a1Un GSC representative ayudar\u00e1 a encontrar un concierto para disfrutar!\" srcset=\"https:\/\/www.dallassymphony.org\/wp-content\/uploads\/2020\/11\/teacher-discounts_1600x-900-666x375.jpg 666w, https:\/\/www.dallassymphony.org\/wp-content\/uploads\/2020\/11\/teacher-discounts_1600x-900-300x169.jpg 300w, https:\/\/www.dallassymphony.org\/wp-content\/uploads\/2020\/11\/teacher-discounts_1600x-900-1024x576.jpg 1024w, https:\/\/www.dallassymphony.org\/wp-content\/uploads\/2020\/11\/teacher-discounts_1600x-900-768x432.jpg 768w, https:\/\/www.dallassymphony.org\/wp-content\/uploads\/2020\/11\/teacher-discounts_1600x-900-1536x864.jpg 1536w, https:\/\/www.dallassymphony.org\/wp-content\/uploads\/2020\/11\/teacher-discounts_1600x-900-16x9.jpg 16w, https:\/\/www.dallassymphony.org\/wp-content\/uploads\/2020\/11\/teacher-discounts_1600x-900-388x218.jpg 388w, https:\/\/www.dallassymphony.org\/wp-content\/uploads\/2020\/11\/teacher-discounts_1600x-900-540x303.jpg 540w, https:\/\/www.dallassymphony.org\/wp-content\/uploads\/2020\/11\/teacher-discounts_1600x-900-735x413.jpg 735w, https:\/\/www.dallassymphony.org\/wp-content\/uploads\/2020\/11\/teacher-discounts_1600x-900.jpg 1600w\" sizes=\"auto, (max-width: 666px) 100vw, 666px\" \/>\n\t\t\t\t\t<p>Los profesores pueden recibir un descuento de 50% en las entradas de algunos conciertos de la temporada, presentando su carn\u00e9 escolar en el mostrador de la DSO.<\/p>\n\n                    \t\t\t\t\t<a class=\"a-hover\" href=\"http:\/\/www.dallassymphony.org\/es\/concerts-and-events\/ticket-info-offers\/teacher-discounts\/\" >Aprende m\u00e1s<\/a>\n                    \n                <\/div>\n                <img loading=\"lazy\" decoding=\"async\" width=\"1600\" height=\"900\" src=\"https:\/\/www.dallassymphony.org\/wp-content\/uploads\/2020\/11\/teacher-discounts_1600x-900-1600x900.jpg\" class=\"d-none d-xl-block\" alt=\"Las entradas s\u00f3lo se pueden comprar en persona en la taquilla. \u00a1Un GSC representative ayudar\u00e1 a encontrar un concierto para disfrutar!\" srcset=\"https:\/\/www.dallassymphony.org\/wp-content\/uploads\/2020\/11\/teacher-discounts_1600x-900.jpg 1600w, https:\/\/www.dallassymphony.org\/wp-content\/uploads\/2020\/11\/teacher-discounts_1600x-900-300x169.jpg 300w, https:\/\/www.dallassymphony.org\/wp-content\/uploads\/2020\/11\/teacher-discounts_1600x-900-1024x576.jpg 1024w, https:\/\/www.dallassymphony.org\/wp-content\/uploads\/2020\/11\/teacher-discounts_1600x-900-768x432.jpg 768w, https:\/\/www.dallassymphony.org\/wp-content\/uploads\/2020\/11\/teacher-discounts_1600x-900-1536x864.jpg 1536w, https:\/\/www.dallassymphony.org\/wp-content\/uploads\/2020\/11\/teacher-discounts_1600x-900-16x9.jpg 16w, https:\/\/www.dallassymphony.org\/wp-content\/uploads\/2020\/11\/teacher-discounts_1600x-900-388x218.jpg 388w, https:\/\/www.dallassymphony.org\/wp-content\/uploads\/2020\/11\/teacher-discounts_1600x-900-540x303.jpg 540w, https:\/\/www.dallassymphony.org\/wp-content\/uploads\/2020\/11\/teacher-discounts_1600x-900-666x375.jpg 666w, https:\/\/www.dallassymphony.org\/wp-content\/uploads\/2020\/11\/teacher-discounts_1600x-900-735x413.jpg 735w\" sizes=\"auto, (max-width: 1600px) 100vw, 1600px\" \/>\t\t\t<\/div>\n\t\t<\/div>\n\t<\/div>\n<\/div>\n\n\n<div class=\"text-img text-img--right\">\n\t<div class=\"container\">\n\t\t<div class=\"row\">\n\t\t\t<div class=\"col-lg-12\">\n\t\t\t\t<div class=\"text-img__wrapper\">\n\t\t\t\t\t<h1>Primeros auxilios y personal esencial<\/h1>\n\n                    <img loading=\"lazy\" decoding=\"async\" width=\"666\" height=\"375\" src=\"https:\/\/www.dallassymphony.org\/wp-content\/uploads\/2025\/02\/dso-10.23.2023-32-1-1-666x375.jpg\" class=\"d-xl-none d-block\" alt=\"Los socorristas y los trabajadores de primera l\u00ednea pueden recibir 50% de descuento en las entradas de determinados conciertos de la temporada.\" srcset=\"https:\/\/www.dallassymphony.org\/wp-content\/uploads\/2025\/02\/dso-10.23.2023-32-1-1-666x375.jpg 666w, https:\/\/www.dallassymphony.org\/wp-content\/uploads\/2025\/02\/dso-10.23.2023-32-1-1-388x218.jpg 388w, https:\/\/www.dallassymphony.org\/wp-content\/uploads\/2025\/02\/dso-10.23.2023-32-1-1-540x303.jpg 540w, https:\/\/www.dallassymphony.org\/wp-content\/uploads\/2025\/02\/dso-10.23.2023-32-1-1-735x413.jpg 735w, https:\/\/www.dallassymphony.org\/wp-content\/uploads\/2025\/02\/dso-10.23.2023-32-1-1-768x432.jpg 768w, https:\/\/www.dallassymphony.org\/wp-content\/uploads\/2025\/02\/dso-10.23.2023-32-1-1-1600x900.jpg 1600w\" sizes=\"auto, (max-width: 666px) 100vw, 666px\" \/>\n\t\t\t\t\t<p>Los socorristas y los trabajadores de primera l\u00ednea pueden recibir 50% de descuento en las entradas de determinados conciertos de la temporada.<\/p>\n\n                    \t\t\t\t\t<a class=\"a-hover\" href=\"https:\/\/www.dallassymphony.org\/es\/concerts-and-events\/ticket-info-offers\/first-responders-essential-employees\/\" >Aprende m\u00e1s<\/a>\n                    \n                <\/div>\n                <img loading=\"lazy\" decoding=\"async\" width=\"1600\" height=\"900\" src=\"https:\/\/www.dallassymphony.org\/wp-content\/uploads\/2025\/02\/dso-10.23.2023-32-1-1-1600x900.jpg\" class=\"d-none d-xl-block ml-auto\" alt=\"Los socorristas y los trabajadores de primera l\u00ednea pueden recibir 50% de descuento en las entradas de determinados conciertos de la temporada.\" srcset=\"https:\/\/www.dallassymphony.org\/wp-content\/uploads\/2025\/02\/dso-10.23.2023-32-1-1-1600x900.jpg 1600w, https:\/\/www.dallassymphony.org\/wp-content\/uploads\/2025\/02\/dso-10.23.2023-32-1-1-388x218.jpg 388w, https:\/\/www.dallassymphony.org\/wp-content\/uploads\/2025\/02\/dso-10.23.2023-32-1-1-540x303.jpg 540w, https:\/\/www.dallassymphony.org\/wp-content\/uploads\/2025\/02\/dso-10.23.2023-32-1-1-666x375.jpg 666w, https:\/\/www.dallassymphony.org\/wp-content\/uploads\/2025\/02\/dso-10.23.2023-32-1-1-735x413.jpg 735w, https:\/\/www.dallassymphony.org\/wp-content\/uploads\/2025\/02\/dso-10.23.2023-32-1-1-768x432.jpg 768w\" sizes=\"auto, (max-width: 1600px) 100vw, 1600px\" \/>\t\t\t<\/div>\n\t\t<\/div>\n\t<\/div>\n<\/div>\n\n\n<div class=\"text-img text-img--left\">\n\t<div class=\"container\">\n\t\t<div class=\"row\">\n\t\t\t<div class=\"col-lg-12\">\n\t\t\t\t<div class=\"text-img__wrapper\">\n\t\t\t\t\t<h1>Militar<\/h1>\n\n                    <img loading=\"lazy\" decoding=\"async\" width=\"666\" height=\"375\" src=\"https:\/\/www.dallassymphony.org\/wp-content\/uploads\/2020\/11\/military-discounts_1600x-900-666x375.jpg\" class=\"d-xl-none d-block\" alt=\"Los militares en activo y los veteranos disfrutan de 50% de descuento en la DSO.\" srcset=\"https:\/\/www.dallassymphony.org\/wp-content\/uploads\/2020\/11\/military-discounts_1600x-900-666x375.jpg 666w, https:\/\/www.dallassymphony.org\/wp-content\/uploads\/2020\/11\/military-discounts_1600x-900-300x169.jpg 300w, https:\/\/www.dallassymphony.org\/wp-content\/uploads\/2020\/11\/military-discounts_1600x-900-1024x576.jpg 1024w, https:\/\/www.dallassymphony.org\/wp-content\/uploads\/2020\/11\/military-discounts_1600x-900-768x432.jpg 768w, https:\/\/www.dallassymphony.org\/wp-content\/uploads\/2020\/11\/military-discounts_1600x-900-1536x864.jpg 1536w, https:\/\/www.dallassymphony.org\/wp-content\/uploads\/2020\/11\/military-discounts_1600x-900-16x9.jpg 16w, https:\/\/www.dallassymphony.org\/wp-content\/uploads\/2020\/11\/military-discounts_1600x-900-388x218.jpg 388w, https:\/\/www.dallassymphony.org\/wp-content\/uploads\/2020\/11\/military-discounts_1600x-900-540x303.jpg 540w, https:\/\/www.dallassymphony.org\/wp-content\/uploads\/2020\/11\/military-discounts_1600x-900-735x413.jpg 735w, https:\/\/www.dallassymphony.org\/wp-content\/uploads\/2020\/11\/military-discounts_1600x-900.jpg 1600w\" sizes=\"auto, (max-width: 666px) 100vw, 666px\" \/>\n\t\t\t\t\t<p>En la DSO queremos a nuestros militares. Los militares en activo y los veteranos reciben 50% de descuento en determinados conciertos.<\/p>\n\n                    \t\t\t\t\t<a class=\"a-hover\" href=\"https:\/\/www.dallassymphony.org\/es\/concerts-and-events\/ticket-info-offers\/military-discounts\/\" >Aprende m\u00e1s<\/a>\n                    \n                <\/div>\n                <img loading=\"lazy\" decoding=\"async\" width=\"1600\" height=\"900\" src=\"https:\/\/www.dallassymphony.org\/wp-content\/uploads\/2020\/11\/military-discounts_1600x-900-1600x900.jpg\" class=\"d-none d-xl-block\" alt=\"Los militares en activo y los veteranos disfrutan de 50% de descuento en la DSO.\" srcset=\"https:\/\/www.dallassymphony.org\/wp-content\/uploads\/2020\/11\/military-discounts_1600x-900.jpg 1600w, https:\/\/www.dallassymphony.org\/wp-content\/uploads\/2020\/11\/military-discounts_1600x-900-300x169.jpg 300w, https:\/\/www.dallassymphony.org\/wp-content\/uploads\/2020\/11\/military-discounts_1600x-900-1024x576.jpg 1024w, https:\/\/www.dallassymphony.org\/wp-content\/uploads\/2020\/11\/military-discounts_1600x-900-768x432.jpg 768w, https:\/\/www.dallassymphony.org\/wp-content\/uploads\/2020\/11\/military-discounts_1600x-900-1536x864.jpg 1536w, https:\/\/www.dallassymphony.org\/wp-content\/uploads\/2020\/11\/military-discounts_1600x-900-16x9.jpg 16w, https:\/\/www.dallassymphony.org\/wp-content\/uploads\/2020\/11\/military-discounts_1600x-900-388x218.jpg 388w, https:\/\/www.dallassymphony.org\/wp-content\/uploads\/2020\/11\/military-discounts_1600x-900-540x303.jpg 540w, https:\/\/www.dallassymphony.org\/wp-content\/uploads\/2020\/11\/military-discounts_1600x-900-666x375.jpg 666w, https:\/\/www.dallassymphony.org\/wp-content\/uploads\/2020\/11\/military-discounts_1600x-900-735x413.jpg 735w\" sizes=\"auto, (max-width: 1600px) 100vw, 1600px\" \/>\t\t\t<\/div>\n\t\t<\/div>\n\t<\/div>\n<\/div>\n\n\n<div class=\"text-img text-img--right\">\n\t<div class=\"container\">\n\t\t<div class=\"row\">\n\t\t\t<div class=\"col-lg-12\">\n\t\t\t\t<div class=\"text-img__wrapper\">\n\t\t\t\t\t<h1>Amigos de la Biblioteca P\u00fablica de Dallas<\/h1>\n\n                    <img loading=\"lazy\" decoding=\"async\" width=\"666\" height=\"375\" src=\"https:\/\/www.dallassymphony.org\/wp-content\/uploads\/2024\/02\/dso-nye-2023-27-666x375.jpg\" class=\"d-xl-none d-block\" alt=\"Los miembros de los Amigos de la Biblioteca P\u00fablica de Dallas reciben un descuento del 50% para determinados conciertos.\" srcset=\"https:\/\/www.dallassymphony.org\/wp-content\/uploads\/2024\/02\/dso-nye-2023-27-666x375.jpg 666w, https:\/\/www.dallassymphony.org\/wp-content\/uploads\/2024\/02\/dso-nye-2023-27-388x218.jpg 388w, https:\/\/www.dallassymphony.org\/wp-content\/uploads\/2024\/02\/dso-nye-2023-27-540x303.jpg 540w, https:\/\/www.dallassymphony.org\/wp-content\/uploads\/2024\/02\/dso-nye-2023-27-735x413.jpg 735w, https:\/\/www.dallassymphony.org\/wp-content\/uploads\/2024\/02\/dso-nye-2023-27-768x432.jpg 768w, https:\/\/www.dallassymphony.org\/wp-content\/uploads\/2024\/02\/dso-nye-2023-27-1600x900.jpg 1600w\" sizes=\"auto, (max-width: 666px) 100vw, 666px\" \/>\n\t\t\t\t\t<p>Los miembros de los Amigos de la Biblioteca P\u00fablica de Dallas reciben un descuento del 50% para determinados conciertos.<\/p>\n\n                    \t\t\t\t\t<a class=\"a-hover\" href=\"https:\/\/www.dallassymphony.org\/es\/friends-of-the-dallas-public-library-discounts\/\" >Aprende m\u00e1s<\/a>\n                    \n                <\/div>\n                <img loading=\"lazy\" decoding=\"async\" width=\"1600\" height=\"900\" src=\"https:\/\/www.dallassymphony.org\/wp-content\/uploads\/2024\/02\/dso-nye-2023-27-1600x900.jpg\" class=\"d-none d-xl-block ml-auto\" alt=\"Los miembros de los Amigos de la Biblioteca P\u00fablica de Dallas reciben un descuento del 50% para determinados conciertos.\" srcset=\"https:\/\/www.dallassymphony.org\/wp-content\/uploads\/2024\/02\/dso-nye-2023-27-1600x900.jpg 1600w, https:\/\/www.dallassymphony.org\/wp-content\/uploads\/2024\/02\/dso-nye-2023-27-388x218.jpg 388w, https:\/\/www.dallassymphony.org\/wp-content\/uploads\/2024\/02\/dso-nye-2023-27-540x303.jpg 540w, https:\/\/www.dallassymphony.org\/wp-content\/uploads\/2024\/02\/dso-nye-2023-27-666x375.jpg 666w, https:\/\/www.dallassymphony.org\/wp-content\/uploads\/2024\/02\/dso-nye-2023-27-735x413.jpg 735w, https:\/\/www.dallassymphony.org\/wp-content\/uploads\/2024\/02\/dso-nye-2023-27-768x432.jpg 768w\" sizes=\"auto, (max-width: 1600px) 100vw, 1600px\" \/>\t\t\t<\/div>\n\t\t<\/div>\n\t<\/div>\n<\/div>\n\n\n<div class=\"cta-content-highlight\">\n    <img loading=\"lazy\" decoding=\"async\" width=\"1600\" height=\"1076\" src=\"https:\/\/www.dallassymphony.org\/wp-content\/uploads\/2020\/11\/Can_t-Use-Your-Ticket-1600-x-900.jpg\" class=\"cta__bg-img\" alt=\"\u00bfNo puede utilizar sus entradas? No hay problema, es f\u00e1cil cambiarlas o donarlas.\" srcset=\"https:\/\/www.dallassymphony.org\/wp-content\/uploads\/2020\/11\/Can_t-Use-Your-Ticket-1600-x-900.jpg 1600w, https:\/\/www.dallassymphony.org\/wp-content\/uploads\/2020\/11\/Can_t-Use-Your-Ticket-1600-x-900-300x202.jpg 300w, https:\/\/www.dallassymphony.org\/wp-content\/uploads\/2020\/11\/Can_t-Use-Your-Ticket-1600-x-900-1024x689.jpg 1024w, https:\/\/www.dallassymphony.org\/wp-content\/uploads\/2020\/11\/Can_t-Use-Your-Ticket-1600-x-900-768x516.jpg 768w, https:\/\/www.dallassymphony.org\/wp-content\/uploads\/2020\/11\/Can_t-Use-Your-Ticket-1600-x-900-1536x1033.jpg 1536w, https:\/\/www.dallassymphony.org\/wp-content\/uploads\/2020\/11\/Can_t-Use-Your-Ticket-1600-x-900-16x12.jpg 16w\" sizes=\"auto, (max-width: 1600px) 100vw, 1600px\" \/>\n\t<div class=\"container bottom-container\">\n\t\t<div class=\"row no-gutters\">\n\t\t\t\n\t\t\t<div class=\"col-md-7 offset-md-1\">\n\t\t\t\t<div class=\"cta__text-overlay\">\n\t\t\t\t\t<h4>\u00bfNo puede asistir a su actuaci\u00f3n? <\/h4>\n\n\t\t\t\t\t<p>No hay problema, es f\u00e1cil cambiarlos o donarlos.<\/p>\n\n                    \t\t\t\t\t<a class=\"a-hover\" href=\"http:\/\/www.dallassymphony.org\/es\/ticket-donation-form\/\">Aprende m\u00e1s.<\/a>\n                    \t\t\t\t<\/div>\n\t\t\t<\/div>\n\t\t\t\t\t\t<div class=\"col-md-3  d-sm-none d-md-flex\">\n\t\t\t\t<div class=\"blk-bg-grad-left\"><\/div>\n\t\t\t<\/div>\n\t\t\t\t\t<\/div>\n\t<\/div>\n<\/div>\n\n\n<div class=\"cross-link m-spacer\">\n\t<div class=\"top-bg\"><\/div>\n\t<div class=\"container\">\n\t\t<div class=\"row\">\n\t\t\t<div class=\"col-lg-12\">\n\t\t\t\t<h1><\/h1>\n\t\t\t<\/div>\n\t\t<\/div>\n\t\t<div class=\"row\">\n\t\t\t<div class=\"col-md-3 col-6\">\n\t<div class=\"cl-card\">\n\t\t<a href=\"https:\/\/www.dallassymphony.org\/es\/concerts-and-events\/calendar\/\">\n\t\t\t<div class=\"cl-card__img-wrapper\">\n                <img loading=\"lazy\" decoding=\"async\" width=\"266\" height=\"169\" src=\"https:\/\/www.dallassymphony.org\/wp-content\/uploads\/2021\/04\/Subscription.Cover_Web.Graphics_04.12.21_NO-text-266x169.jpg\" class=\"d-block w-100 wp-post-image\" alt=\"\" srcset=\"https:\/\/www.dallassymphony.org\/wp-content\/uploads\/2021\/04\/Subscription.Cover_Web.Graphics_04.12.21_NO-text-266x169.jpg 266w, https:\/\/www.dallassymphony.org\/wp-content\/uploads\/2021\/04\/Subscription.Cover_Web.Graphics_04.12.21_NO-text-16x9.jpg 16w\" sizes=\"auto, (max-width: 266px) 100vw, 266px\" \/>\t\t\t<\/div>\n\n\t\t\t<div class=\"cl-card__text\">\n\t\t\t\t<p>Calendario<\/p>\n\t\t\t<\/div>\n\t\t<\/a>\n\t<\/div>\n<\/div>\n<div class=\"col-md-3 col-6\">\n\t<div class=\"cl-card\">\n\t\t<a href=\"https:\/\/www.dallassymphony.org\/es\/plan-your-visit\/seat-maps-and-accessibility\/\">\n\t\t\t<div class=\"cl-card__img-wrapper\">\n                <img loading=\"lazy\" decoding=\"async\" width=\"266\" height=\"169\" src=\"https:\/\/www.dallassymphony.org\/wp-content\/uploads\/2020\/12\/Seating-Charts-Meyerson-1600-x-900-266x169.jpg\" class=\"d-block w-100 wp-post-image\" alt=\"Toma del interior de Meyerson Grand Tier\" srcset=\"https:\/\/www.dallassymphony.org\/wp-content\/uploads\/2020\/12\/Seating-Charts-Meyerson-1600-x-900-266x169.jpg 266w, https:\/\/www.dallassymphony.org\/wp-content\/uploads\/2020\/12\/Seating-Charts-Meyerson-1600-x-900-16x9.jpg 16w\" sizes=\"auto, (max-width: 266px) 100vw, 266px\" \/>\t\t\t<\/div>\n\n\t\t\t<div class=\"cl-card__text\">\n\t\t\t\t<p>Mapas de plazas y accesibilidad<\/p>\n\t\t\t<\/div>\n\t\t<\/a>\n\t<\/div>\n<\/div>\n<div class=\"col-md-3 col-6\">\n\t<div class=\"cl-card\">\n\t\t<a href=\"https:\/\/www.dallassymphony.org\/es\/plan-your-visit\/guest-services\/\">\n\t\t\t<div class=\"cl-card__img-wrapper\">\n                <img loading=\"lazy\" decoding=\"async\" width=\"266\" height=\"169\" src=\"https:\/\/www.dallassymphony.org\/wp-content\/uploads\/2020\/11\/guest-services-1600x1076-1-266x169.jpg\" class=\"d-block w-100 wp-post-image\" alt=\"Usher ayudando a los invitados con sus entradas\" \/>\t\t\t<\/div>\n\n\t\t\t<div class=\"cl-card__text\">\n\t\t\t\t<p>Servicios para los hu\u00e9spedes<\/p>\n\t\t\t<\/div>\n\t\t<\/a>\n\t<\/div>\n<\/div>\n<div class=\"col-md-3 col-6\">\n\t<div class=\"cl-card\">\n\t\t<a href=\"https:\/\/www.dallassymphony.org\/es\/plan-your-visit\/directions-parking\/\">\n\t\t\t<div class=\"cl-card__img-wrapper\">\n                <img loading=\"lazy\" decoding=\"async\" width=\"266\" height=\"169\" src=\"https:\/\/www.dallassymphony.org\/wp-content\/uploads\/2020\/12\/Parking-and-Directions-1600-x-900-266x169.jpg\" class=\"d-block w-100 wp-post-image\" alt=\"Coches plateados en un aparcamiento\" srcset=\"https:\/\/www.dallassymphony.org\/wp-content\/uploads\/2020\/12\/Parking-and-Directions-1600-x-900-266x169.jpg 266w, https:\/\/www.dallassymphony.org\/wp-content\/uploads\/2020\/12\/Parking-and-Directions-1600-x-900-16x9.jpg 16w\" sizes=\"auto, (max-width: 266px) 100vw, 266px\" \/>\t\t\t<\/div>\n\n\t\t\t<div class=\"cl-card__text\">\n\t\t\t\t<p>C\u00f3mo llegar y aparcar<\/p>\n\t\t\t<\/div>\n\t\t<\/a>\n\t<\/div>\n<\/div>\n\t\t<\/div>\n\t<\/div>\n<\/div>\n\n\n\n<p><\/p>\n\n\n<div class=\"sign-up\">\n\t<img loading=\"lazy\" decoding=\"async\" width=\"2700\" height=\"1520\" src=\"https:\/\/www.dallassymphony.org\/wp-content\/uploads\/2025\/04\/dso-10.23.2023-56-2-2700x1520.jpg\" class=\"su__bg-img\" alt=\"\" srcset=\"https:\/\/www.dallassymphony.org\/wp-content\/uploads\/2025\/04\/dso-10.23.2023-56-2-2700x1520.jpg 2700w, https:\/\/www.dallassymphony.org\/wp-content\/uploads\/2025\/04\/dso-10.23.2023-56-2-388x218.jpg 388w, https:\/\/www.dallassymphony.org\/wp-content\/uploads\/2025\/04\/dso-10.23.2023-56-2-540x303.jpg 540w, https:\/\/www.dallassymphony.org\/wp-content\/uploads\/2025\/04\/dso-10.23.2023-56-2-666x375.jpg 666w, https:\/\/www.dallassymphony.org\/wp-content\/uploads\/2025\/04\/dso-10.23.2023-56-2-735x413.jpg 735w, https:\/\/www.dallassymphony.org\/wp-content\/uploads\/2025\/04\/dso-10.23.2023-56-2-768x432.jpg 768w, https:\/\/www.dallassymphony.org\/wp-content\/uploads\/2025\/04\/dso-10.23.2023-56-2-1600x900.jpg 1600w\" sizes=\"auto, (max-width: 2700px) 100vw, 2700px\" \/>\t<div class=\"su__overlay\"><\/div>\n\t<div class=\"container\">\n\t\t<div class=\"row\">\n\t\t\t<div class=\"col-md-6\">\n\t\t\t\t<h1>\u00a1Inscr\u00edbete para recibir las \u00faltimas noticias de la DSO!<\/h1>\n\t\t\t\t<a class=\"su__message\" href=\"http:\/\/www.dallassymphony.org\/es\/discover-connect\/follow-the-dso\/email-sign-up\/\">\n                    \t\t\t\t\t<div class=\"su__mail-icon\">\n\t\t\t\t\t\t<svg xmlns=\"http:\/\/www.w3.org\/2000\/svg\" viewbox=\"0 0 31 31\">\n\n\t\t\t\t\t\t\t<path fill=\"#fff\" d=\"M19368,23121a15,15,0,0,1-.156-30.006h.318A15,15,0,0,1,19368,23121Zm-6.162-21.168a1.538,1.538,0,0,0-1.531,1.543l-.012,9.244a1.544,1.544,0,0,0,1.543,1.543h12.33a1.542,1.542,0,0,0,1.539-1.543v-9.244a1.542,1.542,0,0,0-1.539-1.543Zm6.162,6.934v0l-6.162-3.85v-1.539l6.162,3.854,6.168-3.854v1.539l-6.168,3.85Z\" transform=\"translate(-19352.998 -23090.998)\"\/>\n\n\t\t\t\t\t\t<\/svg>\n\t\t\t\t\t<\/div>\n                    \t\t\t\t\t<span>\u00danete a nuestra lista de correo electr\u00f3nico<\/span>\n\t\t\t\t<\/a>\n\t\t\t<\/div>\n\t\t<\/div>\n\t<\/div>\n<\/div>","protected":false},"excerpt":{"rendered":"<p>Vea los descuentos en las entradas para estudiantes, profesores, primeros auxilios y m\u00e1s.<\/p>","protected":false},"author":3,"featured_media":23747,"parent":524,"menu_order":0,"comment_status":"closed","ping_status":"closed","template":"","meta":{"_acf_changed":false,"footnotes":""},"class_list":["post-548","page","type-page","status-publish","has-post-thumbnail","hentry"],"acf":[],"_links":{"self":[{"href":"https:\/\/www.dallassymphony.org\/es\/wp-json\/wp\/v2\/pages\/548","targetHints":{"allow":["GET"]}}],"collection":[{"href":"https:\/\/www.dallassymphony.org\/es\/wp-json\/wp\/v2\/pages"}],"about":[{"href":"https:\/\/www.dallassymphony.org\/es\/wp-json\/wp\/v2\/types\/page"}],"author":[{"embeddable":true,"href":"https:\/\/www.dallassymphony.org\/es\/wp-json\/wp\/v2\/users\/3"}],"replies":[{"embeddable":true,"href":"https:\/\/www.dallassymphony.org\/es\/wp-json\/wp\/v2\/comments?post=548"}],"version-history":[{"count":4,"href":"https:\/\/www.dallassymphony.org\/es\/wp-json\/wp\/v2\/pages\/548\/revisions"}],"predecessor-version":[{"id":31587,"href":"https:\/\/www.dallassymphony.org\/es\/wp-json\/wp\/v2\/pages\/548\/revisions\/31587"}],"up":[{"embeddable":true,"href":"https:\/\/www.dallassymphony.org\/es\/wp-json\/wp\/v2\/pages\/524"}],"wp:featuredmedia":[{"embeddable":true,"href":"https:\/\/www.dallassymphony.org\/es\/wp-json\/wp\/v2\/media\/23747"}],"wp:attachment":[{"href":"https:\/\/www.dallassymphony.org\/es\/wp-json\/wp\/v2\/media?parent=548"}],"curies":[{"name":"wp","href":"https:\/\/api.w.org\/{rel}","templated":true}]}}