{"id":524,"date":"2020-11-07T11:07:00","date_gmt":"2020-11-07T16:07:00","guid":{"rendered":"https:\/\/www.dallassymphony.org\/?page_id=524"},"modified":"2025-08-26T07:36:16","modified_gmt":"2025-08-26T12:36:16","slug":"concerts-and-events","status":"publish","type":"page","link":"https:\/\/www.dallassymphony.org\/es\/concerts-and-events\/","title":{"rendered":"Conciertos y entradas"},"content":{"rendered":"<div\n\tclass=\"subpage__hero bg-black\">\n\n\t<div class=\"img__wrapper d-none d-lg-block\" style=\"background: url(https:\/\/www.dallassymphony.org\/wp-content\/uploads\/2020\/11\/c-suite-155.jpg) top right\/cover no-repeat\"><\/div>\n\n\n\t<div class=\"content__wrapper\">\n\n\t\t<ul class=\"breadcrumbs text-white\">\n\t\t\t<ul class=\"breadcrumbs\">\n    \t<li class=\"breadcrumb__link\">\n\t\t<a class=\"a-hover\" href=\"https:\/\/www.dallassymphony.org\/es\/\">Inicio<\/a>\n\t<\/li>\n    <\/ul>\n\t\t<\/ul>\n\n\t\t<h1 class=\"text-white\">Algo para todos, y siempre un buen momento<\/h1>\n\n\t\t<img loading=\"lazy\" decoding=\"async\" width=\"1200\" height=\"800\" src=\"https:\/\/www.dallassymphony.org\/wp-content\/uploads\/2020\/11\/c-suite-155.jpg\" class=\"d-block d-lg-none w-100\" alt=\"La Sinf\u00f3nica de Dallas ofrece m\u00fasica para todos.\" srcset=\"https:\/\/www.dallassymphony.org\/wp-content\/uploads\/2020\/11\/c-suite-155.jpg 1200w, https:\/\/www.dallassymphony.org\/wp-content\/uploads\/2020\/11\/c-suite-155-300x200.jpg 300w, https:\/\/www.dallassymphony.org\/wp-content\/uploads\/2020\/11\/c-suite-155-1024x683.jpg 1024w, https:\/\/www.dallassymphony.org\/wp-content\/uploads\/2020\/11\/c-suite-155-768x512.jpg 768w, https:\/\/www.dallassymphony.org\/wp-content\/uploads\/2020\/11\/c-suite-155-16x12.jpg 16w, https:\/\/www.dallassymphony.org\/wp-content\/uploads\/2020\/11\/c-suite-155-309x206.jpg 309w, https:\/\/www.dallassymphony.org\/wp-content\/uploads\/2020\/11\/c-suite-155-540x360.jpg 540w\" sizes=\"auto, (max-width: 1200px) 100vw, 1200px\" \/>\n\t\t<div class=\"text-blue-3 sans__reg-18\"><p>De Beethoven a los Beatles, de Sibelius a Star Wars, la Orquesta Sinf\u00f3nica de Dallas ofrece una gran noche para cada inter\u00e9s. Tanto si es la primera vez que asiste a un concierto como si es un oyente de toda la vida, siempre saldr\u00e1 de una actuaci\u00f3n de la DSO o de un evento educativo con energ\u00eda y \u00e1nimo.<\/p>\n<\/div>\n\n                <a href=\"\" class=\"a-hover text-white\"><\/a>\n        \t<\/div>\n<\/div>\n\n<div class=\"subpage-nav grad-to-left\">\n\t<div class=\"container\">\n\t\t<div class=\"row\">\n\t\t\t<div class=\"col-md-12\">\n\t\t\t\t<h2><\/h2>\n\t\t\t<\/div>\n\t\t\t<div class=\"col-6\">\n\t<div class=\"subpage-nav__card\">\n\t\t<a href=\"https:\/\/www.dallassymphony.org\/es\/concerts-and-events\/calendar\/\">\n\t\t\t<div class=\"subpage-nav__img-wrapper\">\n\t\t\t\t<img loading=\"lazy\" decoding=\"async\" width=\"540\" height=\"360\" src=\"https:\/\/www.dallassymphony.org\/wp-content\/uploads\/2021\/04\/Subscription.Cover_Web.Graphics_04.12.21_NO-text-540x360.jpg\" class=\"img-fluid wp-post-image\" alt=\"\" srcset=\"https:\/\/www.dallassymphony.org\/wp-content\/uploads\/2021\/04\/Subscription.Cover_Web.Graphics_04.12.21_NO-text-540x360.jpg 540w, https:\/\/www.dallassymphony.org\/wp-content\/uploads\/2021\/04\/Subscription.Cover_Web.Graphics_04.12.21_NO-text-309x206.jpg 309w, https:\/\/www.dallassymphony.org\/wp-content\/uploads\/2021\/04\/Subscription.Cover_Web.Graphics_04.12.21_NO-text-350x234.jpg 350w\" sizes=\"auto, (max-width: 540px) 100vw, 540px\" \/>\t\t\t<\/div>\n\n\t\t\t<div class=\"subpage-nav__text\">\n\t\t\t\t<p>Calendario<\/p>\n\t\t\t<\/div>\n\t\t<\/a>\n\t<\/div>\n<\/div>\n<div class=\"col-6\">\n\t<div class=\"subpage-nav__card\">\n\t\t<a href=\"https:\/\/www.dallassymphony.org\/es\/concerts-and-events\/subscriptions-and-packages\/\">\n\t\t\t<div class=\"subpage-nav__img-wrapper\">\n\t\t\t\t<img loading=\"lazy\" decoding=\"async\" width=\"540\" height=\"360\" src=\"https:\/\/www.dallassymphony.org\/wp-content\/uploads\/2024\/07\/dso-nye-2023-28-540x360.jpg\" class=\"img-fluid wp-post-image\" alt=\"\" srcset=\"https:\/\/www.dallassymphony.org\/wp-content\/uploads\/2024\/07\/dso-nye-2023-28-540x360.jpg 540w, https:\/\/www.dallassymphony.org\/wp-content\/uploads\/2024\/07\/dso-nye-2023-28-18x12.jpg 18w, https:\/\/www.dallassymphony.org\/wp-content\/uploads\/2024\/07\/dso-nye-2023-28-309x206.jpg 309w, https:\/\/www.dallassymphony.org\/wp-content\/uploads\/2024\/07\/dso-nye-2023-28-350x234.jpg 350w\" sizes=\"auto, (max-width: 540px) 100vw, 540px\" \/>\t\t\t<\/div>\n\n\t\t\t<div class=\"subpage-nav__text\">\n\t\t\t\t<p>Suscripciones y paquetes<\/p>\n\t\t\t<\/div>\n\t\t<\/a>\n\t<\/div>\n<\/div>\n<div class=\"col-6\">\n\t<div class=\"subpage-nav__card\">\n\t\t<a href=\"https:\/\/www.dallassymphony.org\/es\/concerts-and-events\/ticket-info-offers\/\">\n\t\t\t<div class=\"subpage-nav__img-wrapper\">\n\t\t\t\t<img loading=\"lazy\" decoding=\"async\" width=\"540\" height=\"360\" src=\"https:\/\/www.dallassymphony.org\/wp-content\/uploads\/2024\/12\/dso-nye-2023-29-1-scaled-e1734722916974-540x360.jpg\" class=\"img-fluid wp-post-image\" alt=\"\" srcset=\"https:\/\/www.dallassymphony.org\/wp-content\/uploads\/2024\/12\/dso-nye-2023-29-1-scaled-e1734722916974-540x360.jpg 540w, https:\/\/www.dallassymphony.org\/wp-content\/uploads\/2024\/12\/dso-nye-2023-29-1-scaled-e1734722916974-309x206.jpg 309w, https:\/\/www.dallassymphony.org\/wp-content\/uploads\/2024\/12\/dso-nye-2023-29-1-scaled-e1734722916974-350x234.jpg 350w\" sizes=\"auto, (max-width: 540px) 100vw, 540px\" \/>\t\t\t<\/div>\n\n\t\t\t<div class=\"subpage-nav__text\">\n\t\t\t\t<p>Ofertas especiales<\/p>\n\t\t\t<\/div>\n\t\t<\/a>\n\t<\/div>\n<\/div>\n<div class=\"col-6\">\n\t<div class=\"subpage-nav__card\">\n\t\t<a href=\"https:\/\/www.dallassymphony.org\/es\/concerts-and-events\/group-sales\/\">\n\t\t\t<div class=\"subpage-nav__img-wrapper\">\n\t\t\t\t<img loading=\"lazy\" decoding=\"async\" width=\"540\" height=\"360\" src=\"https:\/\/www.dallassymphony.org\/wp-content\/uploads\/2024\/07\/DSC02614-2-540x360.jpg\" class=\"img-fluid wp-post-image\" alt=\"\" srcset=\"https:\/\/www.dallassymphony.org\/wp-content\/uploads\/2024\/07\/DSC02614-2-540x360.jpg 540w, https:\/\/www.dallassymphony.org\/wp-content\/uploads\/2024\/07\/DSC02614-2-300x200.jpg 300w, https:\/\/www.dallassymphony.org\/wp-content\/uploads\/2024\/07\/DSC02614-2-1024x683.jpg 1024w, https:\/\/www.dallassymphony.org\/wp-content\/uploads\/2024\/07\/DSC02614-2-768x512.jpg 768w, https:\/\/www.dallassymphony.org\/wp-content\/uploads\/2024\/07\/DSC02614-2-1536x1024.jpg 1536w, https:\/\/www.dallassymphony.org\/wp-content\/uploads\/2024\/07\/DSC02614-2-2048x1365.jpg 2048w, https:\/\/www.dallassymphony.org\/wp-content\/uploads\/2024\/07\/DSC02614-2-18x12.jpg 18w, https:\/\/www.dallassymphony.org\/wp-content\/uploads\/2024\/07\/DSC02614-2-309x206.jpg 309w, https:\/\/www.dallassymphony.org\/wp-content\/uploads\/2024\/07\/DSC02614-2-350x234.jpg 350w\" sizes=\"auto, (max-width: 540px) 100vw, 540px\" \/>\t\t\t<\/div>\n\n\t\t\t<div class=\"subpage-nav__text\">\n\t\t\t\t<p>Ventas del grupo<\/p>\n\t\t\t<\/div>\n\t\t<\/a>\n\t<\/div>\n<\/div>\n\t\t<\/div>\n\t<\/div>\n<\/div>\n\n\n<div class=\"text-img text-img--left\">\n\t<div class=\"container\">\n\t\t<div class=\"row\">\n\t\t\t<div class=\"col-lg-12\">\n\t\t\t\t<div class=\"text-img__wrapper\">\n\t\t\t\t\t<h1>Folleto de la temporada<\/h1>\n\n                    <img loading=\"lazy\" decoding=\"async\" width=\"666\" height=\"375\" src=\"https:\/\/www.dallassymphony.org\/wp-content\/uploads\/2024\/02\/24-25-Subs-Website-Banner-Fabio-Movement-666x375.jpg\" class=\"d-xl-none d-block\" alt=\"\" srcset=\"https:\/\/www.dallassymphony.org\/wp-content\/uploads\/2024\/02\/24-25-Subs-Website-Banner-Fabio-Movement-666x375.jpg 666w, https:\/\/www.dallassymphony.org\/wp-content\/uploads\/2024\/02\/24-25-Subs-Website-Banner-Fabio-Movement-300x169.jpg 300w, https:\/\/www.dallassymphony.org\/wp-content\/uploads\/2024\/02\/24-25-Subs-Website-Banner-Fabio-Movement-1024x576.jpg 1024w, https:\/\/www.dallassymphony.org\/wp-content\/uploads\/2024\/02\/24-25-Subs-Website-Banner-Fabio-Movement-768x432.jpg 768w, https:\/\/www.dallassymphony.org\/wp-content\/uploads\/2024\/02\/24-25-Subs-Website-Banner-Fabio-Movement-1536x864.jpg 1536w, https:\/\/www.dallassymphony.org\/wp-content\/uploads\/2024\/02\/24-25-Subs-Website-Banner-Fabio-Movement-18x10.jpg 18w, https:\/\/www.dallassymphony.org\/wp-content\/uploads\/2024\/02\/24-25-Subs-Website-Banner-Fabio-Movement-388x218.jpg 388w, https:\/\/www.dallassymphony.org\/wp-content\/uploads\/2024\/02\/24-25-Subs-Website-Banner-Fabio-Movement-540x303.jpg 540w, https:\/\/www.dallassymphony.org\/wp-content\/uploads\/2024\/02\/24-25-Subs-Website-Banner-Fabio-Movement-735x413.jpg 735w, https:\/\/www.dallassymphony.org\/wp-content\/uploads\/2024\/02\/24-25-Subs-Website-Banner-Fabio-Movement.jpg 1600w\" sizes=\"auto, (max-width: 666px) 100vw, 666px\" \/>\n\t\t\t\t\t<p>Descargue el folleto completo de conciertos de la temporada 2025\/26.<\/p>\n\n                    \t\t\t\t\t<a class=\"a-hover\" href=\"https:\/\/www.dallassymphony.org\/wp-content\/uploads\/2025\/04\/25-26_DSO-Season-Brochure-Digital.pdf\" >Descargue aqu\u00ed<\/a>\n                    \n                <\/div>\n                <img loading=\"lazy\" decoding=\"async\" width=\"1600\" height=\"900\" src=\"https:\/\/www.dallassymphony.org\/wp-content\/uploads\/2024\/02\/24-25-Subs-Website-Banner-Fabio-Movement.jpg\" class=\"d-none d-xl-block\" alt=\"\" srcset=\"https:\/\/www.dallassymphony.org\/wp-content\/uploads\/2024\/02\/24-25-Subs-Website-Banner-Fabio-Movement.jpg 1600w, https:\/\/www.dallassymphony.org\/wp-content\/uploads\/2024\/02\/24-25-Subs-Website-Banner-Fabio-Movement-300x169.jpg 300w, https:\/\/www.dallassymphony.org\/wp-content\/uploads\/2024\/02\/24-25-Subs-Website-Banner-Fabio-Movement-1024x576.jpg 1024w, https:\/\/www.dallassymphony.org\/wp-content\/uploads\/2024\/02\/24-25-Subs-Website-Banner-Fabio-Movement-768x432.jpg 768w, https:\/\/www.dallassymphony.org\/wp-content\/uploads\/2024\/02\/24-25-Subs-Website-Banner-Fabio-Movement-1536x864.jpg 1536w, https:\/\/www.dallassymphony.org\/wp-content\/uploads\/2024\/02\/24-25-Subs-Website-Banner-Fabio-Movement-18x10.jpg 18w, https:\/\/www.dallassymphony.org\/wp-content\/uploads\/2024\/02\/24-25-Subs-Website-Banner-Fabio-Movement-388x218.jpg 388w, https:\/\/www.dallassymphony.org\/wp-content\/uploads\/2024\/02\/24-25-Subs-Website-Banner-Fabio-Movement-540x303.jpg 540w, https:\/\/www.dallassymphony.org\/wp-content\/uploads\/2024\/02\/24-25-Subs-Website-Banner-Fabio-Movement-666x375.jpg 666w, https:\/\/www.dallassymphony.org\/wp-content\/uploads\/2024\/02\/24-25-Subs-Website-Banner-Fabio-Movement-735x413.jpg 735w\" sizes=\"auto, (max-width: 1600px) 100vw, 1600px\" \/>\t\t\t<\/div>\n\t\t<\/div>\n\t<\/div>\n<\/div>\n\n\n<div class=\"video\">\n\t<div class=\"container\">\n\t\t<div class=\"row\">\n\t\t\t<div class=\"col-lg-12\">\n\t\t\t\t<div class=\"video__text-wrapper\">\n\t\t\t\t\t<h1>Next Stage | R\u00e9quiem de Verdi<\/h1>\n\t\t\t\t\t\t\t\t\t<\/div>\n\t\t\t<\/div>\n\t\t<\/div>\n\t<\/div>\n\n\t<div class=\"iframe-container\">\n\t\t<div class=\"video-overlay\">\n\t\t\t<button class=\"play-video\" data-trigger=\"video-22c3f37a10d302010072c2702790562d\">\n\t\t\t\t<svg xmlns=\"http:\/\/www.w3.org\/2000\/svg\" viewbox=\"0 0 23.967 23.967\">\n\t\t\t\t\t<defs>\n\t\t\t\t\t\t<style>\n\t\t\t\t\t\t\t.a {\n\t\t\t\t\t\t\t\tfill: none;\n\t\t\t\t\t\t\t}\n\t\t\t\t\t\t\t.b {\n\t\t\t\t\t\t\t\tfill: #10bff1;\n\t\t\t\t\t\t\t}\n\t\t\t\t\t\t<\/style>\n\t\t\t\t\t<\/defs>\n\t\t\t\t\t<path class=\"a\" d=\"M0,0H23.967V23.967H0Z\"\/>\n\t\t\t\t\t<path class=\"b\" d=\"M9.987,16.476l5.99-4.493L9.987,7.491ZM11.983,2a9.983,9.983,0,1,0,9.983,9.983A9.987,9.987,0,0,0,11.983,2Zm0,17.97a7.987,7.987,0,1,1,7.987-7.987A8,8,0,0,1,11.983,19.97Z\"\/>\n\n\t\t\t\t\t<g class=\"test-me\">\n\t\t\t\t\t\t<path class=\"a\" d=\"M0,0H23.967V23.967H0Z\"\/>\n\t\t\t\t\t\t<path class=\"b\" d=\"M9.987,16.476l5.99-4.493L9.987,7.491ZM11.983,2a9.983,9.983,0,1,0,9.983,9.983A9.987,9.987,0,0,0,11.983,2Zm0,17.97a7.987,7.987,0,1,1,7.987-7.987A8,8,0,0,1,11.983,19.97Z\"\/>\n\t\t\t\t\t<\/g>\n\t\t\t\t<\/svg>\n\t\t\t<\/button>\n\t\t<\/div>\n\n\t\t<iframe mozallowfullscreen webkitallowfullscreen allowfullscreen class=\"responsive-iframe\" data-target=\"video-22c3f37a10d302010072c2702790562d\" src=\"https:\/\/www.youtube.com\/embed\/\/9H4r-UL0vXU?mute=1&#038;loop=1\"><\/iframe>\n\t<\/div>\n\n    <div class=\"container\">\n        <div class=\"row\">\n            <div class=\"col-lg-12 d-flex flex-column justify-content-end\">\n                <div class=\"d-flex justify-content-end video-optional-link\">\n                    <a class=\"ml-auto\" href=\"https:\/\/www.dallassymphony.org\/es\/discover-connect\/\">\n                        <span class=\"a-styles a-hover\">NAVEGAR TODOS LOS VIDEOS<\/span>\n                    <\/a>\n                <\/div>\n                            <\/div>\n        <\/div>\n    <\/div>\n\n\t<div class=\"left-grad\"><\/div>\n\t<div class=\"right-grad\"><\/div>\n<\/div>\n\n\n\n<div style=\"height:15px\" aria-hidden=\"true\" class=\"wp-block-spacer\"><\/div>\n\n\n<div class=\"cta-content-highlight\">\n    <img loading=\"lazy\" decoding=\"async\" width=\"1600\" height=\"900\" src=\"https:\/\/www.dallassymphony.org\/wp-content\/uploads\/2020\/12\/Digital-Concerts-1600-x-900.jpg\" class=\"cta__bg-img\" alt=\"Operador de c\u00e1mara grabando una actuaci\u00f3n de la c\u00e1mara DSO durante la pandemia COVID-19\" srcset=\"https:\/\/www.dallassymphony.org\/wp-content\/uploads\/2020\/12\/Digital-Concerts-1600-x-900.jpg 1600w, https:\/\/www.dallassymphony.org\/wp-content\/uploads\/2020\/12\/Digital-Concerts-1600-x-900-300x169.jpg 300w, https:\/\/www.dallassymphony.org\/wp-content\/uploads\/2020\/12\/Digital-Concerts-1600-x-900-1024x576.jpg 1024w, https:\/\/www.dallassymphony.org\/wp-content\/uploads\/2020\/12\/Digital-Concerts-1600-x-900-768x432.jpg 768w, https:\/\/www.dallassymphony.org\/wp-content\/uploads\/2020\/12\/Digital-Concerts-1600-x-900-1536x864.jpg 1536w, https:\/\/www.dallassymphony.org\/wp-content\/uploads\/2020\/12\/Digital-Concerts-1600-x-900-16x9.jpg 16w, https:\/\/www.dallassymphony.org\/wp-content\/uploads\/2020\/12\/Digital-Concerts-1600-x-900-388x218.jpg 388w, https:\/\/www.dallassymphony.org\/wp-content\/uploads\/2020\/12\/Digital-Concerts-1600-x-900-540x303.jpg 540w, https:\/\/www.dallassymphony.org\/wp-content\/uploads\/2020\/12\/Digital-Concerts-1600-x-900-666x375.jpg 666w, https:\/\/www.dallassymphony.org\/wp-content\/uploads\/2020\/12\/Digital-Concerts-1600-x-900-735x413.jpg 735w\" sizes=\"auto, (max-width: 1600px) 100vw, 1600px\" \/>\n\t<div class=\"container bottom-container\">\n\t\t<div class=\"row no-gutters\">\n\t\t\t\n\t\t\t<div class=\"col-md-7 offset-md-1\">\n\t\t\t\t<div class=\"cta__text-overlay\">\n\t\t\t\t\t<h4>Experimente la DSO donde y cuando quiera...<\/h4>\n\n\t\t\t\t\t<p>Grabado en vivo en el Centro Sinf\u00f3nico Morton H. Meyerson, la Serie de Conciertos Digitales NEXT STAGE presentada por el PNC Bank proporciona una visi\u00f3n cercana e \u00edntima del arte detr\u00e1s de las actuaciones transformadoras de la Orquesta Sinf\u00f3nica de Dallas.<\/p>\n\n                    \t\t\t\t\t<a class=\"a-hover\" href=\"https:\/\/www.dallassymphony.org\/es\/discover-connect\/next-stage\/\">Aprende m\u00e1s<\/a>\n                    \t\t\t\t<\/div>\n\t\t\t<\/div>\n\t\t\t\t\t\t<div class=\"col-md-3  d-sm-none d-md-flex\">\n\t\t\t\t<div class=\"blk-bg-grad-left\"><\/div>\n\t\t\t<\/div>\n\t\t\t\t\t<\/div>\n\t<\/div>\n<\/div>\n\n\n<div class=\"cta-content-highlight\">\n    <img loading=\"lazy\" decoding=\"async\" width=\"1600\" height=\"900\" src=\"https:\/\/www.dallassymphony.org\/wp-content\/uploads\/2021\/02\/Youth-Concert-Fall-2016-Child-Pointing-1600x900-1.jpg\" class=\"cta__bg-img\" alt=\"\" srcset=\"https:\/\/www.dallassymphony.org\/wp-content\/uploads\/2021\/02\/Youth-Concert-Fall-2016-Child-Pointing-1600x900-1.jpg 1600w, https:\/\/www.dallassymphony.org\/wp-content\/uploads\/2021\/02\/Youth-Concert-Fall-2016-Child-Pointing-1600x900-1-300x169.jpg 300w, https:\/\/www.dallassymphony.org\/wp-content\/uploads\/2021\/02\/Youth-Concert-Fall-2016-Child-Pointing-1600x900-1-1024x576.jpg 1024w, https:\/\/www.dallassymphony.org\/wp-content\/uploads\/2021\/02\/Youth-Concert-Fall-2016-Child-Pointing-1600x900-1-768x432.jpg 768w, https:\/\/www.dallassymphony.org\/wp-content\/uploads\/2021\/02\/Youth-Concert-Fall-2016-Child-Pointing-1600x900-1-1536x864.jpg 1536w, https:\/\/www.dallassymphony.org\/wp-content\/uploads\/2021\/02\/Youth-Concert-Fall-2016-Child-Pointing-1600x900-1-16x9.jpg 16w, https:\/\/www.dallassymphony.org\/wp-content\/uploads\/2021\/02\/Youth-Concert-Fall-2016-Child-Pointing-1600x900-1-388x218.jpg 388w, https:\/\/www.dallassymphony.org\/wp-content\/uploads\/2021\/02\/Youth-Concert-Fall-2016-Child-Pointing-1600x900-1-540x303.jpg 540w, https:\/\/www.dallassymphony.org\/wp-content\/uploads\/2021\/02\/Youth-Concert-Fall-2016-Child-Pointing-1600x900-1-666x375.jpg 666w, https:\/\/www.dallassymphony.org\/wp-content\/uploads\/2021\/02\/Youth-Concert-Fall-2016-Child-Pointing-1600x900-1-735x413.jpg 735w\" sizes=\"auto, (max-width: 1600px) 100vw, 1600px\" \/>\n\t<div class=\"container bottom-container\">\n\t\t<div class=\"row no-gutters\">\n\t\t\t\n\t\t\t<div class=\"col-md-7 offset-md-1\">\n\t\t\t\t<div class=\"cta__text-overlay\">\n\t\t\t\t\t<h4>Apoye nuestras iniciativas comunitarias y educativasative<\/h4>\n\n\t\t\t\t\t\n                    \t\t\t\t\t<a class=\"a-hover\" href=\"https:\/\/secure.dallassymphony.org\/donate\/q\/donate-now\">Haga un regalo ahora<\/a>\n                    \t\t\t\t<\/div>\n\t\t\t<\/div>\n\t\t\t\t\t\t<div class=\"col-md-3  d-sm-none d-md-flex\">\n\t\t\t\t<div class=\"blk-bg-grad-left\"><\/div>\n\t\t\t<\/div>\n\t\t\t\t\t<\/div>\n\t<\/div>\n<\/div>\n\n\n<div class=\"cta-content-highlight\">\n    <img loading=\"lazy\" decoding=\"async\" width=\"1600\" height=\"1076\" src=\"https:\/\/www.dallassymphony.org\/wp-content\/uploads\/2020\/11\/Virtual-Tour_Meyerson-Lower-Lobby-1600x1076-1.jpg\" class=\"cta__bg-img\" alt=\"\" srcset=\"https:\/\/www.dallassymphony.org\/wp-content\/uploads\/2020\/11\/Virtual-Tour_Meyerson-Lower-Lobby-1600x1076-1.jpg 1600w, https:\/\/www.dallassymphony.org\/wp-content\/uploads\/2020\/11\/Virtual-Tour_Meyerson-Lower-Lobby-1600x1076-1-300x202.jpg 300w, https:\/\/www.dallassymphony.org\/wp-content\/uploads\/2020\/11\/Virtual-Tour_Meyerson-Lower-Lobby-1600x1076-1-1024x689.jpg 1024w, https:\/\/www.dallassymphony.org\/wp-content\/uploads\/2020\/11\/Virtual-Tour_Meyerson-Lower-Lobby-1600x1076-1-768x516.jpg 768w, https:\/\/www.dallassymphony.org\/wp-content\/uploads\/2020\/11\/Virtual-Tour_Meyerson-Lower-Lobby-1600x1076-1-1536x1033.jpg 1536w, https:\/\/www.dallassymphony.org\/wp-content\/uploads\/2020\/11\/Virtual-Tour_Meyerson-Lower-Lobby-1600x1076-1-16x12.jpg 16w\" sizes=\"auto, (max-width: 1600px) 100vw, 1600px\" \/>\n\t<div class=\"container bottom-container\">\n\t\t<div class=\"row no-gutters\">\n\t\t\t\n\t\t\t<div class=\"col-md-7 offset-md-1\">\n\t\t\t\t<div class=\"cta__text-overlay\">\n\t\t\t\t\t<h4>Suscr\u00edbase a nuestra lista de correo electr\u00f3nico<\/h4>\n\n\t\t\t\t\t<p>Inscr\u00edbete para recibir las \u00faltimas noticias, actualizaciones del calendario, contenido digital gratuito y ofertas especiales de la DSO!<\/p>\n\n                    \t\t\t\t\t<a class=\"a-hover\" href=\"https:\/\/www.dallassymphony.org\/es\/discover-connect\/follow-the-dso\/email-sign-up\/\">Inscr\u00edbete<\/a>\n                    \t\t\t\t<\/div>\n\t\t\t<\/div>\n\t\t\t\t\t\t<div class=\"col-md-3  d-sm-none d-md-flex\">\n\t\t\t\t<div class=\"blk-bg-grad-left\"><\/div>\n\t\t\t<\/div>\n\t\t\t\t\t<\/div>\n\t<\/div>\n<\/div>","protected":false},"excerpt":{"rendered":"<p>De Beethoven a los Beatles, de Sibelius a Star Wars, la Orquesta Sinf\u00f3nica de Dallas ofrece una gran noche para todos los intereses.<\/p>","protected":false},"author":3,"featured_media":2958,"parent":0,"menu_order":0,"comment_status":"closed","ping_status":"closed","template":"","meta":{"_acf_changed":false,"footnotes":""},"class_list":["post-524","page","type-page","status-publish","has-post-thumbnail","hentry"],"acf":[],"_links":{"self":[{"href":"https:\/\/www.dallassymphony.org\/es\/wp-json\/wp\/v2\/pages\/524","targetHints":{"allow":["GET"]}}],"collection":[{"href":"https:\/\/www.dallassymphony.org\/es\/wp-json\/wp\/v2\/pages"}],"about":[{"href":"https:\/\/www.dallassymphony.org\/es\/wp-json\/wp\/v2\/types\/page"}],"author":[{"embeddable":true,"href":"https:\/\/www.dallassymphony.org\/es\/wp-json\/wp\/v2\/users\/3"}],"replies":[{"embeddable":true,"href":"https:\/\/www.dallassymphony.org\/es\/wp-json\/wp\/v2\/comments?post=524"}],"version-history":[{"count":0,"href":"https:\/\/www.dallassymphony.org\/es\/wp-json\/wp\/v2\/pages\/524\/revisions"}],"wp:featuredmedia":[{"embeddable":true,"href":"https:\/\/www.dallassymphony.org\/es\/wp-json\/wp\/v2\/media\/2958"}],"wp:attachment":[{"href":"https:\/\/www.dallassymphony.org\/es\/wp-json\/wp\/v2\/media?parent=524"}],"curies":[{"name":"wp","href":"https:\/\/api.w.org\/{rel}","templated":true}]}}