{"id":5128,"date":"2021-01-11T10:16:44","date_gmt":"2021-01-11T16:16:44","guid":{"rendered":"https:\/\/www.dallassymphony.org\/?page_id=5128"},"modified":"2024-04-24T17:35:44","modified_gmt":"2024-04-24T22:35:44","slug":"chorus","status":"publish","type":"page","link":"https:\/\/www.dallassymphony.org\/es\/about-the-dso\/people\/chorus\/","title":{"rendered":"Coro"},"content":{"rendered":"<div class=\"hero__no-img bg-blue-8\">\n\t<div class=\"container\">\n\t\t<div class=\"row\">\n\t\t\t<div class=\"col-md-10\">\n\n\t\t\t\t<ul class=\"breadcrumbs\">\n    \t<li class=\"breadcrumb__link\">\n\t\t<a class=\"a-hover\" href=\"https:\/\/www.dallassymphony.org\/es\/\">Inicio<\/a>\n\t<\/li>\n    \t<li class=\"breadcrumb__link a-styles\">\n\t\t<a class=\"a-hover\" href=\"https:\/\/www.dallassymphony.org\/es\/about-the-dso\/\">Sobre el DSO<\/a>\n\t<\/li>\n    \t<li class=\"breadcrumb__link a-styles\">\n\t\t<a class=\"a-hover\" href=\"https:\/\/www.dallassymphony.org\/es\/about-the-dso\/people\/\">Gente<\/a>\n\t<\/li>\n    <\/ul>\n\n                \t\t\t\t<h1>\n                    <span >Coro<\/span>\n                <\/h1>\n                \t\t\t<\/div>\n\t\t<\/div>\n\t<\/div>\n<\/div>\n\n\n<div class=\"richtext m-spacer\">\n\t<div class=\"container\">\n\t\t<div class=\"row\">\n\t\t\t<div class=\"col-10\">\n\t\t\t\t\n\n<figure class=\"wp-block-image size-large is-resized\"><img loading=\"lazy\" decoding=\"async\" width=\"1024\" height=\"683\" src=\"https:\/\/www.dallassymphony.org\/wp-content\/uploads\/2023\/12\/dso-11.10.2022-16-1024x683.jpg\" alt=\"\" class=\"wp-image-16059\" style=\"width:800px;height:450px\" srcset=\"https:\/\/www.dallassymphony.org\/wp-content\/uploads\/2023\/12\/dso-11.10.2022-16-1024x683.jpg 1024w, https:\/\/www.dallassymphony.org\/wp-content\/uploads\/2023\/12\/dso-11.10.2022-16-300x200.jpg 300w, https:\/\/www.dallassymphony.org\/wp-content\/uploads\/2023\/12\/dso-11.10.2022-16-768x512.jpg 768w, https:\/\/www.dallassymphony.org\/wp-content\/uploads\/2023\/12\/dso-11.10.2022-16-1536x1024.jpg 1536w, https:\/\/www.dallassymphony.org\/wp-content\/uploads\/2023\/12\/dso-11.10.2022-16-2048x1365.jpg 2048w, https:\/\/www.dallassymphony.org\/wp-content\/uploads\/2023\/12\/dso-11.10.2022-16-18x12.jpg 18w, https:\/\/www.dallassymphony.org\/wp-content\/uploads\/2023\/12\/dso-11.10.2022-16-309x206.jpg 309w, https:\/\/www.dallassymphony.org\/wp-content\/uploads\/2023\/12\/dso-11.10.2022-16-350x234.jpg 350w, https:\/\/www.dallassymphony.org\/wp-content\/uploads\/2023\/12\/dso-11.10.2022-16-540x360.jpg 540w\" sizes=\"auto, (max-width: 1024px) 100vw, 1024px\" \/><\/figure>\n\n\n\t\t\t<\/div>\n\t\t<\/div>\n\t<\/div>\n\n<\/div>\n\n\n<div class=\"richtext m-spacer\">\n\t<div class=\"container\">\n\t\t<div class=\"row\">\n\t\t\t<div class=\"col-10\">\n\t\t\t\t\n\n<p>El Coro Sinf\u00f3nico de Dallas es el conjunto vocal oficial de la Orquesta Sinf\u00f3nica de Dallas. Esta organizaci\u00f3n de voluntarios est\u00e1 formada por miembros que dedican su tiempo, esfuerzo y considerable talento a los ensayos y actuaciones programadas regularmente con la Sinf\u00f3nica de Dallas, as\u00ed como a apariciones en el gran metroplex de Dallas, a trav\u00e9s de los Estados Unidos y con orquestas en lugares de todo el mundo.<\/p>\n\n\n\n<p>El coro tiene su origen en un encuentro a principios de 1977 entre el Director Musical de la Orquesta Sinf\u00f3nica de Dallas y el Director Eduardo Mata, el Director General Lloyd Halderman y el Canciller de la Universidad de Texas en Dallas, Bryce Jordan. Mata pidi\u00f3 que se creara un conjunto vocal permanente a gran escala para hacer posible la interpretaci\u00f3n regular de las principales obras corales con la orquesta.<\/p>\n\n\n\n<p>La primera actuaci\u00f3n del DSC como coro oficial de la Sinf\u00f3nica de Dallas tuvo lugar bajo la direcci\u00f3n de Mata en el Music Hall de Fair Park el 23 de septiembre de 1977 con una interpretaci\u00f3n de la obra de Mozart <em>Masa en Do menor<\/em>El coro ha actuado desde entonces con m\u00e1s de 75 directores de renombre internacional a lo largo de los a\u00f1os.<\/p>\n\n\n\n<p>Desde entonces, el coro ha crecido gracias a los mandatos de los directores William Graham, Stewart Clark, Frank Sargent, Ronald Shirey, David R. Davidson y Joshua Habermann. En mayo de 2023, Anthony Blake Clark fue nombrado s\u00e9ptimo director permanente del coro. El Sr. Clark asumi\u00f3 sus funciones en septiembre de 2023. En mayo de 2015, la Sinf\u00f3nica de Dallas anunci\u00f3 una importante donaci\u00f3n para la creaci\u00f3n de la C\u00e1tedra Jean D. Wilson de Direcci\u00f3n del Coro.<\/p>\n\n\n\n<p>Todos los m\u00fasicos del coro son voluntarios que asisten a los ensayos semanales de los lunes por la tarde. El calendario de ensayos y conciertos abarca la temporada cl\u00e1sica de la orquesta e incluye alg\u00fan que otro concierto pop y\/o de verano. Por lo general, se realizan audiciones para los interesados en formar parte del coro durante los meses de mayo y junio de cada a\u00f1o. Desde 1988, el programa de actuaciones navide\u00f1as del DSC con la Orquesta se ha ampliado, debido a su popularidad entre el p\u00fablico navide\u00f1o, de dos actuaciones a trece.<\/p>\n\n\n\n<p>El coro ha actuado en el Carnegie Hall de Nueva York en diez ocasiones, ha actuado en Israel (1996) y Sudam\u00e9rica (2003) y ha realizado su cuarta gira europea en 2018 con actuaciones en Suecia, Finlandia y Estonia.<\/p>\n\n\n\n<p>El Coro Sinf\u00f3nico de Dallas se puede escuchar en m\u00e1s de dos docenas de grabaciones comerciales, producidas por Naxos, Dorian, Delos, Sony, RCA, BMG, ProArte, Hyperion, Intersound y DSO Live. Las grabaciones m\u00e1s destacadas del Coro Sinf\u00f3nico de Dallas incluyen la aclamada Daphinis et Chlo\u00eb de Ravel (RCA), la Sinfon\u00eda n\u00ba 2 de Mahler, Resurrecci\u00f3n (ProArte), Alexander Nevsky de Prokofiev (Dorian), y la Sinfon\u00eda #3 de Mahler (DSO Live). La grabaci\u00f3n de 2012 de August 4, 1964 de Steven Stucky obtuvo una nominaci\u00f3n al GRAMMY\u00ae para el compositor.<\/p>\n\n\n\n<p>Para complementar financieramente las giras y actividades fuera de las series de suscripci\u00f3n y otras actuaciones con la Orquesta Sinf\u00f3nica de Dallas y la Orquesta de Pops, el Coro tambi\u00e9n ha actuado ocasionalmente para funciones p\u00fablicas y privadas en todo el metroplex y m\u00e1s all\u00e1.<\/p>\n\n\n\n<div style=\"height:26px\" aria-hidden=\"true\" class=\"wp-block-spacer\"><\/div>\n\n\n\n<p class=\"has-text-align-center\"><a href=\"http:\/\/dschorus.com\/\" target=\"_blank\" rel=\"noreferrer noopener\">Visita la p\u00e1gina web del Coro Sinf\u00f3nico de Dallas<\/a><\/p>\n\n\n<div class=\"wp-block-image\">\n<figure class=\"aligncenter size-large\"><a href=\"http:\/\/dschorus.com\/default.htm\" target=\"_blank\" rel=\"noopener\"><img loading=\"lazy\" decoding=\"async\" width=\"452\" height=\"190\" src=\"https:\/\/www.dallassymphony.org\/wp-content\/uploads\/2021\/01\/DSC_Logo_Small_452x190.jpg\" alt=\"\" class=\"wp-image-5154\" srcset=\"https:\/\/www.dallassymphony.org\/wp-content\/uploads\/2021\/01\/DSC_Logo_Small_452x190.jpg 452w, https:\/\/www.dallassymphony.org\/wp-content\/uploads\/2021\/01\/DSC_Logo_Small_452x190-300x126.jpg 300w, https:\/\/www.dallassymphony.org\/wp-content\/uploads\/2021\/01\/DSC_Logo_Small_452x190-16x7.jpg 16w\" sizes=\"auto, (max-width: 452px) 100vw, 452px\" \/><\/a><\/figure>\n<\/div>\n\n\t\t\t<\/div>\n\t\t<\/div>\n\t<\/div>\n\n<\/div>\n\n\n\n<p><\/p>","protected":false},"excerpt":{"rendered":"<p>El Coro Sinf\u00f3nico de Dallas es el conjunto vocal oficial de la Orquesta Sinf\u00f3nica de Dallas. Esta organizaci\u00f3n de voluntarios est\u00e1 formada por miembros que dedican su tiempo, esfuerzo y considerable talento a los ensayos y actuaciones programadas regularmente con la Sinf\u00f3nica de Dallas, as\u00ed como a apariciones en el gran metroplex de Dallas, a trav\u00e9s de los Estados Unidos y con orquestas en lugares de todo el mundo.<\/p>","protected":false},"author":16,"featured_media":16059,"parent":285,"menu_order":0,"comment_status":"closed","ping_status":"closed","template":"","meta":{"_acf_changed":false,"footnotes":""},"class_list":["post-5128","page","type-page","status-publish","has-post-thumbnail","hentry"],"acf":[],"_links":{"self":[{"href":"https:\/\/www.dallassymphony.org\/es\/wp-json\/wp\/v2\/pages\/5128","targetHints":{"allow":["GET"]}}],"collection":[{"href":"https:\/\/www.dallassymphony.org\/es\/wp-json\/wp\/v2\/pages"}],"about":[{"href":"https:\/\/www.dallassymphony.org\/es\/wp-json\/wp\/v2\/types\/page"}],"author":[{"embeddable":true,"href":"https:\/\/www.dallassymphony.org\/es\/wp-json\/wp\/v2\/users\/16"}],"replies":[{"embeddable":true,"href":"https:\/\/www.dallassymphony.org\/es\/wp-json\/wp\/v2\/comments?post=5128"}],"version-history":[{"count":0,"href":"https:\/\/www.dallassymphony.org\/es\/wp-json\/wp\/v2\/pages\/5128\/revisions"}],"up":[{"embeddable":true,"href":"https:\/\/www.dallassymphony.org\/es\/wp-json\/wp\/v2\/pages\/285"}],"wp:featuredmedia":[{"embeddable":true,"href":"https:\/\/www.dallassymphony.org\/es\/wp-json\/wp\/v2\/media\/16059"}],"wp:attachment":[{"href":"https:\/\/www.dallassymphony.org\/es\/wp-json\/wp\/v2\/media?parent=5128"}],"curies":[{"name":"wp","href":"https:\/\/api.w.org\/{rel}","templated":true}]}}